{"id":3010,"date":"2025-06-03T10:49:08","date_gmt":"2025-06-03T13:49:08","guid":{"rendered":"https:\/\/www.ufsm.br\/cursos\/graduacao\/santa-maria\/terapia-ocupacional\/?page_id=3010"},"modified":"2025-11-14T15:56:26","modified_gmt":"2025-11-14T18:56:26","slug":"quebra-de-pre-requisito-em-disciplina","status":"publish","type":"page","link":"https:\/\/www.ufsm.br\/cursos\/graduacao\/santa-maria\/terapia-ocupacional\/quebra-de-pre-requisito-em-disciplina","title":{"rendered":"Quebra de pr\u00e9-requisito"},"content":{"rendered":"\n<p><strong>A solicita\u00e7\u00e3o de Quebra de Pr\u00e9-requisito para cursar disciplina deve ser feita por meio de processo eletr\u00f4nico, o qual \u00e9 aberto pelo estudante interessado no PEN SIE. Ap\u00f3s preencher o Formul\u00e1rio\/Requerimento de solicita\u00e7\u00e3o de quebra de pr\u00e9-requisito, dispon\u00edvel no site do seu curso, o aluno deve adicionar este documento ao processo e tramitar para aprecia\u00e7\u00e3o da Coordena\u00e7\u00e3o do curso.<\/strong><\/p>\n<p><strong><u>Procedimento a ser feito passo a passo:<\/u><\/strong><\/p>\n<ol>\n<li>O aluno dever\u00e1 acessar o Portal Documentos da UFSM (http:\/\/portal.ufsm.br\/documentos), efetuando seu login com n\u00famero de matr\u00edcula e senha do portal do aluno e ent\u00e3o no menu \u2018Novo\u2019 (canto superior esquerdo da tela), clicar em \u201cProcesso\u201d<\/li>\n<\/ol>\n<p><img decoding=\"async\" src=\"https:\/\/www.ufsm.br\/app\/uploads\/sites\/477\/2022\/09\/image-1.jpg\" \/><\/p>\n<p>2. No campo \u201cTipo documental\u201d, realizar a busca textual e selecionar a op\u00e7\u00e3o \u2018Processo de quebra de pr\u00e9-requisitos de gradua\u00e7\u00e3o (125.22)\u2019. O campo proced\u00eancia ser\u00e1 preenchido automaticamente com seu nome. Em \u201cDescri\u00e7\u00e3o\u201d, informar c\u00f3digo e nome da disciplina para a qual est\u00e1 solicitando libera\u00e7\u00e3o de pr\u00e9-requisito.<\/p>\n<p><img decoding=\"async\" src=\"https:\/\/www.ufsm.br\/app\/uploads\/sites\/477\/2022\/09\/image-1024x202.jpg\" \/><\/p>\n<p>3. A pr\u00f3xima tela \u00e9 destinada a incluir no processo o Formul\u00e1rio de solicita\u00e7\u00e3o de quebra de pr\u00e9-requisito, dispon\u00edvel no site do curso, item este imprescind\u00edvel para inclus\u00e3o no processo (Requerimento de quebra de pr\u00e9-requisito). O aluno pode assinar o requerimento eletronicamente, caso j\u00e1 tenha sua assinatura cadastrada no PEN-SIE. Para se cadastrar, basta seguir o passo a passo para assinatura do Termo de Concord\u00e2ncia Assinatura Eletr\u00f4nica Cadastrada no SIE, dispon\u00edvel na Se\u00e7\u00e3o \u2018Apoio ao usu\u00e1rio\u2019, na p\u00e1gina do PEN: https:\/\/www.ufsm.br\/orgaos-suplementares\/dag\/pen\/apoio-ao-usuario\/<\/p>\n<p>4. Ap\u00f3s adicionar o formul\u00e1rio obrigat\u00f3rio no PEN, j\u00e1 devidamente preenchido e salvo em formato PDF, o aluno dever\u00e1 tramitar o processo. O campo de destino da tramita\u00e7\u00e3o j\u00e1 est\u00e1 preenchido automaticamente (Divis\u00e3o de Protocolo). Ao clicar em \u201cTramitar\u201d, a Divis\u00e3o de Protocolo se encarrega de encaminhar o processo para a Coordena\u00e7\u00e3o do Curso correspondente do aluno.<\/p>\n<p>5. Em alguns cursos, a solicita\u00e7\u00e3o ser\u00e1 inclu\u00edda na pauta da reuni\u00e3o do Colegiado. Posteriormente \u00e0 reuni\u00e3o, o aluno receber\u00e1 de volta o seu processo eletr\u00f4nico, em cujo despacho final ir\u00e1 constar o parecer\/resposta quanto ao seu pedido de quebra de pr\u00e9-requisito. O processo ficar\u00e1 dispon\u00edvel na caixa postal do estudante para consulta e pode ser acessado via Portal do Aluno.<\/p>\n<p>6. Para acompanhar o processo, caso j\u00e1 tenha em m\u00e3os o NUP (N\u00famero \u00danico de Protocolo) do processo, basta acessar o Portal Documentos e digitar o respectivo NUP ou pesquisar nos campos dispon\u00edveis na consulta, como nome do interessado, tipo documental, etc. O aluno pode acompanhar o processo fazendo login no Portal Documentos, ir na aba \u2018Meus Documentos\u2019, \u2018Interessado\u2019.<\/p>\n\n\n\n\n\n\n","protected":false},"excerpt":{"rendered":"<p>A solicita\u00e7\u00e3o de Quebra de Pr\u00e9-requisito para cursar disciplina deve ser feita por meio de processo eletr\u00f4nico, o qual \u00e9 aberto pelo estudante interessado no PEN SIE. Ap\u00f3s preencher o Formul\u00e1rio\/Requerimento de solicita\u00e7\u00e3o de quebra de pr\u00e9-requisito, dispon\u00edvel no site do seu curso, o aluno deve adicionar este documento ao processo e tramitar para aprecia\u00e7\u00e3o [&hellip;]<\/p>\n","protected":false},"author":5095,"featured_media":0,"parent":0,"menu_order":0,"comment_status":"closed","ping_status":"closed","template":"","meta":{"footnotes":""},"categories":[],"tags":[],"class_list":["post-3010","page","type-page","status-publish","hentry"],"acf":[],"_links":{"self":[{"href":"https:\/\/www.ufsm.br\/cursos\/graduacao\/santa-maria\/terapia-ocupacional\/wp-json\/wp\/v2\/pages\/3010","targetHints":{"allow":["GET"]}}],"collection":[{"href":"https:\/\/www.ufsm.br\/cursos\/graduacao\/santa-maria\/terapia-ocupacional\/wp-json\/wp\/v2\/pages"}],"about":[{"href":"https:\/\/www.ufsm.br\/cursos\/graduacao\/santa-maria\/terapia-ocupacional\/wp-json\/wp\/v2\/types\/page"}],"author":[{"embeddable":true,"href":"https:\/\/www.ufsm.br\/cursos\/graduacao\/santa-maria\/terapia-ocupacional\/wp-json\/wp\/v2\/users\/5095"}],"replies":[{"embeddable":true,"href":"https:\/\/www.ufsm.br\/cursos\/graduacao\/santa-maria\/terapia-ocupacional\/wp-json\/wp\/v2\/comments?post=3010"}],"version-history":[{"count":0,"href":"https:\/\/www.ufsm.br\/cursos\/graduacao\/santa-maria\/terapia-ocupacional\/wp-json\/wp\/v2\/pages\/3010\/revisions"}],"wp:attachment":[{"href":"https:\/\/www.ufsm.br\/cursos\/graduacao\/santa-maria\/terapia-ocupacional\/wp-json\/wp\/v2\/media?parent=3010"}],"wp:term":[{"taxonomy":"category","embeddable":true,"href":"https:\/\/www.ufsm.br\/cursos\/graduacao\/santa-maria\/terapia-ocupacional\/wp-json\/wp\/v2\/categories?post=3010"},{"taxonomy":"post_tag","embeddable":true,"href":"https:\/\/www.ufsm.br\/cursos\/graduacao\/santa-maria\/terapia-ocupacional\/wp-json\/wp\/v2\/tags?post=3010"}],"curies":[{"name":"wp","href":"https:\/\/api.w.org\/{rel}","templated":true}]}}