{"id":3015,"date":"2025-06-05T17:14:51","date_gmt":"2025-06-05T20:14:51","guid":{"rendered":"https:\/\/www.ufsm.br\/cursos\/graduacao\/santa-maria\/terapia-ocupacional\/?page_id=3015"},"modified":"2025-06-05T17:14:52","modified_gmt":"2025-06-05T20:14:52","slug":"regime-de-exercicio-domiciliar","status":"publish","type":"page","link":"https:\/\/www.ufsm.br\/cursos\/graduacao\/santa-maria\/terapia-ocupacional\/regime-de-exercicio-domiciliar","title":{"rendered":"Regime de exerc\u00edcio domiciliar"},"content":{"rendered":"\n<ul>\n<li><strong>Afastamento discente superior a 5 dias:\u00a0<\/strong><\/li>\n<\/ul>\n<p><strong>REGIME DE EXERC\u00cdCIO DOMICILIAR<\/strong>\u00a0<strong>\u2013<\/strong>\u00a0<b>Guia Acad\u00eamico UFSM (2025,\u00a0<\/b><strong>P\u00e1g. 62, item 7.2.2)\u00a0<\/strong><\/p>\n<p style=\"text-align: justify\">Os(As) estudantes incapazes de frequentar as aulas, por per\u00edodo superior a 5 (cinco) dias, poder\u00e3o requerer Regime de Exerc\u00edcios Domiciliares. O requerimento dever\u00e1 ser feito pelo(a) aluno(a) ou representante. O protocolo do requerimento deve ser pelo PEN\/ UFSM (Processo Eletr\u00f4nico Nacional).\u00a0<\/p>\n<p><span style=\"font-weight: 400\">Situa\u00e7\u00f5es permitidas para o RED:\u00a0<\/span><\/p>\n<p><span style=\"font-weight: 400\">\u2013 Os(as) alunos(as) portadores(as) de afec\u00e7\u00f5es cong\u00eanitas ou adquiridas, infec\u00e7\u00f5es, traumatismos ou outras condi\u00e7\u00f5es m\u00f3rbidas, dist\u00farbios agudos ou agudizados, caracterizados por: incapacidade f\u00edsica relativa incompat\u00edvel com a frequ\u00eancia aos trabalhos acad\u00eamicos, desde que se verifique a conserva\u00e7\u00e3o das condi\u00e7\u00f5es intelectuais e emocionais necess\u00e1rias para o prosseguimento da atividade acad\u00eamica em novos moldes. (<\/span><a href=\"http:\/\/www.planalto.gov.br\/ccivil_03\/decreto-lei\/del1044.htm\"><span style=\"font-weight: 400\">Decreto-Lei N.<\/span><\/a><span style=\"font-weight: 400\">\u00a01.044\/69).<\/span><\/p>\n<p><span style=\"font-weight: 400\">\u2013 Aluna gestante e lactante:\u00a0a partir do 8\u00ba (oitavo) m\u00eas de gesta\u00e7\u00e3o e durante um per\u00edodo de tr\u00eas meses (Decreto-Lei N. 1.044\/69, Lei 6.202\/75). Para a estudante lactante cujo beb\u00ea esteja em aleitamento materno exclusivo, o regime de exerc\u00edcios domiciliares poder\u00e1 ser prorrogado para 180 dias ap\u00f3s o parto.<\/span><\/p>\n<p><strong>Prazo de protocolo:<\/strong> no prazo m\u00e1ximo de 10 (dez) dias \u00fateis desde a data da emiss\u00e3o do atestado m\u00e9dico.\u00a0<\/p>\n<p><strong>Documento obrigat\u00f3rios:<\/strong><\/p>\n<p>a) Requerimento de regime de exerc\u00edcio domiciliar\u00a0 <strong><em>(Em formato PDF)<\/em><\/strong><\/p>\n<p>b) Atestado m\u00e9dico (original ou c\u00f3pia simples) \u2013 deve conter o CID (Codifica\u00e7\u00e3o Internacional da Doen\u00e7a), o n\u00famero de dias de afastamento, identifica\u00e7\u00e3o do m\u00e9dico com CRM\/ CREMERS (assinatura e carimbo) e data de emiss\u00e3o do atestado.\u00a0<strong><em>(Em formato PDF)<\/em><\/strong><\/p>\n<p><b>Protocolo no PEN:<\/b><\/p>\n<ol>\n<li style=\"font-weight: 400\"><span style=\"font-weight: 400\">Acesse o PEN: http:\/\/portal.ufsm.br\/documentos<\/span><\/li>\n<li style=\"font-weight: 400\"><span style=\"font-weight: 400\">Efetue login:\u00a0n\u00famero da matr\u00edcula e a senha do portal do aluno<\/span><\/li>\n<li style=\"font-weight: 400\"><span style=\"font-weight: 400\">Na aba superior a esquerda: \u201cNovo Processo\u201d,\u00a0no campo\u00a0\u201cTipo documental\u201d\u00a0busque por \u201cProcessos de regime domiciliar de aluno de gradua\u00e7\u00e3o (125.52)\u201d e selecione a op\u00e7\u00e3o. Os outros campos desta tela ser\u00e3o preenchidos automaticamente;<\/span><\/li>\n<li style=\"font-weight: 400\"><span style=\"font-weight: 400\">Preencha os campos solicitados com suas informa\u00e7\u00f5es pessoais.<\/span><\/li>\n<li style=\"font-weight: 400\"><span style=\"font-weight: 400\">Anexe os documentos obrigat\u00f3rios:<\/span><\/li>\n<li style=\"font-weight: 400\"><span style=\"font-weight: 400\">Ap\u00f3s incluir a documenta\u00e7\u00e3o no PEN, o aluno dever\u00e1 tramitar o processo para a Divis\u00e3o de Protocolo (DP) ou para a Coordena\u00e7\u00e3o do Curso (CTO)\/que proceder\u00e1 o encaminhamento ao Servi\u00e7o de Per\u00edcia da Coordenadoria de A\u00e7\u00f5es Educacionais &#8211; CAED, para a emiss\u00e3o de parecer, ficando <\/span><span style=\"font-weight: 400\">a crit\u00e9rio da per\u00edcia m\u00e9dica a convoca\u00e7\u00e3o do(a) aluno(a) para avalia\u00e7\u00e3o presencial. Em seguida, o processo dever\u00e1 retornar \u00e0 coordena\u00e7\u00e3o para ci\u00eancia. Em caso de deferimento da solicita\u00e7\u00e3o, a coordena\u00e7\u00e3o de curso dever\u00e1 informar a decis\u00e3o aos departamentos did\u00e1ticos e ao(\u00e0) aluno(a). A \u00faltima etapa para a finaliza\u00e7\u00e3o do processo \u00e9 o seu encaminhamento \u00e0 Coordenadoria de Oferta e Relacionamento &#8211; COFRE para arquivamento. <\/span><\/li>\n<li style=\"font-weight: 400\"><span style=\"font-weight: 400\">A<\/span>companhar o processo fazendo login no Portal Documentos, ir na aba \u2018Meus Documentos\u2019, \u2018Interessado\u2019. Ou atrav\u00e9s do NUP (N\u00famero \u00danico de Protocolo) do processo.<\/li>\n<\/ol>\n\n\n\n<p style=\"text-align: justify\">O(a) aluno(a) dever\u00e1 manter contato com os(as) professores(as) das disciplinas, para o desenvolvimento de atividades acad\u00eamicas substitutivas, e\/ou Coordena\u00e7\u00e3o de Curso, caso necess\u00e1rio.<\/p>\n<p style=\"text-align: justify\">O Regime de Exerc\u00edcios Domiciliares n\u00e3o abona falta, apenas permite que os discentes da UFSM recuperem atividades avaliativas. O abono de faltas \u00e9 expressamente vedado, exceto quando amparado pela Lei n\u00ba 4.375\/64 e pelo Decreto-Lei n\u00ba 715\/69. No sistema do Di\u00e1rio de Classe, dever\u00e1 ser registrado o n\u00famero do processo de solicita\u00e7\u00e3o de Regime de Exerc\u00edcios Domiciliares, no per\u00edodo em que compreender o afastamento discente.\u00a0<\/p>\n<p style=\"text-align: justify\">No caso de o(a) estudante estar matriculado(a) em disciplinas que envolvem atividades pr\u00e1ticas e est\u00e1gios, caber\u00e1 ao curso deliberar sobre a possibilidade de as disciplinas serem acompanhadas pelo regime de exerc\u00edcio domiciliar, sem descaracteriza\u00e7\u00e3o dos objetivos da aprendizagem. Sugere-se que cada curso forne\u00e7a orienta\u00e7\u00f5es aos(\u00e0s) estudantes sobre as disciplinas que podem ser desenvolvidas via regime de exerc\u00edcios domiciliares.<\/p>\n<p style=\"text-align: justify\">Nos casos de concess\u00e3o de exerc\u00edcios de atividades domiciliares, em que a situa\u00e7\u00e3o de sa\u00fade impossibilite a presen\u00e7a nas avalia\u00e7\u00f5es parciais, estar\u00e1 assegurado ao(\u00e0) aluno(a) o direito \u00e0 realiza\u00e7\u00e3o de avalia\u00e7\u00e3o final em data acordada com ao departamento did\u00e1tico\/de ensino, de acordo com o previsto para a situa\u00e7\u00e3o \u201cIncompleto\u201d.<\/p>\n<p>\u00a0<\/p>\n<p>\u00a0<\/p>\n<p>\u00a0<\/p>\n<p>\u00a0<\/p>\n\n\n","protected":false},"excerpt":{"rendered":"<p>Afastamento discente superior a 5 dias:\u00a0 REGIME DE EXERC\u00cdCIO DOMICILIAR\u00a0\u2013\u00a0Guia Acad\u00eamico UFSM (2025,\u00a0P\u00e1g. 62, item 7.2.2)\u00a0 Os(As) estudantes incapazes de frequentar as aulas, por per\u00edodo superior a 5 (cinco) dias, poder\u00e3o requerer Regime de Exerc\u00edcios Domiciliares. O requerimento dever\u00e1 ser feito pelo(a) aluno(a) ou representante. O protocolo do requerimento deve ser pelo PEN\/ UFSM (Processo [&hellip;]<\/p>\n","protected":false},"author":5095,"featured_media":0,"parent":0,"menu_order":0,"comment_status":"closed","ping_status":"closed","template":"","meta":{"footnotes":""},"categories":[],"tags":[],"class_list":["post-3015","page","type-page","status-publish","hentry"],"acf":[],"_links":{"self":[{"href":"https:\/\/www.ufsm.br\/cursos\/graduacao\/santa-maria\/terapia-ocupacional\/wp-json\/wp\/v2\/pages\/3015","targetHints":{"allow":["GET"]}}],"collection":[{"href":"https:\/\/www.ufsm.br\/cursos\/graduacao\/santa-maria\/terapia-ocupacional\/wp-json\/wp\/v2\/pages"}],"about":[{"href":"https:\/\/www.ufsm.br\/cursos\/graduacao\/santa-maria\/terapia-ocupacional\/wp-json\/wp\/v2\/types\/page"}],"author":[{"embeddable":true,"href":"https:\/\/www.ufsm.br\/cursos\/graduacao\/santa-maria\/terapia-ocupacional\/wp-json\/wp\/v2\/users\/5095"}],"replies":[{"embeddable":true,"href":"https:\/\/www.ufsm.br\/cursos\/graduacao\/santa-maria\/terapia-ocupacional\/wp-json\/wp\/v2\/comments?post=3015"}],"version-history":[{"count":0,"href":"https:\/\/www.ufsm.br\/cursos\/graduacao\/santa-maria\/terapia-ocupacional\/wp-json\/wp\/v2\/pages\/3015\/revisions"}],"wp:attachment":[{"href":"https:\/\/www.ufsm.br\/cursos\/graduacao\/santa-maria\/terapia-ocupacional\/wp-json\/wp\/v2\/media?parent=3015"}],"wp:term":[{"taxonomy":"category","embeddable":true,"href":"https:\/\/www.ufsm.br\/cursos\/graduacao\/santa-maria\/terapia-ocupacional\/wp-json\/wp\/v2\/categories?post=3015"},{"taxonomy":"post_tag","embeddable":true,"href":"https:\/\/www.ufsm.br\/cursos\/graduacao\/santa-maria\/terapia-ocupacional\/wp-json\/wp\/v2\/tags?post=3015"}],"curies":[{"name":"wp","href":"https:\/\/api.w.org\/{rel}","templated":true}]}}