{"id":5,"date":"2018-01-18T08:39:17","date_gmt":"2018-01-18T10:39:17","guid":{"rendered":"https:\/\/www.ufsm.br\/cursos\/graduacao\/zootecnia\/7112\/?page_id=5"},"modified":"2023-10-09T16:45:15","modified_gmt":"2023-10-09T19:45:15","slug":"pagina-inicial","status":"publish","type":"page","link":"https:\/\/www.ufsm.br\/cursos\/graduacao\/santa-maria\/zootecnia\/","title":{"rendered":"P\u00e1gina Inicial"},"content":{"rendered":"\t\t<div data-elementor-type=\"wp-post\" data-elementor-id=\"5\" class=\"elementor elementor-5\">\n\t\t\t\t\t\t<section class=\"elementor-section elementor-top-section elementor-element elementor-element-695d82c elementor-section-boxed elementor-section-height-default elementor-section-height-default\" data-id=\"695d82c\" data-element_type=\"section\">\n\t\t\t\t\t\t<div class=\"elementor-container elementor-column-gap-default\">\n\t\t\t\t\t<div class=\"elementor-column elementor-col-100 elementor-top-column elementor-element elementor-element-b3720f4\" data-id=\"b3720f4\" data-element_type=\"column\">\n\t\t\t<div class=\"elementor-widget-wrap elementor-element-populated\">\n\t\t\t\t\t\t<div class=\"elementor-element elementor-element-d8cd154 elementor-widget elementor-widget-wp-widget-ufsm_noticias_widget\" data-id=\"d8cd154\" data-element_type=\"widget\" data-widget_type=\"wp-widget-ufsm_noticias_widget.default\">\n\t\t\t\t<div class=\"elementor-widget-container\">\n\t\t\t<div id='ufsm-carousel-1775244842-764318646' class='carousel slide carousel-ufsm' data-bs-ride='carousel' aria-hidden='true'>\n    <div class='carousel-inner'>\n                    \n\n            <div class='carousel-item active' data-bs-interval='4000'>\n                                    <!-- Slider Image -->\n                    <img class='w-100'   alt=\"\" srcset=\"https:\/\/www.ufsm.br\/app\/uploads\/sites\/336\/2018\/11\/1170x308-crop-90-images_fotos_aquaculture-1-300x79.jpg 300w, https:\/\/www.ufsm.br\/app\/uploads\/sites\/336\/2018\/11\/1170x308-crop-90-images_fotos_aquaculture-1-768x202.jpg 768w, https:\/\/www.ufsm.br\/app\/uploads\/sites\/336\/2018\/11\/1170x308-crop-90-images_fotos_aquaculture-1-1024x270.jpg 1024w, https:\/\/www.ufsm.br\/app\/uploads\/sites\/336\/2018\/11\/1170x308-crop-90-images_fotos_aquaculture-1.jpg 1170w\">\n                \n                \n                                                            <\/div>\n                    \n\n            <div class='carousel-item ' data-bs-interval='4000'>\n                                    <!-- Slider Image -->\n                    <img class='w-100'   alt=\"\" srcset=\"https:\/\/www.ufsm.br\/app\/uploads\/sites\/336\/2018\/11\/1170x308-crop-90-images_fotos_115554-300x79.jpg 300w, https:\/\/www.ufsm.br\/app\/uploads\/sites\/336\/2018\/11\/1170x308-crop-90-images_fotos_115554-768x202.jpg 768w, https:\/\/www.ufsm.br\/app\/uploads\/sites\/336\/2018\/11\/1170x308-crop-90-images_fotos_115554-1024x270.jpg 1024w, https:\/\/www.ufsm.br\/app\/uploads\/sites\/336\/2018\/11\/1170x308-crop-90-images_fotos_115554.jpg 1170w\">\n                \n                \n                                                            <\/div>\n                    \n\n            <div class='carousel-item ' data-bs-interval='4000'>\n                                    <!-- Slider Image -->\n                    <img class='w-100'   alt=\"\" srcset=\"https:\/\/www.ufsm.br\/app\/uploads\/sites\/336\/2018\/11\/1170x308-crop-90-images_fotos_1-300x79.jpg 300w, https:\/\/www.ufsm.br\/app\/uploads\/sites\/336\/2018\/11\/1170x308-crop-90-images_fotos_1-768x202.jpg 768w, https:\/\/www.ufsm.br\/app\/uploads\/sites\/336\/2018\/11\/1170x308-crop-90-images_fotos_1-1024x270.jpg 1024w, https:\/\/www.ufsm.br\/app\/uploads\/sites\/336\/2018\/11\/1170x308-crop-90-images_fotos_1.jpg 1170w\">\n                \n                \n                                                            <\/div>\n                    <!-- Exibi Indicadores -->\n                    <ol class='carousel-indicators carousel-indicators-numbers d-none d-md-flex align-self-end m-0'>\n                <li data-bs-target='#ufsm-carousel-1775244842-764318646' data-bs-slide-to='0' class='d-flex rounded-circle active'><span class='m-auto fw-bold'>1<\/span><\/li><li data-bs-target='#ufsm-carousel-1775244842-764318646' data-bs-slide-to='1' class='d-flex rounded-circle '><span class='m-auto fw-bold'>2<\/span><\/li><li data-bs-target='#ufsm-carousel-1775244842-764318646' data-bs-slide-to='2' class='d-flex rounded-circle '><span class='m-auto fw-bold'>3<\/span><\/li>            <\/ol>\n            <a class='carousel-control-prev' href='#ufsm-carousel-1775244842-764318646' role='button' data-bs-slide='prev'>\n                <span class='carousel-control-prev-icon' aria-hidden='true'><\/span>\n                <span class='visually-hidden'>Previous<\/span>\n            <\/a>\n            <a class='carousel-control-next' href='#ufsm-carousel-1775244842-764318646' role='button' data-bs-slide='next'>\n                <span class='carousel-control-next-icon' aria-hidden='true'><\/span>\n                <span class='visually-hidden'>Next<\/span>\n            <\/a>\n            <\/div>\n<\/div>\n<!-- Acessibilidade, apenas leitor de tela -->\n<ul class='visually-hidden'>\n    <li><a href='https:\/\/www.ufsm.br\/cursos\/graduacao\/santa-maria\/zootecnia\/2018\/11\/27\/peixe'>peixe<\/a><\/li><li><a href='https:\/\/www.ufsm.br\/cursos\/graduacao\/santa-maria\/zootecnia\/2018\/11\/27\/porcos'>porcos<\/a><\/li><li><a href='https:\/\/www.ufsm.br\/cursos\/graduacao\/santa-maria\/zootecnia\/2018\/11\/27\/aves'>aves<\/a><\/li><\/ul>\n\t\t<\/div>\n\t\t\t\t<\/div>\n\t\t\t\t\t<\/div>\n\t\t<\/div>\n\t\t\t\t\t<\/div>\n\t\t<\/section>\n\t\t\t\t<section class=\"elementor-section elementor-top-section elementor-element elementor-element-1e7f5a1 elementor-section-boxed elementor-section-height-default elementor-section-height-default\" data-id=\"1e7f5a1\" data-element_type=\"section\">\n\t\t\t\t\t\t<div class=\"elementor-container elementor-column-gap-default\">\n\t\t\t\t\t<div class=\"elementor-column elementor-col-100 elementor-top-column elementor-element elementor-element-0762a8d\" data-id=\"0762a8d\" data-element_type=\"column\">\n\t\t\t<div class=\"elementor-widget-wrap elementor-element-populated\">\n\t\t\t\t\t\t<div class=\"elementor-element elementor-element-aa9e7c5 elementor-widget elementor-widget-heading\" data-id=\"aa9e7c5\" data-element_type=\"widget\" data-widget_type=\"heading.default\">\n\t\t\t\t<div class=\"elementor-widget-container\">\n\t\t\t<h5 class=\"elementor-heading-title elementor-size-default\">Apresenta\u00e7\u00e3o<\/h5>\t\t<\/div>\n\t\t\t\t<\/div>\n\t\t\t\t\t<\/div>\n\t\t<\/div>\n\t\t\t\t\t<\/div>\n\t\t<\/section>\n\t\t\t\t<section class=\"elementor-section elementor-top-section elementor-element elementor-element-2e0a9b1 elementor-section-boxed elementor-section-height-default elementor-section-height-default\" data-id=\"2e0a9b1\" data-element_type=\"section\">\n\t\t\t\t\t\t<div class=\"elementor-container elementor-column-gap-default\">\n\t\t\t\t\t<div class=\"elementor-column elementor-col-100 elementor-top-column elementor-element elementor-element-51e5377\" data-id=\"51e5377\" data-element_type=\"column\">\n\t\t\t<div class=\"elementor-widget-wrap elementor-element-populated\">\n\t\t\t\t\t\t<div class=\"elementor-element elementor-element-85ee8b6 elementor-widget elementor-widget-shortcode\" data-id=\"85ee8b6\" data-element_type=\"widget\" data-widget_type=\"shortcode.default\">\n\t\t\t\t<div class=\"elementor-widget-container\">\n\t\t\t\t\t<div class=\"elementor-shortcode\"><div class='row'><div class='col-12 col-lg-9 pe-lg-1 align-self-center'><p>O curso de <b>Zootecnia<\/b> est\u00e1 localizado em <b>Campus Camobi - UFSM<\/b> na modalidade <b>Bacharelado - Presencial<\/b> sendo <b>Diurno<\/b> o seu turno de funcionamento. A \u00e1rea de conhecimento do curso \u00e9 classificada como <b>CI\u00caNCIAS AGR\u00c1RIAS<\/b>. Atualmente, a coordena\u00e7\u00e3o \u00e9 de responsabilidade de <b>GERSON GUAREZ GARCIA<\/b>, a coordena\u00e7\u00e3o substituta de <b>LEONIR LUIZ PASCOAL<\/b> e a secretaria de <b>EDUARDO TEIXEIRA FERREIRA<\/b>.<\/p><p>O curso \u00e9 ofertado em per\u00edodo <b>Semestral<\/b>, sendo <b>10<\/b> o n\u00famero de per\u00edodos indicados para sua conclus\u00e3o.<\/p><p class='mt-3'>Reconhecido pelo Decreto n. 75.851\/75, publicado no DOU, de 12\/06\/1975 e Portaria n. 111\/2021\/MEC, publicada no DOU, de 05\/02\/2021.<\/p><\/div><div class='col-12 col-lg-3'><div class='row d-flex justify-content-around'><h3 class='visually-hidden'>Conceitos<\/h3><div class='col-12 col-md-4 col-lg-12 d-flex flex-column conceito-curso'><div class='flex-fill p-3 my-2 my-md-0 my-lg-1 mx-0 mx-md-2 mx-lg-0'><div class='text-center conceito-descricao'>Conceito de Curso (2008)<\/div><div class='text-center text-primary conceito-valor'>3<\/div><\/div><\/div><div class='col-12 col-md-4 col-lg-12 d-flex flex-column conceito-curso'><div class='flex-fill p-3 my-2 my-md-0 my-lg-1 mx-0 mx-md-2 mx-lg-0'><div class='text-center conceito-descricao'>Conceito Preliminar de Curso (2023)<\/div><div class='text-center text-primary conceito-valor'>4<\/div><\/div><\/div><div class='col-12 col-md-4 col-lg-12 d-flex flex-column conceito-curso'><div class='flex-fill p-3 my-2 my-md-0 my-lg-1 mx-0 mx-md-2 mx-lg-0'><div class='text-center conceito-descricao'>ENADE (2023)<\/div><div class='text-center text-primary conceito-valor'>3<\/div><\/div><\/div><\/div><\/div><\/div><\/div>\n\t\t\t\t<\/div>\n\t\t\t\t<\/div>\n\t\t\t\t\t<\/div>\n\t\t<\/div>\n\t\t\t\t\t<\/div>\n\t\t<\/section>\n\t\t\t\t<section class=\"elementor-section elementor-top-section elementor-element elementor-element-066a10b elementor-section-boxed elementor-section-height-default elementor-section-height-default\" data-id=\"066a10b\" data-element_type=\"section\">\n\t\t\t\t\t\t<div class=\"elementor-container elementor-column-gap-default\">\n\t\t\t\t\t<div class=\"elementor-column elementor-col-100 elementor-top-column elementor-element elementor-element-c0e7d2d\" data-id=\"c0e7d2d\" data-element_type=\"column\">\n\t\t\t<div class=\"elementor-widget-wrap elementor-element-populated\">\n\t\t\t\t\t\t<div class=\"elementor-element elementor-element-0f1d819 elementor-widget elementor-widget-wp-widget-ufsm_utilidades\" data-id=\"0f1d819\" data-element_type=\"widget\" data-widget_type=\"wp-widget-ufsm_utilidades.default\">\n\t\t\t\t<div class=\"elementor-widget-container\">\n\t\t\t\t\t<h5 class=\"card-title titulo-conteudos\">Utilidades<\/h5>\n\t\t\t\t\n\t\t<div class=\"row \">\n\t\t\t\t\t\t\t<div class=\"col-12 col-sm-6 col-md-3 mt-4 text-center\">\n\t\t\t\t\t\t\t\t\t\t\t<a href=\"https:\/\/www.ufsm.br\/cursos\/graduacao\/santa-maria\/zootecnia\/horarios\" class=\"item-utilidades d-block\">\n\t\t\t\t\t\t\t\t\t\t<i class=\"fas fa-pencil-alt animation-pulse\" aria-hidden=\"true\"><\/i><b>Oferta \/ Hor\u00e1rios<\/b><\/a>\n\t\t\t\t<\/div>\n\t\t\t\t\t\t\t<div class=\"col-12 col-sm-6 col-md-3 mt-4 text-center\">\n\t\t\t\t\t\t\t\t\t\t\t<a href=\"https:\/\/portal.ufsm.br\/aluno\/\" class=\"item-utilidades d-block\">\n\t\t\t\t\t\t\t\t\t\t<i class=\"fa fa-user animation-pulse\" aria-hidden=\"true\"><\/i><b>Portal do Aluno<\/b><\/a>\n\t\t\t\t<\/div>\n\t\t\t\t\t\t\t<div class=\"col-12 col-sm-6 col-md-3 mt-4 text-center\">\n\t\t\t\t\t\t\t\t\t\t\t<a href=\"https:\/\/www.ufsm.br\/cursos\/graduacao\/santa-maria\/zootecnia\/informacoes-do-curriculo\" class=\"item-utilidades d-block\">\n\t\t\t\t\t\t\t\t\t\t<i class=\"fa fa-clipboard animation-pulse\" aria-hidden=\"true\"><\/i><b>Informa\u00e7\u00f5es Curriculares<\/b><\/a>\n\t\t\t\t<\/div>\n\t\t\t\t\t\t\t<div class=\"col-12 col-sm-6 col-md-3 mt-4 text-center\">\n\t\t\t\t\t\t\t\t\t\t\t<a href=\"https:\/\/www.ufsm.br\/cursos\/graduacao\/santa-maria\/zootecnia\/projeto-pedagogico\" class=\"item-utilidades d-block\">\n\t\t\t\t\t\t\t\t\t\t<i class=\"fa fa-book animation-pulse\" aria-hidden=\"true\"><\/i><b>Projeto Pedag\u00f3gico<\/b><\/a>\n\t\t\t\t<\/div>\n\t\t\t\t\t\t\t<div class=\"col-12 col-sm-6 col-md-3 mt-4 text-center\">\n\t\t\t\t\t\t\t\t\t\t\t<a href=\"https:\/\/ead06.proj.ufsm.br\/login\/\" class=\"item-utilidades d-block\">\n\t\t\t\t\t\t\t\t\t\t<i class=\"ufsm ufsm-moodle animation-pulse\" aria-hidden=\"true\"><\/i><b>Ambiente Virtual Moodle<\/b><\/a>\n\t\t\t\t<\/div>\n\t\t\t\t\t\t\t<div class=\"col-12 col-sm-6 col-md-3 mt-4 text-center\">\n\t\t\t\t\t\t\t\t\t\t\t<a href=\"https:\/\/www.ufsm.br\/cursos\/graduacao\/santa-maria\/zootecnia\/grupos\" class=\"item-utilidades d-block\">\n\t\t\t\t\t\t\t\t\t\t<i class=\"fas fa-user-friends animation-pulse\" aria-hidden=\"true\"><\/i><b>Grupos Acad\u00eamicos<\/b><\/a>\n\t\t\t\t<\/div>\n\t\t\t\t\t\t\t<div class=\"col-12 col-sm-6 col-md-3 mt-4 text-center\">\n\t\t\t\t\t\t\t\t\t\t\t<a href=\"https:\/\/www.ufsm.br\/cursos\/graduacao\/santa-maria\/zootecnia\/editais\" class=\"item-utilidades d-block\">\n\t\t\t\t\t\t\t\t\t\t<i class=\"far fa-copy animation-pulse\" aria-hidden=\"true\"><\/i><b>Editais<\/b><\/a>\n\t\t\t\t<\/div>\n\t\t\t\t\t<\/div>\n\t\t\t\t<\/div>\n\t\t\t\t<\/div>\n\t\t\t\t\t<\/div>\n\t\t<\/div>\n\t\t\t\t\t<\/div>\n\t\t<\/section>\n\t\t\t\t<section class=\"elementor-section elementor-top-section elementor-element elementor-element-4d6fb11 elementor-section-boxed elementor-section-height-default elementor-section-height-default\" data-id=\"4d6fb11\" data-element_type=\"section\">\n\t\t\t\t\t\t<div class=\"elementor-container elementor-column-gap-default\">\n\t\t\t\t\t<div class=\"elementor-column elementor-col-100 elementor-top-column elementor-element elementor-element-d53a0f0\" data-id=\"d53a0f0\" data-element_type=\"column\">\n\t\t\t<div class=\"elementor-widget-wrap elementor-element-populated\">\n\t\t\t\t\t\t<div class=\"elementor-element elementor-element-2eb3db6 elementor-widget elementor-widget-wp-widget-ufsm_noticias_widget\" data-id=\"2eb3db6\" data-element_type=\"widget\" data-widget_type=\"wp-widget-ufsm_noticias_widget.default\">\n\t\t\t\t<div class=\"elementor-widget-container\">\n\t\t\t<h5 class='titulo-conteudos'>Not\u00edcias<\/h5><div class='widget-noticias-inside'>\n                        <div class=\"row\">\n                                    <div class=\"col-12 col-lg-12 pb-4\">\n                                        \n                                        \n                    \n                    <a class=\"noticias-widget-title d-block \"  title=\"Publicado edital de sele\u00e7\u00e3o para o Programa de Interc\u00e2mbio para Dupla Diploma\u00e7\u00e3o na \u00e1rea de Zootecnia entre a UFSM e o Instituto Polit\u00e9cnico de Bragan\u00e7a (IPB)\" href=\"https:\/\/www.ufsm.br\/cursos\/graduacao\/santa-maria\/zootecnia\/2025\/04\/23\/publicado-edital-de-selecao-para-o-programa-de-intercambio-para-dupla-diplomacao-na-area-de-zootecnia-entre-a-ufsm-e-o-instituto-politecnico-de-braganca-ipb\">\n                                                Publicado edital de sele\u00e7\u00e3o para o Programa de Interc\u00e2mbio para Dupla Diploma\u00e7\u00e3o na \u00e1rea de Zootecnia entre a UFSM e o Instituto Polit\u00e9cnico de Bragan\u00e7a (IPB)                    <\/a>\n                    \n                                            <div class=\"noticias-widget-introtext\">\n                            O Edital foi publicado na p\u00e1gina da Secretaria de Apoio Internacional no dia 15 de abril de 2025 contento todas as informa\u00e7\u00f5es necess\u00e1rias para as inscri\u00e7\u00f5es. O documento pode ser consultado na \u00edntegra peli link:\u00a0https:\/\/www.ufsm.br\/orgaos-de-apoio\/sai\/editais\/001-2025-3 \u00a0 Atualiza\u00e7\u00e3o:\u00a0 No mesmo link&hellip;                        <\/div>\n                    \n                                        \n                                        \n                                            \n                                                    <div title=\"Publicado em 23\/04\/2025 \" class=\"data-publicacao-widget\">\n                                <i  class=\"far fa-clock\"><\/i>\n                                23\/04\/2025                             <\/div>\n                                                                <\/div>\n                            <\/div>\n                    <div class=\"row\">\n                                    <div class=\"col-12 col-lg-12 pb-4\">\n                                        \n                                        \n                    \n                    <a class=\"noticias-widget-title d-block \"  title=\"Edital 02\/2024 &#8211; Descubra UFSM\" href=\"https:\/\/www.ufsm.br\/cursos\/graduacao\/santa-maria\/zootecnia\/2024\/08\/20\/edital-02-2024-descubra-ufsm\">\n                                                Edital 02\/2024 &#8211; Descubra UFSM                    <\/a>\n                    \n                                            <div class=\"noticias-widget-introtext\">\n                            Tornamos p\u00fablico o Edital 02\/2024 &#8211; SELE\u00c7\u00c3O DE ESTUDANTES PARA ATUAREM COMO COLABORADORES NO DESCUBRA UFSM 2024. Todas as informa\u00e7\u00f5es est\u00e3o no documento em PDF. D\u00favidas podem ser encaminhadas para o email czoot@ufsm.br ou para (55) 3220-8159 (WhatsApp). EDITAL 02-2024&hellip;                        <\/div>\n                    \n                                        \n                                        \n                                            \n                                                    <div title=\"Publicado em 20\/08\/2024 \" class=\"data-publicacao-widget\">\n                                <i  class=\"far fa-clock\"><\/i>\n                                20\/08\/2024                             <\/div>\n                                                                <\/div>\n                            <\/div>\n                    <div class=\"row\">\n                                    <div class=\"col-12 col-lg-12 pb-4\">\n                                        \n                                        \n                    \n                    <a class=\"noticias-widget-title d-block \"  title=\"01\/2024 &#8211; Edital processo de sele\u00e7\u00e3o de membros\" href=\"https:\/\/www.ufsm.br\/cursos\/graduacao\/santa-maria\/zootecnia\/2024\/04\/26\/01-2024-edital-processo-de-selecao-de-membros\">\n                                                01\/2024 &#8211; Edital processo de sele\u00e7\u00e3o de membros                    <\/a>\n                    \n                                            <div class=\"noticias-widget-introtext\">\n                            O Grupo de Estudos Avan\u00e7ados em Suinocultura (GEASUI) da UFSM torna p\u00fablico o Edital do processo de sele\u00e7\u00e3o de membros efetivos. \u00a0                        <\/div>\n                    \n                                        \n                                        \n                                            \n                                                    <div title=\"Publicado em 26\/04\/2024 \" class=\"data-publicacao-widget\">\n                                <i  class=\"far fa-clock\"><\/i>\n                                26\/04\/2024                             <\/div>\n                                                                <\/div>\n                            <\/div>\n                    <div class=\"row\">\n                                    <div class=\"col-12 col-lg-12 pb-4\">\n                                        \n                                        \n                    \n                    <a class=\"noticias-widget-title d-block \"  title=\"Edital de Monitoria N\u00e3o Subsidiada &#8211; 2024\/1\" href=\"https:\/\/www.ufsm.br\/cursos\/graduacao\/santa-maria\/zootecnia\/2024\/04\/16\/novo-edital-de-monitoria-nao-subsidiada-2024-1\">\n                                                Edital de Monitoria N\u00e3o Subsidiada &#8211; 2024\/1                    <\/a>\n                    \n                                            <div class=\"noticias-widget-introtext\">\n                            A Coordena\u00e7\u00e3o do Curso de Zootecnia torna p\u00fablico o Edital 02\/2024 &#8211; INSCRI\u00c7\u00d5ES PARA SELE\u00c7\u00c3O DE MONITORIA N\u00c3O SUBSIDIADA PARADISCIPLINAS DO CURSO DE ZOOTECNIA (Resolu\u00e7\u00e3o N.007\/2000) Mais informa\u00e7\u00f5es no arquivo do edital: Edital Monitoria N\u00e3o Subsidiada 2024-1 \u00a0 Resultado no&hellip;                        <\/div>\n                    \n                                        \n                                        \n                                            \n                                                    <div title=\"Publicado em 16\/04\/2024 \" class=\"data-publicacao-widget\">\n                                <i  class=\"far fa-clock\"><\/i>\n                                16\/04\/2024                             <\/div>\n                                                                <\/div>\n                            <\/div>\n                    <div class=\"row\">\n                                    <div class=\"col-12 col-lg-12 pb-4\">\n                                        \n                                        \n                    \n                    <a class=\"noticias-widget-title d-block \"  title=\"Elei\u00e7\u00e3o Coordena\u00e7\u00e3o do Curso de Zootecnia\" href=\"https:\/\/www.ufsm.br\/cursos\/graduacao\/santa-maria\/zootecnia\/2024\/04\/01\/eleicao-coordenacao-do-curso-de-zootecnia\">\n                                                Elei\u00e7\u00e3o Coordena\u00e7\u00e3o do Curso de Zootecnia                    <\/a>\n                    \n                                            <div class=\"noticias-widget-introtext\">\n                            A Comiss\u00e3o Eleitoral torna p\u00fablico Edital n\u00ba01\/2024, de 28 de mar\u00e7o de 2024 para elei\u00e7\u00e3o de Coordenador e Coordenador Substituto do Curso de Zootecnia, para atua\u00e7\u00e3o no per\u00edodo 2024-2026. As inscri\u00e7\u00f5es de chapas poder\u00e3o ser feitas at\u00e9 dia 04\/04\/2024. Informa\u00e7\u00f5es&hellip;                        <\/div>\n                    \n                                        \n                                        \n                                            \n                                                    <div title=\"Publicado em 01\/04\/2024 \" class=\"data-publicacao-widget\">\n                                <i  class=\"far fa-clock\"><\/i>\n                                01\/04\/2024                             <\/div>\n                                                                <\/div>\n                            <\/div>\n            <\/div>\n\t\t<\/div>\n\t\t\t\t<\/div>\n\t\t\t\t\t<\/div>\n\t\t<\/div>\n\t\t\t\t\t<\/div>\n\t\t<\/section>\n\t\t\t\t<section class=\"elementor-section elementor-top-section elementor-element elementor-element-80ddba2 elementor-section-boxed elementor-section-height-default elementor-section-height-default\" data-id=\"80ddba2\" data-element_type=\"section\">\n\t\t\t\t\t\t<div class=\"elementor-container elementor-column-gap-default\">\n\t\t\t\t\t<div class=\"elementor-column elementor-col-100 elementor-top-column elementor-element elementor-element-d416f08\" data-id=\"d416f08\" data-element_type=\"column\">\n\t\t\t<div class=\"elementor-widget-wrap elementor-element-populated\">\n\t\t\t\t\t\t<div class=\"elementor-element elementor-element-d66b170 elementor-widget elementor-widget-wp-widget-ufsm_eventos_widget\" data-id=\"d66b170\" data-element_type=\"widget\" data-widget_type=\"wp-widget-ufsm_eventos_widget.default\">\n\t\t\t\t<div class=\"elementor-widget-container\">\n\t\t\t<H2 class='titulo-conteudos'>Eventos<\/H2>\n          <div class='d-flex flex-column align-items-center justify-content-center py-4'>\n        <span class='text-muted fs-5 mb-2 d-flex align-items-center'>\n          <i class='fas fa-calendar-times fa-2x me-2'><\/i>\n          Nenhum evento futuro encontrado.\n        <\/span>\n        <a class='btn btn-outline-primary mt-2' href='https:\/\/www.ufsm.br\/cursos\/graduacao\/santa-maria\/zootecnia\/busca\/?q=&orderby=date&order=DESC&perpage=15&area=eventos&sites%5B%5D=336'>\n          Confira os eventos j\u00e1 realizados\n          <i class='fas fa-arrow-right ms-2'><\/i>\n        <\/a>\n          <\/div>\n        \t\t<\/div>\n\t\t\t\t<\/div>\n\t\t\t\t\t<\/div>\n\t\t<\/div>\n\t\t\t\t\t<\/div>\n\t\t<\/section>\n\t\t\t\t<\/div>\n\t\t","protected":false},"excerpt":{"rendered":"<p>Apresenta\u00e7\u00e3o<\/p>\n","protected":false},"author":8,"featured_media":0,"parent":0,"menu_order":0,"comment_status":"closed","ping_status":"closed","template":"","meta":{"footnotes":""},"categories":[],"tags":[],"class_list":["post-5","page","type-page","status-publish","hentry"],"acf":[],"_links":{"self":[{"href":"https:\/\/www.ufsm.br\/cursos\/graduacao\/santa-maria\/zootecnia\/wp-json\/wp\/v2\/pages\/5","targetHints":{"allow":["GET"]}}],"collection":[{"href":"https:\/\/www.ufsm.br\/cursos\/graduacao\/santa-maria\/zootecnia\/wp-json\/wp\/v2\/pages"}],"about":[{"href":"https:\/\/www.ufsm.br\/cursos\/graduacao\/santa-maria\/zootecnia\/wp-json\/wp\/v2\/types\/page"}],"author":[{"embeddable":true,"href":"https:\/\/www.ufsm.br\/cursos\/graduacao\/santa-maria\/zootecnia\/wp-json\/wp\/v2\/users\/8"}],"replies":[{"embeddable":true,"href":"https:\/\/www.ufsm.br\/cursos\/graduacao\/santa-maria\/zootecnia\/wp-json\/wp\/v2\/comments?post=5"}],"version-history":[{"count":0,"href":"https:\/\/www.ufsm.br\/cursos\/graduacao\/santa-maria\/zootecnia\/wp-json\/wp\/v2\/pages\/5\/revisions"}],"wp:attachment":[{"href":"https:\/\/www.ufsm.br\/cursos\/graduacao\/santa-maria\/zootecnia\/wp-json\/wp\/v2\/media?parent=5"}],"wp:term":[{"taxonomy":"category","embeddable":true,"href":"https:\/\/www.ufsm.br\/cursos\/graduacao\/santa-maria\/zootecnia\/wp-json\/wp\/v2\/categories?post=5"},{"taxonomy":"post_tag","embeddable":true,"href":"https:\/\/www.ufsm.br\/cursos\/graduacao\/santa-maria\/zootecnia\/wp-json\/wp\/v2\/tags?post=5"}],"curies":[{"name":"wp","href":"https:\/\/api.w.org\/{rel}","templated":true}]}}