{"id":154,"date":"2022-04-08T20:52:37","date_gmt":"2022-04-08T23:52:37","guid":{"rendered":"https:\/\/www.ufsm.br\/cursos\/medio\/santa-maria\/politecnico\/?page_id=154"},"modified":"2022-04-08T20:54:16","modified_gmt":"2022-04-08T23:54:16","slug":"contatos","status":"publish","type":"page","link":"https:\/\/www.ufsm.br\/cursos\/medio\/santa-maria\/politecnico\/contatos","title":{"rendered":"Contato"},"content":{"rendered":"\n<h3 class=\"wp-block-heading\">Coordena\u00e7\u00e3o<\/h3>\n\n\n\n<p><strong>Coordenador:<\/strong>&nbsp;Prof. Rodrigo Rozado Leal<br><strong>Coordenadora Substituta:<\/strong>&nbsp;Prof\u00aa. C\u00e2ndida Martins Pinto<\/p>\n\n\n\n<p><strong>E-mail para contato:<\/strong>&nbsp;<a href=\"https:\/\/www.ufsm.br\/unidades-universitarias\/politecnico\/ensino-medio\/ensinomediopolitecnico@ufsm.br\">ensinomediopolitecnico@ufsm.br<\/a><\/p>\n\n\n\n<h3 class=\"wp-block-heading\">Funcionamento<\/h3>\n\n\n\n<p><strong>Turno:<\/strong>&nbsp;Diurno<br><strong>Hor\u00e1rio:<\/strong>&nbsp;Das 07h30min \u00e0s 12h30min e das 13h30min \u00e1s 17h30min (em alguns dias da semana)<\/p>\n","protected":false},"excerpt":{"rendered":"<p>Coordena\u00e7\u00e3o Coordenador:&nbsp;Prof. Rodrigo Rozado LealCoordenadora Substituta:&nbsp;Prof\u00aa. C\u00e2ndida Martins Pinto E-mail para contato:&nbsp;ensinomediopolitecnico@ufsm.br Funcionamento Turno:&nbsp;DiurnoHor\u00e1rio:&nbsp;Das 07h30min \u00e0s 12h30min e das 13h30min \u00e1s 17h30min (em alguns dias da semana)<\/p>\n","protected":false},"author":857,"featured_media":0,"parent":0,"menu_order":0,"comment_status":"closed","ping_status":"closed","template":"","meta":{"footnotes":""},"categories":[],"tags":[],"class_list":["post-154","page","type-page","status-publish","hentry"],"acf":[],"_links":{"self":[{"href":"https:\/\/www.ufsm.br\/cursos\/medio\/santa-maria\/politecnico\/wp-json\/wp\/v2\/pages\/154","targetHints":{"allow":["GET"]}}],"collection":[{"href":"https:\/\/www.ufsm.br\/cursos\/medio\/santa-maria\/politecnico\/wp-json\/wp\/v2\/pages"}],"about":[{"href":"https:\/\/www.ufsm.br\/cursos\/medio\/santa-maria\/politecnico\/wp-json\/wp\/v2\/types\/page"}],"author":[{"embeddable":true,"href":"https:\/\/www.ufsm.br\/cursos\/medio\/santa-maria\/politecnico\/wp-json\/wp\/v2\/users\/857"}],"replies":[{"embeddable":true,"href":"https:\/\/www.ufsm.br\/cursos\/medio\/santa-maria\/politecnico\/wp-json\/wp\/v2\/comments?post=154"}],"version-history":[{"count":0,"href":"https:\/\/www.ufsm.br\/cursos\/medio\/santa-maria\/politecnico\/wp-json\/wp\/v2\/pages\/154\/revisions"}],"wp:attachment":[{"href":"https:\/\/www.ufsm.br\/cursos\/medio\/santa-maria\/politecnico\/wp-json\/wp\/v2\/media?parent=154"}],"wp:term":[{"taxonomy":"category","embeddable":true,"href":"https:\/\/www.ufsm.br\/cursos\/medio\/santa-maria\/politecnico\/wp-json\/wp\/v2\/categories?post=154"},{"taxonomy":"post_tag","embeddable":true,"href":"https:\/\/www.ufsm.br\/cursos\/medio\/santa-maria\/politecnico\/wp-json\/wp\/v2\/tags?post=154"}],"curies":[{"name":"wp","href":"https:\/\/api.w.org\/{rel}","templated":true}]}}