{"id":156,"date":"2023-07-19T15:33:02","date_gmt":"2023-07-19T18:33:02","guid":{"rendered":"https:\/\/www.ufsm.br\/cursos\/pos-graduacao\/educacao-a-distancia\/espagroeducampo\/?page_id=156"},"modified":"2023-07-19T15:33:03","modified_gmt":"2023-07-19T18:33:03","slug":"informacoes-gerais","status":"publish","type":"page","link":"https:\/\/www.ufsm.br\/cursos\/pos-graduacao\/educacao-a-distancia\/espagroeducampo\/informacoes-gerais","title":{"rendered":"Sobre"},"content":{"rendered":"\n<p>O curso de\u00a0<strong>Pg-e em Agroecologia, Educa\u00e7\u00e3o do Campo e Inova\u00e7\u00f5es Sociais<\/strong>\u00a0\u00e9 ofertado na modalidade\u00a0<strong>Especializa\u00e7\u00e3o \u2013 EAD<\/strong>. A \u00e1rea de conhecimento do curso \u00e9 classificada como\u00a0<strong>Ci\u00eancias Agr\u00e1rias<\/strong>. Atualmente, a coordena\u00e7\u00e3o \u00e9 de responsabilidade de\u00a0<strong>SANDRO LUIS PETTER MEDEIROS<\/strong>.<\/p>\n\n\n\n<p>O curso \u00e9 ofertado em per\u00edodo&nbsp;, sendo&nbsp;o n\u00famero de per\u00edodos indicados para sua conclus\u00e3o.<\/p>\n\n\n\n<p>Parecer 030\/2023 aprovado na 986\u00aa Sess\u00e3o do Conselho de Ensino, Pesquisa e Extens\u00e3o, ocorrida em 2 de junho de 2023.<\/p>\n\n\n\n<p><strong>Contato: <\/strong>agroecologia@ufsm.br<\/p>\n","protected":false},"excerpt":{"rendered":"<p>O curso de\u00a0Pg-e em Agroecologia, Educa\u00e7\u00e3o do Campo e Inova\u00e7\u00f5es Sociais\u00a0\u00e9 ofertado na modalidade\u00a0Especializa\u00e7\u00e3o \u2013 EAD. A \u00e1rea de conhecimento do curso \u00e9 classificada como\u00a0Ci\u00eancias Agr\u00e1rias. Atualmente, a coordena\u00e7\u00e3o \u00e9 de responsabilidade de\u00a0SANDRO LUIS PETTER MEDEIROS. O curso \u00e9 ofertado em per\u00edodo&nbsp;, sendo&nbsp;o n\u00famero de per\u00edodos indicados para sua conclus\u00e3o. Parecer 030\/2023 aprovado na 986\u00aa [&hellip;]<\/p>\n","protected":false},"author":262,"featured_media":0,"parent":0,"menu_order":0,"comment_status":"closed","ping_status":"closed","template":"","meta":{"footnotes":""},"categories":[],"tags":[],"class_list":["post-156","page","type-page","status-publish","hentry"],"acf":[],"_links":{"self":[{"href":"https:\/\/www.ufsm.br\/cursos\/pos-graduacao\/educacao-a-distancia\/espagroeducampo\/wp-json\/wp\/v2\/pages\/156","targetHints":{"allow":["GET"]}}],"collection":[{"href":"https:\/\/www.ufsm.br\/cursos\/pos-graduacao\/educacao-a-distancia\/espagroeducampo\/wp-json\/wp\/v2\/pages"}],"about":[{"href":"https:\/\/www.ufsm.br\/cursos\/pos-graduacao\/educacao-a-distancia\/espagroeducampo\/wp-json\/wp\/v2\/types\/page"}],"author":[{"embeddable":true,"href":"https:\/\/www.ufsm.br\/cursos\/pos-graduacao\/educacao-a-distancia\/espagroeducampo\/wp-json\/wp\/v2\/users\/262"}],"replies":[{"embeddable":true,"href":"https:\/\/www.ufsm.br\/cursos\/pos-graduacao\/educacao-a-distancia\/espagroeducampo\/wp-json\/wp\/v2\/comments?post=156"}],"version-history":[{"count":0,"href":"https:\/\/www.ufsm.br\/cursos\/pos-graduacao\/educacao-a-distancia\/espagroeducampo\/wp-json\/wp\/v2\/pages\/156\/revisions"}],"wp:attachment":[{"href":"https:\/\/www.ufsm.br\/cursos\/pos-graduacao\/educacao-a-distancia\/espagroeducampo\/wp-json\/wp\/v2\/media?parent=156"}],"wp:term":[{"taxonomy":"category","embeddable":true,"href":"https:\/\/www.ufsm.br\/cursos\/pos-graduacao\/educacao-a-distancia\/espagroeducampo\/wp-json\/wp\/v2\/categories?post=156"},{"taxonomy":"post_tag","embeddable":true,"href":"https:\/\/www.ufsm.br\/cursos\/pos-graduacao\/educacao-a-distancia\/espagroeducampo\/wp-json\/wp\/v2\/tags?post=156"}],"curies":[{"name":"wp","href":"https:\/\/api.w.org\/{rel}","templated":true}]}}