{"id":159,"date":"2019-08-12T14:50:30","date_gmt":"2019-08-12T17:50:30","guid":{"rendered":"https:\/\/www.ufsm.br\/cursos\/pos-graduacao\/educacao-a-distancia\/espeducacaofisicainfantil\/?page_id=159"},"modified":"2019-08-12T14:50:32","modified_gmt":"2019-08-12T17:50:32","slug":"contatos","status":"publish","type":"page","link":"https:\/\/www.ufsm.br\/cursos\/pos-graduacao\/educacao-a-distancia\/espeducacaofisicainfantil\/contatos","title":{"rendered":"Contatos"},"content":{"rendered":"\n<p><strong>Marli Hatje<\/strong><br>(Coordenadora do curso)<\/p>\n\n\n\n<p>CONTATO:<br><strong><a href=\"mailto:hatjehammes@yahoo.com.br\">hatjehammes@yahoo.com.br<\/a><\/strong><br><strong>(55) 3220 8874<\/strong><\/p>\n\n\n\n<p><strong>Luciana Palma Viana<\/strong><br>(Coordenadora de Tutoria)<\/p>\n\n\n\n<p>CONTATO:<br><strong><a href=\"mailto:luepalma@yahoo.com.br\">luepalma@yahoo.com.br<\/a><\/strong><\/p>\n\n\n\n<p><strong>Secretaria do Curso<\/strong><\/p>\n\n\n\n<p>CONTATO:<\/p>\n\n\n\n<p><strong><a href=\"mailto:edufisinf.uab@ufsm.br\">edufisinf.uab@ufsm.br<\/a><\/strong><\/p>\n\n\n\n<p>ENDERE\u00c7O:<br><strong>Pr\u00e9dio 51<br>Sala 1038<br>Av.Rora\u00edma n\u00ba 1000, Cidade Universit\u00e1ria,<br>Bairro Camobi, Santa Maria \u2013 RS, 97105-900<\/strong><\/p>\n","protected":false},"excerpt":{"rendered":"<p>Marli Hatje(Coordenadora do curso) CONTATO:hatjehammes@yahoo.com.br(55) 3220 8874 Luciana Palma Viana(Coordenadora de Tutoria) CONTATO:luepalma@yahoo.com.br Secretaria do Curso CONTATO: edufisinf.uab@ufsm.br ENDERE\u00c7O:Pr\u00e9dio 51Sala 1038Av.Rora\u00edma n\u00ba 1000, Cidade Universit\u00e1ria,Bairro Camobi, Santa Maria \u2013 RS, 97105-900<\/p>\n","protected":false},"author":324,"featured_media":0,"parent":0,"menu_order":0,"comment_status":"closed","ping_status":"closed","template":"","meta":{"footnotes":""},"categories":[],"tags":[],"class_list":["post-159","page","type-page","status-publish","hentry"],"acf":[],"_links":{"self":[{"href":"https:\/\/www.ufsm.br\/cursos\/pos-graduacao\/educacao-a-distancia\/espeducacaofisicainfantil\/wp-json\/wp\/v2\/pages\/159","targetHints":{"allow":["GET"]}}],"collection":[{"href":"https:\/\/www.ufsm.br\/cursos\/pos-graduacao\/educacao-a-distancia\/espeducacaofisicainfantil\/wp-json\/wp\/v2\/pages"}],"about":[{"href":"https:\/\/www.ufsm.br\/cursos\/pos-graduacao\/educacao-a-distancia\/espeducacaofisicainfantil\/wp-json\/wp\/v2\/types\/page"}],"author":[{"embeddable":true,"href":"https:\/\/www.ufsm.br\/cursos\/pos-graduacao\/educacao-a-distancia\/espeducacaofisicainfantil\/wp-json\/wp\/v2\/users\/324"}],"replies":[{"embeddable":true,"href":"https:\/\/www.ufsm.br\/cursos\/pos-graduacao\/educacao-a-distancia\/espeducacaofisicainfantil\/wp-json\/wp\/v2\/comments?post=159"}],"version-history":[{"count":0,"href":"https:\/\/www.ufsm.br\/cursos\/pos-graduacao\/educacao-a-distancia\/espeducacaofisicainfantil\/wp-json\/wp\/v2\/pages\/159\/revisions"}],"wp:attachment":[{"href":"https:\/\/www.ufsm.br\/cursos\/pos-graduacao\/educacao-a-distancia\/espeducacaofisicainfantil\/wp-json\/wp\/v2\/media?parent=159"}],"wp:term":[{"taxonomy":"category","embeddable":true,"href":"https:\/\/www.ufsm.br\/cursos\/pos-graduacao\/educacao-a-distancia\/espeducacaofisicainfantil\/wp-json\/wp\/v2\/categories?post=159"},{"taxonomy":"post_tag","embeddable":true,"href":"https:\/\/www.ufsm.br\/cursos\/pos-graduacao\/educacao-a-distancia\/espeducacaofisicainfantil\/wp-json\/wp\/v2\/tags?post=159"}],"curies":[{"name":"wp","href":"https:\/\/api.w.org\/{rel}","templated":true}]}}