{"id":172,"date":"2020-09-24T16:37:06","date_gmt":"2020-09-24T19:37:06","guid":{"rendered":"https:\/\/www.ufsm.br\/cursos\/pos-graduacao\/educacao-a-distancia\/espeducacaofisicainfantil\/?page_id=172"},"modified":"2020-09-24T16:39:50","modified_gmt":"2020-09-24T19:39:50","slug":"orientacoes-gerais","status":"publish","type":"page","link":"https:\/\/www.ufsm.br\/cursos\/pos-graduacao\/educacao-a-distancia\/espeducacaofisicainfantil\/orientacoes-gerais","title":{"rendered":"Orienta\u00e7\u00f5es Gerais"},"content":{"rendered":"\t\t<div data-elementor-type=\"wp-page\" data-elementor-id=\"172\" class=\"elementor elementor-172\">\n\t\t\t\t\t\t<section class=\"elementor-section elementor-top-section elementor-element elementor-element-276ce0d elementor-section-boxed elementor-section-height-default elementor-section-height-default\" data-id=\"276ce0d\" data-element_type=\"section\">\n\t\t\t\t\t\t<div class=\"elementor-container elementor-column-gap-default\">\n\t\t\t\t\t<div class=\"elementor-column elementor-col-100 elementor-top-column elementor-element elementor-element-3458885\" data-id=\"3458885\" data-element_type=\"column\">\n\t\t\t<div class=\"elementor-widget-wrap elementor-element-populated\">\n\t\t\t\t\t\t<div class=\"elementor-element elementor-element-7d67a4d elementor-widget elementor-widget-toggle\" data-id=\"7d67a4d\" data-element_type=\"widget\" data-widget_type=\"toggle.default\">\n\t\t\t\t<div class=\"elementor-widget-container\">\n\t\t\t\t\t<div class=\"elementor-toggle\">\n\t\t\t\t\t\t\t<div class=\"elementor-toggle-item\">\n\t\t\t\t\t<div id=\"elementor-tab-title-1311\" class=\"elementor-tab-title\" data-tab=\"1\" role=\"button\" aria-controls=\"elementor-tab-content-1311\" aria-expanded=\"false\">\n\t\t\t\t\t\t\t\t\t\t\t\t<span class=\"elementor-toggle-icon elementor-toggle-icon-left\" aria-hidden=\"true\">\n\t\t\t\t\t\t\t\t\t\t\t\t\t\t\t<span class=\"elementor-toggle-icon-closed\"><i class=\"fas fa-caret-right\"><\/i><\/span>\n\t\t\t\t\t\t\t\t<span class=\"elementor-toggle-icon-opened\"><i class=\"elementor-toggle-icon-opened fas fa-caret-up\"><\/i><\/span>\n\t\t\t\t\t\t\t\t\t\t\t\t\t<\/span>\n\t\t\t\t\t\t\t\t\t\t\t\t<a class=\"elementor-toggle-title\" tabindex=\"0\">Ao aluno<\/a>\n\t\t\t\t\t<\/div>\n\n\t\t\t\t\t<div id=\"elementor-tab-content-1311\" class=\"elementor-tab-content elementor-clearfix\" data-tab=\"1\" role=\"region\" aria-labelledby=\"elementor-tab-title-1311\"><p>O processo de ensino e aprendizagem do Curso \u00e9 mediado pelo Ambiente Virtual MOODLE, o qual permite que voc\u00ea tenha acesso ao Curso, de qualquer lugar onde se encontre e a qualquer hora do dia. Embora n\u00e3o sejam especificados hor\u00e1rios ou turnos de funcionamento para o Curso, \u00e9 fundamental que voc\u00ea organize seu tempo, de modo a reservar, no m\u00ednimo, 10 horas semanais para realizar leituras, assistir v\u00eddeos, acessar links e realizar as atividades solicitadas.<\/p><p>Todas as disciplinas disponibilizar\u00e3o, semanalmente, recursos e tarefas que devem ser acessados, lidos, analisados e produzidos. Para que todos tenham sucesso, \u00e9 importante n\u00e3o deixar para a \u00faltima hora a postagem das atividades. Como elas t\u00eam prazo (dia e hora) estabelecido, o per\u00edodo da postagem \u00e9 automaticamente encerrado pela plataforma Moodle. Ap\u00f3s encerrado o per\u00edodo n\u00e3o \u00e9 mais poss\u00edvel fazer e incluir tarefas.<\/p><p>N\u00e3o esque\u00e7am dos Tutores! Eles estar\u00e3o dispon\u00edveis em determinados hor\u00e1rios para auxili\u00e1-los nessa caminhada acad\u00eamica. Al\u00e9m disso, os Docentes das disciplinas devem ser contatados toda a vez que voc\u00eas acharem necess\u00e1rio.<\/p><\/div>\n\t\t\t\t<\/div>\n\t\t\t\t\t\t\t<div class=\"elementor-toggle-item\">\n\t\t\t\t\t<div id=\"elementor-tab-title-1312\" class=\"elementor-tab-title\" data-tab=\"2\" role=\"button\" aria-controls=\"elementor-tab-content-1312\" aria-expanded=\"false\">\n\t\t\t\t\t\t\t\t\t\t\t\t<span class=\"elementor-toggle-icon elementor-toggle-icon-left\" aria-hidden=\"true\">\n\t\t\t\t\t\t\t\t\t\t\t\t\t\t\t<span class=\"elementor-toggle-icon-closed\"><i class=\"fas fa-caret-right\"><\/i><\/span>\n\t\t\t\t\t\t\t\t<span class=\"elementor-toggle-icon-opened\"><i class=\"elementor-toggle-icon-opened fas fa-caret-up\"><\/i><\/span>\n\t\t\t\t\t\t\t\t\t\t\t\t\t<\/span>\n\t\t\t\t\t\t\t\t\t\t\t\t<a class=\"elementor-toggle-title\" tabindex=\"0\">Ao docente<\/a>\n\t\t\t\t\t<\/div>\n\n\t\t\t\t\t<div id=\"elementor-tab-content-1312\" class=\"elementor-tab-content elementor-clearfix\" data-tab=\"2\" role=\"region\" aria-labelledby=\"elementor-tab-title-1312\"><p>Sua responsabilidade envolve o estudo e o desenvolvimento de metodologias que, sustentadas no uso de recursos e atividades pedag\u00f3gicas, promovam e estimulem os estudantes a participarem ativamente do processo de ensino e aprendizagem. \u00c9 fundamental que voc\u00ea esteja presente de forma cont\u00ednua e marcante junto aos seus alunos, participando, interagindo e estimulando os estudantes na concretiza\u00e7\u00e3o dos objetivos da disciplina sob sua responsabilidade.<\/p><\/div>\n\t\t\t\t<\/div>\n\t\t\t\t\t\t\t<div class=\"elementor-toggle-item\">\n\t\t\t\t\t<div id=\"elementor-tab-title-1313\" class=\"elementor-tab-title\" data-tab=\"3\" role=\"button\" aria-controls=\"elementor-tab-content-1313\" aria-expanded=\"false\">\n\t\t\t\t\t\t\t\t\t\t\t\t<span class=\"elementor-toggle-icon elementor-toggle-icon-left\" aria-hidden=\"true\">\n\t\t\t\t\t\t\t\t\t\t\t\t\t\t\t<span class=\"elementor-toggle-icon-closed\"><i class=\"fas fa-caret-right\"><\/i><\/span>\n\t\t\t\t\t\t\t\t<span class=\"elementor-toggle-icon-opened\"><i class=\"elementor-toggle-icon-opened fas fa-caret-up\"><\/i><\/span>\n\t\t\t\t\t\t\t\t\t\t\t\t\t<\/span>\n\t\t\t\t\t\t\t\t\t\t\t\t<a class=\"elementor-toggle-title\" tabindex=\"0\">Ao Tutor<\/a>\n\t\t\t\t\t<\/div>\n\n\t\t\t\t\t<div id=\"elementor-tab-content-1313\" class=\"elementor-tab-content elementor-clearfix\" data-tab=\"3\" role=\"region\" aria-labelledby=\"elementor-tab-title-1313\"><p>Entre suas fun\u00e7\u00f5es est\u00e1 assessorar e auxiliar o professor\/pesquisador;<\/p><p>Acompanhar e orientar os alunos em suas atividades e em rela\u00e7\u00e3o aos conte\u00fados das disciplinas, aos assuntos relacionados \u00e0 organiza\u00e7\u00e3o e administra\u00e7\u00e3o do Curso ou aos problemas de ordem pessoal e\/ou emocional que possam vir a ocorrer;<\/p><p>Promover o trabalho colaborativo e cooperativo entre professores e alunos, estimulando o estudo em grupo e motivando-os durante o Curso para evitar a evas\u00e3o escolar.<\/p><\/div>\n\t\t\t\t<\/div>\n\t\t\t\t\t\t\t\t<\/div>\n\t\t\t\t<\/div>\n\t\t\t\t<\/div>\n\t\t\t\t\t<\/div>\n\t\t<\/div>\n\t\t\t\t\t<\/div>\n\t\t<\/section>\n\t\t\t\t<\/div>\n\t\t","protected":false},"excerpt":{"rendered":"<p>Ao aluno O processo de ensino e aprendizagem do Curso \u00e9 mediado pelo Ambiente Virtual MOODLE, o qual permite que voc\u00ea tenha acesso ao Curso, de qualquer lugar onde se encontre e a qualquer hora do dia. Embora n\u00e3o sejam especificados hor\u00e1rios ou turnos de funcionamento para o Curso, \u00e9 fundamental que voc\u00ea organize seu [&hellip;]<\/p>\n","protected":false},"author":2492,"featured_media":0,"parent":0,"menu_order":0,"comment_status":"closed","ping_status":"closed","template":"","meta":{"footnotes":""},"categories":[],"tags":[],"class_list":["post-172","page","type-page","status-publish","hentry"],"acf":[],"_links":{"self":[{"href":"https:\/\/www.ufsm.br\/cursos\/pos-graduacao\/educacao-a-distancia\/espeducacaofisicainfantil\/wp-json\/wp\/v2\/pages\/172","targetHints":{"allow":["GET"]}}],"collection":[{"href":"https:\/\/www.ufsm.br\/cursos\/pos-graduacao\/educacao-a-distancia\/espeducacaofisicainfantil\/wp-json\/wp\/v2\/pages"}],"about":[{"href":"https:\/\/www.ufsm.br\/cursos\/pos-graduacao\/educacao-a-distancia\/espeducacaofisicainfantil\/wp-json\/wp\/v2\/types\/page"}],"author":[{"embeddable":true,"href":"https:\/\/www.ufsm.br\/cursos\/pos-graduacao\/educacao-a-distancia\/espeducacaofisicainfantil\/wp-json\/wp\/v2\/users\/2492"}],"replies":[{"embeddable":true,"href":"https:\/\/www.ufsm.br\/cursos\/pos-graduacao\/educacao-a-distancia\/espeducacaofisicainfantil\/wp-json\/wp\/v2\/comments?post=172"}],"version-history":[{"count":0,"href":"https:\/\/www.ufsm.br\/cursos\/pos-graduacao\/educacao-a-distancia\/espeducacaofisicainfantil\/wp-json\/wp\/v2\/pages\/172\/revisions"}],"wp:attachment":[{"href":"https:\/\/www.ufsm.br\/cursos\/pos-graduacao\/educacao-a-distancia\/espeducacaofisicainfantil\/wp-json\/wp\/v2\/media?parent=172"}],"wp:term":[{"taxonomy":"category","embeddable":true,"href":"https:\/\/www.ufsm.br\/cursos\/pos-graduacao\/educacao-a-distancia\/espeducacaofisicainfantil\/wp-json\/wp\/v2\/categories?post=172"},{"taxonomy":"post_tag","embeddable":true,"href":"https:\/\/www.ufsm.br\/cursos\/pos-graduacao\/educacao-a-distancia\/espeducacaofisicainfantil\/wp-json\/wp\/v2\/tags?post=172"}],"curies":[{"name":"wp","href":"https:\/\/api.w.org\/{rel}","templated":true}]}}