{"id":176,"date":"2020-09-24T16:47:24","date_gmt":"2020-09-24T19:47:24","guid":{"rendered":"https:\/\/www.ufsm.br\/cursos\/pos-graduacao\/educacao-a-distancia\/espeducacaofisicainfantil\/?page_id=176"},"modified":"2020-09-24T16:47:25","modified_gmt":"2020-09-24T19:47:25","slug":"linhas-de-pesquisa","status":"publish","type":"page","link":"https:\/\/www.ufsm.br\/cursos\/pos-graduacao\/educacao-a-distancia\/espeducacaofisicainfantil\/linhas-de-pesquisa","title":{"rendered":"Linhas de pesquisa"},"content":{"rendered":"\n<ul class=\"wp-block-list\"><li><strong>Aspectos comportamentais do movimento humano<\/strong>\u00a0\u2013 trata das caracter\u00edsticas motoras, s\u00f3cio-afetivas e cognitivas dos alunos, inclusive, de alunos em situa\u00e7\u00f5es especiais.<\/li><li><strong>Aspectos culturais do movimento humano\u00a0<\/strong>&#8211; problematiza e discute temas que emergem da complexa e din\u00e2mica constru\u00e7\u00e3o cultural da sociedade e que despontam como desafios ao cotidiano escolar.<\/li><li><strong>Aspectos did\u00e1tico\u00a0<\/strong>&#8211; pedag\u00f3gicos do movimento humano &#8211; trata de quest\u00f5es relacionadas \u00e0 organiza\u00e7\u00e3o, realiza\u00e7\u00e3o e avalia\u00e7\u00e3o do encontro pedag\u00f3gico.<\/li><\/ul>\n\n\n\n<p><\/p>\n","protected":false},"excerpt":{"rendered":"<p>Aspectos comportamentais do movimento humano\u00a0\u2013 trata das caracter\u00edsticas motoras, s\u00f3cio-afetivas e cognitivas dos alunos, inclusive, de alunos em situa\u00e7\u00f5es especiais. Aspectos culturais do movimento humano\u00a0&#8211; problematiza e discute temas que emergem da complexa e din\u00e2mica constru\u00e7\u00e3o cultural da sociedade e que despontam como desafios ao cotidiano escolar. Aspectos did\u00e1tico\u00a0&#8211; pedag\u00f3gicos do movimento humano &#8211; trata [&hellip;]<\/p>\n","protected":false},"author":2492,"featured_media":0,"parent":0,"menu_order":0,"comment_status":"closed","ping_status":"closed","template":"","meta":{"footnotes":""},"categories":[],"tags":[],"class_list":["post-176","page","type-page","status-publish","hentry"],"acf":[],"_links":{"self":[{"href":"https:\/\/www.ufsm.br\/cursos\/pos-graduacao\/educacao-a-distancia\/espeducacaofisicainfantil\/wp-json\/wp\/v2\/pages\/176","targetHints":{"allow":["GET"]}}],"collection":[{"href":"https:\/\/www.ufsm.br\/cursos\/pos-graduacao\/educacao-a-distancia\/espeducacaofisicainfantil\/wp-json\/wp\/v2\/pages"}],"about":[{"href":"https:\/\/www.ufsm.br\/cursos\/pos-graduacao\/educacao-a-distancia\/espeducacaofisicainfantil\/wp-json\/wp\/v2\/types\/page"}],"author":[{"embeddable":true,"href":"https:\/\/www.ufsm.br\/cursos\/pos-graduacao\/educacao-a-distancia\/espeducacaofisicainfantil\/wp-json\/wp\/v2\/users\/2492"}],"replies":[{"embeddable":true,"href":"https:\/\/www.ufsm.br\/cursos\/pos-graduacao\/educacao-a-distancia\/espeducacaofisicainfantil\/wp-json\/wp\/v2\/comments?post=176"}],"version-history":[{"count":0,"href":"https:\/\/www.ufsm.br\/cursos\/pos-graduacao\/educacao-a-distancia\/espeducacaofisicainfantil\/wp-json\/wp\/v2\/pages\/176\/revisions"}],"wp:attachment":[{"href":"https:\/\/www.ufsm.br\/cursos\/pos-graduacao\/educacao-a-distancia\/espeducacaofisicainfantil\/wp-json\/wp\/v2\/media?parent=176"}],"wp:term":[{"taxonomy":"category","embeddable":true,"href":"https:\/\/www.ufsm.br\/cursos\/pos-graduacao\/educacao-a-distancia\/espeducacaofisicainfantil\/wp-json\/wp\/v2\/categories?post=176"},{"taxonomy":"post_tag","embeddable":true,"href":"https:\/\/www.ufsm.br\/cursos\/pos-graduacao\/educacao-a-distancia\/espeducacaofisicainfantil\/wp-json\/wp\/v2\/tags?post=176"}],"curies":[{"name":"wp","href":"https:\/\/api.w.org\/{rel}","templated":true}]}}