{"id":170,"date":"2020-02-06T12:44:58","date_gmt":"2020-02-06T15:44:58","guid":{"rendered":"https:\/\/www.ufsm.br\/cursos\/pos-graduacao\/educacao-a-distancia\/espeficienciaenergeticaaplicada\/?page_id=170"},"modified":"2020-02-06T12:50:29","modified_gmt":"2020-02-06T15:50:29","slug":"caracteristicas-inovadoras-do-curso","status":"publish","type":"page","link":"https:\/\/www.ufsm.br\/cursos\/pos-graduacao\/educacao-a-distancia\/espeficienciaenergeticaaplicada\/caracteristicas-inovadoras-do-curso","title":{"rendered":"Caracter\u00edsticas Inovadoras do Curso"},"content":{"rendered":"\n<ul class=\"wp-block-list\"><li>O presente projeto \u00e9 o primeiro curso de p\u00f3s-gradua\u00e7\u00e3o lato Sensu em Efici\u00eancia Energ\u00e9tica editado e gerenciado exclusivamente por uma universidade p\u00fablica, sendo gratuito e com a qualidade chancelada pela UFSM;<\/li><li>Por seu car\u00e1ter multidisciplinar o curso ter\u00e1 a participa\u00e7\u00e3o efetiva de professores de diversas \u00e1reas da UFSM;<\/li><li>As p\u00f3s-gradua\u00e7\u00f5es lato sensu compreendem programas de especializa\u00e7\u00e3o abertos a candidatos diplomados em cursos superiores e que atendam \u00e0s exig\u00eancias das institui\u00e7\u00f5es de ensino (art. 44, III, Lei n\u00ba 9.394\/1996) e com dura\u00e7\u00e3o m\u00ednima de 360 horas e ao final do curso o aluno obter\u00e1 um Certificado de Especialista em Efici\u00eancia Energ\u00e9tica.<\/li><\/ul>\n\n\n\n<h4 class=\"wp-block-heading\"><strong>O Papel dos Docentes<\/strong><\/h4>\n\n\n\n<p>As estrat\u00e9gias pedag\u00f3gicas s\u00f3 ter\u00e3o valor se os docentes participarem como agentes de transforma\u00e7\u00e3o e estiverem integrados ao desenvolvimento do curr\u00edculo permitindo a interdisciplinaridade, atrav\u00e9s do di\u00e1logo permanente.<\/p>\n\n\n\n<p>Os docentes necessitam desenvolver um papel de instigadores no processo de aprendizagem do aluno, contribuindo para o desenvolvimento da consci\u00eancia cr\u00edtica do mesmo, buscando orientar e aprimorar as habilidades que o futuro administrador dever\u00e1 ter.<\/p>\n\n\n\n<p>Outro aspecto relevante \u00e9 a import\u00e2ncia do docente ter presen\u00e7a cont\u00ednua e marcante junto ao processo de ensino-aprendizagem, participando e interagindo com os alunos, assumindo papel de estudioso parceiro no desenvolvimento das habilidades e compet\u00eancias necess\u00e1rias aos profissionais da \u00e1rea.<\/p>\n\n\n\n<p>Proporcionar a integra\u00e7\u00e3o te\u00f3rico-pr\u00e1tica na solu\u00e7\u00e3o dos problemas, desafiando o aluno sem despejar conte\u00fado, participando e coordenando equipes, grupos, pesquisas e trabalhos orientados.<\/p>\n\n\n\n<h4 class=\"wp-block-heading\"><strong>Dados de Identifica\u00e7\u00e3o<\/strong><\/h4>\n\n\n\n<p>Nome do Curso: EFICI\u00caNCIA ENERG\u00c9TICA APLICADA AOS PROCESSOS PRODUTIVOS<\/p>\n\n\n\n<p>N\u00edvel: Especializa\u00e7\u00e3o<\/p>\n\n\n\n<p>Unidade de origem:&nbsp;Universidade Federal de Santa Maria<\/p>\n\n\n\n<p>Centro de Tecnologia<\/p>\n\n\n\n<p>N\u00facleo de Tecnologia Educacional<\/p>\n\n\n\n<p>Aprova\u00e7\u00e3o\/Reconhecimento<\/p>\n\n\n\n<p>Parecer CEPE 030\/2010 UFSM, de 15\/10\/2010<\/p>\n\n\n\n<p>Parecer 264\/2012 CAAC\/CGAC\/DED\/CAPES, de 17\/10\/2012<\/p>\n\n\n\n<p>\u00d3rg\u00e3o executor:&nbsp;Universidade Federal de Santa Maria<\/p>\n\n\n\n<p>Entidades Patrocionadoras:&nbsp;Universidade Federal de Santa Maria \u2013 UFSM,&nbsp;Universidade Aberta do Brasil e CAPES<\/p>\n\n\n\n<p>Coordenadores do Curso e de Tutoria:&nbsp;Prof. Dr. Geomar Machado Martins e&nbsp;Prof. Dr. Natanael Rodrigues Gomes<\/p>\n\n\n\n<p>Telefone:&nbsp;(55) 3220-9489 ou (55)3220.8147<\/p>\n\n\n\n<p>Local de realiza\u00e7\u00e3o:&nbsp;Polos a serem definidos em cidades do Rio Grande do Sul<\/p>\n\n\n\n<p>Per\u00edodo de realiza\u00e7\u00e3o previsto:&nbsp;Agosto de 2013 a Dezembro de 2014<\/p>\n\n\n\n<p>Hor\u00e1rio das aulas:&nbsp;A ser definido<\/p>\n\n\n\n<h4 class=\"wp-block-heading\"><strong>Caracter\u00edsticas T\u00e9cnicas<\/strong><\/h4>\n\n\n\n<p>Natureza do curso:&nbsp;Tempor\u00e1rio \u00e0 Dist\u00e2ncia<\/p>\n\n\n\n<p>Documento comprobat\u00f3rio:&nbsp;Certificado de Conclus\u00e3o do Curso fornecido pela UFSM<\/p>\n\n\n\n<p>Carga hor\u00e1ria total:&nbsp;360 horas\/aula<\/p>\n\n\n\n<p>Vagas:&nbsp;As vagas ser\u00e3o definidas por unidades polos de ensino \u00e0 dist\u00e2ncia conforme a demanda de cada regi\u00e3o, ap\u00f3s consulta aos org\u00e3os competentes.<\/p>\n\n\n\n<p>Numero de turmas:&nbsp;01 (uma)<\/p>\n\n\n\n<p>Clientela:&nbsp;Candidatar-se-\u00e3o \u00e0 especializa\u00e7\u00e3o aqueles portadores de diploma de gradua\u00e7\u00e3o em Engenharias Civil, El\u00e9trica e Mec\u00e2nica e Arquitetura e respectivos Tecnol\u00f3gos.<\/p>\n\n\n\n<p>Local de inscri\u00e7\u00e3o:&nbsp;Departamento de Registro e Controle Acad\u00eamico &#8211; DERCA,&nbsp;3\u00ba andar &#8211; Pr\u00e9dio da Reitoria &#8211; CAMPUS UFSM<\/p>\n\n\n\n<p>Valor da taxa de inscri\u00e7\u00e3o:&nbsp;A ser estabelecido pela UFSM<\/p>\n\n\n\n<p>Valor da taxa de matr\u00edcula:&nbsp;O curso n\u00e3o possuir\u00e1 qualquer outro tipo de taxas, excetuando-se a de inscri\u00e7\u00e3o, sendo totalmente financiado com recursos da CAPES e Universidade Aberta do Brasil.<\/p>\n\n\n\n<p>Requisitos para a inscri\u00e7\u00e3o:<\/p>\n\n\n\n<ul class=\"wp-block-list\"><li>preenchimento do formul\u00e1rio de inscri\u00e7\u00e3o fornecido pelo DERCA-UFSM;<\/li><li>fotocopia do Diploma de Gradua\u00e7\u00e3o ou certificado de previs\u00e3o de conclus\u00e3o do curso superior;<\/li><li>Curriculum Vitae devidamente comprovado (xerox);<\/li><li>hist\u00f3rico escolar (xerox);<\/li><li>carteira de identidade (xerox);<\/li><li>comprovante de quita\u00e7\u00e3o com o servi\u00e7o militar (xerox) e<\/li><li>comprovante de pagamento da taxa de inscri\u00e7\u00e3o.<\/li><\/ul>\n\n\n\n<p>Per\u00edodo de Inscri\u00e7\u00f5es:&nbsp;A ser definido pela UFSM. Maiores informa\u00e7\u00f5es veja a se\u00e7\u00e3o: Contato<\/p>\n\n\n\n<p>Sele\u00e7\u00e3o:&nbsp;A sele\u00e7\u00e3o ser\u00e1 feita por professores participantes do corpo de docentes do curso, atrav\u00e9s de an\u00e1lise de curr\u00edculo dos candidatos(as).<\/p>\n\n\n\n<p>Avalia\u00e7\u00e3o das disciplinas:&nbsp;Os professores de cada disciplina ser\u00e3o respons\u00e1veis por determinar a forma de avalia\u00e7\u00e3o. Dentre os crit\u00e9rios utilizados apresentam-se os seguintes:<\/p>\n\n\n\n<ul class=\"wp-block-list\"><li>provas parciais;<\/li><li>provas finais;<\/li><li>trabalhos escritos;<\/li><li>trabalhos pr\u00e1ticos;<\/li><li>apresenta\u00e7\u00e3o de Trabalhos;<\/li><li>monografia e<\/li><li>artigo.<\/li><\/ul>\n\n\n\n<p>Observa\u00e7\u00f5es:&nbsp;Conforme determina\u00e7\u00e3o da UFSM ser\u00e1 exigida freq\u00fc\u00eancia m\u00ednima de 75% em cada disciplina;<\/p>\n\n\n\n<p>Para efeito de participa\u00e7\u00e3o em aula ser\u00e3o abordados os seguintes pontos: (a) leitura pr\u00e9via do assunto pertinente a aula, (b) presen\u00e7a f\u00edsica nas aulas e nos trabalhos, (c) perguntas pertinentes aos temas expostos nas aulas, (d) rela\u00e7\u00e3o da disciplina com outras disciplinas do curso, (e) postura \u00e9tica, (f) clareza e adequa\u00e7\u00e3o dos conte\u00fados lecionados com a realidade existente;<\/p>\n\n\n\n<p>As avalia\u00e7\u00f5es atrasadas s\u00f3 ser\u00e3o aplicadas para os alunos que tiverem os requerimentos deferidos pela coordena\u00e7\u00e3o do curso e independentemente da avalia\u00e7\u00e3o que estar\u00e1 sendo recuperada, o conte\u00fado da avalia\u00e7\u00e3o ser\u00e1 toda a mat\u00e9ria vista na disciplina;<\/p>\n\n\n\n<p>Para efeitos de avalia\u00e7\u00e3o da qualidade do curso, cada disciplina ser\u00e1 avaliada individualmente. Os resultados das avalia\u00e7\u00f5es estar\u00e3o dispon\u00edveis na coordena\u00e7\u00e3o do curso e posteriormente no relat\u00f3rio final do curso.<\/p>\n\n\n\n<p>Monografia:&nbsp;Cada participante dever\u00e1, at\u00e9 o final do curso, apresentar uma monografia relacionada \u00e0 \u00e1rea de Efici\u00eancia Energ\u00e9tica, onde possam ser avaliados aspectos estudados durante o curso. O aluno far\u00e1 tamb\u00e9m uma apresenta\u00e7\u00e3o oral de sua monografia em uma banca, conforme o regimento interno do curso.<br><\/p>\n","protected":false},"excerpt":{"rendered":"<p>O presente projeto \u00e9 o primeiro curso de p\u00f3s-gradua\u00e7\u00e3o lato Sensu em Efici\u00eancia Energ\u00e9tica editado e gerenciado exclusivamente por uma universidade p\u00fablica, sendo gratuito e com a qualidade chancelada pela UFSM; Por seu car\u00e1ter multidisciplinar o curso ter\u00e1 a participa\u00e7\u00e3o efetiva de professores de diversas \u00e1reas da UFSM; As p\u00f3s-gradua\u00e7\u00f5es lato sensu compreendem programas de [&hellip;]<\/p>\n","protected":false},"author":117,"featured_media":0,"parent":0,"menu_order":0,"comment_status":"closed","ping_status":"closed","template":"","meta":{"footnotes":""},"categories":[],"tags":[],"class_list":["post-170","page","type-page","status-publish","hentry"],"acf":[],"_links":{"self":[{"href":"https:\/\/www.ufsm.br\/cursos\/pos-graduacao\/educacao-a-distancia\/espeficienciaenergeticaaplicada\/wp-json\/wp\/v2\/pages\/170","targetHints":{"allow":["GET"]}}],"collection":[{"href":"https:\/\/www.ufsm.br\/cursos\/pos-graduacao\/educacao-a-distancia\/espeficienciaenergeticaaplicada\/wp-json\/wp\/v2\/pages"}],"about":[{"href":"https:\/\/www.ufsm.br\/cursos\/pos-graduacao\/educacao-a-distancia\/espeficienciaenergeticaaplicada\/wp-json\/wp\/v2\/types\/page"}],"author":[{"embeddable":true,"href":"https:\/\/www.ufsm.br\/cursos\/pos-graduacao\/educacao-a-distancia\/espeficienciaenergeticaaplicada\/wp-json\/wp\/v2\/users\/117"}],"replies":[{"embeddable":true,"href":"https:\/\/www.ufsm.br\/cursos\/pos-graduacao\/educacao-a-distancia\/espeficienciaenergeticaaplicada\/wp-json\/wp\/v2\/comments?post=170"}],"version-history":[{"count":0,"href":"https:\/\/www.ufsm.br\/cursos\/pos-graduacao\/educacao-a-distancia\/espeficienciaenergeticaaplicada\/wp-json\/wp\/v2\/pages\/170\/revisions"}],"wp:attachment":[{"href":"https:\/\/www.ufsm.br\/cursos\/pos-graduacao\/educacao-a-distancia\/espeficienciaenergeticaaplicada\/wp-json\/wp\/v2\/media?parent=170"}],"wp:term":[{"taxonomy":"category","embeddable":true,"href":"https:\/\/www.ufsm.br\/cursos\/pos-graduacao\/educacao-a-distancia\/espeficienciaenergeticaaplicada\/wp-json\/wp\/v2\/categories?post=170"},{"taxonomy":"post_tag","embeddable":true,"href":"https:\/\/www.ufsm.br\/cursos\/pos-graduacao\/educacao-a-distancia\/espeficienciaenergeticaaplicada\/wp-json\/wp\/v2\/tags?post=170"}],"curies":[{"name":"wp","href":"https:\/\/api.w.org\/{rel}","templated":true}]}}