{"id":181,"date":"2020-02-06T12:57:38","date_gmt":"2020-02-06T15:57:38","guid":{"rendered":"https:\/\/www.ufsm.br\/cursos\/pos-graduacao\/educacao-a-distancia\/espeficienciaenergeticaaplicada\/?page_id=181"},"modified":"2020-02-06T12:57:39","modified_gmt":"2020-02-06T15:57:39","slug":"avaliacao-de-aprendizagem","status":"publish","type":"page","link":"https:\/\/www.ufsm.br\/cursos\/pos-graduacao\/educacao-a-distancia\/espeficienciaenergeticaaplicada\/avaliacao-de-aprendizagem","title":{"rendered":"Avalia\u00e7\u00e3o de aprendizagem"},"content":{"rendered":"\n<p>Avalia\u00e7\u00e3o das Disciplinas:<\/p>\n\n\n\n<p>Conforme o Decreto no. 5622, de 19 de dezembro de 2005, no seu artigo 10, par\u00e1grafo 2\u00ba, as atividades compreendendo avalia\u00e7\u00e3o, est\u00e1gios, defesa de trabalhos ou pr\u00e1tica em laborat\u00f3rio, ser\u00e3o presenciais obrigat\u00f3rias e ser\u00e3o realizados na sede da institui\u00e7\u00e3o ou nos polos de apoio presencial, devidamente credenciados&nbsp;<\/p>\n\n\n\n<p>A avalia\u00e7\u00e3o conclusiva de cada disciplina ser\u00e1 calculada atrav\u00e9s da m\u00e9dia ponderada da nota obtida por uma avalia\u00e7\u00e3o presencial e uma nota obtida por uma avalia\u00e7\u00e3o das atividades a dist\u00e2ncia conforme a seguinte equa\u00e7\u00e3o:<\/p>\n\n\n\n<p>MFd = (AP x Peso1) + (MAD x Peso2)<\/p>\n\n\n\n<p>Onde:<\/p>\n\n\n\n<p>MFd=M\u00e9dia Final da disciplina;<\/p>\n\n\n\n<p>AP=Avalia\u00e7\u00e3o Presencial;<\/p>\n\n\n\n<p>Peso1=Peso correspondente a Avalia\u00e7\u00e3o Presencial (Peso1 = 0,6);<\/p>\n\n\n\n<p>MAD=M\u00e9dia das Atividades a Dist\u00e2ncia;<\/p>\n\n\n\n<p>Peso2=Peso correspondente a M\u00e9dia das Atividades a Dist\u00e2ncia (Peso2 = 0,4).<\/p>\n\n\n\n<p><br>Art. 60 O aproveitamento em cada disciplina ser\u00e1 avaliado pelo professor respons\u00e1vel em raz\u00e3o do desempenho relativo do discente em provas, semin\u00e1rios, trabalhos individuais ou coletivos, e outros, sendo atribu\u00eddo um dos seguintes conceitos:<br>I \u2013 A (10,0 a 9,1);<br>II \u2013 A- (9,0 a 8,1);&nbsp;<br>III \u2013 B (8,0 a 7,1);<br>IV \u2013 B- (7,0 a 6,1);<br>V \u2013 C (6,0 a 5,1);<br>VI \u2013 C- (5,0 a 4,1);<br>VII \u2013 D (4,0 a 3,1);<br>VIII \u2013 D- (3,0 a 2,1);<br>IX \u2013 E (2,0 a 1,1);<br>X \u2013 E- (1,0 a 0,0).<br><br>\u00a7 1\u00b0 \u00c0s disciplinas que n\u00e3o forem computados os conceitos acima, ser\u00e3o atribu\u00eddas as seguintes situa\u00e7\u00f5es:<br>I \u2013 AP (Aprovado);<br>II \u2013 NA (N\u00e3o-Aprovado);<br>III \u2013 R Reprovado por Frequ\u00eancia (com peso zero);<br>e IV \u2013 I Situa\u00e7\u00e3o Incompleta (situa\u00e7\u00e3o \u201cI\u201d).<br><br>\u00a7 2\u00ba As disciplinas de nivelamento dever\u00e3o ser repetidas caso a situa\u00e7\u00e3o seja NA.<br>\u00a7 3\u00ba A situa\u00e7\u00e3o \u201cI\u201d significa trabalho incompleto e ser\u00e1 atribu\u00edda somente quando n\u00e3o houver possibilidade de registro no mesmo semestre letivo, o que ser\u00e1 comprovado por uma das seguintes situa\u00e7\u00f5es:<br>I \u2013 tratamento de sa\u00fade;<br>II \u2013 licen\u00e7a gestante;<br>&nbsp;III \u2013 suspens\u00e3o de registro por irregularidade administrativa;<br>e IV \u2013 casos omissos ser\u00e3o decididos em comum acordo entre o colegiado do programa e a Pr\u00f3-Reitoria de P\u00f3s-Gradua\u00e7\u00e3o e Pesquisa.<br>\u00a7 4\u00ba A situa\u00e7\u00e3o \u201cI\u201d n\u00e3o poder\u00e1 ultrapassar o semestre letivo subsequente.<br><br>Art. 61 O discente que obtiver conceito igual ou inferior a &#8220;C&#8221; em qualquer disciplina ser\u00e1 reprovado.<br>Art. 62 Ser\u00e1 desligado do programa o discente que for reprovado (obter conceito igual ou inferior a \u201cC\u201d, NA ou R) em duas disciplinas ou por duas vezes na mesma disciplina, cabendo \u00e0s respectivas Secretarias e Coordena\u00e7\u00f5es de Programas\/Cursos o monitoramento do hist\u00f3rico escolar dos discentes e ao Departamento de Registro e Controle Acad\u00eamico (DERCA) o controle desta situa\u00e7\u00e3o.<br><br>Art. 63 Ser\u00e1 vedada a matr\u00edcula em disciplinas nas quais o discente tenha logrado aprova\u00e7\u00e3o nos \u00faltimos cinco anos.&nbsp;<br><br>No Regulamento da P\u00f3s-Gradua\u00e7\u00e3o \u00e9 6.1 (B-). Abaixo de 6.1 \u00e9 C e com este&nbsp; conceito ou outros do tipo C-, D+, D, D-&#8230;o aluno est\u00e1 reprovado.<br><br><strong>I \u2013 A (10,0 a 9,1);<\/strong><br><strong>II \u2013 A- (9,0 a 8,1);&nbsp;<\/strong><br><strong>III \u2013 B (8,0 a 7,1);<\/strong><br><strong>IV \u2013 B- (7,0 a 6,1);<\/strong><br><br><strong>E abaixo disto: Insuficiente.<\/strong><\/p>\n\n\n\n<p>Os participantes, que cumprirem os requisitos m\u00ednimos, freq\u00fc\u00eancia satisfat\u00f3ria, realiza\u00e7\u00e3o das atividades dirigidas e defesa p\u00fablica da monografia de especializa\u00e7\u00e3o, ser\u00e3o certificados com o grau de Especialista em \u201cEFICI\u00caNCIA ENERG\u00c9TICA APLICADA AOS PROCESSOS PRODUTIVOS\u201d, outorgado pela Universidade Federal de Santa Maria.<\/p>\n","protected":false},"excerpt":{"rendered":"<p>Avalia\u00e7\u00e3o das Disciplinas: Conforme o Decreto no. 5622, de 19 de dezembro de 2005, no seu artigo 10, par\u00e1grafo 2\u00ba, as atividades compreendendo avalia\u00e7\u00e3o, est\u00e1gios, defesa de trabalhos ou pr\u00e1tica em laborat\u00f3rio, ser\u00e3o presenciais obrigat\u00f3rias e ser\u00e3o realizados na sede da institui\u00e7\u00e3o ou nos polos de apoio presencial, devidamente credenciados&nbsp; A avalia\u00e7\u00e3o conclusiva de cada [&hellip;]<\/p>\n","protected":false},"author":117,"featured_media":0,"parent":0,"menu_order":0,"comment_status":"closed","ping_status":"closed","template":"","meta":{"footnotes":""},"categories":[],"tags":[],"class_list":["post-181","page","type-page","status-publish","hentry"],"acf":[],"_links":{"self":[{"href":"https:\/\/www.ufsm.br\/cursos\/pos-graduacao\/educacao-a-distancia\/espeficienciaenergeticaaplicada\/wp-json\/wp\/v2\/pages\/181","targetHints":{"allow":["GET"]}}],"collection":[{"href":"https:\/\/www.ufsm.br\/cursos\/pos-graduacao\/educacao-a-distancia\/espeficienciaenergeticaaplicada\/wp-json\/wp\/v2\/pages"}],"about":[{"href":"https:\/\/www.ufsm.br\/cursos\/pos-graduacao\/educacao-a-distancia\/espeficienciaenergeticaaplicada\/wp-json\/wp\/v2\/types\/page"}],"author":[{"embeddable":true,"href":"https:\/\/www.ufsm.br\/cursos\/pos-graduacao\/educacao-a-distancia\/espeficienciaenergeticaaplicada\/wp-json\/wp\/v2\/users\/117"}],"replies":[{"embeddable":true,"href":"https:\/\/www.ufsm.br\/cursos\/pos-graduacao\/educacao-a-distancia\/espeficienciaenergeticaaplicada\/wp-json\/wp\/v2\/comments?post=181"}],"version-history":[{"count":0,"href":"https:\/\/www.ufsm.br\/cursos\/pos-graduacao\/educacao-a-distancia\/espeficienciaenergeticaaplicada\/wp-json\/wp\/v2\/pages\/181\/revisions"}],"wp:attachment":[{"href":"https:\/\/www.ufsm.br\/cursos\/pos-graduacao\/educacao-a-distancia\/espeficienciaenergeticaaplicada\/wp-json\/wp\/v2\/media?parent=181"}],"wp:term":[{"taxonomy":"category","embeddable":true,"href":"https:\/\/www.ufsm.br\/cursos\/pos-graduacao\/educacao-a-distancia\/espeficienciaenergeticaaplicada\/wp-json\/wp\/v2\/categories?post=181"},{"taxonomy":"post_tag","embeddable":true,"href":"https:\/\/www.ufsm.br\/cursos\/pos-graduacao\/educacao-a-distancia\/espeficienciaenergeticaaplicada\/wp-json\/wp\/v2\/tags?post=181"}],"curies":[{"name":"wp","href":"https:\/\/api.w.org\/{rel}","templated":true}]}}