{"id":200,"date":"2020-02-06T13:35:00","date_gmt":"2020-02-06T16:35:00","guid":{"rendered":"https:\/\/www.ufsm.br\/cursos\/pos-graduacao\/educacao-a-distancia\/espeficienciaenergeticaaplicada\/?page_id=200"},"modified":"2020-02-06T13:35:02","modified_gmt":"2020-02-06T16:35:02","slug":"instrucoes-pos-defesa-do-tcc","status":"publish","type":"page","link":"https:\/\/www.ufsm.br\/cursos\/pos-graduacao\/educacao-a-distancia\/espeficienciaenergeticaaplicada\/instrucoes-pos-defesa-do-tcc","title":{"rendered":"Instru\u00e7\u00f5es p\u00f3s-defesa do TCC"},"content":{"rendered":"\n<p><strong>1. Contribui\u00e7\u00f5es\/corre\u00e7\u00f5es da comiss\u00e3o avaliadora.<\/strong><\/p>\n\n\n\n<p>As&nbsp;contribui\u00e7\u00f5es\/corre\u00e7\u00f5es sugeridas pela comiss\u00e3o examinadora do TCC dever\u00e3o ser atendidas dentro do prazo estipulado na Ata de Defesa e constar\u00e3o na vers\u00e3o final do documento. No caso de n\u00e3o participa\u00e7\u00e3o do professor orientador nesta comiss\u00e3o, \u00e0 ele dever\u00e1 ser dado ci\u00eancia (via e-mail) das contribui\u00e7\u00f5es\/corre\u00e7\u00f5es para que possa acompanhar a sua finaliza\u00e7\u00e3o e libera\u00e7\u00e3o do trabalho.<\/p>\n\n\n\n<p><strong>2. Finaliza\u00e7\u00e3o do documento do TCC e encaminhamento.<\/strong><\/p>\n\n\n\n<p>Tendo finalizadas as corre\u00e7\u00f5es indicadas pela banca, e com a aprova\u00e7\u00e3o do orientador, o estudante encaminha o documento do TCC para a Coordena\u00e7\u00e3o do Curso, seguindo as instru\u00e7\u00f5es abaixo:<\/p>\n\n\n\n<p>&nbsp; &nbsp;&nbsp;<em>2.1. O CD com a monografia dever\u00e1 conter o trabalho na \u00edntegra em formato PDF, com folha de rosto, resumo, abstract, entre outros;<\/em><\/p>\n\n\n\n<p><em><strong>Obs.: Em caso de dificuldade na convers\u00e3o do texto em Word para PDF, a Biblioteca Central poder\u00e1 disponibilizar este servi\u00e7o no Setor de Refer\u00eancia.<\/strong><\/em><\/p>\n\n\n\n<p><em>&nbsp; &nbsp; &nbsp;2.2. Dever\u00e1 acompanhar o CD, a Autoriza\u00e7\u00e3o impressa para libera\u00e7\u00e3o on-line do trabalho, incluindo o n\u00famero correto dos CPFs do autor, do orientador e dos membros da banca, tendo ci\u00eancia de que a falta dos dados retardar\u00e1 a sua disponibiliza\u00e7\u00e3o (j\u00e1 assinado durante a etapa de defesa, no Polo);<\/em><\/p>\n\n\n\n<p><em>&nbsp; 2.3. A Coordena\u00e7\u00e3o do Curso ser\u00e1 respons\u00e1vel pelo controle do material, conferindo se o conte\u00fado do CD est\u00e1 de acordo com o trabalho aprovado, se est\u00e1 funcionando perfeitamente e se a Autoriza\u00e7\u00e3o est\u00e1 assinada e preenchida corretamente;<\/em><\/p>\n\n\n\n<p><em>&nbsp; 2.4. A Coordena\u00e7\u00e3o do Curso encaminhar\u00e1 por meio de memorando, devidamente protocolado, os seguintes documentos \u00e0 Biblioteca Central:<\/em><\/p>\n\n\n\n<p><em>&nbsp; &nbsp; &nbsp; &nbsp; \u2022 CD com o conte\u00fado na \u00edntegra;<\/em><\/p>\n\n\n\n<p><em>&nbsp; &nbsp; &nbsp; &nbsp; \u2022 Autoriza\u00e7\u00e3o para libera\u00e7\u00e3o on-line do trabalho;<\/em><\/p>\n\n\n\n<p>O material deve ser enviado para o endere\u00e7o do CEDEAP:<\/p>\n\n\n\n<p><strong>Universidade Federal de Santa Maria<\/strong><\/p>\n\n\n\n<p><strong>Avenida Roraima, 1000<\/strong><\/p>\n\n\n\n<p><strong>Cidade Universit\u00e1ria -Bairro Camobi<\/strong><\/p>\n\n\n\n<p><strong>97105-900 Santa Maria &#8211; RS<\/strong><\/p>\n\n\n\n<p><strong>Pr\u00e9dio 7 &#8211; Centro de Tecnologia, sala 119<\/strong><\/p>\n\n\n\n<p><strong>Curso de especializa\u00e7\u00e3o em Efici\u00eancia Energ\u00e9tica,<\/strong><\/p>\n\n\n\n<p><strong>A\/C Prof. Geomar M. Martins<\/strong><\/p>\n\n\n\n<p><strong>3. Expedi\u00e7\u00e3o do Diploma\/Certificado.<\/strong><\/p>\n\n\n\n<p>Ap\u00f3s a libera\u00e7\u00e3o pela Biblioteca Central da UFSM e estando toda a documenta\u00e7\u00e3o do candidato conferida pela PRPGP\/UFSM, o DERCA\/UFSM emitir\u00e1 o Diploma\/Certificado.<\/p>\n\n\n\n<p>&nbsp;<strong>4. Retirada do&nbsp;<\/strong><strong>Diploma\/Certificado.<\/strong><\/p>\n\n\n\n<p>O Diploma\/Certificado dever\u00e1 ser retirado pessoalmente pelo estudante no&nbsp;DERCA\/UFSM (reitoria &#8211; 3\u00ba andar\/sala 345) no prazo de 30 dias ap\u00f3s o t\u00e9rmino do curso (o curso terminar\u00e1 oficialmente no fim de fevereiro), sendo assim o estudante s\u00f3 conseguira retirar seu&nbsp;Diploma\/Certificado no fim de mar\u00e7o\/2015.<\/p>\n\n\n\n<p>&nbsp;<strong>5. Rela\u00e7\u00e3o de alunos com encaminhamento p\u00f3s-defesa para o DERCA<\/strong><\/p>\n\n\n\n<p>Nas listagens a seguir est\u00e3o os nomes do alunos que j\u00e1 tiveram seus documentos encaminhados ao DERCA e a biblioteca central.<\/p>\n\n\n\n<p><a href=\"https:\/\/www.ufsm.br\/cursos\/pos-graduacao\/educacao-a-distancia\/espeficienciaenergeticaaplicada\/wp-content\/uploads\/sites\/707\/2020\/02\/Ficha-TCC_alunos-totais.pdf\">Listagem.pdf\u00a0<\/a><\/p>\n\n\n\n<p><a href=\"https:\/\/www.ufsm.br\/cursos\/pos-graduacao\/educacao-a-distancia\/espeficienciaenergeticaaplicada\/wp-content\/uploads\/sites\/707\/2020\/02\/Ficha_TCC_3nd_lote.pdf\">Listagem2.pdf<\/a>\u00a0\u00a0 (\u00faltimo lote processado)<\/p>\n\n\n\n<p>A Coordena\u00e7\u00e3o.<\/p>\n","protected":false},"excerpt":{"rendered":"<p>1. Contribui\u00e7\u00f5es\/corre\u00e7\u00f5es da comiss\u00e3o avaliadora. As&nbsp;contribui\u00e7\u00f5es\/corre\u00e7\u00f5es sugeridas pela comiss\u00e3o examinadora do TCC dever\u00e3o ser atendidas dentro do prazo estipulado na Ata de Defesa e constar\u00e3o na vers\u00e3o final do documento. No caso de n\u00e3o participa\u00e7\u00e3o do professor orientador nesta comiss\u00e3o, \u00e0 ele dever\u00e1 ser dado ci\u00eancia (via e-mail) das contribui\u00e7\u00f5es\/corre\u00e7\u00f5es para que possa acompanhar a [&hellip;]<\/p>\n","protected":false},"author":117,"featured_media":0,"parent":0,"menu_order":0,"comment_status":"closed","ping_status":"closed","template":"","meta":{"footnotes":""},"categories":[],"tags":[],"class_list":["post-200","page","type-page","status-publish","hentry"],"acf":[],"_links":{"self":[{"href":"https:\/\/www.ufsm.br\/cursos\/pos-graduacao\/educacao-a-distancia\/espeficienciaenergeticaaplicada\/wp-json\/wp\/v2\/pages\/200","targetHints":{"allow":["GET"]}}],"collection":[{"href":"https:\/\/www.ufsm.br\/cursos\/pos-graduacao\/educacao-a-distancia\/espeficienciaenergeticaaplicada\/wp-json\/wp\/v2\/pages"}],"about":[{"href":"https:\/\/www.ufsm.br\/cursos\/pos-graduacao\/educacao-a-distancia\/espeficienciaenergeticaaplicada\/wp-json\/wp\/v2\/types\/page"}],"author":[{"embeddable":true,"href":"https:\/\/www.ufsm.br\/cursos\/pos-graduacao\/educacao-a-distancia\/espeficienciaenergeticaaplicada\/wp-json\/wp\/v2\/users\/117"}],"replies":[{"embeddable":true,"href":"https:\/\/www.ufsm.br\/cursos\/pos-graduacao\/educacao-a-distancia\/espeficienciaenergeticaaplicada\/wp-json\/wp\/v2\/comments?post=200"}],"version-history":[{"count":0,"href":"https:\/\/www.ufsm.br\/cursos\/pos-graduacao\/educacao-a-distancia\/espeficienciaenergeticaaplicada\/wp-json\/wp\/v2\/pages\/200\/revisions"}],"wp:attachment":[{"href":"https:\/\/www.ufsm.br\/cursos\/pos-graduacao\/educacao-a-distancia\/espeficienciaenergeticaaplicada\/wp-json\/wp\/v2\/media?parent=200"}],"wp:term":[{"taxonomy":"category","embeddable":true,"href":"https:\/\/www.ufsm.br\/cursos\/pos-graduacao\/educacao-a-distancia\/espeficienciaenergeticaaplicada\/wp-json\/wp\/v2\/categories?post=200"},{"taxonomy":"post_tag","embeddable":true,"href":"https:\/\/www.ufsm.br\/cursos\/pos-graduacao\/educacao-a-distancia\/espeficienciaenergeticaaplicada\/wp-json\/wp\/v2\/tags?post=200"}],"curies":[{"name":"wp","href":"https:\/\/api.w.org\/{rel}","templated":true}]}}