{"id":203,"date":"2020-02-06T13:36:13","date_gmt":"2020-02-06T16:36:13","guid":{"rendered":"https:\/\/www.ufsm.br\/cursos\/pos-graduacao\/educacao-a-distancia\/espeficienciaenergeticaaplicada\/?page_id=203"},"modified":"2020-02-06T13:36:15","modified_gmt":"2020-02-06T16:36:15","slug":"docentes","status":"publish","type":"page","link":"https:\/\/www.ufsm.br\/cursos\/pos-graduacao\/educacao-a-distancia\/espeficienciaenergeticaaplicada\/docentes","title":{"rendered":"Docentes"},"content":{"rendered":"\n<figure class=\"wp-block-table\"><table class=\"\"><tbody><tr><td><br><strong>Ademar Michels<\/strong><\/td><td>Possui gradua\u00e7\u00e3o em Engenharia Mec\u00e2nica pela Universidade Federal de Santa Maria (1980), gradua\u00e7\u00e3o em Matem\u00e1tica pela Universidade Federal de Santa Maria (1975), mestrado em Engenharia Mec\u00e2nica &#8211; PROMEC\/UFRGS (1991) e doutorado em Engenharia Mec\u00e2nica pela Universidade Federal do Rio Grande do Sul (1999). Professor Associado, aposentado, da Universidade Federal de Santa Maria. Atualmente \u00e9 Professor da Faculdade Horizontina (FAHOR).<strong>CV Lattes:<\/strong>&nbsp;&nbsp;<a href=\"http:\/\/buscatextual.cnpq.br\/buscatextual\/visualizacv.do?id=K4709046T4\">http:\/\/buscatextual.cnpq.br\/buscatextual\/visualizacv.do?id=K4709046T4<\/a><strong>Temas:<\/strong>&nbsp;Tem experi\u00eancia na \u00e1rea de Engenharia Mec\u00e2nica, com \u00eanfase em M\u00e1quinas de Fluxo, PCHs, atuando principalmente nos seguintes temas: meio ambiente, energia, energia el\u00e9trica, energia renov\u00e1vel e biocombust\u00edvel.<strong>Disciplinas em que atua no CEDEAP:<\/strong>&nbsp;EAD1642&nbsp;<strong>E-mail:&nbsp;<\/strong><a><\/a><a href=\"mailto:ademarmichels@gmail.com\">ademarmichels@gmail.com<\/a><strong>E-mail:<\/strong>&nbsp;<a href=\"mailto:michels@ct.ufsm.br\">michels@ct.ufsm.br<\/a><strong>E-mail:&nbsp;<\/strong><a href=\"mailto:michelsademar@fahor.com.br\">michelsademar@fahor.com.br<\/a><\/td><\/tr><tr><td><strong>Alexandre Aparecido Buenos<\/strong><\/td><td>Possui gradua\u00e7\u00e3o em Engenharia Mec\u00e2nica pela Universidade de Passo Fundo (2007), mestrado em Engenharia Mec\u00e2nica pela Universidade Estadual de Campinas (2010) e doutorado em Engenharia Mec\u00e2nica pela Universidade Estadual de Campinas (2014). Atualmente \u00e9 Professor Adjunto do Departamento de Engenharia Mec\u00e2nica (DEM) do Centro de Tecnologia (CT) da Universidade Federal de Santa Maria (UFSM).<strong>CV Lattes:&nbsp;<\/strong><a href=\"http:\/\/buscatextual.cnpq.br\/buscatextual\/visualizacv.do?id=K4201236Z8\">http:\/\/buscatextual.cnpq.br\/buscatextual\/visualizacv.do?id=K4201236Z8<\/a><strong>Temas:<\/strong>&nbsp;Tem experi\u00eancia na \u00e1rea de Engenharia Mec\u00e2nica e Qualidade, atuando em empresa de projeto de carrocerias e \u00f4nibus (Setor Automotivo) e em empresa de movimenta\u00e7\u00e3o e armazenagem de gr\u00e3os (Setor Agr\u00edcola). Em suas atividades de pesquisa, trabalhou com medi\u00e7\u00f5es de tens\u00e3o empregando m\u00e9todos n\u00e3o destrutivos (Ultrassom).<strong>Disciplinas em que atua no CEDEAP:<\/strong>&nbsp;EAD1652<strong>E-mail:&nbsp;<\/strong><a href=\"mailto:alebuenos@gmail.com\">alebuenos@gmail.com<\/a><\/td><\/tr><tr><td><br><strong>Carlos Roberto Cauduro<\/strong><\/td><td>Possui gradua\u00e7\u00e3o em Engenharia Mec\u00e2nica pela Universidade Federal do Rio Grande do Sul (1982), mestrado em Engenharia de Minas, Metal\u00fargica e de Materiais pela Universidade Federal do Rio Grande do Sul (1988) e doutorado em Engenharia de Minas, Metal\u00fargica e de Materiais pela Universidade Federal do Rio Grande do Sul (1992). Atualmente \u00e9 professor adjunto da Universidade Federal de Santa Maria.&nbsp;&nbsp;&nbsp;<strong>CV Lattes:<\/strong>&nbsp;&nbsp;<a href=\"http:\/\/buscatextual.cnpq.br\/buscatextual\/visualizacv.do?id=K4783133T6\">http:\/\/buscatextual.cnpq.br\/buscatextual\/visualizacv.do?id=K4783133T6<\/a><strong>Temas:<\/strong>&nbsp;Tem experi\u00eancia na \u00e1rea de Engenharia Mec\u00e2nica, com \u00eanfase em Mec\u00e2nica dos S\u00f3lidos. Atuando principalmente nos seguintes temas: transdutor, extens\u00f4metro de resist\u00eancia el\u00e9trica, an\u00e1lise de tens\u00f5es, c\u00e9lula de carga, torqu\u00edmetro e projeto mec\u00e2nico.&nbsp;<strong>Disciplinas em que atua no CEDEAP:<\/strong>&nbsp;EAD1643&nbsp;<strong>&nbsp;E-mail:<\/strong>&nbsp;<a href=\"mailto:crcauduro@hotmail.com\" target=\"_blank\" rel=\"noreferrer noopener\">crcauduro@hotmail.com<\/a>&nbsp;<strong>E-mail:<\/strong>&nbsp;<a href=\"mailto:crcauduro@gmail.com\">crcauduro@gmail.com<\/a><\/td><\/tr><tr><td><br><strong>Cesar Addis Valverde Salvador<\/strong><\/td><td>Possui gradua\u00e7\u00e3o em Engenharia Mec\u00e2nica pela Universidad Nacional de Trujillo &#8211; UNT (2000), mestrado em Engenharia e Tecnologia Espaciais pelo Instituto Nacional de Pesquisas Espaciais &#8211; INPE (2004), doutorado em Engenharia e Tecnologia Espaciais pelo Instituto Nacional de Pesquisas Espaciais &#8211; INPE (2009) e P\u00f3s-Doutorado em Energias de Produ\u00e7\u00e3o na Vale Solu\u00e7\u00f5es em Energia &#8211; VSE (2010). Tem experi\u00eancia na \u00e1rea de Engenharia Aeroespacial e Engenharia T\u00e9rmica, com \u00eanfase em c\u00e2maras de combust\u00e3o, motores foguete e turbinas a g\u00e1s. Atualmente \u00e9 Professor do Centro de Tecnologia da Universidade Federal de Santa Maria (UFSM) no curso de Engenharia Mec\u00e2nica, Membro do Conselho da Editora UFSM e Coordenador Substituto no Curso de Efici\u00eancia Energ\u00e9tica Aplicada aos Processos Produtivos (CEDEAP\/UFSM).<strong>CV Lattes:&nbsp;<\/strong><a href=\"http:\/\/buscatextual.cnpq.br\/buscatextual\/visualizacv.do?id=K4771572T4\">http:\/\/buscatextual.cnpq.br\/buscatextual\/visualizacv.do?id=K4771572T4<\/a><strong>Temas:<\/strong>&nbsp;Tem experi\u00eancia na \u00e1rea de Engenharia Aeroespacial e Engenharia T\u00e9rmica, com \u00eanfase em c\u00e2maras de combust\u00e3o, motores foguete e turbinas a g\u00e1s, atuando principalmente nos seguintes temas: hidrazinas, c\u00e2maras de combust\u00e3o, modelos matem\u00e1ticos, negro de fumo, motores foguete a propelente liquido e h\u00edbrido.<strong>Disciplinas em que atua no CEDEAP:<\/strong>&nbsp;EAD1648<strong>E-mail:<\/strong>&nbsp;<a href=\"mailto:valverdesalvador@gmail.com\" target=\"_blank\" rel=\"noreferrer noopener\">valverdesalvador@gmail.com<\/a><strong>E-mail:<\/strong>&nbsp;&nbsp;<a href=\"mailto:valverde@ufsm.br\">valverde@ufsm.br<\/a><\/td><\/tr><tr><td><br><strong>Claudio Roberto Losekann<\/strong><\/td><td>Claudio Roberto Losekann \u00e9 Engenheiro Mec\u00e2nico formado na UFSM em 1987. Obteve mestrado em Engenharia Metal\u00fargica e dos Materiais na UFRGS em 1992 e doutorado em Engenharia Mec\u00e2nica pela UFSC em 1999. Fez especializa\u00e7\u00e3o em Tecnologia de Vidros Avan\u00e7ados em 1996 pelo AIST-JICA (Jap\u00e3o), cujo trabalho experimental foi desenvolvido no Osaka National Reserch Institute. Atualmente \u00e9 Professor Titular do Departamento de Engenharia Mec\u00e2nica da UFSM e membro do Colegiado do Curso de Especializa\u00e7\u00e3o Efici\u00eancia Energ\u00e9tica Aplicada aos Processos Produtivos, modalidade a dist\u00e2ncia do sistema UFSM-UAB. Leciona as disciplinas de Elementos de M\u00e1quinas, Mec\u00e2nica para Engenharia Mec\u00e2nica e Conforma\u00e7\u00e3o Mec\u00e2nica II no curso de Engenharia Mec\u00e2nica e Efici\u00eancia Energ\u00e9tica nos Processos Produtivos no curso de Especializa\u00e7\u00e3o Efici\u00eancia Energ\u00e9tica Aplicada aos Processos Produtivos.<strong>CV Lattes:&nbsp;<\/strong><a href=\"http:\/\/buscatextual.cnpq.br\/buscatextual\/visualizacv.do?id=K4799422Y6\">http:\/\/buscatextual.cnpq.br\/buscatextual\/visualizacv.do?id=K4799422Y6<\/a><strong>Temas:<\/strong>&nbsp;As \u00e1reas de atua\u00e7\u00e3o s\u00e3o nos campos de Engenharia de Materiais, Metal\u00fargica e Mec\u00e2nica. Os principais trabalhos desenvolvidos nestas \u00e1reas foram: micelas reversas para obten\u00e7\u00e3o de nanocristais, crescimento de cristais pela t\u00e9cnica Czochralski, fundi\u00e7\u00e3o de ligas de alum\u00ednio e cobre, sinteriza\u00e7\u00e3o de materiais cer\u00e2micos e met\u00e1licos, projetos de m\u00e1quinas.<strong>Disciplinas em que atua no CEDEAP:<\/strong>&nbsp;EAD1648<strong>E-mail:&nbsp;<\/strong><a href=\"mailto:claudiolosekann@gmail.com\">claudiolosekann@gmail.com<\/a><\/td><\/tr><tr><td><br><strong>Fl\u00e1vio Dias Mayer<\/strong>&nbsp;&nbsp;<\/td><td>Possui gradua\u00e7\u00e3o em Engenharia Qu\u00edmica pela Universidade Federal de Santa Maria (2006), Brasil, mestrado em Engenharia de Produ\u00e7\u00e3o pelo PPGEP-UFSM (2009) e mestrado em Engenharia de Processos pelo PPGEPro-UFSM (2010), Brasil. Possui Doutorado pelo Programa de P\u00f3s-Gradua\u00e7\u00e3o em Engenharia Qu\u00edmica, da Universidade Federal do Rio Grande do Sul, Brasil. Possui experi\u00eancia na \u00e1rea de Engenharia Qu\u00edmica, com \u00eanfase em Energia Renov\u00e1vel. Atualmente \u00e9 Professor Adjunto do Departamento de Engenharia Qu\u00edmica, ministrando aulas nos cursos de Engenharia Qu\u00edmica e no Curso de Especializa\u00e7\u00e3o em Efici\u00eancia Energ\u00e9tica, da Universidade Federal de Santa Maria.<strong>CV Lattes:<\/strong>&nbsp;&nbsp;<a href=\"http:\/\/buscatextual.cnpq.br\/buscatextual\/visualizacv.do?id=K4717795Z8\">http:\/\/buscatextual.cnpq.br\/buscatextual\/visualizacv.do?id=K4717795Z8<\/a><strong>Temas:<\/strong>&nbsp;biomassa, avalia\u00e7\u00e3o de viabilidade econ\u00f4mica, produ\u00e7\u00e3o de eletricidade com biomassa, destila\u00e7\u00e3o de etanol combust\u00edvel.<strong>Disciplinas que atua no CEDEAP:<\/strong>&nbsp;EAD1641.<strong>E-mail:&nbsp;&nbsp;<\/strong><a href=\"mailto:flaviodmayer@yahoo.com.br\">flaviodmayer@yahoo.com.br<\/a><\/td><\/tr><tr><td><br><strong>Geomar Machado Martins<\/strong><\/td><td>Possui gradua\u00e7\u00e3o em Engenharia El\u00e9trica pela Universidade Federal de Santa Maria (1990), mestrado em Engenharia El\u00e9trica pela Universidade Federal de Santa Maria (1994) e doutorado em Engenharia El\u00e9trica pela Universidade Estadual de Campinas (2005). Atualmente \u00e9 professor adjunto da Universidade Federal de Santa Maria.<strong>CVLattes:<\/strong>&nbsp;<a href=\"http:\/\/buscatextual.cnpq.br\/buscatextual\/visualizacv.do?id=K4700196Y0\">http:\/\/buscatextual.cnpq.br\/buscatextual\/visualizacv.do?id=K4700196Y0<\/a>&nbsp;&nbsp;<strong>Temas:<\/strong>&nbsp;Tem experi\u00eancia na \u00e1rea de Engenharia El\u00e9trica, com \u00eanfase em Automa\u00e7\u00e3o Eletr\u00f4nica de Processos El\u00e9tricos e Industriais, atuando principalmente nos seguintes temas: fuel cells, low frequency commutation e inverters.<strong>Disciplinas em que atua no CEDEAP:<\/strong>&nbsp;EAD1651&nbsp;<strong>E-mail<\/strong>:&nbsp;<a href=\"mailto:geomarmm@gmail.com\" target=\"_blank\" rel=\"noreferrer noopener\">geomarmm@gmail.com<\/a>&nbsp;<strong>E-mail:<\/strong>&nbsp;<a href=\"mailto:geomar@ufsm.br\">geomar@ufsm.br<\/a>&nbsp;<\/td><\/tr><tr><td><br><strong>Giane de Campos Grigoletti<\/strong>&nbsp;&nbsp;<\/td><td>Possui gradua\u00e7\u00e3o em Licenciatura em Fisica pela Universidade Federal de Santa Maria (1985), gradua\u00e7\u00e3o em Arquitetura e Urbanismo pela Universidade Federal do Rio Grande do Sul (1997), mestrado em F\u00edsica pela Universidade Federal de Santa Catarina (1989), mestrado em Engenharia Civil pela Universidade Federal do Rio Grande do Sul (2000) e doutorado em Engenharia Civil pela Universidade Federal do Rio Grande do Sul (2007). Atualmente \u00e9 Professor Adjunto da Universidade Federal de Santa Maria. Professor do Programa de P\u00f3s-Gradua\u00e7\u00e3o em Engenharia Civil e do Programa de P\u00f3s-Gradua\u00e7\u00e3o Profissionalizante em Patrim\u00f4nio Cultural da UFSM.&nbsp;&nbsp;<strong>CV Lattes:<\/strong>&nbsp;&nbsp;<a href=\"http:\/\/buscatextual.cnpq.br\/buscatextual\/visualizacv.do?id=K4785720U5\">http:\/\/buscatextual.cnpq.br\/buscatextual\/visualizacv.do?id=K4785720U5<\/a><strong>Temas:<\/strong>&nbsp;Desenvolve pesquisa em Conforto Ambiental, Conforto Ambiental e Patrim\u00f4nio Edificado, Desempenho T\u00e9rmico, Visual e Ac\u00fastico do Ambiente Constru\u00eddo, Efici\u00eancia Energ\u00e9tica de Edifica\u00e7\u00f5es e Estudos de Condicionantes e Defini\u00e7\u00e3o de Diretrizes para o Projeto de Arquitetura, Urbanismo e Paisagismo.<strong>Disciplinas em que atua no CEDEAP:<\/strong>&nbsp;EAD1647 e EAD1649<strong>E-mail:<\/strong>&nbsp;<a href=\"mailto:ggrigoletti@gmail.com\">ggrigoletti@gmail.com<\/a><\/td><\/tr><tr><td><br><strong>Isis Portolan&nbsp;<\/strong><strong>dos Santos<\/strong>&nbsp;&nbsp;<\/td><td>Possui gradua\u00e7\u00e3o em Arquitetura e Urbanismo pela Universidade Federal de Santa Maria (2007), mestrado e doutorado em Engenharia Civil pela Universidade Federal de Santa Catarina na \u00e1rea de Conforto Ambiental e Energia, onde trabalhou com a utiliza\u00e7\u00e3o da energia solar fotovoltaica junto \u00e0 arquitetura, explorando os aspectos t\u00e9cnicos vinculados \u00e0s necessidades est\u00e9ticas e construtivas da arquitetura. Desde 2009 \u00e9 professora da Universidade Federal de Santa Maria (RS) onde atua nos cursos T\u00e9cnico em Paisagismo, Especializa\u00e7\u00e3o em Efici\u00eancia Energ\u00e9tica em Processos Produtivos e no Programa de P\u00f3s Gradua\u00e7\u00e3o em Engenharia Civil.&nbsp;<strong>CV Lattes:<\/strong>&nbsp;&nbsp;<a href=\"http:\/\/buscatextual.cnpq.br\/buscatextual\/visualizacv.do?id=K4509944U3\">http:\/\/buscatextual.cnpq.br\/buscatextual\/visualizacv.do?id=K4509944U3<\/a><strong>Temas:<\/strong>&nbsp;Pesquisas em energia solar fotovoltaica em edifica\u00e7\u00f5es com objetivos para a integra\u00e7\u00e3o arquitet\u00f4nica da tecnologia fotovoltaica.&nbsp;<strong>Disciplinas em que atua no CEDEAP:<\/strong>&nbsp;EAD1647 e EAD1649<strong>E-mail:<\/strong>&nbsp;<a href=\"mailto:isisporto@gmail.com\">isisporto@gmail.com<\/a><\/td><\/tr><tr><td><br><strong>Natanael Rodrigues Gomes<\/strong><\/td><td>Possui gradua\u00e7\u00e3o em Engenharia El\u00e9trica pela Universidade Federal de Santa Maria(1993), mestrado em Engenharia El\u00e9trica pela Universidade Estadual de Campinas(1996), doutorado em Engenharia El\u00e9trica pela Universidade Estadual de Campinas(2000) e curso-tecnico-profissionalizantepelo Col\u00e9gio T\u00e9cnico Industrial de Santa Maria(1988). Bolsista de P\u00f3s-doutorado no Exterior do CNPq. Atualmente \u00e9 Professor Associado da Universidade Federal de Santa Maria. &nbsp;&nbsp;&nbsp;<strong>CV Lattes:<\/strong><a href=\"http:\/\/buscatextual.cnpq.br\/buscatextual\/visualizacv.do?id=K4797690H7\">http:\/\/buscatextual.cnpq.br\/buscatextual\/visualizacv.do?id=K4797690H7<\/a><strong>Temas:<\/strong>&nbsp;Tem experi\u00eancia na \u00e1rea de Engenharia El\u00e9trica, com \u00eanfase em Telecomunica\u00e7\u00f5es. Atuando principalmente nos seguintes temas: Reconhecimento de Padr\u00f5es, Fuzzy Set Theory, Hidden Markov Models, Processamento de Imagens.<strong>Disciplinas em que atua no CEDEAP:<\/strong>&nbsp;EAD1648<strong>E-mail:&nbsp;<\/strong><a href=\"mailto:natanael@gmail.com\">natanael@gmail.com<\/a><\/td><\/tr><tr><td><br><strong>Ronaldo Hoffmann<\/strong><\/td><td>Possui gradua\u00e7\u00e3o em Engenharia Qu\u00edmica pela Universidade Federal do Rio Grande do Sul (1979) e gradua\u00e7\u00e3o em Qu\u00edmica Tecnol\u00f3gica pela mesma Universidade (1978). Mestrado em Engenharia de Minas, Metal\u00fargica e de Materiais pela Universidade Federal do Rio Grande do Sul (1984) e doutorado em Engenharia Mec\u00e2nica pela mesma Universidade (1999). Atualmente \u00e9 professor Titular da Universidade Federal de Santa Maria, atuando na Gradua\u00e7\u00e3o em Engenharia Qu\u00edmica e no Programa de P\u00f3s-gradua\u00e7\u00e3o em Engenharia de Processos, dos quais \u00e9 ex Coordenador. \u00c9 membro da Associa\u00e7\u00e3o Brasileira de Engenharia Qu\u00edmica (ABEQ) e da Associa\u00e7\u00e3o Profissional dos Engenheiros Qu\u00edmicos do Estado do RS (APEQ-RS), tendo sido Coordenador da C\u00e2mara Especializada de Engenharia Qu\u00edmica do CREA-RS no ano 2014. Tem experi\u00eancia na \u00e1rea de Engenharia Qu\u00edmica de Processos, com \u00eanfase em Energia da Biomassa e Tratamento e Aproveitamento de Rejeitos.&nbsp;&nbsp;&nbsp;&nbsp;&nbsp;&nbsp;&nbsp;&nbsp;<strong>CV Lattes:<\/strong>&nbsp;&nbsp;<a href=\"http:\/\/buscatextual.cnpq.br\/buscatextual\/visualizacv.do?id=K4783142H3\">http:\/\/buscatextual.cnpq.br\/buscatextual\/visualizacv.do?id=K4783142H3<\/a><strong>Temas:<\/strong>&nbsp;energia e desenvolvimento, energia renov\u00e1vel (casca de arroz, \u00e1lcool combust\u00edvel e biodigest\u00e3o) e processos com sustentabilidade. Atuou, ainda, nos temas Planejamento Municipal Sustent\u00e1vel com vari\u00e1veis energ\u00e9tica e ambiental.<strong>Disciplinas em que atua no CEDEAP:<\/strong>&nbsp;EAD1642&nbsp;&nbsp;<strong>E-mail:<\/strong>&nbsp;<a href=\"mailto:hoffmann@ufsm.br\" target=\"_blank\" rel=\"noreferrer noopener\">hoffmann@ufsm.br<\/a><br><\/td><\/tr><tr><td><\/td><td><\/td><td><\/td><\/tr><\/tbody><\/table><\/figure>\n\n\n\n<h1 class=\"wp-block-heading\"><strong>COLABORADORES<\/strong><\/h1>\n\n\n\n<figure class=\"wp-block-table\"><table class=\"\"><tbody><tr><td><br><strong>Jos\u00e9 Ab\u00edlio Lima de Freitas<\/strong><\/td><td><strong><\/strong>O professor Ab\u00edlio, natural de Santa Maria. Formado em Engenharia El\u00e9trica pela UFSM, graduado em Forma\u00e7\u00e3o Pedag\u00f3gica &#8211; Licenciatura Plena em Ensino Profissionalizante pela UNISC, Especialista em Engenharia de Seguran\u00e7a do Trabalho pela UFSM e Mestre em Engenharia de Produ\u00e7\u00e3o pela UFSM. Trabalhou v\u00e1rios anos em empresas de projetos e constru\u00e7\u00e3o de redes el\u00e9tricas (Distribui\u00e7\u00e3o) e telef\u00f4nicas, adquirindo boa experi\u00eancia na gest\u00e3o de equipes de trabalho e no acompanhamento e execu\u00e7\u00e3o de projetos. No CTISM (UFSM), ministra as disciplinas de Instala\u00e7\u00e3o e Manuten\u00e7\u00e3o El\u00e9trica, Projetos El\u00e9tricos e Gerenciamento de riscos. Atua tamb\u00e9m como Coordenador do Curso T\u00e9cnico em Seguran\u00e7a do Trabalho, \u00e9 membro do N\u00facleo de Ensino a Dist\u00e2ncia e participa de projetos de extens\u00e3o ministrando cursos de capacita\u00e7\u00e3o para eletricistas da gera\u00e7\u00e3o, transmiss\u00e3o e distribui\u00e7\u00e3o de energia el\u00e9trica, nas \u00e1reas de Eletricidade e de Seguran\u00e7a do Trabalho.<strong><\/strong><strong>CV Lattes:&nbsp;<\/strong><a href=\"http:\/\/lattes.cnpq.br\/4646699372091590\">http:\/\/lattes.cnpq.br\/4646699372091590<\/a><strong>FUN\u00c7\u00c3O:<\/strong>&nbsp;Professor colaborador.<strong>E-mail:&nbsp;<a href=\"mailto:abilio@ctism.ufsm.br\">abilio@ctism.ufsm.br<\/a><\/strong><\/td><\/tr><\/tbody><\/table><\/figure>\n\n\n\n<figure class=\"wp-block-table\"><table class=\"\"><tbody><tr><td><br><strong>Cezar Augusto Beltrame<\/strong><\/td><td><strong><\/strong>Possui gradua\u00e7\u00e3o em Engenharia Qu\u00edmica pela Universidade Federal de Santa Maria ( 1997 ), Especializa\u00e7\u00e3o em Gest\u00e3o Empresarial Estrat\u00e9gica em Agribusiness pela Funda\u00e7\u00e3o Get\u00falio Vargas ( 2005 ), Mestrado em Engenharia de Alimentos ( 2009 ) e Doutorado em Engenharia de Alimentos ( 2014 ) pela Universidade Regional Integrada do Alto Uruguai e das Miss\u00f5es, URI. Atuou na iniciativa Privada por 18 anos tendo experi\u00eancias com Gest\u00e3o da Qualidade e Ambiental, Programas de Reciclagem de Res\u00edduos S\u00f3lidos, Gest\u00e3o de Produ\u00e7\u00e3o e Produtividade. Atualmente \u00e9 professor adjunto da Universidade Federal de Santa Maria, atuando principalmente nos seguintes temas: Tratamento de Res\u00edduos S\u00f3lidos e L\u00edquidos e Gest\u00e3o da Qualidade e Ambiental.<strong><\/strong><strong>CV Lattes:&nbsp;<\/strong><a href=\"http:\/\/lattes.cnpq.br\/5680739774601650\">http:\/\/lattes.cnpq.br\/5680739774601650<\/a><strong>Fun\u00e7\u00e3o:<\/strong>&nbsp;Professor colaborador.<strong>E-mail:<\/strong><a href=\"mailto:cezarbeltrame@gmail.com\">cezarbeltrame@gmail.com<\/a><\/td><\/tr><\/tbody><\/table><\/figure>\n\n\n\n<figure class=\"wp-block-table\"><table class=\"\"><tbody><tr><td><br><strong>Cristiano Jos\u00e9 Scheuer<\/strong><\/td><td><strong><\/strong>Possui gradua\u00e7\u00e3o em Engenharia Mec\u00e2nica pela Universidade Federal de Santa Maria (2009), mestrado (2011) e doutorado (2015) em Engenharia Mec\u00e2nica pela Universidade Federal do Paran\u00e1 (\u00e1rea de concentra\u00e7\u00e3o: Manufatura; Linha de Pesquisa: Engenharia de Materiais e Fabrica\u00e7\u00e3o). \u00c9 Professor Adjunto do Col\u00e9gio T\u00e9cnico Industrial (CTISM) da Universidade Federal de Santa Maria, ministrando disciplinas nas \u00e1reas de processos de fabrica\u00e7\u00e3o e ci\u00eancia dos materiais. Tem experi\u00eancia na \u00e1rea de Engenharia de Materiais e Metal\u00fargica, com \u00eanfase em Processamento de Materiais por Plasma e Engenharia de Superf\u00edcie, atuando principalmente nos seguintes temas: tratamentos termoqu\u00edmicos assistidos por plasma, tribologia e corros\u00e3o.&nbsp;<strong>CV Lattes:&nbsp;<\/strong><a href=\"http:\/\/lattes.cnpq.br\/3758860836699578\">http:\/\/lattes.cnpq.br\/3758860836699578<\/a><strong>FUN\u00c7\u00c3O:&nbsp;<\/strong><strong>Professor colaborador<\/strong><strong>.<\/strong><strong>E-mail:&nbsp;<a href=\"mailto:cristiano.scheuer@gmail.com\">cristiano.scheuer@gmail.com<\/a><\/strong><\/td><\/tr><\/tbody><\/table><\/figure>\n","protected":false},"excerpt":{"rendered":"<p>Ademar Michels Possui gradua\u00e7\u00e3o em Engenharia Mec\u00e2nica pela Universidade Federal de Santa Maria (1980), gradua\u00e7\u00e3o em Matem\u00e1tica pela Universidade Federal de Santa Maria (1975), mestrado em Engenharia Mec\u00e2nica &#8211; PROMEC\/UFRGS (1991) e doutorado em Engenharia Mec\u00e2nica pela Universidade Federal do Rio Grande do Sul (1999). Professor Associado, aposentado, da Universidade Federal de Santa Maria. Atualmente [&hellip;]<\/p>\n","protected":false},"author":117,"featured_media":0,"parent":0,"menu_order":0,"comment_status":"closed","ping_status":"closed","template":"","meta":{"footnotes":""},"categories":[],"tags":[],"class_list":["post-203","page","type-page","status-publish","hentry"],"acf":[],"_links":{"self":[{"href":"https:\/\/www.ufsm.br\/cursos\/pos-graduacao\/educacao-a-distancia\/espeficienciaenergeticaaplicada\/wp-json\/wp\/v2\/pages\/203","targetHints":{"allow":["GET"]}}],"collection":[{"href":"https:\/\/www.ufsm.br\/cursos\/pos-graduacao\/educacao-a-distancia\/espeficienciaenergeticaaplicada\/wp-json\/wp\/v2\/pages"}],"about":[{"href":"https:\/\/www.ufsm.br\/cursos\/pos-graduacao\/educacao-a-distancia\/espeficienciaenergeticaaplicada\/wp-json\/wp\/v2\/types\/page"}],"author":[{"embeddable":true,"href":"https:\/\/www.ufsm.br\/cursos\/pos-graduacao\/educacao-a-distancia\/espeficienciaenergeticaaplicada\/wp-json\/wp\/v2\/users\/117"}],"replies":[{"embeddable":true,"href":"https:\/\/www.ufsm.br\/cursos\/pos-graduacao\/educacao-a-distancia\/espeficienciaenergeticaaplicada\/wp-json\/wp\/v2\/comments?post=203"}],"version-history":[{"count":0,"href":"https:\/\/www.ufsm.br\/cursos\/pos-graduacao\/educacao-a-distancia\/espeficienciaenergeticaaplicada\/wp-json\/wp\/v2\/pages\/203\/revisions"}],"wp:attachment":[{"href":"https:\/\/www.ufsm.br\/cursos\/pos-graduacao\/educacao-a-distancia\/espeficienciaenergeticaaplicada\/wp-json\/wp\/v2\/media?parent=203"}],"wp:term":[{"taxonomy":"category","embeddable":true,"href":"https:\/\/www.ufsm.br\/cursos\/pos-graduacao\/educacao-a-distancia\/espeficienciaenergeticaaplicada\/wp-json\/wp\/v2\/categories?post=203"},{"taxonomy":"post_tag","embeddable":true,"href":"https:\/\/www.ufsm.br\/cursos\/pos-graduacao\/educacao-a-distancia\/espeficienciaenergeticaaplicada\/wp-json\/wp\/v2\/tags?post=203"}],"curies":[{"name":"wp","href":"https:\/\/api.w.org\/{rel}","templated":true}]}}