{"id":204,"date":"2020-02-06T13:36:44","date_gmt":"2020-02-06T16:36:44","guid":{"rendered":"https:\/\/www.ufsm.br\/cursos\/pos-graduacao\/educacao-a-distancia\/espeficienciaenergeticaaplicada\/?page_id=204"},"modified":"2020-02-06T13:36:46","modified_gmt":"2020-02-06T16:36:46","slug":"coordenacao-do-curso","status":"publish","type":"page","link":"https:\/\/www.ufsm.br\/cursos\/pos-graduacao\/educacao-a-distancia\/espeficienciaenergeticaaplicada\/coordenacao-do-curso","title":{"rendered":"Coordena\u00e7\u00e3o do Curso"},"content":{"rendered":"\n<figure class=\"wp-block-table\"><table class=\"\"><tbody><tr><td><strong><\/strong><strong>Claudio Roberto Losekann<\/strong>&nbsp;<\/td><td><strong>Coordenador geral<\/strong>Engenheiro Mec\u00e2nico formado na UFSM em 1987. Mestre em Engenharia Metal\u00fargica e dos Materiais (UFRGS &#8211; 1992), Doutor em Engenharia Mec\u00e2nica (UFSC &#8211; 1999). Especialista em Tecnologia de Vidros Avan\u00e7ados em 1996 pelo AIST-JICA (Jap\u00e3o), cujo trabalho experimental foi desenvolvido no Osaka National Reserch Institute. Atualmente \u00e9 Professor Titular do Departamento de Engenharia Mec\u00e2nica da UFSM. Leciona as disciplinas de Elementos de M\u00e1quinas, Mec\u00e2nica para Engenharia Mec\u00e2nica e Conforma\u00e7\u00e3o Mec\u00e2nica II no curso de Engenharia Mec\u00e2nica e Efici\u00eancia Energ\u00e9tica nos Processos Produtivos no curso de Especializa\u00e7\u00e3o Efici\u00eancia Energ\u00e9tica Aplicada aos Processos Produtivos.&nbsp;&nbsp;&nbsp;&nbsp;&nbsp;CV Lattes:&nbsp;<a href=\"http:\/\/buscatextual.cnpq.br\/buscatextual\/visualizacv.do?id=K4799422Y6\">http:\/\/buscatextual.cnpq.br\/buscatextual\/visualizacv.do?id=K4799422Y6<\/a>Temas: relacionados \u00e0 Engenharia de Materiais, Metal\u00fargica e Mec\u00e2nica.&nbsp;&nbsp;Os principais trabalhos desenvolvidos nestas \u00e1reas foram: micelas reversas para obten\u00e7\u00e3o de nanocristais semicondutores, crescimento de cristais semicindutores pela t\u00e9cnica Czochralski, fundi\u00e7\u00e3o de ligas de alum\u00ednio e cobre, sinteriza\u00e7\u00e3o de materiais cer\u00e2micos e met\u00e1licos, projetos de m\u00e1quinas.&nbsp;<a href=\"mailto:claudiolosekann@gmail.com\">claudiolosekann@gmail.com<\/a>&nbsp;<\/td><\/tr><tr><td><strong><\/strong><strong>Cesar Addis Valverde Salvador<\/strong>&nbsp;&nbsp;<\/td><td><strong>Coordenador Substituto<\/strong>Possui gradua\u00e7\u00e3o em Engenharia Mec\u00e2nica &#8211; Universidad Nacional de Trujillo (2000), mestrado em Engenharia e Tecnologia Espaciais pelo Instituto Nacional de Pesquisas Espaciais (2004), doutorado em Engenharia e Tecnologia Espaciais pelo Instituto Nacional de Pesquisas Espaciais (2009) e P\u00f3s-Doutorado em Energias de Produ\u00e7\u00e3o na Vale Solu\u00e7\u00f5es em Energia (2010). Atualmente \u00e9 Professor do Centro de Tecnologia da Universidade Federal de Santa Maria (UFSM) no curso de Engenharia Mec\u00e2nica.CV Lattes:&nbsp;<a href=\"http:\/\/buscatextual.cnpq.br\/buscatextual\/visualizacv.do?id=K4771572T4\">http:\/\/buscatextual.cnpq.br\/buscatextual\/visualizacv.do?id=K4771572T4<\/a>Temas:&nbsp;&nbsp;Tem experi\u00eancia na \u00e1rea de Engenharia Aeroespacial e Engenharia T\u00e9rmica, com \u00eanfase em c\u00e2maras de combust\u00e3o, motores foguete e turbinas a g\u00e1s, atuando principalmente nos seguintes temas: hidrazinas, c\u00e2maras de combust\u00e3o, modelos matem\u00e1ticos, negro de fumo, motores foguete a propelente liquido e h\u00edbrido.Disciplinas em que atua no CEDEAP: EAD1648&nbsp;<a href=\"mailto:valverde@ufsm.br\">valverde@ufsm.br<\/a><\/td><\/tr><\/tbody><\/table><\/figure>\n","protected":false},"excerpt":{"rendered":"<p>Claudio Roberto Losekann&nbsp; Coordenador geralEngenheiro Mec\u00e2nico formado na UFSM em 1987. Mestre em Engenharia Metal\u00fargica e dos Materiais (UFRGS &#8211; 1992), Doutor em Engenharia Mec\u00e2nica (UFSC &#8211; 1999). Especialista em Tecnologia de Vidros Avan\u00e7ados em 1996 pelo AIST-JICA (Jap\u00e3o), cujo trabalho experimental foi desenvolvido no Osaka National Reserch Institute. Atualmente \u00e9 Professor Titular do Departamento [&hellip;]<\/p>\n","protected":false},"author":117,"featured_media":0,"parent":0,"menu_order":0,"comment_status":"closed","ping_status":"closed","template":"","meta":{"footnotes":""},"categories":[],"tags":[],"class_list":["post-204","page","type-page","status-publish","hentry"],"acf":[],"_links":{"self":[{"href":"https:\/\/www.ufsm.br\/cursos\/pos-graduacao\/educacao-a-distancia\/espeficienciaenergeticaaplicada\/wp-json\/wp\/v2\/pages\/204","targetHints":{"allow":["GET"]}}],"collection":[{"href":"https:\/\/www.ufsm.br\/cursos\/pos-graduacao\/educacao-a-distancia\/espeficienciaenergeticaaplicada\/wp-json\/wp\/v2\/pages"}],"about":[{"href":"https:\/\/www.ufsm.br\/cursos\/pos-graduacao\/educacao-a-distancia\/espeficienciaenergeticaaplicada\/wp-json\/wp\/v2\/types\/page"}],"author":[{"embeddable":true,"href":"https:\/\/www.ufsm.br\/cursos\/pos-graduacao\/educacao-a-distancia\/espeficienciaenergeticaaplicada\/wp-json\/wp\/v2\/users\/117"}],"replies":[{"embeddable":true,"href":"https:\/\/www.ufsm.br\/cursos\/pos-graduacao\/educacao-a-distancia\/espeficienciaenergeticaaplicada\/wp-json\/wp\/v2\/comments?post=204"}],"version-history":[{"count":0,"href":"https:\/\/www.ufsm.br\/cursos\/pos-graduacao\/educacao-a-distancia\/espeficienciaenergeticaaplicada\/wp-json\/wp\/v2\/pages\/204\/revisions"}],"wp:attachment":[{"href":"https:\/\/www.ufsm.br\/cursos\/pos-graduacao\/educacao-a-distancia\/espeficienciaenergeticaaplicada\/wp-json\/wp\/v2\/media?parent=204"}],"wp:term":[{"taxonomy":"category","embeddable":true,"href":"https:\/\/www.ufsm.br\/cursos\/pos-graduacao\/educacao-a-distancia\/espeficienciaenergeticaaplicada\/wp-json\/wp\/v2\/categories?post=204"},{"taxonomy":"post_tag","embeddable":true,"href":"https:\/\/www.ufsm.br\/cursos\/pos-graduacao\/educacao-a-distancia\/espeficienciaenergeticaaplicada\/wp-json\/wp\/v2\/tags?post=204"}],"curies":[{"name":"wp","href":"https:\/\/api.w.org\/{rel}","templated":true}]}}