{"id":205,"date":"2020-02-06T13:37:24","date_gmt":"2020-02-06T16:37:24","guid":{"rendered":"https:\/\/www.ufsm.br\/cursos\/pos-graduacao\/educacao-a-distancia\/espeficienciaenergeticaaplicada\/?page_id=205"},"modified":"2020-02-06T13:37:26","modified_gmt":"2020-02-06T16:37:26","slug":"tutores","status":"publish","type":"page","link":"https:\/\/www.ufsm.br\/cursos\/pos-graduacao\/educacao-a-distancia\/espeficienciaenergeticaaplicada\/tutores","title":{"rendered":"Tutores"},"content":{"rendered":"\n<figure class=\"wp-block-table\"><table class=\"\"><tbody><tr><td>&nbsp;&nbsp;<br><strong>VILSON DE MOURA GODOY<\/strong>&nbsp;<\/td><td>Possui gradua\u00e7\u00e3o em Engenharia El\u00e9trica pela Universidade Federal do Pampa (2013). Atualmente \u00e9 Chefe do Servi\u00e7o de Manuten\u00e7\u00e3o de Equipamentos e Instala\u00e7\u00f5es do HOSPITAL UNIVERSIT\u00c1RIO DE SANTA MARIA. Tem experi\u00eancia na \u00e1rea de Engenharia El\u00e9trica, com \u00eanfase em Instala\u00e7\u00f5es El\u00e9tricas e Industriais.<strong>CV Lattes:<\/strong><a href=\"http:\/\/buscatextual.cnpq.br\/buscatextual\/visualizacv.do?id=K4836954P5\">http:\/\/buscatextual.cnpq.br\/buscatextual\/visualizacv.do?id=K4836954P5<\/a>&nbsp;&nbsp;<strong>MODALIDADE:<\/strong>&nbsp;Tutor a Dist\u00e2ncia<strong>Disciplinas que atua:&nbsp;<\/strong>EAD1644.<strong>E-mail:<\/strong>&nbsp;<a href=\"mailto:vilsondemoura@gmail.com\">vilsondemoura@gmail.com<\/a><\/td><\/tr><tr><td>&nbsp;&nbsp;<br><strong>ALBERTO PEDRO<\/strong><strong>ANTONELLO NETO<\/strong>&nbsp;<\/td><td>Possui p\u00f3s-gradua\u00e7\u00e3o em Educa\u00e7\u00e3o Ambiental, pela Universidade Federal de Santa Maria (2015), gradua\u00e7\u00e3o em Matem\u00e1tica &#8211; Licenciatura Plena pela Universidade Federal de Santa Maria (2004). Atualmente \u00e9 t\u00e9cnico administrativo em educa\u00e7\u00e3o da Universidade Federal de Santa Maria. Tem experi\u00eancia na \u00e1rea de tecnologias de informa\u00e7\u00e3o e comunica\u00e7\u00e3o, educa\u00e7\u00e3o ambiental, educa\u00e7\u00e3o a dist\u00e2ncia, inform\u00e1tica na educa\u00e7\u00e3o e educa\u00e7\u00e3o matem\u00e1tica.<strong>CV Lattes:&nbsp;<\/strong><a href=\"http:\/\/buscatextual.cnpq.br\/buscatextual\/visualizacv.do?id=K4758870Z8\">http:\/\/buscatextual.cnpq.br\/buscatextual\/visualizacv.do?id=K4758870Z8<\/a><strong>MODALIDADE:<\/strong>&nbsp;Tutor a Dist\u00e2ncia<strong>Disciplinas que atua:<\/strong>&nbsp;EAD1643.<strong>E-mail:<\/strong>&nbsp;<a href=\"mailto:pedro@inf.ufsm.br\">pedro@inf.ufsm.br<\/a>&nbsp;<\/td><\/tr><tr><td>&nbsp;&nbsp;<br><strong>VER\u00d4NICA VENTURINI ROSSATO<\/strong><\/td><td>Possui gradua\u00e7\u00e3o em F\u00edsica Bacharelado- Habilita\u00e7\u00e3o em F\u00edsica M\u00e9dica pelo Centro Universit\u00e1rio Franciscano (2008) e mestrado em Radioprote\u00e7\u00e3o e Dosimetria pelo Instituto de Radioprote\u00e7\u00e3o e Dosimetria- CNEN (2013), atualmente \u00e9 aluna do curso de F\u00edsica Licenciatura e doutoranda em F\u00edsica na Universidade Federal de Santa Maria, onde desenvolve estudo na \u00e1rea de Bioinform\u00e1tica, Express\u00e3o G\u00eanica, Senesc\u00eancia Celular e Modelagem L\u00f3gica na \u00e1rea de Sistemas Complexos Tem experi\u00eancia na \u00e1rea de Radiobiologia, atuando principalmente nos seguintes temas: radioprote\u00e7\u00e3o, raios- x, suco de uva, antioxidantes, senesc\u00eancia celular e apoptose.<strong>CV Lattes:&nbsp;&nbsp;<\/strong><a href=\"http:\/\/buscatextual.cnpq.br\/buscatextual\/visualizacv.do?id=K4219363P0\">http:\/\/buscatextual.cnpq.br\/buscatextual\/visualizacv.do?id=K4219363P0<\/a>&nbsp;&nbsp;<strong>MODALIDADE:<\/strong>&nbsp;Tutor a Dist\u00e2ncia<strong>Disciplinas que atua:&nbsp;<\/strong>EAD1643.<strong>E-mail:&nbsp;<\/strong><a href=\"mailto:flaviodmayer@yahoo.com.br\">veronica.vrossato<\/a><a href=\"mailto:flaviodmayer@yahoo.com.br\">@gmail.com<\/a>&nbsp;<\/td><\/tr><tr><td>&nbsp;<br><strong>F\u00c1BIO PEREIRA ROSSATO<\/strong><\/td><td>Mestre em Constru\u00e7\u00e3o Civil, com \u00eanfase em Pavimenta\u00e7\u00e3o de estradas, pela Universidade Federal de Santa Maria (UFSM\/2015). Especialista em Infraestrutura de Transportes e Rodovias, pelo Instituto Brasileiro de Especializa\u00e7\u00e3o Continuada (INBEC\/2015). Atualmente \u00e9 Professor Horista da Universidade Regional Integrada do Alto Uruguai e das Miss\u00f5es (URI\/Santo \u00c2ngelo) e aluno de Doutorado em Constru\u00e7\u00e3o Civil (UFSM).<strong>CV Lattes:<\/strong>&nbsp;<a href=\"http:\/\/buscatextual.cnpq.br\/buscatextual\/visualizacv.do?id=S6099077\">http:\/\/buscatextual.cnpq.br\/buscatextual\/visualizacv.do?id=S6099077<\/a><strong>MODALIDADE:<\/strong>&nbsp;Tutor a Dist\u00e2ncia<strong>Disciplinas que atua:<\/strong>&nbsp;&nbsp;EAD1642.<strong>E-mail:<\/strong>&nbsp;<a href=\"mailto:mbbrondani@gmail.com\">fabiorossato2005@hotmail.com<\/a>&nbsp;&nbsp;<\/td><\/tr><tr><td>&nbsp;&nbsp;<br><strong>MICHEL BRONDANI<\/strong>&nbsp;&nbsp;<\/td><td>Formado em Engenharia Qu\u00edmica pela Universidade Federal de Santa Maria (UFSM), Brasil. Possui mestrado em Engenharia de Processos e T\u00e9cnico em Seguran\u00e7a do Trabalho, ambos pela UFSM. Atuou nas seguintes \u00e1reas: f\u00edsico-qu\u00edmica (\u00eanfase em comp\u00f3sitos), tratamento de efluentes l\u00edquidos (\u00eanfase em tratamento anaer\u00f3bio, especificamente reator UASB), energias renov\u00e1veis de biomassa (foco em Avalia\u00e7\u00e3o do Ciclo de Vida da produ\u00e7\u00e3o de biodiesel e etanol). Foi Professor Substituto do Departamento de Engenharia Qu\u00edmica\/UFSM por 2 anos e tutor \u00e0 dist\u00e2ncia do curso de Especializa\u00e7\u00e3o em Efici\u00eancia Energ\u00e9tica Aplicada aos Processos Produtivos\/UFSM (n\u00edvel p\u00f3s-gradua\u00e7\u00e3o). Atualmente \u00e9 doutorando do programa de p\u00f3s-gradua\u00e7\u00e3o em Engenharia Qu\u00edmica\/UFSM, atuando na \u00e1rea de fluidodin\u00e2mica e efici\u00eancia de pratos perfurados sem downcomer para colunas de destila\u00e7\u00e3o.<strong>CV Lattes:<\/strong>&nbsp;&nbsp;&nbsp;<a href=\"http:\/\/buscatextual.cnpq.br\/buscatextual\/visualizacv.do?id=K4326292Z2\">http:\/\/buscatextual.cnpq.br\/buscatextual\/visualizacv.do?id=K4326292Z2<\/a><strong>MODALIDADE:<\/strong>&nbsp;Tutor a Dist\u00e2ncia<strong>Disciplinas que atua:<\/strong>&nbsp;EAD1645.<strong>E-mail:&nbsp;<\/strong><a href=\"mailto:mbbrondani@gmail.com\">mbbrondani@gmail.com<\/a>&nbsp;<\/td><\/tr><tr><td><br><strong>THIAGO CATTANI NAIDON<\/strong><\/td><td>Mestre em Engenharia El\u00e9trica pelo Programa de P\u00f3s-Gradua\u00e7\u00e3o em Engenharia El\u00e9trica da Universidade Federal de Santa Maria (2013 &#8211; 2015) na \u00e1rea de Processamento de Energia. Possui gradua\u00e7\u00e3o em Engenharia El\u00e9trica pela Universidade Federal de Santa Maria (2012) e gradua\u00e7\u00e3o no Programa Especial de Gradua\u00e7\u00e3o de Forma\u00e7\u00e3o de Professores para a Educa\u00e7\u00e3o Profissional &#8211; Grau equivalente \u00e0 Licenciatura Plena Atualmente (2014). Possui Curso T\u00e9cnico Profissionalizante em Eletrot\u00e9cnica pelo CTISM-UFSM (2007). Tem experi\u00eancia na \u00e1rea de engenharia el\u00e9trica, com \u00eanfase em circuitos Energy harvesting, microeletr\u00f4nica anal\u00f3gica, automa\u00e7\u00e3o resid\u00eancial e projetos de engenharia el\u00e9trica.<strong>CV Lattes:<\/strong>&nbsp;&nbsp;<a href=\"http:\/\/buscatextual.cnpq.br\/buscatextual\/visualizacv.do?id=W5758178\">http:\/\/buscatextual.cnpq.br\/buscatextual\/visualizacv.do?id=W5758178<\/a>&nbsp;&nbsp;<strong>MODALIDADE:<\/strong>&nbsp;Tutor a Dist\u00e2ncia<strong>Disciplinas que atua:<\/strong>&nbsp;EAD1644.&nbsp;&nbsp;<strong>E-mail:<\/strong>&nbsp;&nbsp;<a href=\"mailto:rogergallon@outlook.com\">thiagonaidon@gmail.com<\/a>&nbsp;<\/td><\/tr><tr><td><strong>CLAUDIA BRUM DE OLIVEIRA FOGLIARINI FILHA<\/strong><\/td><td>Mestrado em Matem\u00e1tica pela Universidade Federal de Santa Maria (2015). Gradua\u00e7\u00e3o em Matem\u00e1tica pela Universidade Federal de Pelotas, Brasil (2012). Professora da Educa\u00e7\u00e3o B\u00e1sica do Estado do Rio Grande do Sul.<strong>CV Lattes:<\/strong><a href=\"http:\/\/buscatextual.cnpq.br\/buscatextual\/visualizacv.do?id=K4430204T0\">http:\/\/buscatextual.cnpq.br\/buscatextual\/visualizacv.do?id=K4430204T0<\/a><strong>MODALIDADE:<\/strong>&nbsp;Tutor a Dist\u00e2ncia<strong>Disciplinas que atua:<\/strong>&nbsp;EAD1641.&nbsp;&nbsp;<strong>E-mail:<\/strong>&nbsp;&nbsp;&nbsp;<a href=\"mailto:claudinhafogliarini@hotmail.com\">claudinhafogliarini@hotmail.com<\/a>&nbsp;<\/td><\/tr><\/tbody><\/table><\/figure>\n","protected":false},"excerpt":{"rendered":"<p>&nbsp;&nbsp;VILSON DE MOURA GODOY&nbsp; Possui gradua\u00e7\u00e3o em Engenharia El\u00e9trica pela Universidade Federal do Pampa (2013). Atualmente \u00e9 Chefe do Servi\u00e7o de Manuten\u00e7\u00e3o de Equipamentos e Instala\u00e7\u00f5es do HOSPITAL UNIVERSIT\u00c1RIO DE SANTA MARIA. Tem experi\u00eancia na \u00e1rea de Engenharia El\u00e9trica, com \u00eanfase em Instala\u00e7\u00f5es El\u00e9tricas e Industriais.CV Lattes:http:\/\/buscatextual.cnpq.br\/buscatextual\/visualizacv.do?id=K4836954P5&nbsp;&nbsp;MODALIDADE:&nbsp;Tutor a Dist\u00e2nciaDisciplinas que atua:&nbsp;EAD1644.E-mail:&nbsp;vilsondemoura@gmail.com &nbsp;&nbsp;ALBERTO PEDROANTONELLO NETO&nbsp; Possui [&hellip;]<\/p>\n","protected":false},"author":117,"featured_media":0,"parent":0,"menu_order":0,"comment_status":"closed","ping_status":"closed","template":"","meta":{"footnotes":""},"categories":[],"tags":[],"class_list":["post-205","page","type-page","status-publish","hentry"],"acf":[],"_links":{"self":[{"href":"https:\/\/www.ufsm.br\/cursos\/pos-graduacao\/educacao-a-distancia\/espeficienciaenergeticaaplicada\/wp-json\/wp\/v2\/pages\/205","targetHints":{"allow":["GET"]}}],"collection":[{"href":"https:\/\/www.ufsm.br\/cursos\/pos-graduacao\/educacao-a-distancia\/espeficienciaenergeticaaplicada\/wp-json\/wp\/v2\/pages"}],"about":[{"href":"https:\/\/www.ufsm.br\/cursos\/pos-graduacao\/educacao-a-distancia\/espeficienciaenergeticaaplicada\/wp-json\/wp\/v2\/types\/page"}],"author":[{"embeddable":true,"href":"https:\/\/www.ufsm.br\/cursos\/pos-graduacao\/educacao-a-distancia\/espeficienciaenergeticaaplicada\/wp-json\/wp\/v2\/users\/117"}],"replies":[{"embeddable":true,"href":"https:\/\/www.ufsm.br\/cursos\/pos-graduacao\/educacao-a-distancia\/espeficienciaenergeticaaplicada\/wp-json\/wp\/v2\/comments?post=205"}],"version-history":[{"count":0,"href":"https:\/\/www.ufsm.br\/cursos\/pos-graduacao\/educacao-a-distancia\/espeficienciaenergeticaaplicada\/wp-json\/wp\/v2\/pages\/205\/revisions"}],"wp:attachment":[{"href":"https:\/\/www.ufsm.br\/cursos\/pos-graduacao\/educacao-a-distancia\/espeficienciaenergeticaaplicada\/wp-json\/wp\/v2\/media?parent=205"}],"wp:term":[{"taxonomy":"category","embeddable":true,"href":"https:\/\/www.ufsm.br\/cursos\/pos-graduacao\/educacao-a-distancia\/espeficienciaenergeticaaplicada\/wp-json\/wp\/v2\/categories?post=205"},{"taxonomy":"post_tag","embeddable":true,"href":"https:\/\/www.ufsm.br\/cursos\/pos-graduacao\/educacao-a-distancia\/espeficienciaenergeticaaplicada\/wp-json\/wp\/v2\/tags?post=205"}],"curies":[{"name":"wp","href":"https:\/\/api.w.org\/{rel}","templated":true}]}}