{"id":206,"date":"2020-02-06T13:37:59","date_gmt":"2020-02-06T16:37:59","guid":{"rendered":"https:\/\/www.ufsm.br\/cursos\/pos-graduacao\/educacao-a-distancia\/espeficienciaenergeticaaplicada\/?page_id=206"},"modified":"2020-02-06T13:38:00","modified_gmt":"2020-02-06T16:38:00","slug":"equipe-tecnica","status":"publish","type":"page","link":"https:\/\/www.ufsm.br\/cursos\/pos-graduacao\/educacao-a-distancia\/espeficienciaenergeticaaplicada\/equipe-tecnica","title":{"rendered":"Equipe T\u00e9cnica"},"content":{"rendered":"\n<figure class=\"wp-block-table\"><table class=\"\"><tbody><tr><td><strong>Eduarda Fagundes Guarda<\/strong><\/td><td><strong>Secret\u00e1ria CEDEAP<br><\/strong>Atualmente cursa o s\u00e9timo semestre de Engenharia de computa\u00e7\u00e3o pela UFSM. Participou da equipe de TI do NTE em 2015. Em 2014 integrou a equipe do LINCE. Organizou o Startup Weekend SM em 2016. Atua como membro de Gest\u00e3o de Pessoas da empresa CompAct Jr.<strong>&nbsp;<\/strong><strong>CV Lattes:&nbsp;&nbsp;<\/strong><a href=\"http:\/\/lattes.cnpq.br\/4208566464590443\">http:\/\/lattes.cnpq.br\/4208566464590443<\/a>&nbsp;<strong>FUN\u00c7\u00c3O:<\/strong>&nbsp;Apoio no atendimento da secretaria do CEDEAP.&nbsp;<strong>E-mail:&nbsp;<\/strong><a href=\"mailto:vilsondemoura@gmail.com\">coord.cedeap@ufsm.br<\/a><\/td><\/tr><\/tbody><\/table><\/figure>\n\n\n\n<h3 class=\"wp-block-heading\"><strong>&nbsp;<\/strong><\/h3>\n\n\n\n<figure class=\"wp-block-table\"><table class=\"\"><tbody><tr><td><strong>Paulo Roberto<\/strong><strong>Colusso<\/strong>&nbsp;&nbsp;&nbsp;&nbsp;&nbsp;&nbsp;<\/td><td><strong>Diretor do N\u00facleo de Tecnologia Educacional &#8211; UFSM<\/strong><strong>Endere\u00e7o:<\/strong>Universidade Federal de Santa MariaGabinete do ReitorN\u00facleo de Tecnologia EducacionalAvenida Roraima, n\u00ba 1000Cidade Universit\u00e1ria \u2013 Bairro CamobiPr\u00e9dio 14 \u2013 Sala 106Santa Maria \u2013 RS&nbsp;&#8211;&nbsp; CEP 97105-900<strong>Telefone:<\/strong>&nbsp;(55) 3220-8007&nbsp;&nbsp;<strong>CV Lattes:&nbsp;<\/strong><a href=\"http:\/\/buscatextual.cnpq.br\/buscatextual\/visualizacv.do?id=K4751848T1\">http:\/\/buscatextual.cnpq.br\/buscatextual\/visualizacv.do?id=K4751848T1<\/a>&nbsp;&nbsp;&nbsp;<strong>Website:<\/strong>&nbsp;<a href=\"http:\/\/nte.ufsm.br\/moodle2_UAB\/\">http:\/\/nte.ufsm.br\/moodle2_UAB\/<\/a><strong>E-mail:<\/strong>&nbsp;<a href=\"mailto:direcao@nte.ufsm.br\">direcao@nte.ufsm.br<\/a><\/td><\/tr><tr><td>&nbsp;<strong>Reisoli Bender Filho<\/strong>&nbsp;&nbsp;&nbsp;&nbsp;&nbsp;<\/td><td><strong>Coordenador UAB &#8211; UFSM<\/strong><strong>Endere\u00e7o:<\/strong>Universidade Federal de Santa MariaGabinete do ReitorN\u00facleo de Tecnologia EducacionalAvenida Roraima, n\u00ba 1000Cidade Universit\u00e1ria \u2013 Bairro CamobiPr\u00e9dio 14 \u2013 Sala 106Santa Maria \u2013 RS&nbsp;&#8211;&nbsp; CEP 97105-900<strong>Telefone:<\/strong>&nbsp;(55) 3220-8007&nbsp;<strong>CV Lattes:&nbsp;<\/strong><a href=\"http:\/\/buscatextual.cnpq.br\/buscatextual\/visualizacv.do?id=K4594977Z5\">http:\/\/buscatextual.cnpq.br\/buscatextual\/visualizacv.do?id=K4594977Z5<\/a><strong>Website:<\/strong>&nbsp;<a href=\"http:\/\/nte.ufsm.br\/moodle2_UAB\/\">http:\/\/nte.ufsm.br\/moodle2_UAB\/<\/a><strong>E-mail:<\/strong>&nbsp;<a href=\"mailto:coordenacaouab@nte.ufsm.br\">coordenacaouab@nte.ufsm.br<\/a>&nbsp;&nbsp;&nbsp;<\/td><\/tr><\/tbody><\/table><\/figure>\n","protected":false},"excerpt":{"rendered":"<p>Eduarda Fagundes Guarda Secret\u00e1ria CEDEAPAtualmente cursa o s\u00e9timo semestre de Engenharia de computa\u00e7\u00e3o pela UFSM. Participou da equipe de TI do NTE em 2015. Em 2014 integrou a equipe do LINCE. Organizou o Startup Weekend SM em 2016. Atua como membro de Gest\u00e3o de Pessoas da empresa CompAct Jr.&nbsp;CV Lattes:&nbsp;&nbsp;http:\/\/lattes.cnpq.br\/4208566464590443&nbsp;FUN\u00c7\u00c3O:&nbsp;Apoio no atendimento da secretaria do [&hellip;]<\/p>\n","protected":false},"author":117,"featured_media":0,"parent":0,"menu_order":0,"comment_status":"closed","ping_status":"closed","template":"","meta":{"footnotes":""},"categories":[],"tags":[],"class_list":["post-206","page","type-page","status-publish","hentry"],"acf":[],"_links":{"self":[{"href":"https:\/\/www.ufsm.br\/cursos\/pos-graduacao\/educacao-a-distancia\/espeficienciaenergeticaaplicada\/wp-json\/wp\/v2\/pages\/206","targetHints":{"allow":["GET"]}}],"collection":[{"href":"https:\/\/www.ufsm.br\/cursos\/pos-graduacao\/educacao-a-distancia\/espeficienciaenergeticaaplicada\/wp-json\/wp\/v2\/pages"}],"about":[{"href":"https:\/\/www.ufsm.br\/cursos\/pos-graduacao\/educacao-a-distancia\/espeficienciaenergeticaaplicada\/wp-json\/wp\/v2\/types\/page"}],"author":[{"embeddable":true,"href":"https:\/\/www.ufsm.br\/cursos\/pos-graduacao\/educacao-a-distancia\/espeficienciaenergeticaaplicada\/wp-json\/wp\/v2\/users\/117"}],"replies":[{"embeddable":true,"href":"https:\/\/www.ufsm.br\/cursos\/pos-graduacao\/educacao-a-distancia\/espeficienciaenergeticaaplicada\/wp-json\/wp\/v2\/comments?post=206"}],"version-history":[{"count":0,"href":"https:\/\/www.ufsm.br\/cursos\/pos-graduacao\/educacao-a-distancia\/espeficienciaenergeticaaplicada\/wp-json\/wp\/v2\/pages\/206\/revisions"}],"wp:attachment":[{"href":"https:\/\/www.ufsm.br\/cursos\/pos-graduacao\/educacao-a-distancia\/espeficienciaenergeticaaplicada\/wp-json\/wp\/v2\/media?parent=206"}],"wp:term":[{"taxonomy":"category","embeddable":true,"href":"https:\/\/www.ufsm.br\/cursos\/pos-graduacao\/educacao-a-distancia\/espeficienciaenergeticaaplicada\/wp-json\/wp\/v2\/categories?post=206"},{"taxonomy":"post_tag","embeddable":true,"href":"https:\/\/www.ufsm.br\/cursos\/pos-graduacao\/educacao-a-distancia\/espeficienciaenergeticaaplicada\/wp-json\/wp\/v2\/tags?post=206"}],"curies":[{"name":"wp","href":"https:\/\/api.w.org\/{rel}","templated":true}]}}