{"id":29,"date":"2018-01-18T09:10:07","date_gmt":"2018-01-18T11:10:07","guid":{"rendered":"https:\/\/www.ufsm.br\/cursos\/graduacao\/nutricao\/12352\/?page_id=29"},"modified":"2020-02-06T12:36:37","modified_gmt":"2020-02-06T15:36:37","slug":"contato","status":"publish","type":"page","link":"https:\/\/www.ufsm.br\/cursos\/pos-graduacao\/educacao-a-distancia\/espeficienciaenergeticaaplicada\/contato","title":{"rendered":"Contato"},"content":{"rendered":"<p>Coordena\u00e7\u00e3o do Curso de Especializa\u00e7\u00e3o em\u00a0Efici\u00eancia Energ\u00e9tica Aplicada Aos Processos Produtivos<\/p>\n<p>Universidade Federal de Santa Maria<\/p>\n<p>Centro de Tecnologia &#8211; Pr\u00e9dio 07 &#8211; Sala 317<\/p>\n<p>CEP 97105-900 &#8211; Santa Maria &#8211; RS<\/p>\n<p>Fone: (055) 3220 9589 &#8211; Fax: (055) 3220 8030<\/p>\n<p>e-mail:\u00a0<span id=\"cloak59684\"><a href=\"mailto:coord.cedeap@ufsm.br\">coord.cedeap@ufsm.br<\/a><\/span><\/p>\n<p>(Skype): cedeap102013<\/p>\n","protected":false},"excerpt":{"rendered":"<p>Coordena\u00e7\u00e3o do Curso de Especializa\u00e7\u00e3o em\u00a0Efici\u00eancia Energ\u00e9tica Aplicada Aos Processos Produtivos Universidade Federal de Santa Maria Centro de Tecnologia &#8211; Pr\u00e9dio 07 &#8211; Sala 317 CEP 97105-900 &#8211; Santa Maria &#8211; RS Fone: (055) 3220 9589 &#8211; Fax: (055) 3220 8030 e-mail:\u00a0coord.cedeap@ufsm.br (Skype): cedeap102013<\/p>\n","protected":false},"author":8,"featured_media":0,"parent":0,"menu_order":0,"comment_status":"closed","ping_status":"closed","template":"","meta":{"footnotes":""},"categories":[],"tags":[],"class_list":["post-29","page","type-page","status-publish","hentry"],"acf":[],"_links":{"self":[{"href":"https:\/\/www.ufsm.br\/cursos\/pos-graduacao\/educacao-a-distancia\/espeficienciaenergeticaaplicada\/wp-json\/wp\/v2\/pages\/29","targetHints":{"allow":["GET"]}}],"collection":[{"href":"https:\/\/www.ufsm.br\/cursos\/pos-graduacao\/educacao-a-distancia\/espeficienciaenergeticaaplicada\/wp-json\/wp\/v2\/pages"}],"about":[{"href":"https:\/\/www.ufsm.br\/cursos\/pos-graduacao\/educacao-a-distancia\/espeficienciaenergeticaaplicada\/wp-json\/wp\/v2\/types\/page"}],"author":[{"embeddable":true,"href":"https:\/\/www.ufsm.br\/cursos\/pos-graduacao\/educacao-a-distancia\/espeficienciaenergeticaaplicada\/wp-json\/wp\/v2\/users\/8"}],"replies":[{"embeddable":true,"href":"https:\/\/www.ufsm.br\/cursos\/pos-graduacao\/educacao-a-distancia\/espeficienciaenergeticaaplicada\/wp-json\/wp\/v2\/comments?post=29"}],"version-history":[{"count":0,"href":"https:\/\/www.ufsm.br\/cursos\/pos-graduacao\/educacao-a-distancia\/espeficienciaenergeticaaplicada\/wp-json\/wp\/v2\/pages\/29\/revisions"}],"wp:attachment":[{"href":"https:\/\/www.ufsm.br\/cursos\/pos-graduacao\/educacao-a-distancia\/espeficienciaenergeticaaplicada\/wp-json\/wp\/v2\/media?parent=29"}],"wp:term":[{"taxonomy":"category","embeddable":true,"href":"https:\/\/www.ufsm.br\/cursos\/pos-graduacao\/educacao-a-distancia\/espeficienciaenergeticaaplicada\/wp-json\/wp\/v2\/categories?post=29"},{"taxonomy":"post_tag","embeddable":true,"href":"https:\/\/www.ufsm.br\/cursos\/pos-graduacao\/educacao-a-distancia\/espeficienciaenergeticaaplicada\/wp-json\/wp\/v2\/tags?post=29"}],"curies":[{"name":"wp","href":"https:\/\/api.w.org\/{rel}","templated":true}]}}