{"id":393,"date":"2020-08-11T18:01:59","date_gmt":"2020-08-11T21:01:59","guid":{"rendered":"https:\/\/www.ufsm.br\/cursos\/pos-graduacao\/educacao-a-distancia\/espeficienciaenergeticaaplicada\/?page_id=393"},"modified":"2020-08-11T18:02:00","modified_gmt":"2020-08-11T21:02:00","slug":"professores","status":"publish","type":"page","link":"https:\/\/www.ufsm.br\/cursos\/pos-graduacao\/educacao-a-distancia\/espeficienciaenergeticaaplicada\/professores","title":{"rendered":"Professores"},"content":{"rendered":"\n<p><a href=\"http:\/\/informerendimentos.capes.gov.br\/informerendimentos\/informerendimentoForm.jsp\">Informe de Rendimento CAPES para declara\u00e7\u00e3o de IR<\/a><\/p>\n<p><a href=\"https:\/\/www.ufsm.br\/cursos\/pos-graduacao\/educacao-a-distancia\/espeficienciaenergeticaaplicada\/wp-content\/uploads\/sites\/707\/2020\/08\/Dicasfoz.pdf\">Dicas &#8211; como chegar no polo de Foz do Igua\u00e7u<\/a><\/p>\n","protected":false},"excerpt":{"rendered":"<p>Informe de Rendimento CAPES para declara\u00e7\u00e3o de IR Dicas &#8211; como chegar no polo de Foz do Igua\u00e7u<\/p>\n","protected":false},"author":867,"featured_media":0,"parent":0,"menu_order":0,"comment_status":"closed","ping_status":"closed","template":"","meta":{"footnotes":""},"categories":[],"tags":[],"class_list":["post-393","page","type-page","status-publish","hentry"],"acf":[],"_links":{"self":[{"href":"https:\/\/www.ufsm.br\/cursos\/pos-graduacao\/educacao-a-distancia\/espeficienciaenergeticaaplicada\/wp-json\/wp\/v2\/pages\/393","targetHints":{"allow":["GET"]}}],"collection":[{"href":"https:\/\/www.ufsm.br\/cursos\/pos-graduacao\/educacao-a-distancia\/espeficienciaenergeticaaplicada\/wp-json\/wp\/v2\/pages"}],"about":[{"href":"https:\/\/www.ufsm.br\/cursos\/pos-graduacao\/educacao-a-distancia\/espeficienciaenergeticaaplicada\/wp-json\/wp\/v2\/types\/page"}],"author":[{"embeddable":true,"href":"https:\/\/www.ufsm.br\/cursos\/pos-graduacao\/educacao-a-distancia\/espeficienciaenergeticaaplicada\/wp-json\/wp\/v2\/users\/867"}],"replies":[{"embeddable":true,"href":"https:\/\/www.ufsm.br\/cursos\/pos-graduacao\/educacao-a-distancia\/espeficienciaenergeticaaplicada\/wp-json\/wp\/v2\/comments?post=393"}],"version-history":[{"count":0,"href":"https:\/\/www.ufsm.br\/cursos\/pos-graduacao\/educacao-a-distancia\/espeficienciaenergeticaaplicada\/wp-json\/wp\/v2\/pages\/393\/revisions"}],"wp:attachment":[{"href":"https:\/\/www.ufsm.br\/cursos\/pos-graduacao\/educacao-a-distancia\/espeficienciaenergeticaaplicada\/wp-json\/wp\/v2\/media?parent=393"}],"wp:term":[{"taxonomy":"category","embeddable":true,"href":"https:\/\/www.ufsm.br\/cursos\/pos-graduacao\/educacao-a-distancia\/espeficienciaenergeticaaplicada\/wp-json\/wp\/v2\/categories?post=393"},{"taxonomy":"post_tag","embeddable":true,"href":"https:\/\/www.ufsm.br\/cursos\/pos-graduacao\/educacao-a-distancia\/espeficienciaenergeticaaplicada\/wp-json\/wp\/v2\/tags?post=393"}],"curies":[{"name":"wp","href":"https:\/\/api.w.org\/{rel}","templated":true}]}}