{"id":180,"date":"2020-10-13T13:52:52","date_gmt":"2020-10-13T16:52:52","guid":{"rendered":"https:\/\/www.ufsm.br\/cursos\/pos-graduacao\/educacao-a-distancia\/espmidiaseducacao\/?page_id=180"},"modified":"2020-10-13T13:52:53","modified_gmt":"2020-10-13T16:52:53","slug":"organizacao-curricular","status":"publish","type":"page","link":"https:\/\/www.ufsm.br\/cursos\/pos-graduacao\/educacao-a-distancia\/espmidiaseducacao\/organizacao-curricular","title":{"rendered":"Organiza\u00e7\u00e3o Curricular"},"content":{"rendered":"\n<p>De forma a atender o objetivo geral do curso, bem como formar profissionais de acordo com o perfil desejado, o curr\u00edculo do curso (<strong>vers\u00e3o 2010<\/strong>) estabelece basicamente a forma\u00e7\u00e3o segundo duas forma\u00e7\u00f5es: b\u00e1sica e complementar.<\/p>\n\n\n\n<p>A&nbsp;<strong>Forma\u00e7\u00e3o B\u00e1sica<\/strong>&nbsp;engloba a discuss\u00e3o sobre a utiliza\u00e7\u00e3o das m\u00eddias em diferentes concep\u00e7\u00f5es pedag\u00f3gicas, os fundamentos e a aplicabilidade das principais m\u00eddias no ensino e na aprendizagem, tanto do ponto de vista do espectador quanto do autor. Constitui tamb\u00e9m o desenvolvimento de um trabalho final para o n\u00edvel de forma\u00e7\u00e3o.<\/p>\n\n\n\n<p>A&nbsp;<strong>Forma\u00e7\u00e3o Complementar&nbsp;<\/strong>t\u00eam seu foco voltado para a atua\u00e7\u00e3o docente em sala de aula. Esta forma\u00e7\u00e3o inclui o desenvolvimento e apresenta\u00e7\u00e3o da monografia a partir de projeto que desenvolva o uso das m\u00eddias no processo de ensino-aprendizagem.<\/p>\n\n\n\n<p>Ao longo do programa ser\u00e1 desenvolvido um espa\u00e7o virtual de publica\u00e7\u00e3o da produ\u00e7\u00e3o dos alunos, constituindo um reposit\u00f3rio de projetos aplic\u00e1veis \u00e0 Educa\u00e7\u00e3o e garantindo visibilidade ao trabalho autoral dos participantes. O espa\u00e7o virtual \u00e9 chamado Galeria das M\u00eddias.<\/p>\n\n\n\n<p><strong>Trabalho de conclus\u00e3o de curso (monografia)<\/strong><\/p>\n\n\n\n<p>O Trabalho de Conclus\u00e3o do Curso (monografia) ser\u00e1 realizado ap\u00f3s o desenvolvimento dos m\u00f3dulos previstos e sob a orienta\u00e7\u00e3o de docentes qualificados (mestres ou doutores). O aluno ter\u00e1 o prazo de seis meses para o desenvolvimento e apresenta\u00e7\u00e3o da monografia.<\/p>\n\n\n\n<p><strong>Dura\u00e7\u00e3o do curso<\/strong><\/p>\n\n\n\n<p>Cada edi\u00e7\u00e3o do curso ter\u00e1 dura\u00e7\u00e3o de tr\u00eas semestres (18 meses), sendo um semestre para o desenvolvimento do trabalho de conclus\u00e3o do curso e dois semestres para a forma\u00e7\u00e3o b\u00e1sica e complementar.<\/p>\n\n\n\n<p><strong>Periodicidade<\/strong><\/p>\n\n\n\n<p>Anual.<\/p>\n\n\n\n<p><strong>Elenco de Disciplinas<\/strong><\/p>\n\n\n\n<p>A&nbsp;<strong>Forma\u00e7\u00e3o B\u00e1sica&nbsp;<\/strong>envolve as seguintes disciplinas:<\/p>\n\n\n\n<ul class=\"wp-block-list\"><li>EAD &#8211; Introdu\u00e7\u00e3o a Integra\u00e7\u00e3o de M\u00eddias na Educa\u00e7\u00e3o \u2013 45 h\/a<\/li><li>EAD &#8211; Uso da Inform\u00e1tica na Pr\u00e1tica Pedag\u00f3gica \u2013 30 h\/a<\/li><li>EAD &#8211; TV e V\u00eddeo no Curr\u00edculo Escolar \u2013 45 h\/a<\/li><li>EAD &#8211; Uso do R\u00e1dio na Educa\u00e7\u00e3o \u2013 45 h\/a<\/li><li>EAD &#8211; Material Impresso no Curr\u00edculo Escolar \u2013 45 h\/a<\/li><\/ul>\n\n\n\n<p>A&nbsp;<strong>Forma\u00e7\u00e3o Complementar&nbsp;<\/strong>envolve as seguintes disciplinas:<\/p>\n\n\n\n<ul class=\"wp-block-list\"><li>EAD &#8211; Multim\u00eddia Educacional \u2013 60h\/a<\/li><li>EAD &#8211; Gest\u00e3o Integrada de M\u00eddias \u2013 30h\/a<\/li><li>EAD &#8211; Metodologia de Pesquisa \u2013 30h\/a<\/li><li>EAD &#8211; Desenvolvimento de Projeto \u2013 30\/a<\/li><li>EAD &#8211; Monografia \u2013 90 h\/a<\/li><\/ul>\n","protected":false},"excerpt":{"rendered":"<p>De forma a atender o objetivo geral do curso, bem como formar profissionais de acordo com o perfil desejado, o curr\u00edculo do curso (vers\u00e3o 2010) estabelece basicamente a forma\u00e7\u00e3o segundo duas forma\u00e7\u00f5es: b\u00e1sica e complementar. A&nbsp;Forma\u00e7\u00e3o B\u00e1sica&nbsp;engloba a discuss\u00e3o sobre a utiliza\u00e7\u00e3o das m\u00eddias em diferentes concep\u00e7\u00f5es pedag\u00f3gicas, os fundamentos e a aplicabilidade das principais [&hellip;]<\/p>\n","protected":false},"author":8,"featured_media":0,"parent":0,"menu_order":0,"comment_status":"closed","ping_status":"closed","template":"","meta":{"footnotes":""},"categories":[],"tags":[],"class_list":["post-180","page","type-page","status-publish","hentry"],"acf":[],"_links":{"self":[{"href":"https:\/\/www.ufsm.br\/cursos\/pos-graduacao\/educacao-a-distancia\/espmidiaseducacao\/wp-json\/wp\/v2\/pages\/180","targetHints":{"allow":["GET"]}}],"collection":[{"href":"https:\/\/www.ufsm.br\/cursos\/pos-graduacao\/educacao-a-distancia\/espmidiaseducacao\/wp-json\/wp\/v2\/pages"}],"about":[{"href":"https:\/\/www.ufsm.br\/cursos\/pos-graduacao\/educacao-a-distancia\/espmidiaseducacao\/wp-json\/wp\/v2\/types\/page"}],"author":[{"embeddable":true,"href":"https:\/\/www.ufsm.br\/cursos\/pos-graduacao\/educacao-a-distancia\/espmidiaseducacao\/wp-json\/wp\/v2\/users\/8"}],"replies":[{"embeddable":true,"href":"https:\/\/www.ufsm.br\/cursos\/pos-graduacao\/educacao-a-distancia\/espmidiaseducacao\/wp-json\/wp\/v2\/comments?post=180"}],"version-history":[{"count":0,"href":"https:\/\/www.ufsm.br\/cursos\/pos-graduacao\/educacao-a-distancia\/espmidiaseducacao\/wp-json\/wp\/v2\/pages\/180\/revisions"}],"wp:attachment":[{"href":"https:\/\/www.ufsm.br\/cursos\/pos-graduacao\/educacao-a-distancia\/espmidiaseducacao\/wp-json\/wp\/v2\/media?parent=180"}],"wp:term":[{"taxonomy":"category","embeddable":true,"href":"https:\/\/www.ufsm.br\/cursos\/pos-graduacao\/educacao-a-distancia\/espmidiaseducacao\/wp-json\/wp\/v2\/categories?post=180"},{"taxonomy":"post_tag","embeddable":true,"href":"https:\/\/www.ufsm.br\/cursos\/pos-graduacao\/educacao-a-distancia\/espmidiaseducacao\/wp-json\/wp\/v2\/tags?post=180"}],"curies":[{"name":"wp","href":"https:\/\/api.w.org\/{rel}","templated":true}]}}