{"id":181,"date":"2020-10-13T13:54:25","date_gmt":"2020-10-13T16:54:25","guid":{"rendered":"https:\/\/www.ufsm.br\/cursos\/pos-graduacao\/educacao-a-distancia\/espmidiaseducacao\/?page_id=181"},"modified":"2020-10-13T13:55:37","modified_gmt":"2020-10-13T16:55:37","slug":"polos","status":"publish","type":"page","link":"https:\/\/www.ufsm.br\/cursos\/pos-graduacao\/educacao-a-distancia\/espmidiaseducacao\/polos","title":{"rendered":"Polos"},"content":{"rendered":"\n<p><strong>Polo de Cachoeira do Sul<\/strong><\/p>\n\n\n\n<p><strong>Contato:<\/strong><br>Endere\u00e7o: Rua David Barcelos, 270<br>Bairro: Centro<br>Cep: 96501-360<br>Telefone: (51) 3724 6007 \/ (51) 3724 0867<br>Fax: (51) 3724 6035<br>E-mail:&nbsp;<a href=\"mailto:uabcachoeira@gmail.com\">uabcachoeira@gmail.com<\/a><br>MSN:&nbsp;<a href=\"mailto:uabcachoeira@hotmail.com\">uabcachoeira@hotmail.com<\/a><br>Skype: uab.cachoeira.do.sul<br>Blog:&nbsp;<a href=\"http:\/\/polouabeteccachoeiradosul.blogspot.com\/\">http:\/\/polouabeteccachoeiradosul.blogspot.com<\/a><br>Twitter:&nbsp;<a href=\"http:\/\/twitter.com\/uab_etec_cach\">http:\/\/twitter.com\/uab_etec_cach<\/a><\/p>\n\n\n\n<p><strong>Coordena\u00e7\u00e3o:<\/strong><br>Rosane Aperecida Brendler keller<br>Telefone: (51) 9963 1427<br>E-mail:&nbsp;<a href=\"mailto:rabkeller@yahoo.com.br\">rabkeller@yahoo.com.br<\/a><\/p>\n\n\n\n<hr class=\"wp-block-separator is-style-wide\"\/>\n\n\n\n<p><strong>Polo de Faxinal do Soturno<\/strong><\/p>\n\n\n\n<p><strong>Contato:<\/strong><br>Endere\u00e7o: Rua Sete de Setembro, 790 \u2013 Centro<br>CEP 97220\u2013000<br>Telefone: (55)&nbsp;3263 2354<br>E-mail:&nbsp;<a href=\"mailto:cleo.uab.cruzaltars@gmail.com\"><strong>uab@faxinal.com<\/strong><\/a><\/p>\n\n\n\n<p><strong>Coordena\u00e7\u00e3o:<\/strong><br>Adriana Garlet<br>E-mail:&nbsp;<em>adriana.baratto@faxinaldosoturno.gov.br<br>Telefone:&nbsp;<\/em>(55)&nbsp;9617 1745<\/p>\n\n\n\n<hr class=\"wp-block-separator is-style-wide\"\/>\n\n\n\n<p><strong>Polo de Panambi<\/strong><\/p>\n\n\n\n<p><strong>Contato:<\/strong><br>Endere\u00e7o: Rua Hermann Mayer, 43, 2o piso<br>Telefone\/Fax: (55) 3375-4718<br>E-mail:&nbsp;<a href=\"mailto:polouab@panambi.rs.gov.br\">polouab@panambi.rs.gov.br<\/a><\/p>\n\n\n\n<p><strong>Coordena\u00e7\u00e3o:<\/strong><br>Solange Molz<br>Telefone: (55) 9949-2853<br>E-mail:&nbsp;<a href=\"mailto:solgm@brturbo.com.br\">solgm@brturbo.com.br<\/a><\/p>\n\n\n\n<hr class=\"wp-block-separator is-style-wide\"\/>\n\n\n\n<p><strong>Polo de Santa Maria<\/strong><\/p>\n\n\n\n<p><strong>Contato:<\/strong><br>Edere\u00e7o : Av. Roraima, n. 1000, N\u00facleo de Tecnologia Educacional, Pr\u00e9dio 14, sala 106<br>Bairro:&nbsp; Camobi<br>CEP&nbsp;97105-900<br>Santa Maria<br>E-mail:&nbsp;<a href=\"mailto:uabrestingaseca@gmail.com\"><strong>polouabufsm@cead.ufsm.br<\/strong><\/a><\/p>\n\n\n\n<p><strong>Coordena\u00e7\u00e3o:<\/strong><br><strong>Fernanda Machado<\/strong><br>Email:&nbsp;<em>fernanda@nte.ufsm.br<br>Contato:&nbsp;<\/em>(55) 3220-8007<\/p>\n\n\n\n<hr class=\"wp-block-separator is-style-wide\"\/>\n\n\n\n<p><strong>Polo de&nbsp;<\/strong><strong>Tr\u00eas Passos<\/strong><\/p>\n\n\n\n<p><strong>Contato:<\/strong><br>Endere\u00e7o: Rua Cipriano Barata, 239 \u2013 Bairro \u00c9rico ver\u00edssimo<br>CEP 98600\u2013000<br>Telefone: (55) 3522 8766<br>E-mail:&nbsp;<a href=\"mailto:polouabliv.rs@gmail.com.br\"><strong>uab.polotrespassos@gmal.com<\/strong><\/a><\/p>\n\n\n\n<p><strong>Coordena\u00e7\u00e3o:<\/strong><br><strong>Janete Jussara Schmitz<\/strong><br>Telefone: (55) 9622 8849&nbsp;&nbsp;&nbsp; \/\/&nbsp;&nbsp;&nbsp;&nbsp; (55) 9607 4296<br>E-mail: janete.schmitz@gmail.com<br>coord.polouabtrespassosrs@gmail.com<\/p>\n","protected":false},"excerpt":{"rendered":"<p>Polo de Cachoeira do Sul Contato:Endere\u00e7o: Rua David Barcelos, 270Bairro: CentroCep: 96501-360Telefone: (51) 3724 6007 \/ (51) 3724 0867Fax: (51) 3724 6035E-mail:&nbsp;uabcachoeira@gmail.comMSN:&nbsp;uabcachoeira@hotmail.comSkype: uab.cachoeira.do.sulBlog:&nbsp;http:\/\/polouabeteccachoeiradosul.blogspot.comTwitter:&nbsp;http:\/\/twitter.com\/uab_etec_cach Coordena\u00e7\u00e3o:Rosane Aperecida Brendler kellerTelefone: (51) 9963 1427E-mail:&nbsp;rabkeller@yahoo.com.br Polo de Faxinal do Soturno Contato:Endere\u00e7o: Rua Sete de Setembro, 790 \u2013 CentroCEP 97220\u2013000Telefone: (55)&nbsp;3263 2354E-mail:&nbsp;uab@faxinal.com Coordena\u00e7\u00e3o:Adriana GarletE-mail:&nbsp;adriana.baratto@faxinaldosoturno.gov.brTelefone:&nbsp;(55)&nbsp;9617 1745 Polo de Panambi Contato:Endere\u00e7o: Rua Hermann [&hellip;]<\/p>\n","protected":false},"author":8,"featured_media":0,"parent":0,"menu_order":0,"comment_status":"closed","ping_status":"closed","template":"","meta":{"footnotes":""},"categories":[],"tags":[],"class_list":["post-181","page","type-page","status-publish","hentry"],"acf":[],"_links":{"self":[{"href":"https:\/\/www.ufsm.br\/cursos\/pos-graduacao\/educacao-a-distancia\/espmidiaseducacao\/wp-json\/wp\/v2\/pages\/181","targetHints":{"allow":["GET"]}}],"collection":[{"href":"https:\/\/www.ufsm.br\/cursos\/pos-graduacao\/educacao-a-distancia\/espmidiaseducacao\/wp-json\/wp\/v2\/pages"}],"about":[{"href":"https:\/\/www.ufsm.br\/cursos\/pos-graduacao\/educacao-a-distancia\/espmidiaseducacao\/wp-json\/wp\/v2\/types\/page"}],"author":[{"embeddable":true,"href":"https:\/\/www.ufsm.br\/cursos\/pos-graduacao\/educacao-a-distancia\/espmidiaseducacao\/wp-json\/wp\/v2\/users\/8"}],"replies":[{"embeddable":true,"href":"https:\/\/www.ufsm.br\/cursos\/pos-graduacao\/educacao-a-distancia\/espmidiaseducacao\/wp-json\/wp\/v2\/comments?post=181"}],"version-history":[{"count":0,"href":"https:\/\/www.ufsm.br\/cursos\/pos-graduacao\/educacao-a-distancia\/espmidiaseducacao\/wp-json\/wp\/v2\/pages\/181\/revisions"}],"wp:attachment":[{"href":"https:\/\/www.ufsm.br\/cursos\/pos-graduacao\/educacao-a-distancia\/espmidiaseducacao\/wp-json\/wp\/v2\/media?parent=181"}],"wp:term":[{"taxonomy":"category","embeddable":true,"href":"https:\/\/www.ufsm.br\/cursos\/pos-graduacao\/educacao-a-distancia\/espmidiaseducacao\/wp-json\/wp\/v2\/categories?post=181"},{"taxonomy":"post_tag","embeddable":true,"href":"https:\/\/www.ufsm.br\/cursos\/pos-graduacao\/educacao-a-distancia\/espmidiaseducacao\/wp-json\/wp\/v2\/tags?post=181"}],"curies":[{"name":"wp","href":"https:\/\/api.w.org\/{rel}","templated":true}]}}