{"id":184,"date":"2020-10-13T14:00:49","date_gmt":"2020-10-13T17:00:49","guid":{"rendered":"https:\/\/www.ufsm.br\/cursos\/pos-graduacao\/educacao-a-distancia\/espmidiaseducacao\/?page_id=184"},"modified":"2020-10-13T14:02:02","modified_gmt":"2020-10-13T17:02:02","slug":"informacoes-gerais","status":"publish","type":"page","link":"https:\/\/www.ufsm.br\/cursos\/pos-graduacao\/educacao-a-distancia\/espmidiaseducacao\/informacoes-gerais","title":{"rendered":"Sobre"},"content":{"rendered":"\n<p>O&nbsp;<strong>Programa M\u00eddias na Educa\u00e7\u00e3o&nbsp;<\/strong>\u00e9 um programa de forma\u00e7\u00e3o continuada de educadores para o uso pedag\u00f3gico das m\u00eddias (TV e v\u00eddeo, inform\u00e1tica, r\u00e1dio e impressos) integrado \u00e0 proposta pedag\u00f3gica. \u00c9 promovido pelo MEC em conjunto com diversas universidades e a UFSM \u00e9 uma delas. O objetivo do programa \u00e9 contribuir para a forma\u00e7\u00e3o de um professor que seja um leitor cr\u00edtico e criativo, capaz de produzir e estimular a produ\u00e7\u00e3o nas diversas m\u00eddias. O Curso de Especializa\u00e7\u00e3o em M\u00eddias na Educa\u00e7\u00e3o da UFSM \u00e9 oferecido na modalidade de educa\u00e7\u00e3o a dist\u00e2ncia, com encontros presencias de acordo com a metodologia de trabalho proposta pelo MEC e utilizada pela UFSM, no sentido de suprir a forma\u00e7\u00e3o almejada ao longo desta especializa\u00e7\u00e3o.<\/p>\n\n\n\n<p>Em 2010, o Curso foi incorporado a Universidade Aberta do Brasil (UAB), sofrendo uma reforma curricular para adapta\u00e7\u00e3o ao novo agente financiador (CAPES\/MEC). Com a reforma,&nbsp; o curso ficou estruturado da seguinte forma (curr\u00edculo 2010):<\/p>\n\n\n\n<ul class=\"wp-block-list\"><li>Forma\u00e7\u00e3o b\u00e1sica (210h) e;<\/li><li>Forma\u00e7\u00e3o complementar com 240 horas, perfazendo um total de 450h desenvolvidas em 18 meses.<\/li><\/ul>\n\n\n\n<p>Est\u00e3o computadas nas 450 horas, 90 horas de monografia e 75 horas de momentos presenciais obrigat\u00f3rios (20% da carga hor\u00e1ria b\u00e1sica) onde ser\u00e3o desenvolvidas atividades te\u00f3rico\/pr\u00e1ticas (individuais ou em grupo). As atividades complementares desenvolvidas pelos alunos como, por exemplo, leituras pr\u00e9vias de textos indicados para an\u00e1lise, discuss\u00e3o e levantamento de dados da realidade, n\u00e3o ser\u00e3o computadas na carga hor\u00e1ria total do curso.<br><br>As 360 horas de disciplinas ser\u00e3o reservadas, exclusivamente, para as atividades atrav\u00e9s do Ambiente Virtual de Ensino\/Aprendizagem e seus momentos presenciais, excetuando-se a disciplina de Monografia. Aos alunos que obtiverem aprova\u00e7\u00e3o ao final dos tr\u00eas semestres e na defesa de monografia ser\u00e1 concedido o t\u00edtulo de Especialista em M\u00eddias na Educa\u00e7\u00e3o. A execu\u00e7\u00e3o do curso est\u00e1 sendo desenvolvida em parceria com a\u00a0<strong>UAB\/CAPES<\/strong>\u00a0(MEC), respons\u00e1vel pela produ\u00e7\u00e3o de conte\u00fados e financiamento do curso, e com as Secretarias de Educa\u00e7\u00e3o Estaduais e Municipais. O curso \u00e9 voltado exclusivamente aos\u00a0<strong>professores da rede p\u00fablica de ensino<\/strong>\u00a0(estadual e municipal).<\/p>\n\n\n\n<hr class=\"wp-block-separator\"\/>\n\n\n\n<p><strong>Curso de P\u00f3s-gradua\u00e7\u00e3o Especializa\u00e7\u00e3o \u00e0 Dist\u00e2ncia em M\u00eddias na Educa\u00e7\u00e3o<\/strong><\/p>\n\n\n\n<p><strong>Tipo:<\/strong>&nbsp;Lato sensu (Especializa\u00e7\u00e3o)<\/p>\n\n\n\n<p><strong>Dura\u00e7\u00e3o:<\/strong>&nbsp;3 semestres letivos &#8211; 18 meses<\/p>\n\n\n\n<p><strong>Ingresso:<\/strong><a href=\"https:\/\/www.ufsm.br\/cursos\/pos-graduacao\/educacao-a-distancia\/espmidiaseducacao\/processo-seletivo\/\"> sele\u00e7\u00e3o p\u00fablica<\/a><\/p>\n\n\n\n<p><strong>Ambiente Virtual Utilizado:<\/strong><a href=\"https:\/\/www.ufsm.br\/orgaos-suplementares\/nte\/\" target=\"_blank\" rel=\"noreferrer noopener\"> Moodle<\/a><\/p>\n\n\n\n<p>O Moodle \u00e9 um software livre, de apoio \u00e0 aprendizagem, executado num ambiente virtual. Voltado para programadores e acad\u00eamicos da educa\u00e7\u00e3o, constitui-se em um sistema de administra\u00e7\u00e3o de atividades educacionais destinado \u00e0 cria\u00e7\u00e3o de comunidades on-line, em ambientes virtuais voltados para a aprendizagem colaborativa. Permite, de maneira simplificada, a um estudante ou a um professor integrar-se, estudando ou lecionando, num curso on-line \u00e0 sua escolha. Nas palavras do seu criador, Martin Dougiamas: &#8220;n\u00e3o s\u00f3 trata a aprendizagem como uma atividade social, mas focaliza a aten\u00e7\u00e3o na aprendizagem que acontece enquanto constru\u00edmos ativamente artefatos (como textos, por exemplo), para que outros os vejam ou utilizem&#8221;.<\/p>\n\n\n\n<p><\/p>\n","protected":false},"excerpt":{"rendered":"<p>O&nbsp;Programa M\u00eddias na Educa\u00e7\u00e3o&nbsp;\u00e9 um programa de forma\u00e7\u00e3o continuada de educadores para o uso pedag\u00f3gico das m\u00eddias (TV e v\u00eddeo, inform\u00e1tica, r\u00e1dio e impressos) integrado \u00e0 proposta pedag\u00f3gica. \u00c9 promovido pelo MEC em conjunto com diversas universidades e a UFSM \u00e9 uma delas. O objetivo do programa \u00e9 contribuir para a forma\u00e7\u00e3o de um professor [&hellip;]<\/p>\n","protected":false},"author":8,"featured_media":0,"parent":0,"menu_order":0,"comment_status":"closed","ping_status":"closed","template":"","meta":{"footnotes":""},"categories":[],"tags":[],"class_list":["post-184","page","type-page","status-publish","hentry"],"acf":[],"_links":{"self":[{"href":"https:\/\/www.ufsm.br\/cursos\/pos-graduacao\/educacao-a-distancia\/espmidiaseducacao\/wp-json\/wp\/v2\/pages\/184","targetHints":{"allow":["GET"]}}],"collection":[{"href":"https:\/\/www.ufsm.br\/cursos\/pos-graduacao\/educacao-a-distancia\/espmidiaseducacao\/wp-json\/wp\/v2\/pages"}],"about":[{"href":"https:\/\/www.ufsm.br\/cursos\/pos-graduacao\/educacao-a-distancia\/espmidiaseducacao\/wp-json\/wp\/v2\/types\/page"}],"author":[{"embeddable":true,"href":"https:\/\/www.ufsm.br\/cursos\/pos-graduacao\/educacao-a-distancia\/espmidiaseducacao\/wp-json\/wp\/v2\/users\/8"}],"replies":[{"embeddable":true,"href":"https:\/\/www.ufsm.br\/cursos\/pos-graduacao\/educacao-a-distancia\/espmidiaseducacao\/wp-json\/wp\/v2\/comments?post=184"}],"version-history":[{"count":0,"href":"https:\/\/www.ufsm.br\/cursos\/pos-graduacao\/educacao-a-distancia\/espmidiaseducacao\/wp-json\/wp\/v2\/pages\/184\/revisions"}],"wp:attachment":[{"href":"https:\/\/www.ufsm.br\/cursos\/pos-graduacao\/educacao-a-distancia\/espmidiaseducacao\/wp-json\/wp\/v2\/media?parent=184"}],"wp:term":[{"taxonomy":"category","embeddable":true,"href":"https:\/\/www.ufsm.br\/cursos\/pos-graduacao\/educacao-a-distancia\/espmidiaseducacao\/wp-json\/wp\/v2\/categories?post=184"},{"taxonomy":"post_tag","embeddable":true,"href":"https:\/\/www.ufsm.br\/cursos\/pos-graduacao\/educacao-a-distancia\/espmidiaseducacao\/wp-json\/wp\/v2\/tags?post=184"}],"curies":[{"name":"wp","href":"https:\/\/api.w.org\/{rel}","templated":true}]}}