{"id":158,"date":"2019-02-04T12:23:20","date_gmt":"2019-02-04T14:23:20","guid":{"rendered":"https:\/\/www.ufsm.br\/cursos\/pos-graduacao\/frederico-westphalen\/ppgaaa\/?page_id=158"},"modified":"2019-02-04T12:23:23","modified_gmt":"2019-02-04T14:23:23","slug":"contextualizacao-do-programa","status":"publish","type":"page","link":"https:\/\/www.ufsm.br\/cursos\/pos-graduacao\/frederico-westphalen\/ppgaaa\/contextualizacao-do-programa","title":{"rendered":"Contextualiza\u00e7\u00e3o do programa"},"content":{"rendered":"\n<p>A macro regi\u00e3o onde est\u00e1 situado o Centro de Educa\u00e7\u00e3o Superior Norte do Rio Grande do Sul (CESNORS) vinculado \u00e0 Universidade Federal de Santa Maria, abrange cerca de 400 munic\u00edpios nos tr\u00eas estados da regi\u00e3o Sul do Brasil. Com uma \u00e1rea de 130 mil Km\u00b2, essa regi\u00e3o, excluindo o Paran\u00e1, possui uma popula\u00e7\u00e3o ao redor de tr\u00eas milh\u00f5es e quinhentos mil habitantes. Considerando a micro regi\u00e3o do M\u00e9dio Alto Uruguai, sob o ponto de vista geogr\u00e1fico, econ\u00f4mico e cultural, \u00e9 onde vive uma parcela significativa da popula\u00e7\u00e3o envolvida com a produ\u00e7\u00e3o agr\u00edcola fundamentando a import\u00e2ncia deste Programa. Essa regi\u00e3o compreende aproximadamente 30 munic\u00edpios localizados ao Norte do estado do Rio Grande do Sul, onde se insere uma popula\u00e7\u00e3o de 183.884 habitantes, sendo assim distribu\u00edda: 43,85% residentes no meio urbano e 65,15% no meio rural. Com uma m\u00e9dia de 18,7 hectares na grande maioria dos m\u00f3dulos rurais, possuindo 26.072 estabelecimentos rurais e uma renda per capita de R$ 4.986,00.<\/p>\n<p>Dentro do projeto atual do Governo Federal, a cria\u00e7\u00e3o de Centros Educacionais e a Expans\u00e3o das Universidades t\u00eam, como prop\u00f3sito, a interioriza\u00e7\u00e3o no Brasil da Educa\u00e7\u00e3o N\u00edvel Superior. Esta ideia concorda com o pr\u00f3prio prop\u00f3sito da UFSM na cria\u00e7\u00e3o do CESNORS, haja visto, que a mesma foi a primeira Universidade no Brasil a ser criada fora do eixo das Capitais. De acordo com o primeiro par\u00e1grafo, a UFSM vem atuando na Regi\u00e3o Norte &#8211; Noroeste do Estado do Rio Grande do Sul e tamb\u00e9m na Regi\u00e3o Oeste do Estado de Santa Catarina atrav\u00e9s dos cursos de Agronomia, Engenharia Florestal, Jornalismo, Enfermagem, Administra\u00e7\u00e3o e Zootecnia implantados no ano de 2006 na regi\u00e3o com a cria\u00e7\u00e3o do CESNORS. Pode-se observar que a regi\u00e3o tem um car\u00e1ter agr\u00edcola importante e com uma caracter\u00edstica peculiar sustentada na grande maioria pela pequena propriedade rural.<\/p>\n<p>Neste contexto, a regi\u00e3o de abrang\u00eancia do CESNORS\/UFSM, vem ganhando espa\u00e7o e destaque, pela possibilidade de muitos filhos de produtores concretizarem seus estudos no ensino superior e, uma vez inseridos em atividades no meio rural, contribuem para o desenvolvimento regional.<\/p>\n<p>No que tange a P\u00f3s-gradua\u00e7\u00e3o, h\u00e1 um campo vasto a ser explorado na regi\u00e3o de atua\u00e7\u00e3o do CESNORS, j\u00e1 que o Estado n\u00e3o atua como incentivador na busca de ci\u00eancia e tecnologia com foco em atender \u00e0s demandas regionais. Neste sentido, o Mestrado em Agronomia -Agricultura e Ambiente tem como objetivo gerar ci\u00eancia e tecnologias que atendam \u00e0 demanda regional, focando estudos nestes ambientes de produ\u00e7\u00e3o &#8211; pequenas propriedades rurais &#8211; a fim de criar condi\u00e7\u00f5es e dar alternativa para o incremento da renda familiar na pequena propriedade, e, consequentemente a perman\u00eancia do pequeno produtor na atividade.<\/p>\n<p>O Mestrado em Agronomia &#8211; Agricultura e Ambiente para o CESNORS se baseia na utiliza\u00e7\u00e3o da estrutura j\u00e1 existente, constru\u00edda atrav\u00e9s do projeto FINEP, processo no 01.07.0613-00. Quanto ao corpo docente do Programa, todos possuem titula\u00e7\u00e3o de Doutor e apresentam potencial para o desenvolvimento de ci\u00eancia e tecnologia nas suas respectivas \u00e1reas do conhecimento.<\/p>\n<p>Com uma base j\u00e1 consolidada, na UFSM existe desde 1971, um Programa de P\u00f3s-gradua\u00e7\u00e3o em Agronomia e um Programa de P\u00f3s-gradua\u00e7\u00e3o em Ci\u00eancia do Solo desde 2003, os quais contribu\u00edram para a forma\u00e7\u00e3o de in\u00fameros profissionais dentro das Ci\u00eancias Agr\u00e1rias, inclusive um percentual consider\u00e1vel de profissionais que hoje atuam neste Programa.<\/p>\n","protected":false},"excerpt":{"rendered":"<p>A macro regi\u00e3o onde est\u00e1 situado o Centro de Educa\u00e7\u00e3o Superior Norte do Rio Grande do Sul (CESNORS) vinculado \u00e0 Universidade Federal de Santa Maria, abrange cerca de 400 munic\u00edpios nos tr\u00eas estados da regi\u00e3o Sul do Brasil. Com uma \u00e1rea de 130 mil Km\u00b2, essa regi\u00e3o, excluindo o Paran\u00e1, possui uma popula\u00e7\u00e3o ao redor [&hellip;]<\/p>\n","protected":false},"author":117,"featured_media":0,"parent":0,"menu_order":0,"comment_status":"closed","ping_status":"closed","template":"","meta":{"footnotes":""},"categories":[],"tags":[],"class_list":["post-158","page","type-page","status-publish","hentry"],"acf":[],"_links":{"self":[{"href":"https:\/\/www.ufsm.br\/cursos\/pos-graduacao\/frederico-westphalen\/ppgaaa\/wp-json\/wp\/v2\/pages\/158","targetHints":{"allow":["GET"]}}],"collection":[{"href":"https:\/\/www.ufsm.br\/cursos\/pos-graduacao\/frederico-westphalen\/ppgaaa\/wp-json\/wp\/v2\/pages"}],"about":[{"href":"https:\/\/www.ufsm.br\/cursos\/pos-graduacao\/frederico-westphalen\/ppgaaa\/wp-json\/wp\/v2\/types\/page"}],"author":[{"embeddable":true,"href":"https:\/\/www.ufsm.br\/cursos\/pos-graduacao\/frederico-westphalen\/ppgaaa\/wp-json\/wp\/v2\/users\/117"}],"replies":[{"embeddable":true,"href":"https:\/\/www.ufsm.br\/cursos\/pos-graduacao\/frederico-westphalen\/ppgaaa\/wp-json\/wp\/v2\/comments?post=158"}],"version-history":[{"count":0,"href":"https:\/\/www.ufsm.br\/cursos\/pos-graduacao\/frederico-westphalen\/ppgaaa\/wp-json\/wp\/v2\/pages\/158\/revisions"}],"wp:attachment":[{"href":"https:\/\/www.ufsm.br\/cursos\/pos-graduacao\/frederico-westphalen\/ppgaaa\/wp-json\/wp\/v2\/media?parent=158"}],"wp:term":[{"taxonomy":"category","embeddable":true,"href":"https:\/\/www.ufsm.br\/cursos\/pos-graduacao\/frederico-westphalen\/ppgaaa\/wp-json\/wp\/v2\/categories?post=158"},{"taxonomy":"post_tag","embeddable":true,"href":"https:\/\/www.ufsm.br\/cursos\/pos-graduacao\/frederico-westphalen\/ppgaaa\/wp-json\/wp\/v2\/tags?post=158"}],"curies":[{"name":"wp","href":"https:\/\/api.w.org\/{rel}","templated":true}]}}