{"id":159,"date":"2019-02-04T12:25:36","date_gmt":"2019-02-04T14:25:36","guid":{"rendered":"https:\/\/www.ufsm.br\/cursos\/pos-graduacao\/frederico-westphalen\/ppgaaa\/?page_id=159"},"modified":"2019-02-04T12:25:38","modified_gmt":"2019-02-04T14:25:38","slug":"area-de-concentracao","status":"publish","type":"page","link":"https:\/\/www.ufsm.br\/cursos\/pos-graduacao\/frederico-westphalen\/ppgaaa\/area-de-concentracao","title":{"rendered":"\u00c1rea de concentra\u00e7\u00e3o"},"content":{"rendered":"\n<div class=\"item-page\">\n<div>\n<p><strong>Agricultura e Ambiente<\/strong><\/p>\n<p>A agricultura e a sua rela\u00e7\u00e3o com o ambiente de produ\u00e7\u00e3o agr\u00edcola \u00e9 tema de diversas quest\u00f5es, sobretudo por estar intimamente ligado a quest\u00f5es ambientais, ou seja, h\u00e1 uma necessidade de maximizar a produ\u00e7\u00e3o agr\u00edcola e que, esta agrida o menos poss\u00edvel o ambiente em quest\u00e3o. Dessa maneira \u00e9 assunto a ser explorado por algumas gera\u00e7\u00f5es a fim de buscar o desenvolvimento sustent\u00e1vel t\u00e3o discutido no meio acad\u00eamico. O ambiente de produ\u00e7\u00e3o congrega v\u00e1rios sistemas de produ\u00e7\u00e3o que est\u00e3o em constante evolu\u00e7\u00e3o caracterizado por uma din\u00e2mica desse, seja no que se refere \u00e0s constantes mudan\u00e7as que ocorrem neste e \u00e0s intera\u00e7\u00f5es ou n\u00e3o, que ocorrem, seja no que tange ao conhecimento e a gera\u00e7\u00e3o deste, bem como, de t\u00e9cnicas e tecnologias que possam atender \u00e0 demanda atual, que \u00e9 a produ\u00e7\u00e3o em escala e, que esta seja a mais harm\u00f4nica poss\u00edvel. Logo, o exemplo cl\u00e1ssico de Estudo do Sistema Solo &#8211; Planta &#8211; Atmosfera se torna cada vez mais atual, visto a complexidade que a ci\u00eancia conquistou e pelo conhecimento gerado. No entanto, as intera\u00e7\u00f5es continuam a acontecer e por este motivo existe a necessidade de continuar a estudar tais intera\u00e7\u00f5es buscando-se modelar estas rela\u00e7\u00f5es a fim de buscar entender melhor a din\u00e2mica dos sistemas de produ\u00e7\u00e3o. Baseado nisto, o grupo vem buscando desenvolver projetos de pesquisa que buscam atender este campo do conhecimento. Pode-se citar o estudo de sistemas agroflorestais alternativos para a regi\u00e3o de estudo, incorporando, nos estudos agron\u00f4micos, o componente florestal que tem ganhado destaque nos \u00faltimos tempos e que \u00e9 objeto de estudo. Destaca-se o estudo de introdu\u00e7\u00e3o de esp\u00e9cies forrageiras potencias para a regi\u00e3o, como alternativa \u00e0s pastagens existentes, sobretudo como alternativa de inverno e, ainda, o estudo do uso de esterco su\u00edno como fonte de nutrientes no solo, a fim de utiliza\u00e7\u00e3o pelas plantas e consequente diminui\u00e7\u00e3o de insumos externos \u00e0 propriedade.<\/p>\n<\/div>\n<\/div>\n","protected":false},"excerpt":{"rendered":"<p>Agricultura e Ambiente A agricultura e a sua rela\u00e7\u00e3o com o ambiente de produ\u00e7\u00e3o agr\u00edcola \u00e9 tema de diversas quest\u00f5es, sobretudo por estar intimamente ligado a quest\u00f5es ambientais, ou seja, h\u00e1 uma necessidade de maximizar a produ\u00e7\u00e3o agr\u00edcola e que, esta agrida o menos poss\u00edvel o ambiente em quest\u00e3o. Dessa maneira \u00e9 assunto a ser [&hellip;]<\/p>\n","protected":false},"author":117,"featured_media":0,"parent":0,"menu_order":0,"comment_status":"closed","ping_status":"closed","template":"","meta":{"footnotes":""},"categories":[],"tags":[],"class_list":["post-159","page","type-page","status-publish","hentry"],"acf":[],"_links":{"self":[{"href":"https:\/\/www.ufsm.br\/cursos\/pos-graduacao\/frederico-westphalen\/ppgaaa\/wp-json\/wp\/v2\/pages\/159","targetHints":{"allow":["GET"]}}],"collection":[{"href":"https:\/\/www.ufsm.br\/cursos\/pos-graduacao\/frederico-westphalen\/ppgaaa\/wp-json\/wp\/v2\/pages"}],"about":[{"href":"https:\/\/www.ufsm.br\/cursos\/pos-graduacao\/frederico-westphalen\/ppgaaa\/wp-json\/wp\/v2\/types\/page"}],"author":[{"embeddable":true,"href":"https:\/\/www.ufsm.br\/cursos\/pos-graduacao\/frederico-westphalen\/ppgaaa\/wp-json\/wp\/v2\/users\/117"}],"replies":[{"embeddable":true,"href":"https:\/\/www.ufsm.br\/cursos\/pos-graduacao\/frederico-westphalen\/ppgaaa\/wp-json\/wp\/v2\/comments?post=159"}],"version-history":[{"count":0,"href":"https:\/\/www.ufsm.br\/cursos\/pos-graduacao\/frederico-westphalen\/ppgaaa\/wp-json\/wp\/v2\/pages\/159\/revisions"}],"wp:attachment":[{"href":"https:\/\/www.ufsm.br\/cursos\/pos-graduacao\/frederico-westphalen\/ppgaaa\/wp-json\/wp\/v2\/media?parent=159"}],"wp:term":[{"taxonomy":"category","embeddable":true,"href":"https:\/\/www.ufsm.br\/cursos\/pos-graduacao\/frederico-westphalen\/ppgaaa\/wp-json\/wp\/v2\/categories?post=159"},{"taxonomy":"post_tag","embeddable":true,"href":"https:\/\/www.ufsm.br\/cursos\/pos-graduacao\/frederico-westphalen\/ppgaaa\/wp-json\/wp\/v2\/tags?post=159"}],"curies":[{"name":"wp","href":"https:\/\/api.w.org\/{rel}","templated":true}]}}