{"id":160,"date":"2019-02-04T12:26:04","date_gmt":"2019-02-04T14:26:04","guid":{"rendered":"https:\/\/www.ufsm.br\/cursos\/pos-graduacao\/frederico-westphalen\/ppgaaa\/?page_id=160"},"modified":"2019-02-04T12:26:06","modified_gmt":"2019-02-04T14:26:06","slug":"linhas-de-pesquisas","status":"publish","type":"page","link":"https:\/\/www.ufsm.br\/cursos\/pos-graduacao\/frederico-westphalen\/ppgaaa\/linhas-de-pesquisas","title":{"rendered":"Linhas de pesquisas"},"content":{"rendered":"\n<p><strong>Tecnologia, melhoramento e a rela\u00e7\u00e3o com o ambiente em sistemas de produ\u00e7\u00e3o.<\/strong><\/p>\n<p>Tecnologia, melhoramento e a rela\u00e7\u00e3o com o ambiente em sistemas de produ\u00e7\u00e3o. energia entre sistemas vegetados e a atmosfera, da ci\u00eancia e tecnologia da produ\u00e7\u00e3o de plantas aliment\u00edcias, estimulantes, fibrosas e oleaginosas e sistemas agroflorestais e da gen\u00e9tica e do melhoramento de plantas, visando \u00e0 otimiza\u00e7\u00e3o da produtividade agr\u00edcola regional e a preserva\u00e7\u00e3o ambiental.<\/p>\n<p><strong>Recursos agr\u00edcolas nos sistemas de produ\u00e7\u00e3o.<\/strong><\/p>\n<p>As pesquisas visam a compreender as rela\u00e7\u00f5es entre a qualidade do solo com o potencial produtivo das culturas englobando avalia\u00e7\u00e3o de diferentes agroecossistemas; usos do solo e pr\u00e1ticas culturais; reciclagem de nutrientes; recupera\u00e7\u00e3o de solo degradado e reaproveitamento de dejetos; problemas nutricionais e o uso racional de fertilizantes e corretivos; aplica\u00e7\u00e3o de t\u00e9cnicas e recursos tecnol\u00f3gicos visando ao gerenciamento, racionaliza\u00e7\u00e3o, maximiza\u00e7\u00e3o e preserva\u00e7\u00e3o ambiental, avalia\u00e7\u00e3o de atributos f\u00edsico-h\u00eddricos e biol\u00f3gicos no sistema solo-planta; manejo de bacia hidrogr\u00e1fica e rela\u00e7\u00e3o solo-paisagem.<\/p>\n","protected":false},"excerpt":{"rendered":"<p>Tecnologia, melhoramento e a rela\u00e7\u00e3o com o ambiente em sistemas de produ\u00e7\u00e3o. Tecnologia, melhoramento e a rela\u00e7\u00e3o com o ambiente em sistemas de produ\u00e7\u00e3o. energia entre sistemas vegetados e a atmosfera, da ci\u00eancia e tecnologia da produ\u00e7\u00e3o de plantas aliment\u00edcias, estimulantes, fibrosas e oleaginosas e sistemas agroflorestais e da gen\u00e9tica e do melhoramento de plantas, [&hellip;]<\/p>\n","protected":false},"author":117,"featured_media":0,"parent":0,"menu_order":0,"comment_status":"closed","ping_status":"closed","template":"","meta":{"footnotes":""},"categories":[],"tags":[],"class_list":["post-160","page","type-page","status-publish","hentry"],"acf":[],"_links":{"self":[{"href":"https:\/\/www.ufsm.br\/cursos\/pos-graduacao\/frederico-westphalen\/ppgaaa\/wp-json\/wp\/v2\/pages\/160","targetHints":{"allow":["GET"]}}],"collection":[{"href":"https:\/\/www.ufsm.br\/cursos\/pos-graduacao\/frederico-westphalen\/ppgaaa\/wp-json\/wp\/v2\/pages"}],"about":[{"href":"https:\/\/www.ufsm.br\/cursos\/pos-graduacao\/frederico-westphalen\/ppgaaa\/wp-json\/wp\/v2\/types\/page"}],"author":[{"embeddable":true,"href":"https:\/\/www.ufsm.br\/cursos\/pos-graduacao\/frederico-westphalen\/ppgaaa\/wp-json\/wp\/v2\/users\/117"}],"replies":[{"embeddable":true,"href":"https:\/\/www.ufsm.br\/cursos\/pos-graduacao\/frederico-westphalen\/ppgaaa\/wp-json\/wp\/v2\/comments?post=160"}],"version-history":[{"count":0,"href":"https:\/\/www.ufsm.br\/cursos\/pos-graduacao\/frederico-westphalen\/ppgaaa\/wp-json\/wp\/v2\/pages\/160\/revisions"}],"wp:attachment":[{"href":"https:\/\/www.ufsm.br\/cursos\/pos-graduacao\/frederico-westphalen\/ppgaaa\/wp-json\/wp\/v2\/media?parent=160"}],"wp:term":[{"taxonomy":"category","embeddable":true,"href":"https:\/\/www.ufsm.br\/cursos\/pos-graduacao\/frederico-westphalen\/ppgaaa\/wp-json\/wp\/v2\/categories?post=160"},{"taxonomy":"post_tag","embeddable":true,"href":"https:\/\/www.ufsm.br\/cursos\/pos-graduacao\/frederico-westphalen\/ppgaaa\/wp-json\/wp\/v2\/tags?post=160"}],"curies":[{"name":"wp","href":"https:\/\/api.w.org\/{rel}","templated":true}]}}