{"id":29,"date":"2018-01-18T09:10:07","date_gmt":"2018-01-18T11:10:07","guid":{"rendered":"https:\/\/www.ufsm.br\/cursos\/graduacao\/nutricao\/12352\/?page_id=29"},"modified":"2025-01-23T07:49:52","modified_gmt":"2025-01-23T10:49:52","slug":"contato","status":"publish","type":"page","link":"https:\/\/www.ufsm.br\/cursos\/pos-graduacao\/frederico-westphalen\/ppgctamb\/contato","title":{"rendered":"Contato"},"content":{"rendered":"\t\t<div data-elementor-type=\"wp-post\" data-elementor-id=\"29\" class=\"elementor elementor-29\">\n\t\t\t\t\t\t<section class=\"elementor-section elementor-top-section elementor-element elementor-element-1c418391 elementor-section-boxed elementor-section-height-default elementor-section-height-default\" data-id=\"1c418391\" data-element_type=\"section\">\n\t\t\t\t\t\t<div class=\"elementor-container elementor-column-gap-default\">\n\t\t\t\t\t<div class=\"elementor-column elementor-col-100 elementor-top-column elementor-element elementor-element-25d2faa\" data-id=\"25d2faa\" data-element_type=\"column\">\n\t\t\t<div class=\"elementor-widget-wrap elementor-element-populated\">\n\t\t\t\t\t\t<div class=\"elementor-element elementor-element-2aeede59 elementor-widget elementor-widget-text-editor\" data-id=\"2aeede59\" data-element_type=\"widget\" data-widget_type=\"text-editor.default\">\n\t\t\t\t<div class=\"elementor-widget-container\">\n\t\t\t\t\t\t\t<figure>\n<table>\n<tbody>\n<tr>\n<td><strong>Coordena\u00e7\u00e3o<\/strong><\/td>\n<\/tr>\n<tr>\n<td><strong>Coordenador:<\/strong>&nbsp;Prof. Dr. Willian Fernando de Borba<br><strong>Coordenador Substituto: <\/strong>Prof. Dr.<strong>&nbsp;<\/strong>Pedro Daniel da Cunha Kemerich<br><strong>E-mail:<\/strong> ppgcta.fw@ufsm.br<br><strong>Telefone:<\/strong> (55) 3744-0760<\/td>\n<\/tr>\n<\/tbody>\n<\/table>\n<\/figure>\n<p><!-- \/wp:table --><!-- wp:table {\"className\":\"is-style-stripes\"} --><\/p>\n<figure>\n<table>\n<tbody>\n<tr>\n<td><b>Secretaria Integrada de Cursos de P\u00f3s-gradua\u00e7\u00e3o (SIPG) &#8211; UFSM\/FW<\/b><\/td>\n<\/tr>\n<tr>\n<td>Fernanda Buriol<br>Tales Teston<br><strong>E-mail:<\/strong> sipgfw@ufsm.br<br><strong>Telefone:<\/strong> (55) 3744-0609<\/td>\n<\/tr>\n<\/tbody>\n<\/table>\n<\/figure>\n<p><!-- \/wp:table --><\/p>\n<p><!-- wp:paragraph --><\/p>\n<p><!-- \/wp:paragraph --><\/p>\t\t\t\t\t\t<\/div>\n\t\t\t\t<\/div>\n\t\t\t\t\t<\/div>\n\t\t<\/div>\n\t\t\t\t\t<\/div>\n\t\t<\/section>\n\t\t\t\t<\/div>\n\t\t","protected":false},"excerpt":{"rendered":"<p>Coordena\u00e7\u00e3o Coordenador:&nbsp;Prof. Dr. Willian Fernando de BorbaCoordenador Substituto: Prof. Dr.&nbsp;Pedro Daniel da Cunha KemerichE-mail: ppgcta.fw@ufsm.brTelefone: (55) 3744-0760 Secretaria Integrada de Cursos de P\u00f3s-gradua\u00e7\u00e3o (SIPG) &#8211; UFSM\/FW Fernanda BuriolTales TestonE-mail: sipgfw@ufsm.brTelefone: (55) 3744-0609<\/p>\n","protected":false},"author":8,"featured_media":0,"parent":0,"menu_order":0,"comment_status":"closed","ping_status":"closed","template":"","meta":{"footnotes":""},"categories":[],"tags":[],"class_list":["post-29","page","type-page","status-publish","hentry"],"acf":[],"_links":{"self":[{"href":"https:\/\/www.ufsm.br\/cursos\/pos-graduacao\/frederico-westphalen\/ppgctamb\/wp-json\/wp\/v2\/pages\/29","targetHints":{"allow":["GET"]}}],"collection":[{"href":"https:\/\/www.ufsm.br\/cursos\/pos-graduacao\/frederico-westphalen\/ppgctamb\/wp-json\/wp\/v2\/pages"}],"about":[{"href":"https:\/\/www.ufsm.br\/cursos\/pos-graduacao\/frederico-westphalen\/ppgctamb\/wp-json\/wp\/v2\/types\/page"}],"author":[{"embeddable":true,"href":"https:\/\/www.ufsm.br\/cursos\/pos-graduacao\/frederico-westphalen\/ppgctamb\/wp-json\/wp\/v2\/users\/8"}],"replies":[{"embeddable":true,"href":"https:\/\/www.ufsm.br\/cursos\/pos-graduacao\/frederico-westphalen\/ppgctamb\/wp-json\/wp\/v2\/comments?post=29"}],"version-history":[{"count":0,"href":"https:\/\/www.ufsm.br\/cursos\/pos-graduacao\/frederico-westphalen\/ppgctamb\/wp-json\/wp\/v2\/pages\/29\/revisions"}],"wp:attachment":[{"href":"https:\/\/www.ufsm.br\/cursos\/pos-graduacao\/frederico-westphalen\/ppgctamb\/wp-json\/wp\/v2\/media?parent=29"}],"wp:term":[{"taxonomy":"category","embeddable":true,"href":"https:\/\/www.ufsm.br\/cursos\/pos-graduacao\/frederico-westphalen\/ppgctamb\/wp-json\/wp\/v2\/categories?post=29"},{"taxonomy":"post_tag","embeddable":true,"href":"https:\/\/www.ufsm.br\/cursos\/pos-graduacao\/frederico-westphalen\/ppgctamb\/wp-json\/wp\/v2\/tags?post=29"}],"curies":[{"name":"wp","href":"https:\/\/api.w.org\/{rel}","templated":true}]}}