{"id":319,"date":"2021-01-27T14:09:54","date_gmt":"2021-01-27T17:09:54","guid":{"rendered":"https:\/\/www.ufsm.br\/cursos\/pos-graduacao\/frederico-westphalen\/ppgctamb\/?page_id=319"},"modified":"2021-01-27T14:09:55","modified_gmt":"2021-01-27T17:09:55","slug":"grupo-de-pesquisa-em-residuos-solidos-gestao-e-educacao-ambiental-ufsm-fw","status":"publish","type":"page","link":"https:\/\/www.ufsm.br\/cursos\/pos-graduacao\/frederico-westphalen\/ppgctamb\/grupo-de-pesquisa-em-residuos-solidos-gestao-e-educacao-ambiental-ufsm-fw","title":{"rendered":"Grupo de Pesquisa em Res\u00edduos S\u00f3lidos, Gest\u00e3o e Educa\u00e7\u00e3o Ambiental UFSM\/FW"},"content":{"rendered":"\n<p>Em virtude da grande quantidade de res\u00edduos s\u00f3lidos gerados diariamente pela popula\u00e7\u00e3o e a necessidade de transformar esses res\u00edduos em produtos, busca-se m\u00e9todos eficientes para destina\u00e7\u00e3o final ambientalmente adequada e gest\u00e3o dos res\u00edduos s\u00f3lidos de atividades agr\u00edcolas, agroindustriais e urbanos, visando o desenvolvimento de tecnologias no tratamento, reaproveitamento e reuso dos res\u00edduos.<\/p>\n","protected":false},"excerpt":{"rendered":"<p>Em virtude da grande quantidade de res\u00edduos s\u00f3lidos gerados diariamente pela popula\u00e7\u00e3o e a necessidade de transformar esses res\u00edduos em produtos, busca-se m\u00e9todos eficientes para destina\u00e7\u00e3o final ambientalmente adequada e gest\u00e3o dos res\u00edduos s\u00f3lidos de atividades agr\u00edcolas, agroindustriais e urbanos, visando o desenvolvimento de tecnologias no tratamento, reaproveitamento e reuso dos res\u00edduos.<\/p>\n","protected":false},"author":299,"featured_media":0,"parent":0,"menu_order":0,"comment_status":"closed","ping_status":"closed","template":"","meta":{"footnotes":""},"categories":[],"tags":[],"class_list":["post-319","page","type-page","status-publish","hentry"],"acf":[],"_links":{"self":[{"href":"https:\/\/www.ufsm.br\/cursos\/pos-graduacao\/frederico-westphalen\/ppgctamb\/wp-json\/wp\/v2\/pages\/319","targetHints":{"allow":["GET"]}}],"collection":[{"href":"https:\/\/www.ufsm.br\/cursos\/pos-graduacao\/frederico-westphalen\/ppgctamb\/wp-json\/wp\/v2\/pages"}],"about":[{"href":"https:\/\/www.ufsm.br\/cursos\/pos-graduacao\/frederico-westphalen\/ppgctamb\/wp-json\/wp\/v2\/types\/page"}],"author":[{"embeddable":true,"href":"https:\/\/www.ufsm.br\/cursos\/pos-graduacao\/frederico-westphalen\/ppgctamb\/wp-json\/wp\/v2\/users\/299"}],"replies":[{"embeddable":true,"href":"https:\/\/www.ufsm.br\/cursos\/pos-graduacao\/frederico-westphalen\/ppgctamb\/wp-json\/wp\/v2\/comments?post=319"}],"version-history":[{"count":0,"href":"https:\/\/www.ufsm.br\/cursos\/pos-graduacao\/frederico-westphalen\/ppgctamb\/wp-json\/wp\/v2\/pages\/319\/revisions"}],"wp:attachment":[{"href":"https:\/\/www.ufsm.br\/cursos\/pos-graduacao\/frederico-westphalen\/ppgctamb\/wp-json\/wp\/v2\/media?parent=319"}],"wp:term":[{"taxonomy":"category","embeddable":true,"href":"https:\/\/www.ufsm.br\/cursos\/pos-graduacao\/frederico-westphalen\/ppgctamb\/wp-json\/wp\/v2\/categories?post=319"},{"taxonomy":"post_tag","embeddable":true,"href":"https:\/\/www.ufsm.br\/cursos\/pos-graduacao\/frederico-westphalen\/ppgctamb\/wp-json\/wp\/v2\/tags?post=319"}],"curies":[{"name":"wp","href":"https:\/\/api.w.org\/{rel}","templated":true}]}}