{"id":774,"date":"2024-09-12T11:40:18","date_gmt":"2024-09-12T14:40:18","guid":{"rendered":"https:\/\/www.ufsm.br\/cursos\/pos-graduacao\/frederico-westphalen\/ppgctamb\/?page_id=774"},"modified":"2025-09-05T11:03:50","modified_gmt":"2025-09-05T14:03:50","slug":"check-list-documentos-para-a-inscricao-no-processo-seletivo-ppgcta-fw","status":"publish","type":"page","link":"https:\/\/www.ufsm.br\/cursos\/pos-graduacao\/frederico-westphalen\/ppgctamb\/check-list-documentos-para-a-inscricao-no-processo-seletivo-ppgcta-fw","title":{"rendered":"Check list &#8211; Documentos para a inscri\u00e7\u00e3o no processo seletivo PPGCTA-FW"},"content":{"rendered":"\t\t<div data-elementor-type=\"wp-page\" data-elementor-id=\"774\" class=\"elementor elementor-774\">\n\t\t\t\t\t\t<section class=\"elementor-section elementor-top-section elementor-element elementor-element-2e512e5 elementor-section-boxed elementor-section-height-default elementor-section-height-default\" data-id=\"2e512e5\" data-element_type=\"section\">\n\t\t\t\t\t\t<div class=\"elementor-container elementor-column-gap-default\">\n\t\t\t\t\t<div class=\"elementor-column elementor-col-100 elementor-top-column elementor-element elementor-element-4798a35\" data-id=\"4798a35\" data-element_type=\"column\">\n\t\t\t<div class=\"elementor-widget-wrap elementor-element-populated\">\n\t\t\t\t\t\t<div class=\"elementor-element elementor-element-31f6124c elementor-widget elementor-widget-text-editor\" data-id=\"31f6124c\" data-element_type=\"widget\" data-widget_type=\"text-editor.default\">\n\t\t\t\t<div class=\"elementor-widget-container\">\n\t\t\t\t\t\t\t<p>Check list de documentos a serem enviados na inscri\u00e7\u00e3o no processo seletivo do mestrado do PPGCTA:<\/p>\n<p><!-- \/wp:paragraph --><!-- wp:paragraph --><\/p>\n<ul>\n<li><span style=\"font-size: 12pt;font-family: 'Times New Roman', serif;color: #000000;background-color: transparent;vertical-align: baseline\">Documento de identifica\u00e7\u00e3o com foto (conforme item 4.3.1 do edital espec\u00edfico);<\/span><\/li>\n<li><span style=\"font-size: 12pt;font-family: 'Times New Roman', serif;color: #000000;background-color: transparent;vertical-align: baseline\"><span style=\"font-size: 12pt;font-family: 'Times New Roman', serif;color: #000000;background-color: transparent;vertical-align: baseline\">Documento de comprova\u00e7\u00e3o de titula\u00e7\u00e3o m\u00ednima exigida <span style=\"color: #000000;font-size: 16px\">(conforme item 4.3.2 do edital espec\u00edfico)<\/span>;<\/span><\/span><\/li>\n<li>Hist\u00f3rico escolar do Curso de Gradua\u00e7\u00e3o;<\/li>\n<li>Curriculum Vitae (Curr\u00edculo Lattes);<\/li>\n<li>Planilha de avalia\u00e7\u00e3o do &#8220;Curriculum vitae&#8221;, constante do ANEXO A do edital espec\u00edfico, acompanhada dos respectivos comprovantes;<\/li>\n<li>Pr\u00e9-projeto de pesquisa.<\/li>\n<\/ul>\n<p><!-- \/wp:paragraph --><!-- wp:paragraph --><\/p>\n<p><!-- \/wp:paragraph --><\/p>\t\t\t\t\t\t<\/div>\n\t\t\t\t<\/div>\n\t\t\t\t\t<\/div>\n\t\t<\/div>\n\t\t\t\t\t<\/div>\n\t\t<\/section>\n\t\t\t\t<\/div>\n\t\t","protected":false},"excerpt":{"rendered":"<p>Check list de documentos a serem enviados na inscri\u00e7\u00e3o no processo seletivo do mestrado do PPGCTA: Documento de identifica\u00e7\u00e3o com foto (conforme item 4.3.1 do edital espec\u00edfico); Documento de comprova\u00e7\u00e3o de titula\u00e7\u00e3o m\u00ednima exigida (conforme item 4.3.2 do edital espec\u00edfico); Hist\u00f3rico escolar do Curso de Gradua\u00e7\u00e3o; Curriculum Vitae (Curr\u00edculo Lattes); Planilha de avalia\u00e7\u00e3o do &#8220;Curriculum [&hellip;]<\/p>\n","protected":false},"author":299,"featured_media":0,"parent":0,"menu_order":0,"comment_status":"closed","ping_status":"closed","template":"","meta":{"footnotes":""},"categories":[],"tags":[],"class_list":["post-774","page","type-page","status-publish","hentry"],"acf":[],"_links":{"self":[{"href":"https:\/\/www.ufsm.br\/cursos\/pos-graduacao\/frederico-westphalen\/ppgctamb\/wp-json\/wp\/v2\/pages\/774","targetHints":{"allow":["GET"]}}],"collection":[{"href":"https:\/\/www.ufsm.br\/cursos\/pos-graduacao\/frederico-westphalen\/ppgctamb\/wp-json\/wp\/v2\/pages"}],"about":[{"href":"https:\/\/www.ufsm.br\/cursos\/pos-graduacao\/frederico-westphalen\/ppgctamb\/wp-json\/wp\/v2\/types\/page"}],"author":[{"embeddable":true,"href":"https:\/\/www.ufsm.br\/cursos\/pos-graduacao\/frederico-westphalen\/ppgctamb\/wp-json\/wp\/v2\/users\/299"}],"replies":[{"embeddable":true,"href":"https:\/\/www.ufsm.br\/cursos\/pos-graduacao\/frederico-westphalen\/ppgctamb\/wp-json\/wp\/v2\/comments?post=774"}],"version-history":[{"count":0,"href":"https:\/\/www.ufsm.br\/cursos\/pos-graduacao\/frederico-westphalen\/ppgctamb\/wp-json\/wp\/v2\/pages\/774\/revisions"}],"wp:attachment":[{"href":"https:\/\/www.ufsm.br\/cursos\/pos-graduacao\/frederico-westphalen\/ppgctamb\/wp-json\/wp\/v2\/media?parent=774"}],"wp:term":[{"taxonomy":"category","embeddable":true,"href":"https:\/\/www.ufsm.br\/cursos\/pos-graduacao\/frederico-westphalen\/ppgctamb\/wp-json\/wp\/v2\/categories?post=774"},{"taxonomy":"post_tag","embeddable":true,"href":"https:\/\/www.ufsm.br\/cursos\/pos-graduacao\/frederico-westphalen\/ppgctamb\/wp-json\/wp\/v2\/tags?post=774"}],"curies":[{"name":"wp","href":"https:\/\/api.w.org\/{rel}","templated":true}]}}