{"id":835,"date":"2025-03-31T14:00:11","date_gmt":"2025-03-31T17:00:11","guid":{"rendered":"https:\/\/www.ufsm.br\/cursos\/pos-graduacao\/frederico-westphalen\/ppgctamb\/?page_id=835"},"modified":"2025-03-31T14:39:02","modified_gmt":"2025-03-31T17:39:02","slug":"pesquisa-do-egresso","status":"publish","type":"page","link":"https:\/\/www.ufsm.br\/cursos\/pos-graduacao\/frederico-westphalen\/ppgctamb\/pesquisa-do-egresso","title":{"rendered":"Dados da Pesquisa do Egresso"},"content":{"rendered":"\n<p>Como parte da avalia\u00e7\u00e3o dos egresso do PPGCTA, uma vez por ano, pr\u00f3ximo \u00e0 realiza\u00e7\u00e3o dos semin\u00e1rios internos anuais do programa, solicita-se aos egressos o preenchimento de um formul\u00e1rio on-line (<a href=\"https:\/\/docs.google.com\/forms\/d\/e\/1FAIpQLSfyQa4W9UUEOAQRufUnhd4bIDyW-6Q8uA3h3LPcttECzZqq7g\/viewform\">Formul\u00e1rio<\/a>), a fim de atualizar informa\u00e7\u00f5es a respeito da \u00e1rea de atua\u00e7\u00e3o e perspectivas. Al\u00e9m de mostrar o perfil dos egressos, este formul\u00e1rio fornece informa\u00e7\u00f5es valiosas para o processo de autoavalia\u00e7\u00e3o do programa. Objetiva-se com a realiza\u00e7\u00e3o do acompanhamento obter entre outros: Vis\u00e3o em rela\u00e7\u00e3o aos conte\u00fados\/programas e se esses auxiliaram na forma\u00e7\u00e3o pessoal e profissional; Se os egressos deram continuidade aos estudos; Quais as melhorias na vida profissional dos egressos, decorrentes da conclus\u00e3o do curso, etc. Com base nos resultados deste formul\u00e1rio, com um total de 13 respondentes at\u00e9 dezembro de 2024, observa-se que a ocupa\u00e7\u00e3o atual dos egressos do PPGCTA concentra-se principalmente no servi\u00e7o p\u00fablico (38,5%), seguido pelo trabalho aut\u00f4nomo (15,4%). Al\u00e9m disso, 7,7% dos egressos declararam atuar como empres\u00e1rios e 7,7% como alunos de doutorado, como pode ser visualizado nos gr\u00e1ficos abaixo:<\/p>\n\n\n\n<p><\/p>\n\n\n\n<figure class=\"wp-block-image size-full is-resized\"><img fetchpriority=\"high\" decoding=\"async\" width=\"725\" height=\"372\" src=\"https:\/\/www.ufsm.br\/app\/uploads\/sites\/592\/2025\/03\/image.jpg\" alt=\"\" class=\"wp-image-836\" style=\"width:905px;height:auto\" srcset=\"https:\/\/www.ufsm.br\/app\/uploads\/sites\/592\/2025\/03\/image.jpg 725w, https:\/\/www.ufsm.br\/app\/uploads\/sites\/592\/2025\/03\/image-300x154.jpg 300w\" sizes=\"(max-width: 725px) 100vw, 725px\" \/><\/figure>\n\n\n\n<p><\/p>\n\n\n\n<figure class=\"wp-block-image size-full\"><img decoding=\"async\" width=\"1001\" height=\"431\" src=\"https:\/\/www.ufsm.br\/app\/uploads\/sites\/592\/2025\/03\/image-1.jpg\" alt=\"\" class=\"wp-image-837\" srcset=\"https:\/\/www.ufsm.br\/app\/uploads\/sites\/592\/2025\/03\/image-1.jpg 1001w, https:\/\/www.ufsm.br\/app\/uploads\/sites\/592\/2025\/03\/image-1-300x129.jpg 300w, https:\/\/www.ufsm.br\/app\/uploads\/sites\/592\/2025\/03\/image-1-768x331.jpg 768w\" sizes=\"(max-width: 1001px) 100vw, 1001px\" \/><\/figure>\n\n\n\n<figure class=\"wp-block-image size-large is-resized\"><img decoding=\"async\" width=\"1024\" height=\"382\" src=\"https:\/\/www.ufsm.br\/app\/uploads\/sites\/592\/2025\/03\/image-2-1024x382.jpg\" alt=\"\" class=\"wp-image-838\" style=\"width:1280px;height:auto\" srcset=\"https:\/\/www.ufsm.br\/app\/uploads\/sites\/592\/2025\/03\/image-2-1024x382.jpg 1024w, https:\/\/www.ufsm.br\/app\/uploads\/sites\/592\/2025\/03\/image-2-300x112.jpg 300w, https:\/\/www.ufsm.br\/app\/uploads\/sites\/592\/2025\/03\/image-2-768x286.jpg 768w, https:\/\/www.ufsm.br\/app\/uploads\/sites\/592\/2025\/03\/image-2.jpg 1095w\" sizes=\"(max-width: 1024px) 100vw, 1024px\" \/><\/figure>\n\n\n\n<p><\/p>\n\n\n\n<p>Al\u00e9m deste formul\u00e1rio espec\u00edfico do PPGCTA, a UFSM, de forma institucional, desenvolve um programa de acompanhamento de egressos que abrange os n\u00edveis de ensino m\u00e9dio, t\u00e9cnico, gradua\u00e7\u00e3o e p\u00f3s-gradua\u00e7\u00e3o. Os resultados desse acompanhamento, referentes ao per\u00edodo de 2017 a 2023, est\u00e3o dispon\u00edveis no link: <a href=\"http:\/\/bit.ly\/PGegressosUFSM\">bit.ly\/PGegressosUFSM<\/a>. No per\u00edodo analisado, 31,8% dos egressos do PPGCTA responderam \u00e0 pesquisa, a qual revelou que 100% deles est\u00e3o trabalhando na \u00e1rea ou cursando p\u00f3s-gradua\u00e7\u00e3o. Entre aqueles que est\u00e3o empregados na \u00e1rea, 75% declararam renda mensal de at\u00e9 4 sal\u00e1rios m\u00ednimos, enquanto 25% informaram renda entre 4 e 10 sal\u00e1rios m\u00ednimos.<\/p>\n\n\n\n<p><\/p>\n","protected":false},"excerpt":{"rendered":"<p>Como parte da avalia\u00e7\u00e3o dos egresso do PPGCTA, uma vez por ano, pr\u00f3ximo \u00e0 realiza\u00e7\u00e3o dos semin\u00e1rios internos anuais do programa, solicita-se aos egressos o preenchimento de um formul\u00e1rio on-line (Formul\u00e1rio), a fim de atualizar informa\u00e7\u00f5es a respeito da \u00e1rea de atua\u00e7\u00e3o e perspectivas. Al\u00e9m de mostrar o perfil dos egressos, este formul\u00e1rio fornece informa\u00e7\u00f5es [&hellip;]<\/p>\n","protected":false},"author":299,"featured_media":0,"parent":0,"menu_order":0,"comment_status":"closed","ping_status":"closed","template":"","meta":{"footnotes":""},"categories":[],"tags":[],"class_list":["post-835","page","type-page","status-publish","hentry"],"acf":[],"_links":{"self":[{"href":"https:\/\/www.ufsm.br\/cursos\/pos-graduacao\/frederico-westphalen\/ppgctamb\/wp-json\/wp\/v2\/pages\/835","targetHints":{"allow":["GET"]}}],"collection":[{"href":"https:\/\/www.ufsm.br\/cursos\/pos-graduacao\/frederico-westphalen\/ppgctamb\/wp-json\/wp\/v2\/pages"}],"about":[{"href":"https:\/\/www.ufsm.br\/cursos\/pos-graduacao\/frederico-westphalen\/ppgctamb\/wp-json\/wp\/v2\/types\/page"}],"author":[{"embeddable":true,"href":"https:\/\/www.ufsm.br\/cursos\/pos-graduacao\/frederico-westphalen\/ppgctamb\/wp-json\/wp\/v2\/users\/299"}],"replies":[{"embeddable":true,"href":"https:\/\/www.ufsm.br\/cursos\/pos-graduacao\/frederico-westphalen\/ppgctamb\/wp-json\/wp\/v2\/comments?post=835"}],"version-history":[{"count":0,"href":"https:\/\/www.ufsm.br\/cursos\/pos-graduacao\/frederico-westphalen\/ppgctamb\/wp-json\/wp\/v2\/pages\/835\/revisions"}],"wp:attachment":[{"href":"https:\/\/www.ufsm.br\/cursos\/pos-graduacao\/frederico-westphalen\/ppgctamb\/wp-json\/wp\/v2\/media?parent=835"}],"wp:term":[{"taxonomy":"category","embeddable":true,"href":"https:\/\/www.ufsm.br\/cursos\/pos-graduacao\/frederico-westphalen\/ppgctamb\/wp-json\/wp\/v2\/categories?post=835"},{"taxonomy":"post_tag","embeddable":true,"href":"https:\/\/www.ufsm.br\/cursos\/pos-graduacao\/frederico-westphalen\/ppgctamb\/wp-json\/wp\/v2\/tags?post=835"}],"curies":[{"name":"wp","href":"https:\/\/api.w.org\/{rel}","templated":true}]}}