{"id":1003,"date":"2021-06-15T09:17:19","date_gmt":"2021-06-15T12:17:19","guid":{"rendered":"https:\/\/www.ufsm.br\/cursos\/pos-graduacao\/palmeira-das-missoes\/ppgagr\/?page_id=1003"},"modified":"2025-08-21T16:51:58","modified_gmt":"2025-08-21T19:51:58","slug":"docentes","status":"publish","type":"page","link":"https:\/\/www.ufsm.br\/cursos\/pos-graduacao\/palmeira-das-missoes\/ppgagr\/docentes","title":{"rendered":"Docentes"},"content":{"rendered":"\n<p>\u00a0<\/p>\n<pre><span style=\"color: #000000\"><span style=\"font-family: Times New Roman, serif\"><span style=\"font-size: medium\"><b>Prof. Dr. Adriano Lago*<\/b><\/span><\/span><\/span><br \/><br \/><span style=\"color: #000000\"><span style=\"font-family: Times New Roman, serif\"><span style=\"font-size: medium\">Linha de Pesquisa: LP 1 \u2013 Arranjos Organizacionais e Competitividade nos Agroneg\u00f3cios<\/span><\/span><\/span><br \/><br \/><span style=\"color: #000000\"><span style=\"font-family: Times New Roman, serif\"><span style=\"font-size: medium\">Contato: adrianolago@yahoo.com.br<\/span><\/span><\/span><br \/><br \/><span style=\"color: #000000\"><span style=\"font-family: Times New Roman, serif\"><span style=\"font-size: medium\"><a href=\"http:\/\/lattes.cnpq.br\/1448024112231315\">Curr\u00edculo Lattes <\/a><\/span><\/span><\/span><br \/><br \/><span style=\"color: #000000\"><span style=\"font-family: Times New Roman, serif\"><span style=\"font-size: medium\"><a href=\"https:\/\/orcid.org\/0000-0002-0499-102X\">ORCID<\/a><\/span><\/span><\/span><br \/><br \/><span style=\"color: #000000\"><span style=\"font-family: Times New Roman, serif\"><span style=\"font-size: medium\"><b>Prof\u00aa. Dr\u00aa. Bianca Bigolin Liszbinski*<br \/><br \/><\/b>Linha de Pesquisa: LP 1 \u2013 Arranjos Organizacionais e Competitividade nos Agroneg\u00f3cios <b><br \/><br \/><\/b>Contato: bianca.bigolin@ufsm.br<br \/><br \/><a href=\"http:\/\/lattes.cnpq.br\/9327173537424100\">Curr\u00edculo Lattes <\/a><br \/><br \/><a href=\"https:\/\/orcid.org\/0000-0001-6390-7337\">ORCID<\/a><b><br \/><br \/>Prof. Dr. Cristian Faturi*<\/b><\/span><\/span><\/span><br \/><br \/><span style=\"color: #000000\"><span style=\"font-family: Times New Roman, serif\"><span style=\"font-size: medium\">Linha de Pesquisa: LP 2 \u2013 Gest\u00e3o de Sistemas de Produ\u00e7\u00e3o Agroindustrial<\/span><\/span><\/span><br \/><br \/><span style=\"color: #000000\"><span style=\"font-family: Times New Roman, serif\"><span style=\"font-size: medium\">Contato: cristian.faturi@ufsm.br<\/span><\/span><\/span><br \/><br \/><span style=\"color: #000000\"><span style=\"font-family: Times New Roman, serif\"><span style=\"font-size: medium\"><a href=\"http:\/\/lattes.cnpq.br\/8389692203753236\">Curr\u00edculo Lattes<\/a><\/span><\/span><\/span><br \/><br \/><span style=\"color: #000000\"><span style=\"font-family: Times New Roman, serif\"><span style=\"font-size: medium\"><a href=\"https:\/\/orcid.org\/0000-0002-6676-1844\">ORCID<\/a><\/span><\/span><\/span><br \/><br \/><span style=\"color: #000000\"><span style=\"font-family: Times New Roman, serif\"><span style=\"font-size: medium\"><br \/><strong>Prof. Dr. Gabriel Nunes de Oliveira*<\/strong><br \/><br \/>Linha de Pesquisa: LP 1 \u2013 Arranjos Organizacionais e Competitividade nos Agroneg\u00f3cios<br \/><br \/>Contato: <span class=\"il\">Gabriel.n.oliveira@ufsm.br<\/span><br \/><br \/><a href=\"https:\/\/lattes.cnpq.br\/2945466590678384\">Curr\u00edculo Lattes<\/a><br \/><br \/><a href=\"https:\/\/orcid.org\/0000-0003-0620-4955\">ORCID<\/a><br \/><br \/><br \/><\/span><\/span><\/span><span style=\"color: #000000\"><span style=\"font-family: Times New Roman, serif\"><span style=\"font-size: medium\"><b>Prof\u00aa. Dr\u00aa. Ione Maria Pereira Haygert Velho*<\/b><\/span><\/span><\/span><br \/><br \/><span style=\"color: #000000\"><span style=\"font-family: Times New Roman, serif\"><span style=\"font-size: medium\">Linha de Pesquisa: LP 2 \u2013 Gest\u00e3o de Sistemas de Produ\u00e7\u00e3o Agroindustrial<\/span><\/span><\/span><br \/><br \/><span style=\"color: #000000\"><span style=\"font-family: Times New Roman, serif\"><span style=\"font-size: medium\">Contato: ione.h.velho@ufsm.br<\/span><\/span><\/span><br \/><br \/><span style=\"color: #000000\"><span style=\"font-family: Times New Roman, serif\"><span style=\"font-size: medium\"><a href=\"http:\/\/lattes.cnpq.br\/7004490574733476\">Curr\u00edculo Lattes<\/a> <\/span><\/span><\/span><br \/><br \/><span style=\"color: #000000\"><span style=\"font-family: Times New Roman, serif\"><span style=\"font-size: medium\"><a href=\"https:\/\/orcid.org\/0000-0002-6709-7340\">ORCID<\/a> <\/span><\/span><\/span><br \/><br \/><br \/><span style=\"color: #000000\"><span style=\"font-family: Times New Roman, serif\"><span style=\"font-size: medium\"><b>Prof. Dr. Jo\u00e3o Pedro Velho*<\/b><\/span><\/span><\/span><br \/><br \/><span style=\"color: #000000\"><span style=\"font-family: Times New Roman, serif\"><span style=\"font-size: medium\">Linha de Pesquisa: LP 2 \u2013 Gest\u00e3o de Sistemas de Produ\u00e7\u00e3o Agroindustrial<\/span><\/span><\/span><br \/><br \/><span style=\"color: #000000\"><span style=\"font-family: Times New Roman, serif\"><span style=\"font-size: medium\">Contato: velhojp@ufsm.br<\/span><\/span><\/span><br \/><br \/><span style=\"color: #000000\"><span style=\"font-family: Times New Roman, serif\"><span style=\"font-size: medium\"><a href=\"http:\/\/lattes.cnpq.br\/2503270783728071\">Curr\u00edculo Lattes<\/a><\/span><\/span><\/span><br \/><br \/><span style=\"color: #000000\"><span style=\"font-family: Times New Roman, serif\"><span style=\"font-size: medium\"><a href=\"https:\/\/orcid.org\/0000-0003-3901-8200\">ORCID<\/a><\/span><\/span><\/span><br \/><br \/><span style=\"color: #000000\"><span style=\"font-family: Times New Roman, serif\"><span style=\"font-size: medium\"><a href=\"https:\/\/scholar.google.com.br\/citations?user=J5VvNyoAAAAJ&amp;hl=pt-BR&amp;oi=ao\">Google Acad\u00eamico<\/a><\/span><\/span><\/span><br \/><br \/><br \/><span style=\"color: #000000\"><span style=\"font-family: Times New Roman, serif\"><span style=\"font-size: medium\"><b>Prof\u00aa. Dr\u00aa. Juliana Sarubbi*<\/b><\/span><\/span><\/span><br \/><br \/><span style=\"color: #000000\"><span style=\"font-family: Times New Roman, serif\"><span style=\"font-size: medium\">Linha de Pesquisa: LP 2 \u2013 Gest\u00e3o de Sistemas de Produ\u00e7\u00e3o Agroindustrial<\/span><\/span><\/span><br \/><br \/><span style=\"color: #000000\"><span style=\"font-family: Times New Roman, serif\"><span style=\"font-size: medium\">Contato: juliana.sarubbi@ufsm.br<\/span><\/span><\/span><br \/><br \/><span style=\"color: #000000\"><span style=\"font-family: Times New Roman, serif\"><span style=\"font-size: medium\"><a href=\"http:\/\/lattes.cnpq.br\/1360072834655851\">Curr\u00edculo Lattes<\/a><br \/><br \/><a href=\"https:\/\/orcid.org\/0000-0002-6886-9795\">ORCID<\/a><\/span><\/span><\/span><br \/><br \/><br \/><span style=\"color: #000000\"><span style=\"font-family: Times New Roman, serif\"><span style=\"font-size: medium\"><b>Prof\u00aa. Dr\u00aa. Luciana Fagundes Christofari*<\/b><\/span><\/span><\/span><br \/><br \/><span style=\"color: #000000\"><span style=\"font-family: Times New Roman, serif\"><span style=\"font-size: medium\">Linha de Pesquisa: LP 2 \u2013 Gest\u00e3o de Sistemas de Produ\u00e7\u00e3o Agroindustrial<\/span><\/span><\/span><br \/><br \/><span style=\"color: #000000\"><span style=\"font-family: Times New Roman, serif\"><span style=\"font-size: medium\">Contato: luciana_christofari@ufsm.br<\/span><\/span><\/span><br \/><br \/><span style=\"color: #000000\"><span style=\"font-family: Times New Roman, serif\"><span style=\"font-size: medium\"><a href=\"http:\/\/lattes.cnpq.br\/8187090681591595\">Curr\u00edculo Lattes<\/a> <br \/><br \/><a href=\"https:\/\/orcid.org\/0000-0002-7637-3423\">ORCID<\/a><\/span><\/span><\/span><br \/><br \/><br \/><span style=\"color: #000000\"><span style=\"font-family: Times New Roman, serif\"><span style=\"font-size: medium\"><b>Prof. Dr. Nelson Guilherme Machado Pinto*<br \/><br \/><\/b>Linha de Pesquisa: LP 1 \u2013 Arranjos Organizacionais e Competitividade nos Agroneg\u00f3cios<br \/><b><br \/><\/b>Contato: nelson.pinto@ufsm.br<br \/><br \/><a href=\"http:\/\/lattes.cnpq.br\/5647891554789516\">Curr\u00edculo Lattes<\/a><br \/><br \/><a href=\"https:\/\/orcid.org\/0000-0003-1105-2271\">ORCID<\/a><b><br \/><br \/>Prof. Dr. Nilson Luiz Costa*<\/b><\/span><\/span><\/span><br \/><br \/><span style=\"color: #000000\"><span style=\"font-family: Times New Roman, serif\"><span style=\"font-size: medium\">Linha de Pesquisa: LP 1 \u2013 Arranjos Organizacionais e Competitividade nos Agroneg\u00f3cios<\/span><\/span><\/span><br \/><br \/><span style=\"color: #000000\"><span style=\"font-family: Times New Roman, serif\"><span style=\"font-size: medium\">Contato: nilson.costa@ufsm.br<\/span><\/span><\/span><br \/><br \/><span style=\"color: #000000\"><span style=\"font-family: Times New Roman, serif\"><span style=\"font-size: medium\"><a href=\"http:\/\/lattes.cnpq.br\/4436596248591572\">Curr\u00edculo Lattes<\/a> <\/span><\/span><\/span><br \/><a href=\"http:\/\/orcid.org\/0000-0003-2000-1521\"><span style=\"color: #000000\"><span style=\"font-family: Times New Roman, serif\"><span style=\"font-size: medium\"><br \/><span style=\"color: #3366ff\">ORCID<\/span><\/span><\/span><\/span><\/a><br \/><br \/><span style=\"color: #000000\"><span style=\"font-family: Times New Roman, serif\"><span style=\"font-size: medium\"><a href=\"https:\/\/scholar.google.com.br\/citations?user=7jCGO-8AAAAJ&amp;hl=pt-BR&amp;oi=ao\">Google Acad\u00eamico<\/a><\/span><\/span><\/span><br \/><br \/><br \/><span style=\"color: #000000\"><span style=\"font-family: Times New Roman, serif\"><span style=\"font-size: medium\"><b>Prof\u00aa. Dr\u00aa. Paloma de Mattos Fagundes**<\/b><\/span><\/span><\/span><br \/><br \/><span style=\"color: #000000\"><span style=\"font-family: Times New Roman, serif\"><span style=\"font-size: medium\">Linha de Pesquisa: LP 1 \u2013 Arranjos Organizacionais e Competitividade nos Agroneg\u00f3cios<\/span><\/span><\/span><br \/><br \/><span style=\"color: #000000\"><span style=\"font-family: Times New Roman, serif\"><span style=\"font-size: medium\">Contato: paloma.mattos@ufsm.br<\/span><\/span><\/span><br \/><br \/><span style=\"color: #000000\"><span style=\"font-family: Times New Roman, serif\"><span style=\"font-size: medium\"><a href=\"http:\/\/lattes.cnpq.br\/8764171768559127\">Curr\u00edculo Lattes<\/a> <\/span><\/span><\/span><br \/><br \/><span style=\"color: #000000\"><span style=\"font-family: Times New Roman, serif\"><span style=\"font-size: medium\"><a href=\"https:\/\/orcid.org\/0000-0003-0150-4422\">ORCID<\/a><\/span><\/span><\/span><br \/><br \/><br \/><span style=\"color: #000000\"><span style=\"font-family: Times New Roman, serif\"><span style=\"font-size: medium\"><b>Prof. Dr. Rafael Lazzari*<\/b><\/span><\/span><\/span><br \/><br \/><span style=\"color: #000000\"><span style=\"font-family: Times New Roman, serif\"><span style=\"font-size: medium\">Linha de Pesquisa: LP 2 \u2013 Gest\u00e3o de Sistemas de Produ\u00e7\u00e3o Agroindustrial<\/span><\/span><\/span><br \/><br \/><span style=\"color: #000000\"><span style=\"font-family: Times New Roman, serif\"><span style=\"font-size: medium\">Contato: rlazzari@ufsm.br<\/span><\/span><\/span><br \/><br \/><span style=\"color: #000000\"><span style=\"font-family: Times New Roman, serif\"><span style=\"font-size: medium\"><a href=\"http:\/\/lattes.cnpq.br\/3833027843587896\">Curr\u00edculo Lattes<\/a><\/span><\/span><\/span><br \/><br \/><span style=\"color: #000000\"><span style=\"font-family: Times New Roman, serif\"><span style=\"font-size: medium\"><a href=\"https:\/\/orcid.org\/0000-0003-3016-6215\">ORCID<\/a><\/span><\/span><\/span><br \/><br \/><br \/><span style=\"color: #000000\"><span style=\"font-family: Times New Roman, serif\"><span style=\"font-size: medium\"><b>Prof. Dr. Ricardo Zambarda Vaz*<\/b><\/span><\/span><\/span><br \/><br \/><span style=\"color: #000000\"><span style=\"font-family: Times New Roman, serif\"><span style=\"font-size: medium\">Linha de Pesquisa: LP 2 \u2013 Gest\u00e3o de Sistemas de Produ\u00e7\u00e3o Agroindustrial<\/span><\/span><\/span><br \/><br \/><span style=\"color: #000000\"><span style=\"font-family: Times New Roman, serif\"><span style=\"font-size: medium\">Contato: rzvaz@terra.com.br<\/span><\/span><\/span><br \/><br \/><span style=\"color: #000000\"><span style=\"font-family: Times New Roman, serif\"><span style=\"font-size: medium\"><a href=\"http:\/\/lattes.cnpq.br\/1120109274579134\">Curr\u00edculo Lattes<\/a> <\/span><\/span><\/span><br \/><br \/><span style=\"color: #000000\"><span style=\"font-family: Times New Roman, serif\"><span style=\"font-size: medium\"><a href=\"https:\/\/orcid.org\/0000-0003-4505-1277\">ORCID<\/a><\/span><\/span><\/span><br \/><br \/><br \/><span style=\"color: #000000\"><span style=\"font-family: Times New Roman, serif\"><span style=\"font-size: medium\"><b>Prof. Dr. Rosani Marisa Spanevello*<\/b><\/span><\/span><\/span><br \/><br \/><span style=\"color: #000000\"><span style=\"font-family: Times New Roman, serif\"><span style=\"font-size: medium\">Linha de Pesquisa: LP 2 \u2013 Gest\u00e3o de Sistemas de Produ\u00e7\u00e3o Agroindustrial<\/span><\/span><\/span><br \/><br \/><span style=\"color: #000000\"><span style=\"font-family: Times New Roman, serif\"><span style=\"font-size: medium\">Contato: rosani.spanevello@ufsm.br<\/span><\/span><\/span><br \/><br \/><span style=\"color: #000000\"><span style=\"font-family: Times New Roman, serif\"><span style=\"font-size: medium\"><a href=\"http:\/\/lattes.cnpq.br\/6662827969659065\">Curr\u00edculo Lattes<\/a><\/span><\/span><\/span><br \/><br \/><span style=\"color: #000000\"><span style=\"font-family: Times New Roman, serif\"><span style=\"font-size: medium\"><a href=\"https:\/\/orcid.org\/0000-0002-4278-6895\">ORCID<\/a><\/span><\/span><\/span><br \/><br \/><br \/><span style=\"color: #000000\"><span style=\"font-family: Times New Roman, serif\"><span style=\"font-size: medium\"><b>Prof\u00aa. Dr\u00aa. Tanice Andreatta*<\/b><\/span><\/span><\/span><br \/><br \/><span style=\"color: #000000\"><span style=\"font-family: Times New Roman, serif\"><span style=\"font-size: medium\">Linha de Pesquisa: LP 1 \u2013 Arranjos Organizacionais e Competitividade nos Agroneg\u00f3cios<\/span><\/span><\/span><br \/><br \/><span style=\"color: #000000\"><span style=\"font-family: Times New Roman, serif\"><span style=\"font-size: medium\">Contato: tanice.andreatta@ufsm.br<\/span><\/span><\/span><br \/><br \/><span style=\"color: #000000\"><span style=\"font-family: Times New Roman, serif\"><span style=\"font-size: medium\"><a href=\"http:\/\/lattes.cnpq.br\/6618845061876066\">Curr\u00edculo Lattes<\/a> <\/span><\/span><\/span><br \/><br \/><span style=\"color: #000000\"><span style=\"font-family: Times New Roman, serif\"><span style=\"font-size: medium\"><a href=\"https:\/\/orcid.org\/0000-0002-1427-2248\">ORCID<\/a><\/span><\/span><\/span><br \/><br \/><span style=\"color: #000000\"><span style=\"font-family: Times New Roman, serif\"><span style=\"font-size: medium\"><a href=\"https:\/\/scholar.google.com.br\/citations?user=aZ22MhMAAAAJ&amp;hl=pt-BR&amp;oi=ao\">Google Acad\u00eamico<\/a> <\/span><\/span><\/span><br \/><br \/><\/pre>\n<pre><span style=\"color: #000000\"><span style=\"font-family: Times New Roman, serif\"><span style=\"font-size: medium\"><br \/>*Docente Permanente <br \/>**Colaboradora<br \/><\/span><\/span><\/span><br \/><br \/><\/pre>\n","protected":false},"excerpt":{"rendered":"<p>\u00a0 Prof. Dr. Adriano Lago*Linha de Pesquisa: LP 1 \u2013 Arranjos Organizacionais e Competitividade nos Agroneg\u00f3ciosContato: adrianolago@yahoo.com.brCurr\u00edculo Lattes ORCIDProf\u00aa. Dr\u00aa. Bianca Bigolin Liszbinski*Linha de Pesquisa: LP 1 \u2013 Arranjos Organizacionais e Competitividade nos Agroneg\u00f3cios Contato: bianca.bigolin@ufsm.brCurr\u00edculo Lattes ORCIDProf. Dr. Cristian Faturi*Linha de Pesquisa: LP 2 \u2013 Gest\u00e3o de Sistemas de Produ\u00e7\u00e3o AgroindustrialContato: cristian.faturi@ufsm.brCurr\u00edculo LattesORCIDProf. Dr. [&hellip;]<\/p>\n","protected":false},"author":3862,"featured_media":0,"parent":0,"menu_order":0,"comment_status":"closed","ping_status":"closed","template":"","meta":{"footnotes":""},"categories":[],"tags":[],"class_list":["post-1003","page","type-page","status-publish","hentry"],"acf":[],"_links":{"self":[{"href":"https:\/\/www.ufsm.br\/cursos\/pos-graduacao\/palmeira-das-missoes\/ppgagr\/wp-json\/wp\/v2\/pages\/1003","targetHints":{"allow":["GET"]}}],"collection":[{"href":"https:\/\/www.ufsm.br\/cursos\/pos-graduacao\/palmeira-das-missoes\/ppgagr\/wp-json\/wp\/v2\/pages"}],"about":[{"href":"https:\/\/www.ufsm.br\/cursos\/pos-graduacao\/palmeira-das-missoes\/ppgagr\/wp-json\/wp\/v2\/types\/page"}],"author":[{"embeddable":true,"href":"https:\/\/www.ufsm.br\/cursos\/pos-graduacao\/palmeira-das-missoes\/ppgagr\/wp-json\/wp\/v2\/users\/3862"}],"replies":[{"embeddable":true,"href":"https:\/\/www.ufsm.br\/cursos\/pos-graduacao\/palmeira-das-missoes\/ppgagr\/wp-json\/wp\/v2\/comments?post=1003"}],"version-history":[{"count":0,"href":"https:\/\/www.ufsm.br\/cursos\/pos-graduacao\/palmeira-das-missoes\/ppgagr\/wp-json\/wp\/v2\/pages\/1003\/revisions"}],"wp:attachment":[{"href":"https:\/\/www.ufsm.br\/cursos\/pos-graduacao\/palmeira-das-missoes\/ppgagr\/wp-json\/wp\/v2\/media?parent=1003"}],"wp:term":[{"taxonomy":"category","embeddable":true,"href":"https:\/\/www.ufsm.br\/cursos\/pos-graduacao\/palmeira-das-missoes\/ppgagr\/wp-json\/wp\/v2\/categories?post=1003"},{"taxonomy":"post_tag","embeddable":true,"href":"https:\/\/www.ufsm.br\/cursos\/pos-graduacao\/palmeira-das-missoes\/ppgagr\/wp-json\/wp\/v2\/tags?post=1003"}],"curies":[{"name":"wp","href":"https:\/\/api.w.org\/{rel}","templated":true}]}}