{"id":1194,"date":"2022-01-07T15:09:21","date_gmt":"2022-01-07T18:09:21","guid":{"rendered":"https:\/\/www.ufsm.br\/cursos\/pos-graduacao\/palmeira-das-missoes\/ppgagr\/?page_id=1194"},"modified":"2022-01-07T17:49:37","modified_gmt":"2022-01-07T20:49:37","slug":"convite-para-defesa-de-dissertacao","status":"publish","type":"page","link":"https:\/\/www.ufsm.br\/cursos\/pos-graduacao\/palmeira-das-missoes\/ppgagr\/convite-para-defesa-de-dissertacao","title":{"rendered":"Convite para Defesa de Disserta\u00e7\u00e3o"},"content":{"rendered":"\n<p><\/p>\n\n\n\n<p style=\"text-align: left\"><strong>Discente:<\/strong> Viviane Garcia Dias da Concei\u00e7\u00e3o<\/p>\n<p style=\"text-align: left\"><strong>T\u00edtulo da disserta\u00e7\u00e3o:<\/strong> &#8220;CARNE BOVINAPRODUZIDA EM SISTEMAS N\u00c3O PATRONAIS: CARACTER\u00cdSTICAS DO PRODUTO EPOSSIBILIDADE DE ACEITA\u00c7\u00c3O PELO MERCADO CONSUMIDOR&#8221;<\/p>\n<p style=\"text-align: left\"><strong>Data:<\/strong> 21\/01\/2022<\/p>\n<p><strong>Horas:<\/strong> 14h<\/p>\n<p><strong>Banca examinadora:<\/strong><\/p>\n<p>Prof. Dr. Luciana Fagundes Christofari &#8211; Presidente &#8211; Orientador;<br \/>Prof. Dr. Ricardo Zambarda Vaz &#8211; Coorientador;<br \/>Prof. Dr. Jose Acelio Silveira da Fontoura Junior;<br \/>Prof. Dr. Tanice Andreatta;<br \/>Prof. Dr. Rosani Marisa Spanevello (Suplente)<\/p>\n<p><img fetchpriority=\"high\" decoding=\"async\" class=\"wp-image-1197 aligncenter\" src=\"https:\/\/www.ufsm.br\/app\/uploads\/sites\/569\/2022\/01\/2-300x300.jpg\" alt=\"\" width=\"655\" height=\"655\" srcset=\"https:\/\/www.ufsm.br\/app\/uploads\/sites\/569\/2022\/01\/2-300x300.jpg 300w, https:\/\/www.ufsm.br\/app\/uploads\/sites\/569\/2022\/01\/2-1024x1024.jpg 1024w, https:\/\/www.ufsm.br\/app\/uploads\/sites\/569\/2022\/01\/2-150x150.jpg 150w, https:\/\/www.ufsm.br\/app\/uploads\/sites\/569\/2022\/01\/2-768x768.jpg 768w, https:\/\/www.ufsm.br\/app\/uploads\/sites\/569\/2022\/01\/2.jpg 1080w\" sizes=\"(max-width: 655px) 100vw, 655px\" \/><\/p>\n<p>\u00a0<\/p>\n","protected":false},"excerpt":{"rendered":"<p>Discente: Viviane Garcia Dias da Concei\u00e7\u00e3o T\u00edtulo da disserta\u00e7\u00e3o: &#8220;CARNE BOVINAPRODUZIDA EM SISTEMAS N\u00c3O PATRONAIS: CARACTER\u00cdSTICAS DO PRODUTO EPOSSIBILIDADE DE ACEITA\u00c7\u00c3O PELO MERCADO CONSUMIDOR&#8221; Data: 21\/01\/2022 Horas: 14h Banca examinadora: Prof. Dr. Luciana Fagundes Christofari &#8211; Presidente &#8211; Orientador;Prof. Dr. Ricardo Zambarda Vaz &#8211; Coorientador;Prof. Dr. Jose Acelio Silveira da Fontoura Junior;Prof. Dr. Tanice Andreatta;Prof. [&hellip;]<\/p>\n","protected":false},"author":3862,"featured_media":0,"parent":0,"menu_order":0,"comment_status":"closed","ping_status":"closed","template":"","meta":{"footnotes":""},"categories":[38],"tags":[],"class_list":["post-1194","page","type-page","status-publish","hentry","category-defesa-de-dissertacao"],"acf":[],"_links":{"self":[{"href":"https:\/\/www.ufsm.br\/cursos\/pos-graduacao\/palmeira-das-missoes\/ppgagr\/wp-json\/wp\/v2\/pages\/1194","targetHints":{"allow":["GET"]}}],"collection":[{"href":"https:\/\/www.ufsm.br\/cursos\/pos-graduacao\/palmeira-das-missoes\/ppgagr\/wp-json\/wp\/v2\/pages"}],"about":[{"href":"https:\/\/www.ufsm.br\/cursos\/pos-graduacao\/palmeira-das-missoes\/ppgagr\/wp-json\/wp\/v2\/types\/page"}],"author":[{"embeddable":true,"href":"https:\/\/www.ufsm.br\/cursos\/pos-graduacao\/palmeira-das-missoes\/ppgagr\/wp-json\/wp\/v2\/users\/3862"}],"replies":[{"embeddable":true,"href":"https:\/\/www.ufsm.br\/cursos\/pos-graduacao\/palmeira-das-missoes\/ppgagr\/wp-json\/wp\/v2\/comments?post=1194"}],"version-history":[{"count":0,"href":"https:\/\/www.ufsm.br\/cursos\/pos-graduacao\/palmeira-das-missoes\/ppgagr\/wp-json\/wp\/v2\/pages\/1194\/revisions"}],"wp:attachment":[{"href":"https:\/\/www.ufsm.br\/cursos\/pos-graduacao\/palmeira-das-missoes\/ppgagr\/wp-json\/wp\/v2\/media?parent=1194"}],"wp:term":[{"taxonomy":"category","embeddable":true,"href":"https:\/\/www.ufsm.br\/cursos\/pos-graduacao\/palmeira-das-missoes\/ppgagr\/wp-json\/wp\/v2\/categories?post=1194"},{"taxonomy":"post_tag","embeddable":true,"href":"https:\/\/www.ufsm.br\/cursos\/pos-graduacao\/palmeira-das-missoes\/ppgagr\/wp-json\/wp\/v2\/tags?post=1194"}],"curies":[{"name":"wp","href":"https:\/\/api.w.org\/{rel}","templated":true}]}}