{"id":1563,"date":"2023-01-02T15:27:41","date_gmt":"2023-01-02T18:27:41","guid":{"rendered":"https:\/\/www.ufsm.br\/cursos\/pos-graduacao\/palmeira-das-missoes\/ppgagr\/?page_id=1563"},"modified":"2024-06-06T10:00:23","modified_gmt":"2024-06-06T13:00:23","slug":"v-coloquio-e-o-i-coloquio-internacional-de-pesquisas-em-agronegocios","status":"publish","type":"page","link":"https:\/\/www.ufsm.br\/cursos\/pos-graduacao\/palmeira-das-missoes\/ppgagr\/v-coloquio-e-o-i-coloquio-internacional-de-pesquisas-em-agronegocios","title":{"rendered":"V Col\u00f3quio e o I Col\u00f3quio Internacional de Pesquisas em Agroneg\u00f3cios"},"content":{"rendered":"\n<p><img fetchpriority=\"high\" decoding=\"async\" src=\"https:\/\/www.ufsm.br\/app\/uploads\/sites\/569\/2022\/08\/banner-coloquio.jpg\" alt=\"\" width=\"1434\" height=\"357\"><\/p>\n<p>Entre os principais desafios dos agroneg\u00f3cios no cen\u00e1rio atual, encontram-se aspectos emergentes, que afetam de forma direta ou indireta a produ\u00e7\u00e3o agropecu\u00e1ria brasileira e mundial, tanto dentro como fora da porteira. Um destes temas \u00e9 a agroindustrializa\u00e7\u00e3o, que se refere \u00e0 transforma\u00e7\u00e3o da mat\u00e9ria prima produzida pelos agricultores, atrav\u00e9s das cadeias curtas de alcance geogr\u00e1fico local e regional, ou atrav\u00e9s dos complexos agroindustriais mundiais. A agroindustrializa\u00e7\u00e3o \u00e9 um processo que afeta e \u00e9 afetado pela din\u00e2mica dos mercados consumidores, da seguran\u00e7a alimentar, das mudan\u00e7as clim\u00e1ticas, do uso da terra, do alcance e da disponibilidade de pol\u00edticas p\u00fablicas do Estado, da oferta e\/ou restri\u00e7\u00e3o da m\u00e3o de obra no meio rural, entre outros. Por isso, a agroindustrializa\u00e7\u00e3o torna-se um desafio para os Agroneg\u00f3cios. Compreender estes processos, suas interfaces, restri\u00e7\u00f5es e possibilidades est\u00e1 no escopo das discuss\u00f5es e produ\u00e7\u00f5es do Mestrado em Agroneg\u00f3cios foi tema do <strong>V Col\u00f3quio e I Col\u00f3quio Internacional.<\/strong><\/p>\n<p>O evento aconteceu de forma h\u00edbrida, no per\u00edodo de 05 a 08 de Dezembro de 2022, e as palestras podem ser assistidas no Canal do Youtube do PPGAGR, atrav\u00e9s dos links:&nbsp;<\/p>\n<p><strong>Dia 05\/12\/2022 &#8211;<\/strong> <a href=\"https:\/\/www.youtube.com\/watch?v=VCW_xqOwviw\">https:\/\/www.youtube.com\/watch?v=VCW_xqOwviw<\/a><\/p>\n<p><strong>Dia 06\/12\/2022 &#8211;<\/strong> <a href=\"https:\/\/www.youtube.com\/watch?v=N4Y-ZmFwiP8\">https:\/\/www.youtube.com\/watch?v=N4Y-ZmFwiP8<\/a><\/p>\n<p><strong>Dia 07\/12\/2022 &#8211;<\/strong> <a href=\"https:\/\/www.youtube.com\/watch?v=ADWC_IOO_JI\">https:\/\/www.youtube.com\/watch?v=ADWC_IOO_JI<\/a><\/p>\n<p><strong>Dia 08\/12\/2022 (manh\u00e3) &#8211;<\/strong><a href=\"https:\/\/www.youtube.com\/watch?v=CO30i6As01E\"> https:\/\/www.youtube.com\/watch?v=CO30i6As01E<\/a><\/p>\n<p><strong>Dia 08\/12\/2022 (tarde) &#8211;<\/strong> https:\/\/www.youtube.com\/watch?v=CeaWZRXtszE<\/p>\n<p>&nbsp;<\/p>\n<p><img decoding=\"async\" class=\"wp-image-1504 aligncenter\" src=\"https:\/\/www.ufsm.br\/app\/uploads\/sites\/569\/2022\/11\/WhatsApp-Image-2022-11-29-at-18.43.38.jpeg\" alt=\"\" width=\"556\" height=\"787\" srcset=\"https:\/\/www.ufsm.br\/app\/uploads\/sites\/569\/2022\/11\/WhatsApp-Image-2022-11-29-at-18.43.38.jpeg 904w, https:\/\/www.ufsm.br\/app\/uploads\/sites\/569\/2022\/11\/WhatsApp-Image-2022-11-29-at-18.43.38-212x300.jpeg 212w, https:\/\/www.ufsm.br\/app\/uploads\/sites\/569\/2022\/11\/WhatsApp-Image-2022-11-29-at-18.43.38-723x1024.jpeg 723w, https:\/\/www.ufsm.br\/app\/uploads\/sites\/569\/2022\/11\/WhatsApp-Image-2022-11-29-at-18.43.38-768x1087.jpeg 768w\" sizes=\"(max-width: 556px) 100vw, 556px\" \/><\/p>\n\n\n\n<p>\u00a0<\/p>\n<p style=\"text-align: center\"><span style=\"color: #000080\"><strong>Os certificados j\u00e1 est\u00e3o dispon\u00edveis e podem ser gerados na p\u00e1gina da UFSM <span style=\"background-color: #99ccff\">(<a style=\"color: #000080;background-color: #99ccff\" href=\"https:\/\/portal.ufsm.br\/certificados\/mainMenu.html\">clique aqui<\/a>)<\/span>. Para acessar o certificado deve-se digitar o nome cadastrado no ato de inscri\u00e7\u00e3o.\u00a0<\/strong><\/span><\/p>\n<p>\u00a0<\/p>\n<p><strong><span style=\"background-color: #00ccff;color: #000000\"><a style=\"background-color: #00ccff;color: #000000\" href=\"https:\/\/drive.google.com\/drive\/folders\/18dC-R-fpOA3-sf9RwViPBonQ-jOee3M7?usp=sharing\">Confira aqui<\/a> <\/span>a galeria de fotos do evento<\/strong><\/p>\n\n\n","protected":false},"excerpt":{"rendered":"<p>Entre os principais desafios dos agroneg\u00f3cios no cen\u00e1rio atual, encontram-se aspectos emergentes, que afetam de forma direta ou indireta a produ\u00e7\u00e3o agropecu\u00e1ria brasileira e mundial, tanto dentro como fora da porteira. Um destes temas \u00e9 a agroindustrializa\u00e7\u00e3o, que se refere \u00e0 transforma\u00e7\u00e3o da mat\u00e9ria prima produzida pelos agricultores, atrav\u00e9s das cadeias curtas de alcance geogr\u00e1fico [&hellip;]<\/p>\n","protected":false},"author":3862,"featured_media":0,"parent":0,"menu_order":0,"comment_status":"closed","ping_status":"closed","template":"","meta":{"footnotes":""},"categories":[],"tags":[],"class_list":["post-1563","page","type-page","status-publish","hentry"],"acf":[],"_links":{"self":[{"href":"https:\/\/www.ufsm.br\/cursos\/pos-graduacao\/palmeira-das-missoes\/ppgagr\/wp-json\/wp\/v2\/pages\/1563","targetHints":{"allow":["GET"]}}],"collection":[{"href":"https:\/\/www.ufsm.br\/cursos\/pos-graduacao\/palmeira-das-missoes\/ppgagr\/wp-json\/wp\/v2\/pages"}],"about":[{"href":"https:\/\/www.ufsm.br\/cursos\/pos-graduacao\/palmeira-das-missoes\/ppgagr\/wp-json\/wp\/v2\/types\/page"}],"author":[{"embeddable":true,"href":"https:\/\/www.ufsm.br\/cursos\/pos-graduacao\/palmeira-das-missoes\/ppgagr\/wp-json\/wp\/v2\/users\/3862"}],"replies":[{"embeddable":true,"href":"https:\/\/www.ufsm.br\/cursos\/pos-graduacao\/palmeira-das-missoes\/ppgagr\/wp-json\/wp\/v2\/comments?post=1563"}],"version-history":[{"count":0,"href":"https:\/\/www.ufsm.br\/cursos\/pos-graduacao\/palmeira-das-missoes\/ppgagr\/wp-json\/wp\/v2\/pages\/1563\/revisions"}],"wp:attachment":[{"href":"https:\/\/www.ufsm.br\/cursos\/pos-graduacao\/palmeira-das-missoes\/ppgagr\/wp-json\/wp\/v2\/media?parent=1563"}],"wp:term":[{"taxonomy":"category","embeddable":true,"href":"https:\/\/www.ufsm.br\/cursos\/pos-graduacao\/palmeira-das-missoes\/ppgagr\/wp-json\/wp\/v2\/categories?post=1563"},{"taxonomy":"post_tag","embeddable":true,"href":"https:\/\/www.ufsm.br\/cursos\/pos-graduacao\/palmeira-das-missoes\/ppgagr\/wp-json\/wp\/v2\/tags?post=1563"}],"curies":[{"name":"wp","href":"https:\/\/api.w.org\/{rel}","templated":true}]}}