{"id":161,"date":"2019-01-25T09:19:41","date_gmt":"2019-01-25T11:19:41","guid":{"rendered":"https:\/\/www.ufsm.br\/cursos\/pos-graduacao\/palmeira-das-missoes\/ppgagr\/?page_id=161"},"modified":"2019-01-25T09:19:43","modified_gmt":"2019-01-25T11:19:43","slug":"historico-do-curso","status":"publish","type":"page","link":"https:\/\/www.ufsm.br\/cursos\/pos-graduacao\/palmeira-das-missoes\/ppgagr\/historico-do-curso","title":{"rendered":"Hist\u00f3rico do Curso"},"content":{"rendered":"\n<h4>Desenvolvimento e Sustentabilidade nos Agroneg\u00f3cios<\/h4>\n<p>A cria\u00e7\u00e3o do Campus de Palmeira das Miss\u00f5es e a consequente abertura de cursos de gradua\u00e7\u00e3o nas \u00e1reas das Ci\u00eancias Sociais Aplicadas e das Ci\u00eancias Agr\u00e1rias resultou em natural aglomera\u00e7\u00e3o de pesquisadores e forma\u00e7\u00e3o de grupos de pesquisas aptos ao exerc\u00edcio da ci\u00eancia nos campos do desenvolvimento regional e dos agroneg\u00f3cios.<\/p>\n<p>As discuss\u00f5es sobre a cria\u00e7\u00e3o de uma P\u00f3s-Gradua\u00e7\u00e3o, em n\u00edvel Stricto Sensu, nos moldes ora apresentados, sempre estiveram presentes em conversas informais e o processo de amadurecimento de uma Apresenta\u00e7\u00e3o de Proposta de Curso Novo (APCN) para a Coordenadoria de Aperfei\u00e7oamento de Pessoal de N\u00edvel Superior (CAPES) passou a acontecer de forma natural. Em decorr\u00eancia disso, no segundo semestre de 2013 os integrantes do \u201cGrupo de Pesquisas em Economia, Agricultura Familiar e Agroneg\u00f3cios (GPEA)\u201d, do Grupo de Pesquisa em \u201cEconomia e Gest\u00e3o Agroalimentar\u201d, do \u201cN\u00facleo de Pesquisa e Extens\u00e3o em Agroneg\u00f3cios (NPEAGRO)\u201d, do Grupo de Pesquisa \u201cGest\u00e3o na Integra\u00e7\u00e3o Produ\u00e7\u00e3o Vegetal com Produ\u00e7\u00e3o de Ruminantes\u201d, do N\u00facleo de Pesquisas em Cadeia Leiteira (NUPECLE) e do \u201cGrupo de Estudos e Pesquisas em Suinocultura\u201d iniciaram o ciclo de discuss\u00f5es e reuni\u00f5es que forneceu as bases desta APCN.<\/p>\n<p>O amadurecimento das discuss\u00f5es levou o grupo de professores a decidir pela cria\u00e7\u00e3o de um programa interdisciplinar, diretamente vinculado aos problemas emergentes de nossa sociedade e a \u00e1rea de atua\u00e7\u00e3o dos pesquisadores. Assim surgiu a proposta para o Programa de P\u00f3s-Gradua\u00e7\u00e3o em Agroneg\u00f3cios &#8211; Mestrado Acad\u00eamico.<\/p>\n<p>Com o objetivo de dar encaminhamento aos trabalhos, o grupo de docentes escolheu, por unanimidade, os Professores Doutores Nilson Luiz Costa, Antonio Joreci Flores, Tanice Andreatta e Jo\u00e3o Pedro Velho para compor a comiss\u00e3o respons\u00e1vel pela elabora\u00e7\u00e3o e encaminhamento da proposta de APCN, ficando ao primeiro a responsabilidade de coordena\u00e7\u00e3o da proposta. Esta comiss\u00e3o participou de uma reuni\u00e3o com a Profa. Dra. \u00c1gueda Palmira Castagna de Vargas (Pr\u00f3-reitora Adjunta de P\u00f3s-gradua\u00e7\u00e3o e Pesquisa e respons\u00e1vel pela Coordenadoria de P\u00f3s-gradua\u00e7\u00e3o) no dia 09 de abril de 2014 nas depend\u00eancias da PRPGP\/UFSM, momento em que apresentou a intens\u00e3o de criar o curso de Mestrado em Agroneg\u00f3cios. A reuni\u00e3o foi prof\u00edcua, a partir de ent\u00e3o novas reuni\u00f5es aconteceram, a Pr\u00f3-Reitoria de P\u00f3s-Gradua\u00e7\u00e3o e Pesquisa passou a apoiar a iniciativa e o grupo de professores intensificou as discuss\u00f5es que resultaram na aprova\u00e7\u00e3o do PPGAGR.<\/p>\n<p>Ap\u00f3s avaliar o APCN, a CAPES aprovou com nota 3 o PPGAGR e concluiu que:<\/p>\n<p>a) \u201ch\u00e1 condi\u00e7\u00f5es adequadas para o seu funcionamento, al\u00e9m de contar com o compromisso da reitoria em fornecer condi\u00e7\u00f5es para o seu desenvolvimento\u201d;<\/p>\n<p>b) \u201ca proposta est\u00e1 bem estruturada, apresentando consist\u00eancia entre a \u00e1rea de concentra\u00e7\u00e3o, as linhas de pesquisa, a grade curricular e os projetos de pesquisa listados\u201d;<\/p>\n<p>c) \u201ca dimens\u00e3o e a composi\u00e7\u00e3o do corpo docente s\u00e3o adequadas para dar sustenta\u00e7\u00e3o \u00e0s atividades previstas\u201d;<\/p>\n<p>d) \u201ca produ\u00e7\u00e3o acad\u00eamica do corpo docente \u00e9 consistente com as exig\u00eancias para aprova\u00e7\u00e3o do Programa\u201d.<\/p>\n","protected":false},"excerpt":{"rendered":"<p>Desenvolvimento e Sustentabilidade nos Agroneg\u00f3cios A cria\u00e7\u00e3o do Campus de Palmeira das Miss\u00f5es e a consequente abertura de cursos de gradua\u00e7\u00e3o nas \u00e1reas das Ci\u00eancias Sociais Aplicadas e das Ci\u00eancias Agr\u00e1rias resultou em natural aglomera\u00e7\u00e3o de pesquisadores e forma\u00e7\u00e3o de grupos de pesquisas aptos ao exerc\u00edcio da ci\u00eancia nos campos do desenvolvimento regional e dos [&hellip;]<\/p>\n","protected":false},"author":194,"featured_media":0,"parent":0,"menu_order":0,"comment_status":"closed","ping_status":"closed","template":"","meta":{"footnotes":""},"categories":[],"tags":[],"class_list":["post-161","page","type-page","status-publish","hentry"],"acf":[],"_links":{"self":[{"href":"https:\/\/www.ufsm.br\/cursos\/pos-graduacao\/palmeira-das-missoes\/ppgagr\/wp-json\/wp\/v2\/pages\/161","targetHints":{"allow":["GET"]}}],"collection":[{"href":"https:\/\/www.ufsm.br\/cursos\/pos-graduacao\/palmeira-das-missoes\/ppgagr\/wp-json\/wp\/v2\/pages"}],"about":[{"href":"https:\/\/www.ufsm.br\/cursos\/pos-graduacao\/palmeira-das-missoes\/ppgagr\/wp-json\/wp\/v2\/types\/page"}],"author":[{"embeddable":true,"href":"https:\/\/www.ufsm.br\/cursos\/pos-graduacao\/palmeira-das-missoes\/ppgagr\/wp-json\/wp\/v2\/users\/194"}],"replies":[{"embeddable":true,"href":"https:\/\/www.ufsm.br\/cursos\/pos-graduacao\/palmeira-das-missoes\/ppgagr\/wp-json\/wp\/v2\/comments?post=161"}],"version-history":[{"count":0,"href":"https:\/\/www.ufsm.br\/cursos\/pos-graduacao\/palmeira-das-missoes\/ppgagr\/wp-json\/wp\/v2\/pages\/161\/revisions"}],"wp:attachment":[{"href":"https:\/\/www.ufsm.br\/cursos\/pos-graduacao\/palmeira-das-missoes\/ppgagr\/wp-json\/wp\/v2\/media?parent=161"}],"wp:term":[{"taxonomy":"category","embeddable":true,"href":"https:\/\/www.ufsm.br\/cursos\/pos-graduacao\/palmeira-das-missoes\/ppgagr\/wp-json\/wp\/v2\/categories?post=161"},{"taxonomy":"post_tag","embeddable":true,"href":"https:\/\/www.ufsm.br\/cursos\/pos-graduacao\/palmeira-das-missoes\/ppgagr\/wp-json\/wp\/v2\/tags?post=161"}],"curies":[{"name":"wp","href":"https:\/\/api.w.org\/{rel}","templated":true}]}}