{"id":163,"date":"2019-01-25T09:22:22","date_gmt":"2019-01-25T11:22:22","guid":{"rendered":"https:\/\/www.ufsm.br\/cursos\/pos-graduacao\/palmeira-das-missoes\/ppgagr\/?page_id=163"},"modified":"2023-08-03T14:30:14","modified_gmt":"2023-08-03T17:30:14","slug":"infraestrutura","status":"publish","type":"page","link":"https:\/\/www.ufsm.br\/cursos\/pos-graduacao\/palmeira-das-missoes\/ppgagr\/infraestrutura","title":{"rendered":"Infraestrutura"},"content":{"rendered":"\n<h3>Laborat\u00f3rios dispon\u00edveis para pesquisa<\/h3>\n<h4>Laborat\u00f3rio de pesquisas socioecon\u00f4micas<\/h4>\n<div class=\"page\" title=\"Page 128\">\n<div class=\"layoutArea\">\n<div class=\"column\">\n<p>O Laborat\u00f3rio de Socioeconomia Agr\u00e1ria contempla tr\u00eas estruturas, todas financiadas\u00a0pelo FINEP, onde os docentes do N\u00facleo de Pesquisas em Economia do Agroneg\u00f3cio (NPEA), do N\u00facleo de Pesquisa e Extens\u00e3o em Agroneg\u00f3cios (NPEAGRO) e do Grupo de Extens\u00e3o e Pesquisa em Estrat\u00e9gia Organizacional (GEPEO) realizam estudos acerca das problem\u00e1ticas socioecon\u00f4micas e rurais, envolvendo as tem\u00e1ticas vinculadas \u00e0 organiza\u00e7\u00e3o industrial, competitividade, com\u00e9rcio internacional, desenvolvimento regional,\u00a0<span style=\"color: initial;font-size: Revert\">desenvolvimento rural, agricultura familiar, mercados agropecu\u00e1rios, governan\u00e7a, todas articuladas de maneira interdisciplinar, buscando construir e fortalecer a ci\u00eancia do Agroneg\u00f3cio.<\/span><\/p>\n<\/div>\n<\/div>\n<\/div>\n<h4>Laborat\u00f3rio de inform\u00e1tica<\/h4>\n<div class=\"page\" title=\"Page 129\">\n<div class=\"layoutArea\">\n<div class=\"column\">\n<p>Est\u00e3o dispon\u00edveis para os alunos do PPGAGR tr\u00eas laborat\u00f3rios de inform\u00e1tica, com\u00a0constante atualiza\u00e7\u00e3o de softwares e sistemas operacionais, totalizando 85 computadores, que atendem satisfatoriamente as necessidades da comunidade acad\u00eamica.<\/p>\n<\/div>\n<\/div>\n<\/div>\n<h4>Laborat\u00f3rio de Ambi\u00eancia e Bem-Estar Animal (LAABEA)<\/h4>\n<div class=\"page\" title=\"Page 129\">\n<div class=\"layoutArea\">\n<div class=\"column\">\n<p>O LAABEA possui duas salas dedicadas, com quatro baias cada, para simula\u00e7\u00f5es controladas e de condi\u00e7\u00f5es de cria\u00e7\u00e3o comercial. Os pesquisadores contam ainda com um Laborat\u00f3rio de An\u00e1lises Ambientais, uma c\u00e2mara ambiental controlada, salas de apoio para reuni\u00f5es e estudos e outros ambientes de apoio (almoxarifado, sala de conviv\u00eancia). H\u00e1, ainda, \u00e1reas adjacentes aos pr\u00e9dios para suporte a projetos e aulas pr\u00e1ticas que envolvem tecnologias para sistemas alternativos de tratamento de dejetos, coleta de \u00e1gua, horta comunit\u00e1ria e outras estruturas para promo\u00e7\u00e3o e divulga\u00e7\u00e3o de pr\u00e1ticas sustent\u00e1veis. Os projetos desenvolvidos neste\u00a0laborat\u00f3rio possuem um amplo aspecto multidisciplinar.<\/p>\n<p>Junto ao LAABEA est\u00e1 o Grupo de Estudos e Pesquisa em Suinocultura (GPS), que\u00a0busca desenvolver trabalhos de bem-estar animal, mas tamb\u00e9m de em outras tem\u00e1ticas relacionadas a produ\u00e7\u00e3o de su\u00ednos.<\/p>\n<\/div>\n<\/div>\n<\/div>\n<h4>Laborat\u00f3rios de piscicultura<\/h4>\n<div class=\"page\" title=\"Page 129\">\n<div class=\"layoutArea\">\n<div class=\"column\">\n<p>Disp\u00f5e de Laborat\u00f3rios, sala de estudo e equipamentos necess\u00e1rios para a condu\u00e7\u00e3o de<\/p>\n<p>pesquisas na produ\u00e7\u00e3o de peixes de \u00e1gua doce em sistemas intensivos. Possui equipamentos como freezers, refrigeradores, m\u00e1quina de gelo, balan\u00e7as de precis\u00e3o, banho-maria, espectrofot\u00f4metro, lupas, microsc\u00f3pios, ox\u00edmetro, pHmetro, bloco digestor, destilador de N, destilador de solventes, moinhos, turrax, capela de exaust\u00e3o, sistema de filtragem, kits para an\u00e1lise de \u00e1gua e 02, estufas, balan\u00e7a anal\u00edtica; vortex. O laborat\u00f3rio possui salas para preparo de ra\u00e7\u00f5es e de experimentos (480 m2), destinadas a avalia\u00e7\u00e3o de dietas e manejos para esp\u00e9cies nativas e ex\u00f3ticas em sistemas intensivos de produ\u00e7\u00e3o, como bioflocos e recircula\u00e7\u00e3o de \u00e1gua.<\/p>\n<\/div>\n<\/div>\n<\/div>\n<h4>Laborat\u00f3rio de Estudos sobre Interface Planta-Animal<\/h4>\n<div class=\"page\" title=\"Page 130\">\n<div class=\"layoutArea\">\n<div class=\"column\">\n<p>O grupo de pesquisa \u201cGest\u00e3o na Integra\u00e7\u00e3o Produ\u00e7\u00e3o Vegetal com Produ\u00e7\u00e3o de Ruminantes\u201d <a href=\"http:\/\/dgp.cnpq.br\/dgp\/espelhogrupo\/1055957932931858\">http:\/\/dgp.cnpq.br\/dgp\/espelhogrupo\/1055957932931858<\/a> desenvolve projetos nas linhas de pesquisa: Metan\u00e1lise; Produ\u00e7\u00e3o e manejo de pastagens; Produ\u00e7\u00e3o, manejo e conserva\u00e7\u00e3o de volumosos; Integra\u00e7\u00e3o Lavoura-Pecu\u00e1ria; e Bovinocultura de Leite e de Corte.<\/p>\n<p>O Grupo de Pesquisa busca avaliar, adaptar e gerar tecnologias que permitam incrementar o desempenho animal considerando suas interrela\u00e7\u00f5es com o n\u00edvel tecnol\u00f3gico utilizado na produ\u00e7\u00e3o de cereais e oleaginosas nas empresas rurais localizadas no Planalto e Miss\u00f5es do Rio Grande do Sul. Estudar a (re)ciclagem de nutrientes na integra\u00e7\u00e3o lavoura- pecu\u00e1ria. Estudar os sistemas de produ\u00e7\u00e3o de bovinos, bubalinos e ovinos. Estudar a produ\u00e7\u00e3o de volumosos conservados. Estudar o manejo de pastagens temperadas e tropicais. Estudos atrav\u00e9s de metan\u00e1lise a composi\u00e7\u00e3o bromatol\u00f3gica de alimentos volumosos e concentrados, bem como a produ\u00e7\u00e3o de animais dom\u00e9sticos. Durante a realiza\u00e7\u00e3o dos projetos de pesquisa haver\u00e1 forma\u00e7\u00e3o de graduandos e p\u00f3s-graduandos. Os resultados cient\u00edficos ser\u00e3o publicados\u00a0no meio cient\u00edfico e sobretudo para os produtores rurais.<\/p>\n<p>Tamb\u00e9m o grupo desenvolve trabalho de pesquisa com a cadeia produtiva da linha\u00e7a,\u00a0buscando compreender a din\u00e2mica dos impactos da cultura da Linha\u00e7a no Brasil, mas verificaram que h\u00e1 poucas informa\u00e7\u00f5es. Em 2020, v\u00e1rios pesquisadores entenderam que seria o momento de organizar experimentos em rede para iniciar os estudos de forma mais ampla. Ser\u00e3o realizados experimentos envolvendo as cultivares Dourada e Marrom, nos quais ser\u00e3o realizados trabalhos de biometria, melhoramento gen\u00e9tico, composi\u00e7\u00e3o bromatol\u00f3gica e an\u00e1lise econ\u00f4mica. Tamb\u00e9m s\u00e3o realizados estudos para compreender as necessidades dos consumidores e toda din\u00e2mica da Cadeia Produtiva da Linha\u00e7a no Brasil. Os projetos de ensino, pesquisa e extens\u00e3o desenvolvidos pelo grupo envolver\u00e3o alunos de cursos T\u00e9cnicos em Agropecu\u00e1ria, alunos de gradua\u00e7\u00e3o de Agronomia e Zootecnia, e alunos de Mestrado e Doutorado de v\u00e1rios Programas de P\u00f3s-Gradua\u00e7\u00e3o das Ci\u00eancias Agr\u00e1rias e Interdisciplinar.<\/p>\n<\/div>\n<\/div>\n<\/div>\n<h3>Biblioteca<\/h3>\n<div class=\"page\" title=\"Page 131\">\n<div class=\"layoutArea\">\n<div class=\"column\">\n<p>As bibliotecas setoriais da UFSM s\u00e3o \u00f3rg\u00e3os vinculados \u00e0 Biblioteca Central do campus sede, com certa autonomia administrativa, que participam do processo de coopera\u00e7\u00e3o de registros bibliogr\u00e1ficos, dentro do sistema interno da UFSM, denominado Sistema de Informa\u00e7\u00e3o Educacional (SIE). A Biblioteca Setorial do Campus de Palmeira das Miss\u00f5es (BSPM) (sala 125 \u2013 pr\u00e9dio 1) \u00e9 um \u00f3rg\u00e3o que pertence ao Sistema de Bibliotecas da UFSM, possui amplo acesso aos registros bibliogr\u00e1ficos de forma on-line. Funcion\u00e1rios e bolsistas atendem a uma escala\/hor\u00e1rio que permite ao usu\u00e1rio utilizar os servi\u00e7os \u00e0 disposi\u00e7\u00e3o de segunda a sexta-feira, das 8h \u00e0s 21h. Os p\u00fablicos atendidos pela BSPM s\u00e3o: o corpo docente, discente, servidores e bolsistas do Campus, al\u00e9m da comunidade regional.<\/p>\n<p>O acervo das bibliotecas da UFSM encontra-se cadastrado no m\u00f3dulo de gerenciamento de bibliotecas do SIE, sistema que permite inserir registros de distintos suportes. A consulta ao acervo pode ser realizada pela Internet no site da Biblioteca Central UFSM (<a href=\"http:\/\/w3.ufsm.br\/biblioteca\/\">http:\/\/w3.ufsm.br\/biblioteca\/<\/a>) ou nos terminais de consulta dispon\u00edveis no setor.<\/p>\n<p>Atualmente, a cole\u00e7\u00e3o do Sistema de Bibliotecas da UFSM \u00e9 formada por acervo de 147.481 t\u00edtulos e 560.365 exemplares, entre os quais: 251.773 exemplares de livros, 284.765 exemplares de peri\u00f3dicos, 5613 exemplares de folhetos, 13.917 exemplares de trabalhos de conclus\u00e3o de curso, entre outros referenciais bibliogr\u00e1ficos como normas t\u00e9cnicas, partituras, recursos eletr\u00f4nicos, artigos, etc. A unidade de Palmeira das Miss\u00f5es \u00e9 composta, fisicamente, por 3.803 t\u00edtulos e 13.725 exemplares cadastrados na base de dados SIE, tombados junto ao patrim\u00f4nio da UFSM. Especificamente, na \u00e1rea de ci\u00eancias agr\u00e1rias, constam 1.265 exemplares; em ci\u00eancias sociais aplicadas constam 3.782 exemplares.<\/p>\n<p>O acervo geral contempla as \u00e1reas de conhecimento da Nutri\u00e7\u00e3o, Enfermagem, Ci\u00eancias Biol\u00f3gicas, Administra\u00e7\u00e3o, Ci\u00eancias Econ\u00f4micas, Zootecnia e Agroneg\u00f3cio, uma vez que conta com esses cursos nesse Campus Universit\u00e1rio da UFSM. Destaca-se que as Bibliotecas da UFSM contam com uma pol\u00edtica de atualiza\u00e7\u00e3o, recebendo de forma ininterrupta sugest\u00f5es de material bibliogr\u00e1fico para compra.<\/p>\n<p>Em 2018 foi implementado o Sistema de Descoberta do SiB-UFSM que utiliza a plataforma EBSCO Discovery Service (EDS) e caracteriza-se por: coletar informa\u00e7\u00f5es em diferentes bases de dados e cat\u00e1logos; ter uma interface \u00fanica de busca; integrar fontes\u00a0<span style=\"color: initial;font-size: Revert\">institucionais e externas; possibilitar interoperabilidade entre plataformas; e apresentar filtros para refinar os resultados da pesquisa. No Campus de Palmeira das Miss\u00f5es existem onze m\u00e1quinas dispon\u00edveis ao p\u00fablico na biblioteca para pesquisa dos cat\u00e1logos e outros sites. Importante destacar, que as Bibliotecas da UFSM permitem acesso a recursos eletr\u00f4nicos (Minha Biblioteca, Manancial \u2013 Reposit\u00f3rio Institucional, EBSCOhost, IEEE, Wiley Total Engineering, Portal de Peri\u00f3dicos da Capes, Peri\u00f3dicos Eletr\u00f4nicos da UFSM), os quais est\u00e3o integrados \u00e0 Cole\u00e7\u00e3o UFSM do Servi\u00e7o de Descoberta e podem ser acessados por meio da caixa de busca unificada.<\/span><\/p>\n<\/div>\n<\/div>\n<\/div>\n<div class=\"page\" title=\"Page 132\">\n<div class=\"layoutArea\">\n<div class=\"column\">\n<p>\u00c9 importante ressaltar que a comunidade acad\u00eamica da UFSM possui acesso \u00e0 produ\u00e7\u00e3o cient\u00edfica do Portal de Peri\u00f3dicos CAPES, totalmente gratuita, uma vez que o mesmo pode ser acessado por qualquer computador instalado na UFSM-PM. Do mesmo modo, o sistema de inform\u00e1tica da universidade permite, atrav\u00e9s de senhas, o acesso aos Peri\u00f3dicos CAPES nas resid\u00eancias dos alunos e professores. Destaca-se que por interm\u00e9dio do Portal de Peri\u00f3dicos da CAPES \u00e9 poss\u00edvel acessar as bases de dados da Web of Science (WOS) do Institute for Scientific Information (ISI) e a da Elsevier\u2019s Scopus.<\/p>\n<p>Todas as bibliotecas da UFSM fazem parte do cat\u00e1logo on-line, permitindo assim a pesquisa, localiza\u00e7\u00e3o do material bibliogr\u00e1fico dispon\u00edvel no acervo das bibliotecas da UFSM, al\u00e9m de reserva e renova\u00e7\u00e3o. Tamb\u00e9m apresenta, no menu &#8220;Acervo&#8221;, uma lista atualizada dinamicamente do acervo geral da UFSM.<\/p>\n<p>Entre os principais servi\u00e7os prestados pela Biblioteca Setorial de Palmeira das Miss\u00f5es destacam-se: acesso ao Portal de Peri\u00f3dicos Capes; acesso \u00e0 Internet\/Wireless; promo\u00e7\u00e3o de campanhas; servi\u00e7os reprogr\u00e1ficos de artigos cient\u00edficos por meio de comuta\u00e7\u00e3o bibliogr\u00e1fica (COMUT); disponibiliza\u00e7\u00e3o da Sala de Estudos equipada com mesa para estudo em grupo, computador, c\u00e2mera e microfone; orienta\u00e7\u00e3o na normaliza\u00e7\u00e3o de trabalhos t\u00e9cnico-cient\u00edficos, de livros, teses e artigos cient\u00edficos nas normas da Associa\u00e7\u00e3o Brasileira de Normas T\u00e9cnicas (ABNT); visitas orientadas em todo in\u00edcio do semestre.<\/p>\n<p>As visitas orientadas s\u00e3o feitas com agendamento pr\u00e9vio pelos professores das disciplinas (geralmente da Metodologia Cient\u00edfica) com a finalidade de receber informa\u00e7\u00f5es sobre a utiliza\u00e7\u00e3o das bibliotecas e um breve passeio para conhecer as instala\u00e7\u00f5es. Al\u00e9m destes servi\u00e7os, a bibliotec\u00e1ria respons\u00e1vel pelo setor oferta treinamentos na \u00e1rea da metodologia da pesquisa.<\/p>\n<p>Atualmente, a Biblioteca Setorial do campus de Palmeira das Miss\u00f5es tem \u00e1rea de 95\u00a0<span style=\"font-size: Revert;color: initial\">m quadrados , cerca de 35% do seu espa\u00e7o \u00e9 reservado para o acervo bibliogr\u00e1fico; 35% para usu\u00e1rios e\u00a0<\/span><span style=\"color: initial;font-size: Revert\">30% para parte administrativa e conta com um bibliotec\u00e1rio, um auxiliar administrativo e bolsistas.<\/span><\/p>\n<\/div>\n<\/div>\n<\/div>\n<p>\u00a0<\/p>\n<p>\u00a0<\/p>\n<p>\u00a0<\/p>\n<p>\u00a0<\/p>\n","protected":false},"excerpt":{"rendered":"<p>Laborat\u00f3rios dispon\u00edveis para pesquisa Laborat\u00f3rio de pesquisas socioecon\u00f4micas O Laborat\u00f3rio de Socioeconomia Agr\u00e1ria contempla tr\u00eas estruturas, todas financiadas\u00a0pelo FINEP, onde os docentes do N\u00facleo de Pesquisas em Economia do Agroneg\u00f3cio (NPEA), do N\u00facleo de Pesquisa e Extens\u00e3o em Agroneg\u00f3cios (NPEAGRO) e do Grupo de Extens\u00e3o e Pesquisa em Estrat\u00e9gia Organizacional (GEPEO) realizam estudos acerca das [&hellip;]<\/p>\n","protected":false},"author":194,"featured_media":0,"parent":0,"menu_order":0,"comment_status":"closed","ping_status":"closed","template":"","meta":{"footnotes":""},"categories":[],"tags":[],"class_list":["post-163","page","type-page","status-publish","hentry"],"acf":[],"_links":{"self":[{"href":"https:\/\/www.ufsm.br\/cursos\/pos-graduacao\/palmeira-das-missoes\/ppgagr\/wp-json\/wp\/v2\/pages\/163","targetHints":{"allow":["GET"]}}],"collection":[{"href":"https:\/\/www.ufsm.br\/cursos\/pos-graduacao\/palmeira-das-missoes\/ppgagr\/wp-json\/wp\/v2\/pages"}],"about":[{"href":"https:\/\/www.ufsm.br\/cursos\/pos-graduacao\/palmeira-das-missoes\/ppgagr\/wp-json\/wp\/v2\/types\/page"}],"author":[{"embeddable":true,"href":"https:\/\/www.ufsm.br\/cursos\/pos-graduacao\/palmeira-das-missoes\/ppgagr\/wp-json\/wp\/v2\/users\/194"}],"replies":[{"embeddable":true,"href":"https:\/\/www.ufsm.br\/cursos\/pos-graduacao\/palmeira-das-missoes\/ppgagr\/wp-json\/wp\/v2\/comments?post=163"}],"version-history":[{"count":0,"href":"https:\/\/www.ufsm.br\/cursos\/pos-graduacao\/palmeira-das-missoes\/ppgagr\/wp-json\/wp\/v2\/pages\/163\/revisions"}],"wp:attachment":[{"href":"https:\/\/www.ufsm.br\/cursos\/pos-graduacao\/palmeira-das-missoes\/ppgagr\/wp-json\/wp\/v2\/media?parent=163"}],"wp:term":[{"taxonomy":"category","embeddable":true,"href":"https:\/\/www.ufsm.br\/cursos\/pos-graduacao\/palmeira-das-missoes\/ppgagr\/wp-json\/wp\/v2\/categories?post=163"},{"taxonomy":"post_tag","embeddable":true,"href":"https:\/\/www.ufsm.br\/cursos\/pos-graduacao\/palmeira-das-missoes\/ppgagr\/wp-json\/wp\/v2\/tags?post=163"}],"curies":[{"name":"wp","href":"https:\/\/api.w.org\/{rel}","templated":true}]}}