{"id":166,"date":"2019-01-25T09:30:47","date_gmt":"2019-01-25T11:30:47","guid":{"rendered":"https:\/\/www.ufsm.br\/cursos\/pos-graduacao\/palmeira-das-missoes\/ppgagr\/?page_id=166"},"modified":"2025-08-21T16:52:38","modified_gmt":"2025-08-21T19:52:38","slug":"linhas-de-pesquisa","status":"publish","type":"page","link":"https:\/\/www.ufsm.br\/cursos\/pos-graduacao\/palmeira-das-missoes\/ppgagr\/linhas-de-pesquisa","title":{"rendered":"Linhas de Pesquisa"},"content":{"rendered":"\n<h4>Arranjos Organizacionais e Competitividade nos Agroneg\u00f3cios<\/h4>\n<p>Esta linha de pesquisa tem o objetivo de nortear estudos interdisciplinares que vinculam os arranjos organizacionais e a competitividade dos agroneg\u00f3cios ao processo de desenvolvimento regional sustent\u00e1vel.<\/p>\n<p>Esta abordagem parte de uma concep\u00e7\u00e3o sist\u00eamica em que o estudo das din\u00e2micas s\u00f3cio produtivas dos neg\u00f3cios agroindustriais se constitui como objetivo de an\u00e1lise, assim como as rela\u00e7\u00f5es entre organiza\u00e7\u00f5es agroindustriais, cadeias produtivas, ambientes organizacionais e institucionais.<\/p>\n<h4>Gest\u00e3o de Sistemas de Produ\u00e7\u00e3o Agroindustrial<\/h4>\n<p>Esta linha de pesquisa tem como objetivo a realiza\u00e7\u00e3o de estudos transversais que agreguem as principais dimens\u00f5es relacionadas \u00e0 produ\u00e7\u00e3o agropecu\u00e1ria e agroindustrial, principalmente \u00e0quelas relacionadas a viabilidade econ\u00f4mica, desempenho zoot\u00e9cnico\/agron\u00f4mico, qualidade da produ\u00e7\u00e3o, manejo, reciclagem de nutrientes e sustentabilidade.<\/p>\n<p>O corpo docente est\u00e1 distribu\u00eddo entre as duas linhas (Quadro 1), possui forma\u00e7\u00e3o, atua nas distintas \u00e1reas do conhecimento e busca transpor as fronteiras do conhecimento a partir dos ganhos advindos da abordagem interdisciplinar.<\/p>\n<p>Quadro 1. Linhas de pesquisa do Programa de P\u00f3s-Gradua\u00e7\u00e3o em Agroneg\u00f3cios e docentes vinculados \u00e0s mesmas<\/p>\n<table style=\"width: 100%\" cellspacing=\"0\" cellpadding=\"2\"><colgroup><col width=\"279\" \/><col width=\"277\" \/><\/colgroup>\n<tbody>\n<tr valign=\"top\">\n<td style=\"width: 50.0973%\" width=\"279\">\n<h4>Nome<\/h4>\n<\/td>\n<td style=\"width: 49.7082%\" width=\"277\">\n<h4>Docentes Vinculados ao Programa<\/h4>\n<\/td>\n<\/tr>\n<tr>\n<td style=\"width: 50.0973%\" width=\"279\">\n<p>LP 1:<\/p>\n<p>Arranjos Organizacionais e Competitividade nos Agroneg\u00f3cios<\/p>\n<\/td>\n<td style=\"width: 49.7082%\" valign=\"top\" width=\"277\">\n<p>Prof. Dr. Adriano Lago*\u00a0 \u00a0 \u00a0 \u00a0 \u00a0 \u00a0 \u00a0 \u00a0 \u00a0 \u00a0 \u00a0 \u00a0 \u00a0 \u00a0 \u00a0 \u00a0 \u00a0 \u00a0 \u00a0 \u00a0 \u00a0<a href=\"mailto:adrianolago@yahho.com.br\">adrianolago@yahoo.com.br<\/a><\/p>\n<p>Prof.\u00aa Dr.\u00aa Bianca Bigolin Liszbinski*\u00a0 \u00a0 \u00a0 \u00a0 \u00a0 \u00a0 \u00a0 \u00a0 \u00a0 \u00a0 \u00a0 \u00a0 \u00a0 \u00a0 \u00a0 <a href=\"mailto:bianca.bigolin@ufsm.br\">bianca.bigolin@ufsm.br<\/a><\/p>\n<p>Prof. Dr. Gabriel Nunes de Oliveira*\u00a0 \u00a0 \u00a0 \u00a0 \u00a0 \u00a0 \u00a0 \u00a0 \u00a0 \u00a0 \u00a0 \u00a0 \u00a0 <a href=\"mailto:Gabriel.n.oliveira@ufsm.br\">Gabriel.n.oliveira@ufsm.br<\/a><\/p>\n<p>Prof. Dr. Nelson Guilherme Machado Pinto*\u00a0 \u00a0 \u00a0 \u00a0 \u00a0 \u00a0 \u00a0 \u00a0 \u00a0 \u00a0 <a href=\"mailto:nelson.pinto@ufsm.br\">nelson.pinto@ufsm.br<\/a><\/p>\n<p>Prof. Dr. Nilson Luiz Costa*\u00a0 \u00a0 \u00a0 \u00a0 \u00a0 \u00a0 \u00a0 \u00a0 \u00a0 \u00a0 \u00a0 \u00a0 \u00a0 \u00a0 \u00a0 \u00a0 \u00a0 \u00a0 \u00a0 \u00a0 \u00a0 \u00a0 \u00a0 <a href=\"mailto:nilson.costa@ufsm.br\">nilson.costa@ufsm.br<\/a><\/p>\n<p>Prof.\u00aa Dr.\u00aa Paloma de Mattos Fagundes** \u00a0 \u00a0 \u00a0 \u00a0 \u00a0 \u00a0 \u00a0 \u00a0 \u00a0 \u00a0<a href=\"mailto:paloma.mattos@ufsm.br\">paloma.mattos@ufsm.br<\/a><\/p>\n<p>Prof.\u00aa Dr.\u00aa Tanice Andreatta*\u00a0 \u00a0 \u00a0 \u00a0 \u00a0 \u00a0 \u00a0 \u00a0 \u00a0 \u00a0 \u00a0 \u00a0 \u00a0 \u00a0 \u00a0 \u00a0 \u00a0 \u00a0 <a href=\"mailto:tanice.andreatta@ufsm.br\">tanice.andreatta@ufsm.br<\/a><\/p>\n<\/td>\n<\/tr>\n<tr>\n<td style=\"width: 50.0973%\" width=\"279\">\n<p>LP 2:<\/p>\n<p>Gest\u00e3o de Sistemas de Produ\u00e7\u00e3o Agroindustrial<\/p>\n<\/td>\n<td style=\"width: 49.7082%\" valign=\"top\" width=\"277\">\n<p>Prof. Dr. Cristian Faturi*\u00a0 \u00a0 \u00a0 \u00a0 \u00a0 \u00a0 \u00a0 \u00a0 \u00a0 \u00a0 \u00a0 \u00a0 \u00a0 \u00a0 \u00a0 \u00a0 \u00a0 \u00a0 <a href=\"mailto:cristian.faturi@ufsm.br\">cristian.faturi@ufsm.br<\/a>\u00a0 \u00a0 \u00a0 \u00a0 \u00a0 \u00a0\u00a0<\/p>\n<p>Prof.\u00aa Dr.\u00aa Ione Maria Pereira Haygert-Velho*\u00a0 \u00a0 \u00a0 \u00a0 \u00a0 \u00a0 \u00a0 <a href=\"mailto:ione.h.velho@ufsm.br\">ione.h.velho@ufsm.br<\/a><\/p>\n<p>Prof. Dr. Jo\u00e3o Pedro Velho*\u00a0 \u00a0 \u00a0 \u00a0 \u00a0 \u00a0 \u00a0 \u00a0 \u00a0 \u00a0 \u00a0 \u00a0 \u00a0 \u00a0 \u00a0 \u00a0 \u00a0 \u00a0 \u00a0 \u00a0 \u00a0 \u00a0 \u00a0 \u00a0 \u00a0 \u00a0 \u00a0 \u00a0<a href=\"mailto:velhojp@ufsm.br\">velhojp@ufsm.br<\/a><\/p>\n<p>Prof.\u00aa Dr.\u00aa Juliana Sarubbi*\u00a0 \u00a0 \u00a0 \u00a0 \u00a0 \u00a0 \u00a0 \u00a0 \u00a0 \u00a0 \u00a0 \u00a0 \u00a0 \u00a0 \u00a0 \u00a0 \u00a0 \u00a0 \u00a0 \u00a0 \u00a0 <a href=\"mailto:juliana.sarubbi@ufsm.br\">juliana.sarubbi@ufsm.br<\/a><\/p>\n<p>Prof.\u00aa Dr.\u00aa Luciana Fagundes Christofari*\u00a0 \u00a0 \u00a0 \u00a0 \u00a0 <a href=\"mailto:luciana_christofari@ufsm.br\">luciana_christofari@ufsm.br<\/a><\/p>\n<p>Prof. Dr. Rafael Lazzari*\u00a0 \u00a0 \u00a0 \u00a0 \u00a0 \u00a0 \u00a0 \u00a0 \u00a0 \u00a0 \u00a0 \u00a0 \u00a0 \u00a0 \u00a0 \u00a0 \u00a0 \u00a0 \u00a0 \u00a0 \u00a0 \u00a0 \u00a0 \u00a0 \u00a0 \u00a0 \u00a0 \u00a0 \u00a0 \u00a0<a href=\"mailto:rlazzari@ufsm.br\">rlazzari@ufsm.br<\/a><\/p>\n<p>Prof. Dr. Ricardo Zambarda Vaz*\u00a0 \u00a0 \u00a0 \u00a0 \u00a0 \u00a0 \u00a0 \u00a0 \u00a0 \u00a0 \u00a0 \u00a0 \u00a0 \u00a0 \u00a0 \u00a0 \u00a0 \u00a0 \u00a0 \u00a0 <a href=\"mailto:rzvaz@terra.com.br\">rzvaz@terra.com.br<\/a><\/p>\n<p>Prof.\u00aa Dr.\u00aa Rosani Marisa Spanevello*\u00a0 \u00a0 \u00a0 \u00a0 \u00a0 \u00a0 \u00a0 \u00a0 \u00a0 \u00a0<a href=\"mailto:rosani.spanevello@ufsm.br\">rosani.spanevello@ufsm.br<\/a><\/p>\n<\/td>\n<\/tr>\n<\/tbody>\n<\/table>\n<p>*Docente Permanente<\/p>\n<p>**Professora Colaboradora\u00a0<\/p>\n","protected":false},"excerpt":{"rendered":"<p>Arranjos Organizacionais e Competitividade nos Agroneg\u00f3cios Esta linha de pesquisa tem o objetivo de nortear estudos interdisciplinares que vinculam os arranjos organizacionais e a competitividade dos agroneg\u00f3cios ao processo de desenvolvimento regional sustent\u00e1vel. Esta abordagem parte de uma concep\u00e7\u00e3o sist\u00eamica em que o estudo das din\u00e2micas s\u00f3cio produtivas dos neg\u00f3cios agroindustriais se constitui como objetivo [&hellip;]<\/p>\n","protected":false},"author":194,"featured_media":0,"parent":0,"menu_order":0,"comment_status":"closed","ping_status":"closed","template":"","meta":{"footnotes":""},"categories":[],"tags":[],"class_list":["post-166","page","type-page","status-publish","hentry"],"acf":[],"_links":{"self":[{"href":"https:\/\/www.ufsm.br\/cursos\/pos-graduacao\/palmeira-das-missoes\/ppgagr\/wp-json\/wp\/v2\/pages\/166","targetHints":{"allow":["GET"]}}],"collection":[{"href":"https:\/\/www.ufsm.br\/cursos\/pos-graduacao\/palmeira-das-missoes\/ppgagr\/wp-json\/wp\/v2\/pages"}],"about":[{"href":"https:\/\/www.ufsm.br\/cursos\/pos-graduacao\/palmeira-das-missoes\/ppgagr\/wp-json\/wp\/v2\/types\/page"}],"author":[{"embeddable":true,"href":"https:\/\/www.ufsm.br\/cursos\/pos-graduacao\/palmeira-das-missoes\/ppgagr\/wp-json\/wp\/v2\/users\/194"}],"replies":[{"embeddable":true,"href":"https:\/\/www.ufsm.br\/cursos\/pos-graduacao\/palmeira-das-missoes\/ppgagr\/wp-json\/wp\/v2\/comments?post=166"}],"version-history":[{"count":0,"href":"https:\/\/www.ufsm.br\/cursos\/pos-graduacao\/palmeira-das-missoes\/ppgagr\/wp-json\/wp\/v2\/pages\/166\/revisions"}],"wp:attachment":[{"href":"https:\/\/www.ufsm.br\/cursos\/pos-graduacao\/palmeira-das-missoes\/ppgagr\/wp-json\/wp\/v2\/media?parent=166"}],"wp:term":[{"taxonomy":"category","embeddable":true,"href":"https:\/\/www.ufsm.br\/cursos\/pos-graduacao\/palmeira-das-missoes\/ppgagr\/wp-json\/wp\/v2\/categories?post=166"},{"taxonomy":"post_tag","embeddable":true,"href":"https:\/\/www.ufsm.br\/cursos\/pos-graduacao\/palmeira-das-missoes\/ppgagr\/wp-json\/wp\/v2\/tags?post=166"}],"curies":[{"name":"wp","href":"https:\/\/api.w.org\/{rel}","templated":true}]}}