{"id":2030,"date":"2024-02-20T09:55:15","date_gmt":"2024-02-20T12:55:15","guid":{"rendered":"https:\/\/www.ufsm.br\/cursos\/pos-graduacao\/palmeira-das-missoes\/ppgagr\/?page_id=2030"},"modified":"2025-01-13T09:34:31","modified_gmt":"2025-01-13T12:34:31","slug":"relatorio-de-autoavaliacao","status":"publish","type":"page","link":"https:\/\/www.ufsm.br\/cursos\/pos-graduacao\/palmeira-das-missoes\/ppgagr\/relatorio-de-autoavaliacao","title":{"rendered":"Relat\u00f3rio de Autoavalia\u00e7\u00e3o"},"content":{"rendered":"\n<p>O objetivo do Relat\u00f3rio de Autoavalia\u00e7\u00e3o \u00e9 apresentar as a\u00e7\u00f5es de autoavalia\u00e7\u00e3o realizadas pelo PPGAGR.<\/p>\n<p>De acordo com a CAPES (2019), a autoavalia\u00e7\u00e3o \u00e9 entendida como um processo de avaliar a si pr\u00f3prio possibilitando tomar decis\u00f5es assertivas sobre o rumo do Programa de P\u00f3s-Gradua\u00e7\u00e3o. Trata-se de uma avalia\u00e7\u00e3o interna, planejada, conduzida e implementada pelos pr\u00f3prios agentes da comunidade acad\u00eamica do Programa, entre eles docentes, discentes, egressos, t\u00e9cnicos e outros. Ou seja, a autoavalia\u00e7\u00e3o \u00e9 um processo avaliativo conceituado e autogerido pela comunidade (CAPES, 2019)<\/p>\n<p>Abaixo encontra-se o Relat\u00f3rio de Autoavalia\u00e7\u00e3o 2023:<\/p>\n<p><a href=\"https:\/\/drive.google.com\/file\/d\/1z3H9oYiqH3imqZ0QiiuVfFHjD0JaMmxG\/view?usp=sharing\">Relat\u00f3rio de Autoavalia\u00e7\u00e3o 2023<\/a><\/p>\n<p><a href=\"https:\/\/drive.google.com\/file\/d\/1PfsPvjnW3cpn9hsS8bqOKROFjzvpYsth\/view?usp=sharing\">Relat\u00f3rio de autoavalia\u00e7\u00e3o 2024<\/a><\/p>\n\n\n\n\n\n\n","protected":false},"excerpt":{"rendered":"<p>O objetivo do Relat\u00f3rio de Autoavalia\u00e7\u00e3o \u00e9 apresentar as a\u00e7\u00f5es de autoavalia\u00e7\u00e3o realizadas pelo PPGAGR. De acordo com a CAPES (2019), a autoavalia\u00e7\u00e3o \u00e9 entendida como um processo de avaliar a si pr\u00f3prio possibilitando tomar decis\u00f5es assertivas sobre o rumo do Programa de P\u00f3s-Gradua\u00e7\u00e3o. Trata-se de uma avalia\u00e7\u00e3o interna, planejada, conduzida e implementada pelos pr\u00f3prios [&hellip;]<\/p>\n","protected":false},"author":3862,"featured_media":0,"parent":0,"menu_order":0,"comment_status":"closed","ping_status":"closed","template":"","meta":{"footnotes":""},"categories":[],"tags":[],"class_list":["post-2030","page","type-page","status-publish","hentry"],"acf":[],"_links":{"self":[{"href":"https:\/\/www.ufsm.br\/cursos\/pos-graduacao\/palmeira-das-missoes\/ppgagr\/wp-json\/wp\/v2\/pages\/2030","targetHints":{"allow":["GET"]}}],"collection":[{"href":"https:\/\/www.ufsm.br\/cursos\/pos-graduacao\/palmeira-das-missoes\/ppgagr\/wp-json\/wp\/v2\/pages"}],"about":[{"href":"https:\/\/www.ufsm.br\/cursos\/pos-graduacao\/palmeira-das-missoes\/ppgagr\/wp-json\/wp\/v2\/types\/page"}],"author":[{"embeddable":true,"href":"https:\/\/www.ufsm.br\/cursos\/pos-graduacao\/palmeira-das-missoes\/ppgagr\/wp-json\/wp\/v2\/users\/3862"}],"replies":[{"embeddable":true,"href":"https:\/\/www.ufsm.br\/cursos\/pos-graduacao\/palmeira-das-missoes\/ppgagr\/wp-json\/wp\/v2\/comments?post=2030"}],"version-history":[{"count":0,"href":"https:\/\/www.ufsm.br\/cursos\/pos-graduacao\/palmeira-das-missoes\/ppgagr\/wp-json\/wp\/v2\/pages\/2030\/revisions"}],"wp:attachment":[{"href":"https:\/\/www.ufsm.br\/cursos\/pos-graduacao\/palmeira-das-missoes\/ppgagr\/wp-json\/wp\/v2\/media?parent=2030"}],"wp:term":[{"taxonomy":"category","embeddable":true,"href":"https:\/\/www.ufsm.br\/cursos\/pos-graduacao\/palmeira-das-missoes\/ppgagr\/wp-json\/wp\/v2\/categories?post=2030"},{"taxonomy":"post_tag","embeddable":true,"href":"https:\/\/www.ufsm.br\/cursos\/pos-graduacao\/palmeira-das-missoes\/ppgagr\/wp-json\/wp\/v2\/tags?post=2030"}],"curies":[{"name":"wp","href":"https:\/\/api.w.org\/{rel}","templated":true}]}}