{"id":2222,"date":"2024-09-27T09:21:55","date_gmt":"2024-09-27T12:21:55","guid":{"rendered":"https:\/\/www.ufsm.br\/cursos\/pos-graduacao\/palmeira-das-missoes\/ppgagr\/?page_id=2222"},"modified":"2024-10-08T09:32:26","modified_gmt":"2024-10-08T12:32:26","slug":"financeiro-pos-graduacao","status":"publish","type":"page","link":"https:\/\/www.ufsm.br\/cursos\/pos-graduacao\/palmeira-das-missoes\/ppgagr\/financeiro-pos-graduacao","title":{"rendered":"Financeiro P\u00f3s-gradua\u00e7\u00e3o"},"content":{"rendered":"\n<p>Os programas de P\u00f3s-gradua\u00e7\u00e3o recebem anualmente um recurso do Programa de Apoio \u00e0 P\u00f3s-gradua\u00e7\u00e3o da CAPES (PROAP) e tamb\u00e9m outros recursos disponibilizados para a manuten\u00e7\u00e3o das atividades da PRPGP.\u00a0<\/p>\n<p>O NAAO\/PRPGP \u00e9 o setor que possui como atividades principais a gest\u00e3o, planejamento, execu\u00e7\u00e3o or\u00e7ament\u00e1ria e presta\u00e7\u00e3o de contas destes recursos financeiros.<\/p>\n<p>Os programas de p\u00f3s-gradua\u00e7\u00e3o devem encaminhar os pedidos de solicita\u00e7\u00e3o do uso deste recurso.\u00a0<\/p>\n<p>Nesta p\u00e1gina est\u00e3o detalhadas as formas de solicitar o recurso e de presta\u00e7\u00e3o de contas do PROAP:<\/p>\n<p>\u00a0<\/p>\n<p>Para acessar todas as informa\u00e7\u00f5es da p\u00e1gina do NAAO\/PRPGP: <a href=\"https:\/\/www.ufsm.br\/pro-reitorias\/prpgp\/nafin\">Clique aqui<\/a><\/p>\n<p><span style=\"color: #0000ff\"><strong>Orienta\u00e7\u00f5es para as solicita\u00e7\u00f5es:<\/strong><\/span><\/p>\n<p>Para solicitar taxa de inscri\u00e7\u00e3o: <a href=\"https:\/\/www.ufsm.br\/pro-reitorias\/prpgp\/pagamento-de-taxa-de-inscricao\">Clique aqui<\/a><\/p>\n<p>Para solicitar taxa de publica\u00e7\u00e3o: <a href=\"https:\/\/www.ufsm.br\/pro-reitorias\/prpgp\/pagamento-de-taxa-de-publicacao\">Clique aqui<\/a><\/p>\n<p>Para solicitar tradu\u00e7\u00e3o de textos cient\u00edficos: <a href=\"https:\/\/www.ufsm.br\/pro-reitorias\/prpgp\/traducao-revisao-de-textos-cientificos\">Clique aqui<\/a><\/p>\n<p>Solicita\u00e7\u00e3o de di\u00e1rias internacionais (para discentes): <a href=\"https:\/\/www.ufsm.br\/pro-reitorias\/prpgp\/pagamento-de-diarias-internacionais-para-discentes\">Clique aqui<\/a><\/p>\n<p>Solicita\u00e7\u00e3o de di\u00e1rias nacionais (discentes, docentes e convidados): As di\u00e1rias s\u00e3o cadastradas via SCDP mediante apresenta\u00e7\u00e3o da seguinte documenta\u00e7\u00e3o: a) <a href=\"https:\/\/www.ufsm.br\/app\/uploads\/sites\/569\/2024\/09\/Formulario-de-Solicitacao-de-Diarias-e-Passagens-SCDP-1.docx\">Formul\u00e1rio de solicita\u00e7\u00e3o de di\u00e1rias e passagens SCDP<\/a>; b) Afastamento com autoriza\u00e7\u00e3o da chefia (somente para servidores da UFSM); c) demais documentos solicitados\u00a0no <a href=\"https:\/\/www.ufsm.br\/app\/uploads\/sites\/345\/2024\/09\/Memo-03.2024-NAAO-PRPGP-Orientacoes-Diarias.pdf\">INFORMATIVO N.\u00ba 03\/2024 \u2013 de 04\/09\/2024<\/a> sobre os crit\u00e9rios para libera\u00e7\u00e3o de pedidos de di\u00e1rias para professores, alunos e convidados com recursos PROAP\/CAPES\u00a0<\/p>\n<p><strong><em>Observa\u00e7\u00f5es:<\/em><\/strong><\/p>\n<p>Os empenhos que est\u00e3o descritos nos tutoriais s\u00e3o feitos pela secretaria da p\u00f3s, ap\u00f3s o recebimento do processo.<\/p>\n<p><a href=\"https:\/\/www.ufsm.br\/app\/uploads\/sites\/569\/2024\/10\/AUTORIZACAODESCONTOFOLHA-PROAP.doc\">&#8211; Autoriza\u00e7\u00e3o de Desconto em folha: PROAP<\/a><\/p>\n<p><a href=\"https:\/\/www.ufsm.br\/app\/uploads\/sites\/569\/2024\/10\/AUTORIZACAODESCONTOFOLHA-Edital-50-1.doc\">&#8211; Autoriza\u00e7\u00e3o de Desconto em folha: Edital 50<\/a><\/p>\n<p><span style=\"color: #0000ff\"><strong>Orienta\u00e7\u00f5es para presta\u00e7\u00e3o de contas:<\/strong><\/span><\/p>\n<p>O solicitante dever\u00e1, obrigatoriamente, realizar a presta\u00e7\u00e3o de contas do recurso solicitado, conforme orienta\u00e7\u00f5es em cada tutorial.<\/p>\n<p>Relat\u00f3rio de viagem para presta\u00e7\u00e3o de contas de di\u00e1rias: <a href=\"https:\/\/www.ufsm.br\/app\/uploads\/sites\/569\/2024\/09\/Formulario_-_Relatorio_de_viagem-1.doc\">Clique aqui<\/a><\/p>\n<p>Mais informa\u00e7\u00f5es sobre presta\u00e7\u00f5es de contas consultar o\u00a0<a href=\"https:\/\/www.ufsm.br\/app\/uploads\/sites\/345\/2024\/09\/Memo-03.2024-NAAO-PRPGP-Orientacoes-Diarias.pdf\">INFORMATIVO N.\u00ba 03\/2024 \u2013 de 04\/09\/2024<\/a><\/p>\n<p>\u00a0<\/p>\n","protected":false},"excerpt":{"rendered":"<p>Os programas de P\u00f3s-gradua\u00e7\u00e3o recebem anualmente um recurso do Programa de Apoio \u00e0 P\u00f3s-gradua\u00e7\u00e3o da CAPES (PROAP) e tamb\u00e9m outros recursos disponibilizados para a manuten\u00e7\u00e3o das atividades da PRPGP.\u00a0 O NAAO\/PRPGP \u00e9 o setor que possui como atividades principais a gest\u00e3o, planejamento, execu\u00e7\u00e3o or\u00e7ament\u00e1ria e presta\u00e7\u00e3o de contas destes recursos financeiros. Os programas de p\u00f3s-gradua\u00e7\u00e3o [&hellip;]<\/p>\n","protected":false},"author":3862,"featured_media":0,"parent":0,"menu_order":0,"comment_status":"closed","ping_status":"closed","template":"","meta":{"footnotes":""},"categories":[],"tags":[],"class_list":["post-2222","page","type-page","status-publish","hentry"],"acf":[],"_links":{"self":[{"href":"https:\/\/www.ufsm.br\/cursos\/pos-graduacao\/palmeira-das-missoes\/ppgagr\/wp-json\/wp\/v2\/pages\/2222","targetHints":{"allow":["GET"]}}],"collection":[{"href":"https:\/\/www.ufsm.br\/cursos\/pos-graduacao\/palmeira-das-missoes\/ppgagr\/wp-json\/wp\/v2\/pages"}],"about":[{"href":"https:\/\/www.ufsm.br\/cursos\/pos-graduacao\/palmeira-das-missoes\/ppgagr\/wp-json\/wp\/v2\/types\/page"}],"author":[{"embeddable":true,"href":"https:\/\/www.ufsm.br\/cursos\/pos-graduacao\/palmeira-das-missoes\/ppgagr\/wp-json\/wp\/v2\/users\/3862"}],"replies":[{"embeddable":true,"href":"https:\/\/www.ufsm.br\/cursos\/pos-graduacao\/palmeira-das-missoes\/ppgagr\/wp-json\/wp\/v2\/comments?post=2222"}],"version-history":[{"count":0,"href":"https:\/\/www.ufsm.br\/cursos\/pos-graduacao\/palmeira-das-missoes\/ppgagr\/wp-json\/wp\/v2\/pages\/2222\/revisions"}],"wp:attachment":[{"href":"https:\/\/www.ufsm.br\/cursos\/pos-graduacao\/palmeira-das-missoes\/ppgagr\/wp-json\/wp\/v2\/media?parent=2222"}],"wp:term":[{"taxonomy":"category","embeddable":true,"href":"https:\/\/www.ufsm.br\/cursos\/pos-graduacao\/palmeira-das-missoes\/ppgagr\/wp-json\/wp\/v2\/categories?post=2222"},{"taxonomy":"post_tag","embeddable":true,"href":"https:\/\/www.ufsm.br\/cursos\/pos-graduacao\/palmeira-das-missoes\/ppgagr\/wp-json\/wp\/v2\/tags?post=2222"}],"curies":[{"name":"wp","href":"https:\/\/api.w.org\/{rel}","templated":true}]}}