{"id":230,"date":"2019-02-18T10:14:14","date_gmt":"2019-02-18T13:14:14","guid":{"rendered":"https:\/\/www.ufsm.br\/cursos\/pos-graduacao\/palmeira-das-missoes\/ppgagr\/?page_id=230"},"modified":"2021-11-22T08:31:41","modified_gmt":"2021-11-22T11:31:41","slug":"sobre","status":"publish","type":"page","link":"https:\/\/www.ufsm.br\/cursos\/pos-graduacao\/palmeira-das-missoes\/ppgagr\/sobre","title":{"rendered":"Sobre"},"content":{"rendered":"\n<p>Lan\u00e7ado oficialmente em mar\u00e7o de 2016, o Programa de P\u00f3s-Gradua\u00e7\u00e3o em Agroneg\u00f3cios da Universidade Federal de Santa Maria, Campus de Palmeira das Miss\u00f5es \u00e9 um curso reconhecido pela CAPES e est\u00e1 classificado como Interdisciplinar.\u00a0<\/p>\n<p>Agr\u00f4nomos, contadores, administradores, advogados, economistas, veterin\u00e1rios, zootecnistas e demais graduados est\u00e3o aptos a cursar o Mestrado em Agroneg\u00f3cios da UFSM, um curso p\u00fablico, gratuito e de qualidade, que considera o ensino, a pesquisa, a extens\u00e3o e a inova\u00e7\u00e3o como fatores primordiais no processo de desenvolvimento regional!<\/p>\n<p>Venha para a UFSM voc\u00ea tamb\u00e9m, fa\u00e7a parte desta equipe e seja Mestre em Agroneg\u00f3cios por uma universidade que \u00e9 considerada uma das melhores do pa\u00eds!<\/p>\n<h5>Objetivos do Curso<\/h5>\n<p>O objetivo do curso de Mestrado Acad\u00eamico em Agroneg\u00f3cios da Universidade Federal de Santa Maria, campus de Palmeira das Miss\u00f5es, \u00e9 construir conhecimentos interdisciplinares no campo dos agroneg\u00f3cios e contribuir para a s\u00f3lida forma\u00e7\u00e3o acad\u00eamica de profissionais, docentes e pesquisadores engajados na promo\u00e7\u00e3o da competitividade, do desenvolvimento e da sustentabilidade nos agroneg\u00f3cios.<\/p>\n<p>O egresso do Programa de P\u00f3s-Gradua\u00e7\u00e3o em Agroneg\u00f3cios &#8211; Mestrado Acad\u00eamico ter\u00e1 uma forma\u00e7\u00e3o abrangente, generalista e cr\u00edtica, que o capacitar\u00e1 para:<\/p>\n<p>a) atuar em institui\u00e7\u00f5es e organiza\u00e7\u00f5es imprescind\u00edveis \u00e0 promo\u00e7\u00e3o dos agroneg\u00f3cios e do desenvolvimento sustent\u00e1vel;<\/p>\n<p>b) realizar reflex\u00f5es sobre a realidade social, econ\u00f4mica, tecnol\u00f3gica e ambiental das opera\u00e7\u00f5es envolvendo a produ\u00e7\u00e3o e distribui\u00e7\u00e3o de suprimentos agropecu\u00e1rios, armazenamento, processamento e distribui\u00e7\u00e3o de produtos agropecu\u00e1rios e;<\/p>\n<p>c) ministrar aulas em cursos de gradua\u00e7\u00e3o, p\u00f3s-gradua\u00e7\u00e3o Lato Senso e outros relacionados \u00e0s \u00e1reas de gest\u00e3o, mercados e sustentabilidade de empreendimentos agropecu\u00e1rios e agroindustriais.<\/p>\n<p>O curso possui dura\u00e7\u00e3o de at\u00e9 24 meses e \u00e9 oferecido na modalidade presencial com turno integral.<\/p>\n","protected":false},"excerpt":{"rendered":"<p>Lan\u00e7ado oficialmente em mar\u00e7o de 2016, o Programa de P\u00f3s-Gradua\u00e7\u00e3o em Agroneg\u00f3cios da Universidade Federal de Santa Maria, Campus de Palmeira das Miss\u00f5es \u00e9 um curso reconhecido pela CAPES e est\u00e1 classificado como Interdisciplinar.\u00a0 Agr\u00f4nomos, contadores, administradores, advogados, economistas, veterin\u00e1rios, zootecnistas e demais graduados est\u00e3o aptos a cursar o Mestrado em Agroneg\u00f3cios da UFSM, um [&hellip;]<\/p>\n","protected":false},"author":118,"featured_media":0,"parent":0,"menu_order":0,"comment_status":"closed","ping_status":"closed","template":"","meta":{"footnotes":""},"categories":[],"tags":[],"class_list":["post-230","page","type-page","status-publish","hentry"],"acf":[],"_links":{"self":[{"href":"https:\/\/www.ufsm.br\/cursos\/pos-graduacao\/palmeira-das-missoes\/ppgagr\/wp-json\/wp\/v2\/pages\/230","targetHints":{"allow":["GET"]}}],"collection":[{"href":"https:\/\/www.ufsm.br\/cursos\/pos-graduacao\/palmeira-das-missoes\/ppgagr\/wp-json\/wp\/v2\/pages"}],"about":[{"href":"https:\/\/www.ufsm.br\/cursos\/pos-graduacao\/palmeira-das-missoes\/ppgagr\/wp-json\/wp\/v2\/types\/page"}],"author":[{"embeddable":true,"href":"https:\/\/www.ufsm.br\/cursos\/pos-graduacao\/palmeira-das-missoes\/ppgagr\/wp-json\/wp\/v2\/users\/118"}],"replies":[{"embeddable":true,"href":"https:\/\/www.ufsm.br\/cursos\/pos-graduacao\/palmeira-das-missoes\/ppgagr\/wp-json\/wp\/v2\/comments?post=230"}],"version-history":[{"count":0,"href":"https:\/\/www.ufsm.br\/cursos\/pos-graduacao\/palmeira-das-missoes\/ppgagr\/wp-json\/wp\/v2\/pages\/230\/revisions"}],"wp:attachment":[{"href":"https:\/\/www.ufsm.br\/cursos\/pos-graduacao\/palmeira-das-missoes\/ppgagr\/wp-json\/wp\/v2\/media?parent=230"}],"wp:term":[{"taxonomy":"category","embeddable":true,"href":"https:\/\/www.ufsm.br\/cursos\/pos-graduacao\/palmeira-das-missoes\/ppgagr\/wp-json\/wp\/v2\/categories?post=230"},{"taxonomy":"post_tag","embeddable":true,"href":"https:\/\/www.ufsm.br\/cursos\/pos-graduacao\/palmeira-das-missoes\/ppgagr\/wp-json\/wp\/v2\/tags?post=230"}],"curies":[{"name":"wp","href":"https:\/\/api.w.org\/{rel}","templated":true}]}}