{"id":184,"date":"2021-07-27T13:12:48","date_gmt":"2021-07-27T16:12:48","guid":{"rendered":"https:\/\/www.ufsm.br\/cursos\/pos-graduacao\/palmeira-das-missoes\/ppgser\/?page_id=184"},"modified":"2025-02-27T11:27:58","modified_gmt":"2025-02-27T14:27:58","slug":"linhas-de-pesquisa","status":"publish","type":"page","link":"https:\/\/www.ufsm.br\/cursos\/pos-graduacao\/palmeira-das-missoes\/ppgsr\/linhas-de-pesquisa","title":{"rendered":"Linhas de pesquisa"},"content":{"rendered":"\t\t<div data-elementor-type=\"wp-page\" data-elementor-id=\"184\" class=\"elementor elementor-184\">\n\t\t\t\t\t\t<section class=\"elementor-section elementor-top-section elementor-element elementor-element-055b7fb elementor-section-boxed elementor-section-height-default elementor-section-height-default\" data-id=\"055b7fb\" data-element_type=\"section\">\n\t\t\t\t\t\t<div class=\"elementor-container elementor-column-gap-default\">\n\t\t\t\t\t<div class=\"elementor-column elementor-col-100 elementor-top-column elementor-element elementor-element-d6610cd\" data-id=\"d6610cd\" data-element_type=\"column\">\n\t\t\t<div class=\"elementor-widget-wrap elementor-element-populated\">\n\t\t\t\t\t\t<div class=\"elementor-element elementor-element-62621d6 elementor-widget elementor-widget-text-editor\" data-id=\"62621d6\" data-element_type=\"widget\" data-widget_type=\"text-editor.default\">\n\t\t\t\t<div class=\"elementor-widget-container\">\n\t\t\t\t\t\t\t<p style=\"margin-bottom: 0cm;line-height: 100%\" align=\"justify\"><span style=\"font-family: georgia, palatino, serif;font-size: 12pt\"><b>Linha de pesquisa: Aten\u00e7\u00e3o \u00e0 sa\u00fade da popula\u00e7\u00e3o rural nos ciclos de vida<\/b><\/span><br \/><br \/><span style=\"font-family: georgia, palatino, serif;font-size: 12pt\">Contempla estudos relacionados \u00e0 aten\u00e7\u00e3o \u00e0 sa\u00fade nos ciclos da vida no contexto da ruralidade. Engloba pesquisas sobre os determinantes de sa\u00fade de indiv\u00edduos, fam\u00edlias e comunidades; aspectos cl\u00ednicos e epidemiol\u00f3gicos; estrat\u00e9gias de promo\u00e7\u00e3o da sa\u00fade, preven\u00e7\u00e3o e tratamento de agravos.<\/span><br \/><br \/><br \/><span style=\"font-family: georgia, palatino, serif;font-size: 12pt\"><b>Linha de pesquisa: Vulnerabilidades da popula\u00e7\u00e3o no contexto da ruralidade<\/b><\/span><br \/><br \/><span style=\"font-family: georgia, palatino, serif;font-size: 12pt\">Desenvolve estudos relacionados \u00e0s situa\u00e7\u00f5es de vulnerabilidade da popula\u00e7\u00e3o rural, que engloba as dimens\u00f5es individuais, sociais e program\u00e1ticas, as pol\u00edticas p\u00fablicas, os processos de gest\u00e3o e o cuidado em sa\u00fade.<\/span><\/p><p align=\"justify\">\u00a0<\/p><table style=\"width: 91.8557%\" width=\"536\" cellspacing=\"0\" cellpadding=\"1\"><colgroup> <col width=\"186\" \/> <col width=\"344\" \/> <\/colgroup><tbody><tr><td style=\"border-top: 1px solid #000000;border-bottom: 1px solid #000000;border-left: 1px solid #000000;border-right: none;padding: 0cm 0cm 0cm 0.02cm;width: 22.2327%\" width=\"186\" height=\"35\"><p align=\"left\"><span style=\"font-family: georgia, palatino, serif;font-size: 12pt\"><b>Linhas de pesquisas<\/b><\/span><\/p><\/td><td style=\"border: 1px solid #000000;padding: 0cm 0.02cm;width: 51.6861%\" width=\"344\"><p align=\"left\"><span style=\"font-family: georgia, palatino, serif;font-size: 12pt\"><b>Docentes vinculados<\/b><\/span><\/p><\/td><\/tr><tr valign=\"top\"><td style=\"border-top: 1px solid #000000;border-bottom: 1px solid #000000;border-left: 1px solid #000000;border-right: none;padding: 0cm 0cm 0cm 0.02cm;width: 22.2327%\" width=\"186\"><p style=\"margin-bottom: 0cm\" align=\"left\"><span style=\"font-family: georgia, palatino, serif;font-size: 12pt\"><b>Aten\u00e7\u00e3o \u00e0 sa\u00fade da popula\u00e7\u00e3o rural nos ciclos da vida<\/b><\/span><\/p><p align=\"left\">\u00a0<\/p><\/td><td style=\"border: 1px solid #000000;padding: 0cm 0.02cm;width: 51.6861%\" width=\"344\"><p style=\"margin-bottom: 0cm\" align=\"left\"><span style=\"font-family: georgia, palatino, serif;font-size: 12pt\">Prof\u00aa Dr\u00aa Andressa da Silveira<\/span><\/p><p align=\"left\"><span style=\"font-family: georgia, palatino, serif;font-size: 12pt\">Contato: <span lang=\"zxx\">andressadasilveira@gmail.com<\/span><\/span><\/p><p align=\"left\">\u00a0<\/p><p align=\"left\"><span style=\"font-family: georgia, palatino, serif;font-size: 12pt\">Prof. Dr. Luiz Anildo Anacleto da Silva<\/span><\/p><p align=\"left\"><span style=\"font-family: georgia, palatino, serif;font-size: 12pt\">Contato: <span lang=\"zxx\">luiz.anildo@yahoo.com.br<\/span><\/span><\/p><p align=\"left\">\u00a0<\/p><p align=\"left\"><span style=\"font-family: georgia, palatino, serif;font-size: 12pt\">Prof\u00aa Dr\u00aa Leila Mariza Hildebrandt<\/span><\/p><p align=\"left\"><span style=\"font-family: georgia, palatino, serif;font-size: 12pt\">Contato: leilahildebrandt@yahoo.com.br<\/span><\/p><p align=\"left\">\u00a0<\/p><p align=\"left\"><span style=\"font-family: georgia, palatino, serif;font-size: 12pt\">Prof\u00aa Dr\u00aa Marin\u00eas Tambara Leite<\/span><\/p><p align=\"left\"><span style=\"font-family: georgia, palatino, serif;font-size: 12pt\">Contato: <span lang=\"zxx\">tambaraleite@yahoo.com.br<\/span><\/span><\/p><p align=\"left\">\u00a0<\/p><p align=\"left\"><span style=\"font-family: georgia, palatino, serif;font-size: 12pt\">Prof\u00aa Dr\u00aa Vanessa Ramos Kirsten<\/span><\/p><p align=\"left\"><span style=\"font-family: georgia, palatino, serif;font-size: 12pt\">Contato:<span lang=\"zxx\">kirsten.vr@gmail.com<\/span><\/span><\/p><p align=\"left\">\u00a0<\/p><p align=\"left\"><span style=\"font-family: georgia, palatino, serif;font-size: 12pt\">Prof\u00aa <\/span><span style=\"font-family: georgia, palatino, serif;font-size: 12pt\">Dr\u00aa Giovana Dorneles Callegaro Higashi<\/span><\/p><p align=\"left\"><span style=\"font-family: georgia, palatino, serif;font-size: 12pt\">Contato: <\/span><span lang=\"zxx\" style=\"font-family: georgia, palatino, serif;font-size: 12pt\">gio.enfermagem@gmail.com<\/span><\/p><p align=\"left\">\u00a0<\/p><p align=\"left\"><span style=\"font-family: georgia, palatino, serif;font-size: 12pt\">Prof. Dr. <\/span><span style=\"font-family: georgia, palatino, serif;font-size: 12pt\">Leonardo Bigolin Jantsch<\/span><\/p><p align=\"left\"><span style=\"font-family: georgia, palatino, serif;font-size: 12pt\">Contato: <\/span><span lang=\"zxx\" style=\"font-family: georgia, palatino, serif;font-size: 12pt\">leo_jantsch@hotmail.com<\/span><\/p><p align=\"left\">\u00a0<\/p><p align=\"left\"><span style=\"font-family: georgia, palatino, serif;font-size: 12pt\">Prof\u00aa <\/span><span style=\"font-family: georgia, palatino, serif;font-size: 12pt\">Dr\u00aa Eliane Raquel Rieth Benetti<span style=\"color: #000000;font-weight: var( --e-global-typography-text-font-weight );text-align: var(--bs-body-text-align)\"><br \/><\/span><\/span><\/p><p style=\"margin-bottom: 0cm\" align=\"left\"><span style=\"font-size: 12pt;font-family: georgia, palatino, serif\">Contato:\u00a0<\/span><span style=\"font-family: georgia, palatino, serif;font-size: 12pt\">elianeraquelr@yahoo.com.br<\/span><\/p><p align=\"left\">\u00a0<\/p><p align=\"left\"><span style=\"font-family: georgia, palatino, serif;font-size: 12pt\"><span style=\"color: #000000;font-weight: var( --e-global-typography-text-font-weight );text-align: var(--bs-body-text-align)\">\u00a0<\/span><span style=\"font-weight: var( --e-global-typography-text-font-weight );text-align: var(--bs-body-text-align)\">Prof\u00aa <\/span><\/span><span style=\"font-size: 12pt;font-family: georgia, palatino, serif\">Dr\u00aa\u00a0Adriane Cervi Blunke<\/span><\/p><p align=\"left\"><span style=\"font-size: 12pt;font-family: georgia, palatino, serif\">Contato:\u00a0<\/span><span style=\"font-size: 12pt;font-weight: var( --e-global-typography-text-font-weight );text-align: var(--bs-body-text-align);font-family: georgia, palatino, serif\">adriblumke@gmail.com<\/span><\/p><p align=\"left\">\u00a0<\/p><p style=\"margin-bottom: 0cm\" align=\"left\"><span style=\"font-size: 12pt;font-weight: var( --e-global-typography-text-font-weight );text-align: var(--bs-body-text-align);font-family: georgia, palatino, serif\">Prof\u00aa <\/span><span style=\"font-family: georgia, palatino, serif;font-size: 12pt\">Dr\u00aa Fernanda Beheregaray Cabral<span style=\"text-align: var(--bs-body-text-align)\"><br \/><\/span><\/span><\/p><p style=\"margin-bottom: 0cm\" align=\"left\"><span style=\"font-family: georgia, palatino, serif;font-size: 12pt\">Contato:\u00a0<span style=\"font-weight: var( --e-global-typography-text-font-weight );text-align: var(--bs-body-text-align)\"> cabralfernandab@gmail.com<\/span><\/span><\/p><p align=\"left\">\u00a0<\/p><p style=\"margin-bottom: 0cm\" align=\"left\"><u><\/u><span style=\"font-size: 12pt;font-weight: var( --e-global-typography-text-font-weight );text-align: var(--bs-body-text-align);font-family: georgia, palatino, serif\">Prof\u00aa <\/span><span style=\"font-size: 12pt;font-family: georgia, palatino, serif\">Dr\u00aa Neila Santini de Souza<\/span><\/p><p align=\"left\"><span style=\"font-family: georgia, palatino, serif;font-size: 12pt\">Contato: neilasantini25@gmail.com<u><\/u><\/span><\/p><\/td><\/tr><tr valign=\"top\"><td style=\"border-top: 1px solid #000000;border-bottom: 1px solid #000000;border-left: 1px solid #000000;border-right: none;padding: 0cm 0cm 0cm 0.02cm;width: 22.2327%\" width=\"186\"><p align=\"left\"><span style=\"font-family: georgia, palatino, serif;font-size: 12pt\"><b>Vulnerabilidades da popula\u00e7\u00e3o no contexto da ruralidade<\/b><\/span><\/p><\/td><td style=\"border: 1px solid #000000;padding: 0cm 0.02cm;width: 51.6861%\" width=\"344\"><p style=\"margin-bottom: 0cm\" align=\"left\"><span style=\"font-family: georgia, palatino, serif;font-size: 12pt\">Prof\u00aa <\/span><span style=\"font-family: georgia, palatino, serif;font-size: 12pt\">Dr\u00aa Darielli Gindri Resta Fontana<\/span><\/p><p align=\"left\"><span style=\"font-family: georgia, palatino, serif;font-size: 12pt\">Contato: <\/span><span lang=\"zxx\" style=\"font-family: georgia, palatino, serif;font-size: 12pt\">darielliresta@gmail.com ou darielli2004@yahoo.com.br<\/span><\/p><p align=\"left\">\u00a0<\/p><p align=\"left\"><span style=\"font-family: georgia, palatino, serif;font-size: 12pt\">Prof\u00aa <\/span><span style=\"font-family: georgia, palatino, serif;font-size: 12pt\">Dr\u00aa Ethel Bastos da Silva<\/span><\/p><p align=\"left\"><span style=\"font-family: georgia, palatino, serif;font-size: 12pt\">Contato: <\/span><span lang=\"zxx\" style=\"font-family: georgia, palatino, serif;font-size: 12pt\">ethelbastos@hotmail.com<\/span><\/p><p align=\"left\">\u00a0<\/p><p align=\"left\"><span style=\"font-family: georgia, palatino, serif;font-size: 12pt\">Prof\u00aa <\/span><span style=\"font-family: georgia, palatino, serif;font-size: 12pt\">Dr\u00aa Isabel Cristina dos Santos Colom\u00e9<\/span><\/p><p align=\"left\"><span style=\"font-family: georgia, palatino, serif;font-size: 12pt\">Contato: <\/span><span lang=\"zxx\" style=\"font-family: georgia, palatino, serif;font-size: 12pt\">enfbel@yahoo.com.br<\/span><\/p><p align=\"left\">\u00a0<\/p><p align=\"left\"><span style=\"font-family: georgia, palatino, serif;font-size: 12pt\">Prof\u00aa <\/span><span style=\"font-family: georgia, palatino, serif;font-size: 12pt\">Dr\u00aa Marta Cocco da Costa <\/span><\/p><p align=\"left\"><span style=\"font-family: georgia, palatino, serif;font-size: 12pt\">Contato: <\/span><span lang=\"zxx\" style=\"font-family: georgia, palatino, serif;font-size: 12pt\">marta.c.c@ufsm.br<\/span><\/p><p align=\"left\">\u00a0<\/p><p align=\"left\"><span style=\"font-family: georgia, palatino, serif;font-size: 12pt\">Prof. <\/span><span style=\"font-family: georgia, palatino, serif;font-size: 12pt\">Dr. Rafael Marcelo Soder<\/span><\/p><p align=\"left\"><span style=\"font-family: georgia, palatino, serif;font-size: 12pt\">Contato: <\/span><span lang=\"zxx\" style=\"font-family: georgia, palatino, serif;font-size: 12pt\">rafaelsoder@hotmail.com<\/span><\/p><p align=\"left\">\u00a0<\/p><p align=\"left\"><span style=\"font-family: georgia, palatino, serif;font-size: 12pt\">Prof\u00aa <\/span><span style=\"font-family: georgia, palatino, serif;font-size: 12pt\">Dr\u00aa Alexa Pupiara Flores Coelho Centenaro<\/span><\/p><p align=\"left\"><span style=\"font-family: georgia, palatino, serif;font-size: 12pt\">Contato: <\/span><span lang=\"zxx\" style=\"font-family: georgia, palatino, serif;font-size: 12pt\">alexa.coelho@ufsm.br<\/span><\/p><p align=\"left\">\u00a0<\/p><p align=\"left\"><span style=\"font-family: georgia, palatino, serif;font-size: 12pt\">Prof\u00aa <\/span><span style=\"font-family: georgia, palatino, serif;font-size: 12pt\">Dr\u00aa Andressa de Andrade<\/span><\/p><p align=\"left\"><span style=\"font-family: georgia, palatino, serif;font-size: 12pt\">Contato: <\/span><span lang=\"zxx\" style=\"font-family: georgia, palatino, serif;font-size: 12pt\">andressa@ufsm.br<\/span><\/p><p align=\"left\">\u00a0<\/p><p align=\"left\"><span style=\"font-family: georgia, palatino, serif;font-size: 12pt\">Prof\u00aa <\/span><span style=\"font-family: georgia, palatino, serif;font-size: 12pt\">Dr\u00aa Jaqueline Arboit<\/span><\/p><p align=\"left\"><span style=\"font-family: georgia, palatino, serif;font-size: 12pt\">Contato: <\/span><span style=\"font-family: georgia, palatino, serif;font-size: 12pt\">jaqueline.arboit@hotmail.com <\/span><\/p><p align=\"left\">\u00a0<\/p><p align=\"left\"><span style=\"font-family: georgia, palatino, serif;font-size: 12pt\">Prof\u00aa <\/span><span style=\"font-family: georgia, palatino, serif;font-size: 12pt\">Dr\u00aa Alice do Carmo Jahn<\/span><\/p><p align=\"left\"><span style=\"font-family: georgia, palatino, serif;font-size: 12pt\">Contato: <\/span><span style=\"font-family: georgia, palatino, serif;font-size: 12pt\">jahnalice@gmail.com<\/span><\/p><\/td><\/tr><\/tbody><\/table><p style=\"margin-bottom: 0cm;line-height: 100%\" align=\"justify\">\u00a0<\/p>\t\t\t\t\t\t<\/div>\n\t\t\t\t<\/div>\n\t\t\t\t\t<\/div>\n\t\t<\/div>\n\t\t\t\t\t<\/div>\n\t\t<\/section>\n\t\t\t\t<\/div>\n\t\t","protected":false},"excerpt":{"rendered":"<p>Linha de pesquisa: Aten\u00e7\u00e3o \u00e0 sa\u00fade da popula\u00e7\u00e3o rural nos ciclos de vida Contempla estudos relacionados \u00e0 aten\u00e7\u00e3o \u00e0 sa\u00fade nos ciclos da vida no contexto da ruralidade. Engloba pesquisas sobre os determinantes de sa\u00fade de indiv\u00edduos, fam\u00edlias e comunidades; aspectos cl\u00ednicos e epidemiol\u00f3gicos; estrat\u00e9gias de promo\u00e7\u00e3o da sa\u00fade, preven\u00e7\u00e3o e tratamento de agravos. Linha [&hellip;]<\/p>\n","protected":false},"author":3862,"featured_media":0,"parent":0,"menu_order":0,"comment_status":"closed","ping_status":"closed","template":"","meta":{"footnotes":""},"categories":[],"tags":[],"class_list":["post-184","page","type-page","status-publish","hentry"],"acf":[],"_links":{"self":[{"href":"https:\/\/www.ufsm.br\/cursos\/pos-graduacao\/palmeira-das-missoes\/ppgsr\/wp-json\/wp\/v2\/pages\/184","targetHints":{"allow":["GET"]}}],"collection":[{"href":"https:\/\/www.ufsm.br\/cursos\/pos-graduacao\/palmeira-das-missoes\/ppgsr\/wp-json\/wp\/v2\/pages"}],"about":[{"href":"https:\/\/www.ufsm.br\/cursos\/pos-graduacao\/palmeira-das-missoes\/ppgsr\/wp-json\/wp\/v2\/types\/page"}],"author":[{"embeddable":true,"href":"https:\/\/www.ufsm.br\/cursos\/pos-graduacao\/palmeira-das-missoes\/ppgsr\/wp-json\/wp\/v2\/users\/3862"}],"replies":[{"embeddable":true,"href":"https:\/\/www.ufsm.br\/cursos\/pos-graduacao\/palmeira-das-missoes\/ppgsr\/wp-json\/wp\/v2\/comments?post=184"}],"version-history":[{"count":0,"href":"https:\/\/www.ufsm.br\/cursos\/pos-graduacao\/palmeira-das-missoes\/ppgsr\/wp-json\/wp\/v2\/pages\/184\/revisions"}],"wp:attachment":[{"href":"https:\/\/www.ufsm.br\/cursos\/pos-graduacao\/palmeira-das-missoes\/ppgsr\/wp-json\/wp\/v2\/media?parent=184"}],"wp:term":[{"taxonomy":"category","embeddable":true,"href":"https:\/\/www.ufsm.br\/cursos\/pos-graduacao\/palmeira-das-missoes\/ppgsr\/wp-json\/wp\/v2\/categories?post=184"},{"taxonomy":"post_tag","embeddable":true,"href":"https:\/\/www.ufsm.br\/cursos\/pos-graduacao\/palmeira-das-missoes\/ppgsr\/wp-json\/wp\/v2\/tags?post=184"}],"curies":[{"name":"wp","href":"https:\/\/api.w.org\/{rel}","templated":true}]}}