{"id":233,"date":"2021-11-22T11:03:07","date_gmt":"2021-11-22T14:03:07","guid":{"rendered":"https:\/\/www.ufsm.br\/cursos\/pos-graduacao\/palmeira-das-missoes\/ppgser\/?page_id=233"},"modified":"2025-07-04T09:30:31","modified_gmt":"2025-07-04T12:30:31","slug":"instrucoes-alunos","status":"publish","type":"page","link":"https:\/\/www.ufsm.br\/cursos\/pos-graduacao\/palmeira-das-missoes\/ppgsr\/instrucoes-alunos","title":{"rendered":"Instru\u00e7\u00f5es alunos"},"content":{"rendered":"\t\t<div data-elementor-type=\"wp-page\" data-elementor-id=\"233\" class=\"elementor elementor-233\">\n\t\t\t\t\t\t<section class=\"elementor-section elementor-top-section elementor-element elementor-element-d39ad36 elementor-section-boxed elementor-section-height-default elementor-section-height-default\" data-id=\"d39ad36\" data-element_type=\"section\">\n\t\t\t\t\t\t<div class=\"elementor-container elementor-column-gap-default\">\n\t\t\t\t\t<div class=\"elementor-column elementor-col-100 elementor-top-column elementor-element elementor-element-8236863\" data-id=\"8236863\" data-element_type=\"column\">\n\t\t\t<div class=\"elementor-widget-wrap elementor-element-populated\">\n\t\t\t\t\t\t<div class=\"elementor-element elementor-element-cdcdec0 elementor-widget elementor-widget-text-editor\" data-id=\"cdcdec0\" data-element_type=\"widget\" data-widget_type=\"text-editor.default\">\n\t\t\t\t<div class=\"elementor-widget-container\">\n\t\t\t\t\t\t\t<p>Os programas de p\u00f3s-gradua\u00e7\u00e3o da UFSM s\u00e3o regidos pela\u00a0<b>Pr\u00f3-reitoria de P\u00f3s-gradua\u00e7\u00e3o e Pesquisa (PRPGP).<\/b><\/p><p>Sendo que a\u00a0<b>Pr\u00f3-reitoria de P\u00f3s-gradua\u00e7\u00e3o e Pesquisa (PRPGP)\u00a0<\/b>\u00e9 uma sub-unidade administrativa da Reitoria, respons\u00e1vel por estabelecer as diretrizes e metas da pol\u00edtica de p\u00f3s-gradua\u00e7\u00e3o e de pesquisa da UFSM, definidas pela administra\u00e7\u00e3o central, junto da comunidade acad\u00eamica.<\/p><p>Portanto, nesta p\u00e1gina o discente encontrar\u00e1 informa\u00e7\u00f5es sobre os processos administrativos necess\u00e1rios durante o andamento do curso e tamb\u00e9m ser\u00e1 direcionado \u00e0 p\u00e1gina de<strong><a href=\"https:\/\/www.ufsm.br\/pro-reitorias\/prpgp\/servicos\">\u00a0servi\u00e7os da PRPGP.<\/a><\/strong><\/p><p>A coordena\u00e7\u00e3o do Programa e a Secretaria da P\u00f3s-gradua\u00e7\u00e3o poder\u00e3o, sempre que necess\u00e1rio, lhe auxiliar em caso de d\u00favidas.\u00a0<\/p>\t\t\t\t\t\t<\/div>\n\t\t\t\t<\/div>\n\t\t\t\t\t<\/div>\n\t\t<\/div>\n\t\t\t\t\t<\/div>\n\t\t<\/section>\n\t\t\t\t<section class=\"elementor-section elementor-top-section elementor-element elementor-element-cffc57b elementor-section-boxed elementor-section-height-default elementor-section-height-default\" data-id=\"cffc57b\" data-element_type=\"section\">\n\t\t\t\t\t\t<div class=\"elementor-container elementor-column-gap-default\">\n\t\t\t\t\t<div class=\"elementor-column elementor-col-100 elementor-top-column elementor-element elementor-element-10b6af1\" data-id=\"10b6af1\" data-element_type=\"column\">\n\t\t\t<div class=\"elementor-widget-wrap elementor-element-populated\">\n\t\t\t\t\t\t<div class=\"elementor-element elementor-element-9e6d5a8 elementor-widget elementor-widget-accordion\" data-id=\"9e6d5a8\" data-element_type=\"widget\" data-widget_type=\"accordion.default\">\n\t\t\t\t<div class=\"elementor-widget-container\">\n\t\t\t\t\t<div class=\"elementor-accordion\">\n\t\t\t\t\t\t\t<div class=\"elementor-accordion-item\">\n\t\t\t\t\t<div id=\"elementor-tab-title-1661\" class=\"elementor-tab-title\" data-tab=\"1\" role=\"button\" aria-controls=\"elementor-tab-content-1661\" aria-expanded=\"false\">\n\t\t\t\t\t\t\t\t\t\t\t\t\t<span class=\"elementor-accordion-icon elementor-accordion-icon-left\" aria-hidden=\"true\">\n\t\t\t\t\t\t\t\t\t\t\t\t\t\t\t<span class=\"elementor-accordion-icon-closed\"><i class=\"fas fa-plus\"><\/i><\/span>\n\t\t\t\t\t\t\t\t<span class=\"elementor-accordion-icon-opened\"><i class=\"fas fa-minus\"><\/i><\/span>\n\t\t\t\t\t\t\t\t\t\t\t\t\t\t<\/span>\n\t\t\t\t\t\t\t\t\t\t\t\t<a class=\"elementor-accordion-title\" tabindex=\"0\">Assinatura eletr\u00f4nica<\/a>\n\t\t\t\t\t<\/div>\n\t\t\t\t\t<div id=\"elementor-tab-content-1661\" class=\"elementor-tab-content elementor-clearfix\" data-tab=\"1\" role=\"region\" aria-labelledby=\"elementor-tab-title-1661\"><p>A assinatura eletr\u00f4nica tem a finalidade de comprovar a autoria e a integridade dos documentos em forma eletr\u00f4nica. Todos os alunos que ir\u00e3o interagir no sistema PEN-SIE precisam ter a assinatura eletr\u00f4nica cadastrada.\u00a0<\/p><p>Para acessar o tutorial do Passo a passo para assinatura do Termo de Concord\u00e2ncia Assinatura Eletr\u00f4nica Cadastrada no SIE, (<a href=\"https:\/\/www.ufsm.br\/app\/uploads\/sites\/416\/2020\/04\/Passo-a-passo-termo-assinatura-eletronica-PEN-SIE.pdf\">clique aqui<\/a>)<\/p><\/div>\n\t\t\t\t<\/div>\n\t\t\t\t\t\t\t<div class=\"elementor-accordion-item\">\n\t\t\t\t\t<div id=\"elementor-tab-title-1662\" class=\"elementor-tab-title\" data-tab=\"2\" role=\"button\" aria-controls=\"elementor-tab-content-1662\" aria-expanded=\"false\">\n\t\t\t\t\t\t\t\t\t\t\t\t\t<span class=\"elementor-accordion-icon elementor-accordion-icon-left\" aria-hidden=\"true\">\n\t\t\t\t\t\t\t\t\t\t\t\t\t\t\t<span class=\"elementor-accordion-icon-closed\"><i class=\"fas fa-plus\"><\/i><\/span>\n\t\t\t\t\t\t\t\t<span class=\"elementor-accordion-icon-opened\"><i class=\"fas fa-minus\"><\/i><\/span>\n\t\t\t\t\t\t\t\t\t\t\t\t\t\t<\/span>\n\t\t\t\t\t\t\t\t\t\t\t\t<a class=\"elementor-accordion-title\" tabindex=\"0\">Solicita\u00e7\u00e3o de Coorienta\u00e7\u00e3o<\/a>\n\t\t\t\t\t<\/div>\n\t\t\t\t\t<div id=\"elementor-tab-content-1662\" class=\"elementor-tab-content elementor-clearfix\" data-tab=\"2\" role=\"region\" aria-labelledby=\"elementor-tab-title-1662\"><p><a href=\"https:\/\/www.ufsm.br\/app\/uploads\/sites\/861\/2022\/07\/solicitacao-de-coorientacao-pdf.pdf\">Tutorial de Coorienta\u00e7\u00e3o em Disserta\u00e7\u00f5es<\/a>\u00a0<\/p><p><a href=\"https:\/\/www.ufsm.br\/app\/uploads\/sites\/861\/2022\/07\/PDF-PPGSR.pdf\">Modelo Requerimento-de-Coorienta\u00e7\u00e3o PPGSR<\/a><\/p><\/div>\n\t\t\t\t<\/div>\n\t\t\t\t\t\t\t<div class=\"elementor-accordion-item\">\n\t\t\t\t\t<div id=\"elementor-tab-title-1663\" class=\"elementor-tab-title\" data-tab=\"3\" role=\"button\" aria-controls=\"elementor-tab-content-1663\" aria-expanded=\"false\">\n\t\t\t\t\t\t\t\t\t\t\t\t\t<span class=\"elementor-accordion-icon elementor-accordion-icon-left\" aria-hidden=\"true\">\n\t\t\t\t\t\t\t\t\t\t\t\t\t\t\t<span class=\"elementor-accordion-icon-closed\"><i class=\"fas fa-plus\"><\/i><\/span>\n\t\t\t\t\t\t\t\t<span class=\"elementor-accordion-icon-opened\"><i class=\"fas fa-minus\"><\/i><\/span>\n\t\t\t\t\t\t\t\t\t\t\t\t\t\t<\/span>\n\t\t\t\t\t\t\t\t\t\t\t\t<a class=\"elementor-accordion-title\" tabindex=\"0\">Requerimento de matr\u00edcula extracurricular<\/a>\n\t\t\t\t\t<\/div>\n\t\t\t\t\t<div id=\"elementor-tab-content-1663\" class=\"elementor-tab-content elementor-clearfix\" data-tab=\"3\" role=\"region\" aria-labelledby=\"elementor-tab-title-1663\"><p align=\"justify\"><span style=\"font-family: Times New Roman, serif\">O per\u00edodo de matr\u00edcula extracurricular para estudantes da UFSM \u00e9 definido no calend\u00e1rio acad\u00eamico da institui\u00e7\u00e3o, publicado semestralmente, deste modo, alunos que desejam matricular-se em disciplinas ofertadas por outro curso devem encaminhar por e-mail \u00e0 coordena\u00e7\u00e3o do PPG em <\/span><span style=\"color: #1b1b1b\"><span style=\"font-family: Times New Roman, serif\">Sa\u00fade e Ruralidade o requerimento de matr\u00edcula extracurricular preenchido e assinado.<\/span><\/span><\/p><p align=\"justify\"><span style=\"font-family: Times New Roman, serif\">Requerimento de matr\u00edcula extracurricular (<a href=\"https:\/\/www.ufsm.br\/app\/uploads\/sites\/861\/2021\/11\/REQUERIMENTO_DE_MATRIUCLA_EXTRACURRICULAR-1-3.doc\">Clique aqui<\/a>)<\/span><\/p><p align=\"justify\"><span style=\"font-family: Times New Roman, serif\">Ressalta-se que a avalia\u00e7\u00e3o dos pedidos, conforme calend\u00e1rio acad\u00eamico, \u00e9 realizada ap\u00f3s a matr\u00edcula dos alunos regulares.<\/span><\/p><\/div>\n\t\t\t\t<\/div>\n\t\t\t\t\t\t\t<div class=\"elementor-accordion-item\">\n\t\t\t\t\t<div id=\"elementor-tab-title-1664\" class=\"elementor-tab-title\" data-tab=\"4\" role=\"button\" aria-controls=\"elementor-tab-content-1664\" aria-expanded=\"false\">\n\t\t\t\t\t\t\t\t\t\t\t\t\t<span class=\"elementor-accordion-icon elementor-accordion-icon-left\" aria-hidden=\"true\">\n\t\t\t\t\t\t\t\t\t\t\t\t\t\t\t<span class=\"elementor-accordion-icon-closed\"><i class=\"fas fa-plus\"><\/i><\/span>\n\t\t\t\t\t\t\t\t<span class=\"elementor-accordion-icon-opened\"><i class=\"fas fa-minus\"><\/i><\/span>\n\t\t\t\t\t\t\t\t\t\t\t\t\t\t<\/span>\n\t\t\t\t\t\t\t\t\t\t\t\t<a class=\"elementor-accordion-title\" tabindex=\"0\">Formul\u00e1rio de Disciplinas: T\u00f3picos Especiais<\/a>\n\t\t\t\t\t<\/div>\n\t\t\t\t\t<div id=\"elementor-tab-content-1664\" class=\"elementor-tab-content elementor-clearfix\" data-tab=\"4\" role=\"region\" aria-labelledby=\"elementor-tab-title-1664\"><p>A disciplina de T\u00f3picos Especiais possibilita espa\u00e7o para discuss\u00e3o de tem\u00e1ticas relacionadas \u00e0 \u00e1rea de concentra\u00e7\u00e3o do respectivo programa, validar cr\u00e9dito de participa\u00e7\u00e3o em eventos nacionais\/internacionais e de produ\u00e7\u00e3o cient\u00edfica em peri\u00f3dicos com Qualis A e B1 na \u00e1rea de avalia\u00e7\u00e3o da enfermagem.<\/p><p>Logo, o formul\u00e1rio abaixo ser\u00e1 utilizado para a pontua\u00e7\u00e3o e nota do aluno ao final do semestre, sendo que este dever\u00e1 ser entregue pelo aluno \u00e0 coordena\u00e7\u00e3o do curso, juntamente com os comprovantes.<\/p><p><strong><a href=\"https:\/\/www.ufsm.br\/app\/uploads\/sites\/861\/2023\/05\/Formulario-Topicos-especiais-PPGSR-2023-1.doc\">Formul\u00e1rio T\u00f3picos Especiais PPGSR<\/a><\/strong><\/p><\/div>\n\t\t\t\t<\/div>\n\t\t\t\t\t\t\t<div class=\"elementor-accordion-item\">\n\t\t\t\t\t<div id=\"elementor-tab-title-1665\" class=\"elementor-tab-title\" data-tab=\"5\" role=\"button\" aria-controls=\"elementor-tab-content-1665\" aria-expanded=\"false\">\n\t\t\t\t\t\t\t\t\t\t\t\t\t<span class=\"elementor-accordion-icon elementor-accordion-icon-left\" aria-hidden=\"true\">\n\t\t\t\t\t\t\t\t\t\t\t\t\t\t\t<span class=\"elementor-accordion-icon-closed\"><i class=\"fas fa-plus\"><\/i><\/span>\n\t\t\t\t\t\t\t\t<span class=\"elementor-accordion-icon-opened\"><i class=\"fas fa-minus\"><\/i><\/span>\n\t\t\t\t\t\t\t\t\t\t\t\t\t\t<\/span>\n\t\t\t\t\t\t\t\t\t\t\t\t<a class=\"elementor-accordion-title\" tabindex=\"0\">Doc\u00eancia orientada<\/a>\n\t\t\t\t\t<\/div>\n\t\t\t\t\t<div id=\"elementor-tab-content-1665\" class=\"elementor-tab-content elementor-clearfix\" data-tab=\"5\" role=\"region\" aria-labelledby=\"elementor-tab-title-1665\"><p align=\"justify\">O est\u00e1gio de doc\u00eancia \u00e9 uma atividade curricular para discentes de p\u00f3s-gradua\u00e7\u00e3o que se apresenta como disciplina denominada \u201cDoc\u00eancia Orientada\u201d, sendo definida como a participa\u00e7\u00e3o de discente de p\u00f3s-gradua\u00e7\u00e3o em atividades de ensino em n\u00edvel de gradua\u00e7\u00e3o na UFSM, servindo para a complementa\u00e7\u00e3o da forma\u00e7\u00e3o pedag\u00f3gica dos(as) p\u00f3s-graduandos(as).<\/p><p align=\"justify\"><strong>Neste link voc\u00ea ter\u00e1 acesso ao passo a passo para fazer o pedido da doc\u00eancia orientada:<\/strong> <a href=\"https:\/\/www.ufsm.br\/pro-reitorias\/prpgp\/servicos\/processo-de-docencia-orientada-estagio-de-docencia\">https:\/\/www.ufsm.br\/pro-reitorias\/prpgp\/servicos\/processo-de-docencia-orientada-estagio-de-docencia<\/a><\/p><p align=\"justify\"><strong>E abaixo est\u00e3o os arquivos necess\u00e1rios para incluir no processo:<\/strong>\u00a0<\/p><p align=\"justify\"><a href=\"https:\/\/www.ufsm.br\/app\/uploads\/sites\/861\/2025\/03\/SOLCITACAO-DE-DOCENCIA-ORIENTADA-PPGSR.docx\">SOLCITACAO-DE-DOCENCIA-ORIENTADA-PPGSR<\/a><\/p><p align=\"justify\"><a href=\"https:\/\/www.ufsm.br\/app\/uploads\/sites\/861\/2025\/03\/Modelo-de-Plano-de-Docencia-Orientada-PPGSR.docx\">Modelo-de-Plano-de-Docencia-Orientada-PPGSR<\/a><\/p><\/div>\n\t\t\t\t<\/div>\n\t\t\t\t\t\t\t<div class=\"elementor-accordion-item\">\n\t\t\t\t\t<div id=\"elementor-tab-title-1666\" class=\"elementor-tab-title\" data-tab=\"6\" role=\"button\" aria-controls=\"elementor-tab-content-1666\" aria-expanded=\"false\">\n\t\t\t\t\t\t\t\t\t\t\t\t\t<span class=\"elementor-accordion-icon elementor-accordion-icon-left\" aria-hidden=\"true\">\n\t\t\t\t\t\t\t\t\t\t\t\t\t\t\t<span class=\"elementor-accordion-icon-closed\"><i class=\"fas fa-plus\"><\/i><\/span>\n\t\t\t\t\t\t\t\t<span class=\"elementor-accordion-icon-opened\"><i class=\"fas fa-minus\"><\/i><\/span>\n\t\t\t\t\t\t\t\t\t\t\t\t\t\t<\/span>\n\t\t\t\t\t\t\t\t\t\t\t\t<a class=\"elementor-accordion-title\" tabindex=\"0\">Qualifica\u00e7\u00e3o de disserta\u00e7\u00e3o<\/a>\n\t\t\t\t\t<\/div>\n\t\t\t\t\t<div id=\"elementor-tab-content-1666\" class=\"elementor-tab-content elementor-clearfix\" data-tab=\"6\" role=\"region\" aria-labelledby=\"elementor-tab-title-1666\"><p>Com o novo Regulamento do Programa, conforme o Art. 100: O exame de qualifica\u00e7\u00e3o \u00e9 obrigat\u00f3rio para todos(as) os(as) discentes de mestrado e doutorado do Programa de P\u00f3s-Gradua\u00e7\u00e3o em Agroneg\u00f3cios. Sendo assim, a qualifica\u00e7\u00e3o de disserta\u00e7\u00e3o agora precisa ser solicitada atrav\u00e9s de processo PEN. As etapas desse novo fluxo s\u00e3o as seguintes:<br \/>1. Discente abre o processo de qualifica\u00e7\u00e3o de Mestrado (tipo documental \u201cProcesso de qualifica\u00e7\u00e3o de disserta\u00e7\u00e3o de mestrado\u201d \u2013 c\u00f3digo 134.324);<br \/>2. Discente anexa o requerimento de banca de qualifica\u00e7\u00e3o de mestrado, contendo informa\u00e7\u00f5es sobre a defesa, tais como t\u00edtulo do projeto, data e composi\u00e7\u00e3o da banca;<br \/>3. Discente encaminha o processo ao seu orientador;<br \/>4. O orientador verifica as informa\u00e7\u00f5es da banca conforme o requerimento. Se aprovado, tramita ao Programa de P\u00f3s-Gradua\u00e7\u00e3o (PPG). Caso contr\u00e1rio, devolve ao discente para ajustes;<br \/>5. O PPG, coordenador ou secretaria recebe o processo para aprecia\u00e7\u00e3o em colegiado;<br \/>6. Com aprova\u00e7\u00e3o do colegiado, a secretaria anexa a ata do colegiado no processo e providencia a ata de defesa da qualifica\u00e7\u00e3o de mestrado para realiza\u00e7\u00e3o da defesa;<br \/>7. O discente aprovado na qualifica\u00e7\u00e3o tem seu processo encaminhado para arquivo, contendo a ata de aprova\u00e7\u00e3o (inserida no processo) assinada pelos membros da banca;<br \/>8. O discente reprovado na qualifica\u00e7\u00e3o tem seu processo mantido no PPG\/secretaria, aguardando nova defesa.<\/p><p><a href=\"https:\/\/www.ufsm.br\/app\/uploads\/sites\/861\/2025\/07\/Requerimento-de-Qualificacao-de-Dissertacao.odt\">Requerimento-de-Qualificacao-de-Dissertacao<\/a><\/p><\/div>\n\t\t\t\t<\/div>\n\t\t\t\t\t\t\t<div class=\"elementor-accordion-item\">\n\t\t\t\t\t<div id=\"elementor-tab-title-1667\" class=\"elementor-tab-title\" data-tab=\"7\" role=\"button\" aria-controls=\"elementor-tab-content-1667\" aria-expanded=\"false\">\n\t\t\t\t\t\t\t\t\t\t\t\t\t<span class=\"elementor-accordion-icon elementor-accordion-icon-left\" aria-hidden=\"true\">\n\t\t\t\t\t\t\t\t\t\t\t\t\t\t\t<span class=\"elementor-accordion-icon-closed\"><i class=\"fas fa-plus\"><\/i><\/span>\n\t\t\t\t\t\t\t\t<span class=\"elementor-accordion-icon-opened\"><i class=\"fas fa-minus\"><\/i><\/span>\n\t\t\t\t\t\t\t\t\t\t\t\t\t\t<\/span>\n\t\t\t\t\t\t\t\t\t\t\t\t<a class=\"elementor-accordion-title\" tabindex=\"0\">P\u00e1gina de servi\u00e7os da PRPGP<\/a>\n\t\t\t\t\t<\/div>\n\t\t\t\t\t<div id=\"elementor-tab-content-1667\" class=\"elementor-tab-content elementor-clearfix\" data-tab=\"7\" role=\"region\" aria-labelledby=\"elementor-tab-title-1667\"><p><strong><a href=\"https:\/\/www.ufsm.br\/pro-reitorias\/prpgp\/servicos\">Acesse aqui a p\u00e1gina de servi\u00e7os da PRPGP<\/a><\/strong><\/p><\/div>\n\t\t\t\t<\/div>\n\t\t\t\t\t\t\t\t<\/div>\n\t\t\t\t<\/div>\n\t\t\t\t<\/div>\n\t\t\t\t\t<\/div>\n\t\t<\/div>\n\t\t\t\t\t<\/div>\n\t\t<\/section>\n\t\t\t\t<\/div>\n\t\t","protected":false},"excerpt":{"rendered":"<p>Os programas de p\u00f3s-gradua\u00e7\u00e3o da UFSM s\u00e3o regidos pela\u00a0Pr\u00f3-reitoria de P\u00f3s-gradua\u00e7\u00e3o e Pesquisa (PRPGP). Sendo que a\u00a0Pr\u00f3-reitoria de P\u00f3s-gradua\u00e7\u00e3o e Pesquisa (PRPGP)\u00a0\u00e9 uma sub-unidade administrativa da Reitoria, respons\u00e1vel por estabelecer as diretrizes e metas da pol\u00edtica de p\u00f3s-gradua\u00e7\u00e3o e de pesquisa da UFSM, definidas pela administra\u00e7\u00e3o central, junto da comunidade acad\u00eamica. Portanto, nesta p\u00e1gina o [&hellip;]<\/p>\n","protected":false},"author":3862,"featured_media":0,"parent":0,"menu_order":0,"comment_status":"closed","ping_status":"closed","template":"","meta":{"footnotes":""},"categories":[],"tags":[],"class_list":["post-233","page","type-page","status-publish","hentry"],"acf":[],"_links":{"self":[{"href":"https:\/\/www.ufsm.br\/cursos\/pos-graduacao\/palmeira-das-missoes\/ppgsr\/wp-json\/wp\/v2\/pages\/233","targetHints":{"allow":["GET"]}}],"collection":[{"href":"https:\/\/www.ufsm.br\/cursos\/pos-graduacao\/palmeira-das-missoes\/ppgsr\/wp-json\/wp\/v2\/pages"}],"about":[{"href":"https:\/\/www.ufsm.br\/cursos\/pos-graduacao\/palmeira-das-missoes\/ppgsr\/wp-json\/wp\/v2\/types\/page"}],"author":[{"embeddable":true,"href":"https:\/\/www.ufsm.br\/cursos\/pos-graduacao\/palmeira-das-missoes\/ppgsr\/wp-json\/wp\/v2\/users\/3862"}],"replies":[{"embeddable":true,"href":"https:\/\/www.ufsm.br\/cursos\/pos-graduacao\/palmeira-das-missoes\/ppgsr\/wp-json\/wp\/v2\/comments?post=233"}],"version-history":[{"count":0,"href":"https:\/\/www.ufsm.br\/cursos\/pos-graduacao\/palmeira-das-missoes\/ppgsr\/wp-json\/wp\/v2\/pages\/233\/revisions"}],"wp:attachment":[{"href":"https:\/\/www.ufsm.br\/cursos\/pos-graduacao\/palmeira-das-missoes\/ppgsr\/wp-json\/wp\/v2\/media?parent=233"}],"wp:term":[{"taxonomy":"category","embeddable":true,"href":"https:\/\/www.ufsm.br\/cursos\/pos-graduacao\/palmeira-das-missoes\/ppgsr\/wp-json\/wp\/v2\/categories?post=233"},{"taxonomy":"post_tag","embeddable":true,"href":"https:\/\/www.ufsm.br\/cursos\/pos-graduacao\/palmeira-das-missoes\/ppgsr\/wp-json\/wp\/v2\/tags?post=233"}],"curies":[{"name":"wp","href":"https:\/\/api.w.org\/{rel}","templated":true}]}}