{"id":29,"date":"2018-01-18T09:10:07","date_gmt":"2018-01-18T11:10:07","guid":{"rendered":"https:\/\/www.ufsm.br\/cursos\/graduacao\/nutricao\/12352\/?page_id=29"},"modified":"2025-10-22T15:00:46","modified_gmt":"2025-10-22T18:00:46","slug":"contato","status":"publish","type":"page","link":"https:\/\/www.ufsm.br\/cursos\/pos-graduacao\/palmeira-das-missoes\/ppgsr\/contato","title":{"rendered":"Contato"},"content":{"rendered":"<p><strong>Programa de P\u00f3s-Gradua\u00e7\u00e3o em Sa\u00fade e Ruralidade (PPGSR)<\/strong><\/p>\n<p>E-mail: pgsauderuralidade@ufsm.br<span id=\"cloak58295\"><\/span><\/p>\n<p>Telefone Coordena\u00e7\u00e3o: (55) 3742-8800 Ramal: 8826<em> (temporariamente indispon\u00edvel)<\/em><\/p>\n<p><em>Coordenadora:<\/em> Prof\u00aa Dr\u00aa Marta Cocco da Costa<\/p>\n<p>E-mail: marta.c.c@ufsm.br<\/p>\n<p><em>Coordenadora substituta:<\/em> Prof\u00aa Dr\u00aa Ethel Bastos da Silva<\/p>\n<p>E-mail: ethelbastos@hotmail.com<\/p>\n<p><strong>Secretaria Administrativa<\/strong><\/p>\n<p>Secret\u00e1rias: Adriana Martins da Silva e Katiane Fr\u00e9u<\/p>\n<p>E-mail: secpospm@ufsm.br<\/p>\n<p>Telefone Secretaria Administrativa: (55) 3742-8800 Ramal: 8867 <em> (temporariamente indispon\u00edvel)<\/em><\/p>\n<p>Whatsapp: (55) 3742-8867<\/p>\n<p>Google Chat: secpospm@ufsm.br<\/p>\n<p>Pr\u00e9dio 01, Sala 306<\/p>\n<h3>\u00a0<\/h3>\n<p><strong>Endere\u00e7o<\/strong><\/p>\n<p>Av. Independ\u00eancia, n\u00ba 3751<\/p>\n<p>Bairro Vista Alegre<\/p>\n<p>Palmeira das Miss\u00f5es \u2013 RS<\/p>\n<p>CEP: 98300-000<\/p>\n\n\n<p><\/p>\n","protected":false},"excerpt":{"rendered":"<p>Programa de P\u00f3s-Gradua\u00e7\u00e3o em Sa\u00fade e Ruralidade (PPGSR) E-mail: pgsauderuralidade@ufsm.br Telefone Coordena\u00e7\u00e3o: (55) 3742-8800 Ramal: 8826 (temporariamente indispon\u00edvel) Coordenadora: Prof\u00aa Dr\u00aa Marta Cocco da Costa E-mail: marta.c.c@ufsm.br Coordenadora substituta: Prof\u00aa Dr\u00aa Ethel Bastos da Silva E-mail: ethelbastos@hotmail.com Secretaria Administrativa Secret\u00e1rias: Adriana Martins da Silva e Katiane Fr\u00e9u E-mail: secpospm@ufsm.br Telefone Secretaria Administrativa: (55) 3742-8800 Ramal: [&hellip;]<\/p>\n","protected":false},"author":8,"featured_media":0,"parent":0,"menu_order":0,"comment_status":"closed","ping_status":"closed","template":"","meta":{"footnotes":""},"categories":[],"tags":[],"class_list":["post-29","page","type-page","status-publish","hentry"],"acf":[],"_links":{"self":[{"href":"https:\/\/www.ufsm.br\/cursos\/pos-graduacao\/palmeira-das-missoes\/ppgsr\/wp-json\/wp\/v2\/pages\/29","targetHints":{"allow":["GET"]}}],"collection":[{"href":"https:\/\/www.ufsm.br\/cursos\/pos-graduacao\/palmeira-das-missoes\/ppgsr\/wp-json\/wp\/v2\/pages"}],"about":[{"href":"https:\/\/www.ufsm.br\/cursos\/pos-graduacao\/palmeira-das-missoes\/ppgsr\/wp-json\/wp\/v2\/types\/page"}],"author":[{"embeddable":true,"href":"https:\/\/www.ufsm.br\/cursos\/pos-graduacao\/palmeira-das-missoes\/ppgsr\/wp-json\/wp\/v2\/users\/8"}],"replies":[{"embeddable":true,"href":"https:\/\/www.ufsm.br\/cursos\/pos-graduacao\/palmeira-das-missoes\/ppgsr\/wp-json\/wp\/v2\/comments?post=29"}],"version-history":[{"count":0,"href":"https:\/\/www.ufsm.br\/cursos\/pos-graduacao\/palmeira-das-missoes\/ppgsr\/wp-json\/wp\/v2\/pages\/29\/revisions"}],"wp:attachment":[{"href":"https:\/\/www.ufsm.br\/cursos\/pos-graduacao\/palmeira-das-missoes\/ppgsr\/wp-json\/wp\/v2\/media?parent=29"}],"wp:term":[{"taxonomy":"category","embeddable":true,"href":"https:\/\/www.ufsm.br\/cursos\/pos-graduacao\/palmeira-das-missoes\/ppgsr\/wp-json\/wp\/v2\/categories?post=29"},{"taxonomy":"post_tag","embeddable":true,"href":"https:\/\/www.ufsm.br\/cursos\/pos-graduacao\/palmeira-das-missoes\/ppgsr\/wp-json\/wp\/v2\/tags?post=29"}],"curies":[{"name":"wp","href":"https:\/\/api.w.org\/{rel}","templated":true}]}}