{"id":355,"date":"2022-10-14T10:33:21","date_gmt":"2022-10-14T13:33:21","guid":{"rendered":"https:\/\/www.ufsm.br\/cursos\/pos-graduacao\/palmeira-das-missoes\/ppgsr\/?page_id=355"},"modified":"2022-11-18T10:48:12","modified_gmt":"2022-11-18T13:48:12","slug":"i-seminario-de-pesquisa-em-saude-e-ruralidade","status":"publish","type":"page","link":"https:\/\/www.ufsm.br\/cursos\/pos-graduacao\/palmeira-das-missoes\/ppgsr\/i-seminario-de-pesquisa-em-saude-e-ruralidade","title":{"rendered":"I Semin\u00e1rio Internacional de Pesquisa em Sa\u00fade e Ruralidade"},"content":{"rendered":"\n<p>O Programa de P\u00f3s-Gradua\u00e7\u00e3o em Sa\u00fade e Ruralidade da Universidade Federal de Santa Maria &#8211; Campus Palmeira das Miss\u00f5es informa que est\u00e3o<strong> abertas as inscri\u00e7\u00f5es<\/strong> para o I Semin\u00e1rio Internacional de Pesquisa em Sa\u00fade e Ruralidade.<\/p>\n<p>As inscri\u00e7\u00f5es est\u00e3o dispon\u00edveis no link:\u00a0<a href=\"https:\/\/forms.gle\/6AkhXtwyZmxxjaBQA\">Clique aqui<\/a><\/p>\n<p>Os participantes do evento receber\u00e3o certificado de 8 horas.<\/p>\n<p><em>Confira abaixo a programa\u00e7\u00e3o do evento:<\/em><\/p>\n<p><img fetchpriority=\"high\" decoding=\"async\" class=\"wp-image-359 aligncenter\" src=\"https:\/\/www.ufsm.br\/app\/uploads\/sites\/861\/2022\/11\/WhatsApp-Image-2022-11-04-at-20.04.49.jpeg\" alt=\"\" width=\"656\" height=\"929\" srcset=\"https:\/\/www.ufsm.br\/app\/uploads\/sites\/861\/2022\/11\/WhatsApp-Image-2022-11-04-at-20.04.49.jpeg 904w, https:\/\/www.ufsm.br\/app\/uploads\/sites\/861\/2022\/11\/WhatsApp-Image-2022-11-04-at-20.04.49-212x300.jpeg 212w, https:\/\/www.ufsm.br\/app\/uploads\/sites\/861\/2022\/11\/WhatsApp-Image-2022-11-04-at-20.04.49-723x1024.jpeg 723w, https:\/\/www.ufsm.br\/app\/uploads\/sites\/861\/2022\/11\/WhatsApp-Image-2022-11-04-at-20.04.49-768x1087.jpeg 768w\" sizes=\"(max-width: 656px) 100vw, 656px\" \/><\/p>\n<p><img decoding=\"async\" class=\"wp-image-360 aligncenter\" src=\"https:\/\/www.ufsm.br\/app\/uploads\/sites\/861\/2022\/11\/WhatsApp-Image-2022-11-04-at-20.05.01.jpeg\" alt=\"\" width=\"631\" height=\"893\" srcset=\"https:\/\/www.ufsm.br\/app\/uploads\/sites\/861\/2022\/11\/WhatsApp-Image-2022-11-04-at-20.05.01.jpeg 904w, https:\/\/www.ufsm.br\/app\/uploads\/sites\/861\/2022\/11\/WhatsApp-Image-2022-11-04-at-20.05.01-212x300.jpeg 212w, https:\/\/www.ufsm.br\/app\/uploads\/sites\/861\/2022\/11\/WhatsApp-Image-2022-11-04-at-20.05.01-723x1024.jpeg 723w, https:\/\/www.ufsm.br\/app\/uploads\/sites\/861\/2022\/11\/WhatsApp-Image-2022-11-04-at-20.05.01-768x1087.jpeg 768w\" sizes=\"(max-width: 631px) 100vw, 631px\" \/><\/p>\n<p>\u00a0<\/p>\n","protected":false},"excerpt":{"rendered":"<p>O Programa de P\u00f3s-Gradua\u00e7\u00e3o em Sa\u00fade e Ruralidade da Universidade Federal de Santa Maria &#8211; Campus Palmeira das Miss\u00f5es informa que est\u00e3o abertas as inscri\u00e7\u00f5es para o I Semin\u00e1rio Internacional de Pesquisa em Sa\u00fade e Ruralidade. As inscri\u00e7\u00f5es est\u00e3o dispon\u00edveis no link:\u00a0Clique aqui Os participantes do evento receber\u00e3o certificado de 8 horas. Confira abaixo a [&hellip;]<\/p>\n","protected":false},"author":3862,"featured_media":0,"parent":0,"menu_order":0,"comment_status":"closed","ping_status":"closed","template":"","meta":{"footnotes":""},"categories":[],"tags":[],"class_list":["post-355","page","type-page","status-publish","hentry"],"acf":[],"_links":{"self":[{"href":"https:\/\/www.ufsm.br\/cursos\/pos-graduacao\/palmeira-das-missoes\/ppgsr\/wp-json\/wp\/v2\/pages\/355","targetHints":{"allow":["GET"]}}],"collection":[{"href":"https:\/\/www.ufsm.br\/cursos\/pos-graduacao\/palmeira-das-missoes\/ppgsr\/wp-json\/wp\/v2\/pages"}],"about":[{"href":"https:\/\/www.ufsm.br\/cursos\/pos-graduacao\/palmeira-das-missoes\/ppgsr\/wp-json\/wp\/v2\/types\/page"}],"author":[{"embeddable":true,"href":"https:\/\/www.ufsm.br\/cursos\/pos-graduacao\/palmeira-das-missoes\/ppgsr\/wp-json\/wp\/v2\/users\/3862"}],"replies":[{"embeddable":true,"href":"https:\/\/www.ufsm.br\/cursos\/pos-graduacao\/palmeira-das-missoes\/ppgsr\/wp-json\/wp\/v2\/comments?post=355"}],"version-history":[{"count":0,"href":"https:\/\/www.ufsm.br\/cursos\/pos-graduacao\/palmeira-das-missoes\/ppgsr\/wp-json\/wp\/v2\/pages\/355\/revisions"}],"wp:attachment":[{"href":"https:\/\/www.ufsm.br\/cursos\/pos-graduacao\/palmeira-das-missoes\/ppgsr\/wp-json\/wp\/v2\/media?parent=355"}],"wp:term":[{"taxonomy":"category","embeddable":true,"href":"https:\/\/www.ufsm.br\/cursos\/pos-graduacao\/palmeira-das-missoes\/ppgsr\/wp-json\/wp\/v2\/categories?post=355"},{"taxonomy":"post_tag","embeddable":true,"href":"https:\/\/www.ufsm.br\/cursos\/pos-graduacao\/palmeira-das-missoes\/ppgsr\/wp-json\/wp\/v2\/tags?post=355"}],"curies":[{"name":"wp","href":"https:\/\/api.w.org\/{rel}","templated":true}]}}