{"id":370,"date":"2022-12-01T14:16:11","date_gmt":"2022-12-01T17:16:11","guid":{"rendered":"https:\/\/www.ufsm.br\/cursos\/pos-graduacao\/palmeira-das-missoes\/ppgsr\/?page_id=370"},"modified":"2022-12-01T14:16:12","modified_gmt":"2022-12-01T17:16:12","slug":"i-seminario-internacional-em-saude-e-ruralidade","status":"publish","type":"page","link":"https:\/\/www.ufsm.br\/cursos\/pos-graduacao\/palmeira-das-missoes\/ppgsr\/i-seminario-internacional-em-saude-e-ruralidade","title":{"rendered":"I Semin\u00e1rio Internacional em Sa\u00fade e Ruralidade"},"content":{"rendered":"\n<p><\/p>\n\n\n\n<p>No dia 23 de novembro de 2022, com o tema\u00a0<strong>\u201cPensar a forma\u00e7\u00e3o e a pesquisa na p\u00f3s-gradua\u00e7\u00e3o\u00a0<em>scrictu sensu<\/em>\u00a0no contexto rural e na sa\u00fade\u201d<\/strong>\u00a0foi realizado o\u00a0<strong>I Semin\u00e1rio Internacional de Pesquisa em Sa\u00fade e Ruralidade<\/strong>\u00a0promovido pelo Programa de P\u00f3s-gradua\u00e7\u00e3o em Sa\u00fade e Ruralidade com apoio do NEPESC.<\/p>\n\n\n\n<p>Confira algumas fotos deste grande evento:<\/p>\n\n\n\n<figure class=\"wp-block-gallery has-nested-images columns-default is-cropped wp-block-gallery-1 is-layout-flex wp-block-gallery-is-layout-flex\">\n<figure class=\"wp-block-image size-large\"><img fetchpriority=\"high\" decoding=\"async\" width=\"1024\" height=\"765\" data-id=\"379\" src=\"https:\/\/www.ufsm.br\/app\/uploads\/sites\/861\/2022\/12\/WhatsApp-Image-2022-11-23-at-21.29.46-1-1024x765.jpeg\" alt=\"\" class=\"wp-image-379\" srcset=\"https:\/\/www.ufsm.br\/app\/uploads\/sites\/861\/2022\/12\/WhatsApp-Image-2022-11-23-at-21.29.46-1-1024x765.jpeg 1024w, https:\/\/www.ufsm.br\/app\/uploads\/sites\/861\/2022\/12\/WhatsApp-Image-2022-11-23-at-21.29.46-1-300x224.jpeg 300w, https:\/\/www.ufsm.br\/app\/uploads\/sites\/861\/2022\/12\/WhatsApp-Image-2022-11-23-at-21.29.46-1-768x574.jpeg 768w, https:\/\/www.ufsm.br\/app\/uploads\/sites\/861\/2022\/12\/WhatsApp-Image-2022-11-23-at-21.29.46-1-1536x1148.jpeg 1536w, https:\/\/www.ufsm.br\/app\/uploads\/sites\/861\/2022\/12\/WhatsApp-Image-2022-11-23-at-21.29.46-1.jpeg 1600w\" sizes=\"(max-width: 1024px) 100vw, 1024px\" \/><\/figure>\n\n\n\n<figure class=\"wp-block-image size-large\"><img decoding=\"async\" width=\"1024\" height=\"765\" data-id=\"378\" src=\"https:\/\/www.ufsm.br\/app\/uploads\/sites\/861\/2022\/12\/WhatsApp-Image-2022-11-23-at-21.29.46-1024x765.jpeg\" alt=\"\" class=\"wp-image-378\" srcset=\"https:\/\/www.ufsm.br\/app\/uploads\/sites\/861\/2022\/12\/WhatsApp-Image-2022-11-23-at-21.29.46-1024x765.jpeg 1024w, https:\/\/www.ufsm.br\/app\/uploads\/sites\/861\/2022\/12\/WhatsApp-Image-2022-11-23-at-21.29.46-300x224.jpeg 300w, https:\/\/www.ufsm.br\/app\/uploads\/sites\/861\/2022\/12\/WhatsApp-Image-2022-11-23-at-21.29.46-768x574.jpeg 768w, https:\/\/www.ufsm.br\/app\/uploads\/sites\/861\/2022\/12\/WhatsApp-Image-2022-11-23-at-21.29.46-1536x1148.jpeg 1536w, https:\/\/www.ufsm.br\/app\/uploads\/sites\/861\/2022\/12\/WhatsApp-Image-2022-11-23-at-21.29.46.jpeg 1600w\" sizes=\"(max-width: 1024px) 100vw, 1024px\" \/><\/figure>\n\n\n\n<figure class=\"wp-block-image size-large\"><img decoding=\"async\" width=\"765\" height=\"1024\" data-id=\"376\" src=\"https:\/\/www.ufsm.br\/app\/uploads\/sites\/861\/2022\/12\/WhatsApp-Image-2022-11-23-at-21.29.44-2-765x1024.jpeg\" alt=\"\" class=\"wp-image-376\" srcset=\"https:\/\/www.ufsm.br\/app\/uploads\/sites\/861\/2022\/12\/WhatsApp-Image-2022-11-23-at-21.29.44-2-765x1024.jpeg 765w, https:\/\/www.ufsm.br\/app\/uploads\/sites\/861\/2022\/12\/WhatsApp-Image-2022-11-23-at-21.29.44-2-224x300.jpeg 224w, https:\/\/www.ufsm.br\/app\/uploads\/sites\/861\/2022\/12\/WhatsApp-Image-2022-11-23-at-21.29.44-2-768x1027.jpeg 768w, https:\/\/www.ufsm.br\/app\/uploads\/sites\/861\/2022\/12\/WhatsApp-Image-2022-11-23-at-21.29.44-2-1148x1536.jpeg 1148w, https:\/\/www.ufsm.br\/app\/uploads\/sites\/861\/2022\/12\/WhatsApp-Image-2022-11-23-at-21.29.44-2.jpeg 1196w\" sizes=\"(max-width: 765px) 100vw, 765px\" \/><\/figure>\n\n\n\n<figure class=\"wp-block-image size-large\"><img loading=\"lazy\" decoding=\"async\" width=\"1024\" height=\"765\" data-id=\"373\" src=\"https:\/\/www.ufsm.br\/app\/uploads\/sites\/861\/2022\/12\/WhatsApp-Image-2022-11-23-at-21.29.43-1024x765.jpeg\" alt=\"\" class=\"wp-image-373\" srcset=\"https:\/\/www.ufsm.br\/app\/uploads\/sites\/861\/2022\/12\/WhatsApp-Image-2022-11-23-at-21.29.43-1024x765.jpeg 1024w, https:\/\/www.ufsm.br\/app\/uploads\/sites\/861\/2022\/12\/WhatsApp-Image-2022-11-23-at-21.29.43-300x224.jpeg 300w, https:\/\/www.ufsm.br\/app\/uploads\/sites\/861\/2022\/12\/WhatsApp-Image-2022-11-23-at-21.29.43-768x574.jpeg 768w, https:\/\/www.ufsm.br\/app\/uploads\/sites\/861\/2022\/12\/WhatsApp-Image-2022-11-23-at-21.29.43-1536x1148.jpeg 1536w, https:\/\/www.ufsm.br\/app\/uploads\/sites\/861\/2022\/12\/WhatsApp-Image-2022-11-23-at-21.29.43.jpeg 1600w\" sizes=\"(max-width: 1024px) 100vw, 1024px\" \/><\/figure>\n\n\n\n<figure class=\"wp-block-image size-large\"><img loading=\"lazy\" decoding=\"async\" width=\"765\" height=\"1024\" data-id=\"372\" src=\"https:\/\/www.ufsm.br\/app\/uploads\/sites\/861\/2022\/12\/WhatsApp-Image-2022-11-23-at-21.29.40-1-765x1024.jpeg\" alt=\"\" class=\"wp-image-372\" srcset=\"https:\/\/www.ufsm.br\/app\/uploads\/sites\/861\/2022\/12\/WhatsApp-Image-2022-11-23-at-21.29.40-1-765x1024.jpeg 765w, https:\/\/www.ufsm.br\/app\/uploads\/sites\/861\/2022\/12\/WhatsApp-Image-2022-11-23-at-21.29.40-1-224x300.jpeg 224w, https:\/\/www.ufsm.br\/app\/uploads\/sites\/861\/2022\/12\/WhatsApp-Image-2022-11-23-at-21.29.40-1-768x1027.jpeg 768w, https:\/\/www.ufsm.br\/app\/uploads\/sites\/861\/2022\/12\/WhatsApp-Image-2022-11-23-at-21.29.40-1-1148x1536.jpeg 1148w, https:\/\/www.ufsm.br\/app\/uploads\/sites\/861\/2022\/12\/WhatsApp-Image-2022-11-23-at-21.29.40-1.jpeg 1196w\" sizes=\"(max-width: 765px) 100vw, 765px\" \/><\/figure>\n\n\n\n<figure class=\"wp-block-image size-large\"><img loading=\"lazy\" decoding=\"async\" width=\"765\" height=\"1024\" data-id=\"382\" src=\"https:\/\/www.ufsm.br\/app\/uploads\/sites\/861\/2022\/12\/WhatsApp-Image-2022-11-23-at-21.29.37-765x1024.jpeg\" alt=\"\" class=\"wp-image-382\" srcset=\"https:\/\/www.ufsm.br\/app\/uploads\/sites\/861\/2022\/12\/WhatsApp-Image-2022-11-23-at-21.29.37-765x1024.jpeg 765w, https:\/\/www.ufsm.br\/app\/uploads\/sites\/861\/2022\/12\/WhatsApp-Image-2022-11-23-at-21.29.37-224x300.jpeg 224w, https:\/\/www.ufsm.br\/app\/uploads\/sites\/861\/2022\/12\/WhatsApp-Image-2022-11-23-at-21.29.37-768x1027.jpeg 768w, https:\/\/www.ufsm.br\/app\/uploads\/sites\/861\/2022\/12\/WhatsApp-Image-2022-11-23-at-21.29.37-1148x1536.jpeg 1148w, https:\/\/www.ufsm.br\/app\/uploads\/sites\/861\/2022\/12\/WhatsApp-Image-2022-11-23-at-21.29.37.jpeg 1196w\" sizes=\"(max-width: 765px) 100vw, 765px\" \/><\/figure>\n\n\n\n<figure class=\"wp-block-image size-large\"><img loading=\"lazy\" decoding=\"async\" width=\"1024\" height=\"765\" data-id=\"380\" src=\"https:\/\/www.ufsm.br\/app\/uploads\/sites\/861\/2022\/12\/WhatsApp-Image-2022-11-23-at-21.29.36-1024x765.jpeg\" alt=\"\" class=\"wp-image-380\" srcset=\"https:\/\/www.ufsm.br\/app\/uploads\/sites\/861\/2022\/12\/WhatsApp-Image-2022-11-23-at-21.29.36-1024x765.jpeg 1024w, https:\/\/www.ufsm.br\/app\/uploads\/sites\/861\/2022\/12\/WhatsApp-Image-2022-11-23-at-21.29.36-300x224.jpeg 300w, https:\/\/www.ufsm.br\/app\/uploads\/sites\/861\/2022\/12\/WhatsApp-Image-2022-11-23-at-21.29.36-768x574.jpeg 768w, https:\/\/www.ufsm.br\/app\/uploads\/sites\/861\/2022\/12\/WhatsApp-Image-2022-11-23-at-21.29.36-1536x1148.jpeg 1536w, https:\/\/www.ufsm.br\/app\/uploads\/sites\/861\/2022\/12\/WhatsApp-Image-2022-11-23-at-21.29.36.jpeg 1600w\" sizes=\"(max-width: 1024px) 100vw, 1024px\" \/><\/figure>\n\n\n\n<figure class=\"wp-block-image size-large\"><img loading=\"lazy\" decoding=\"async\" width=\"1024\" height=\"765\" data-id=\"371\" src=\"https:\/\/www.ufsm.br\/app\/uploads\/sites\/861\/2022\/12\/WhatsApp-Image-2022-11-23-at-21.29.35-1024x765.jpeg\" alt=\"\" class=\"wp-image-371\" srcset=\"https:\/\/www.ufsm.br\/app\/uploads\/sites\/861\/2022\/12\/WhatsApp-Image-2022-11-23-at-21.29.35-1024x765.jpeg 1024w, https:\/\/www.ufsm.br\/app\/uploads\/sites\/861\/2022\/12\/WhatsApp-Image-2022-11-23-at-21.29.35-300x224.jpeg 300w, https:\/\/www.ufsm.br\/app\/uploads\/sites\/861\/2022\/12\/WhatsApp-Image-2022-11-23-at-21.29.35-768x574.jpeg 768w, https:\/\/www.ufsm.br\/app\/uploads\/sites\/861\/2022\/12\/WhatsApp-Image-2022-11-23-at-21.29.35-1536x1148.jpeg 1536w, https:\/\/www.ufsm.br\/app\/uploads\/sites\/861\/2022\/12\/WhatsApp-Image-2022-11-23-at-21.29.35.jpeg 1600w\" sizes=\"(max-width: 1024px) 100vw, 1024px\" \/><\/figure>\n\n\n\n<figure class=\"wp-block-image size-large\"><img loading=\"lazy\" decoding=\"async\" width=\"1024\" height=\"765\" data-id=\"383\" src=\"https:\/\/www.ufsm.br\/app\/uploads\/sites\/861\/2022\/12\/WhatsApp-Image-2022-11-23-at-21.29.32-1024x765.jpeg\" alt=\"\" class=\"wp-image-383\" srcset=\"https:\/\/www.ufsm.br\/app\/uploads\/sites\/861\/2022\/12\/WhatsApp-Image-2022-11-23-at-21.29.32-1024x765.jpeg 1024w, https:\/\/www.ufsm.br\/app\/uploads\/sites\/861\/2022\/12\/WhatsApp-Image-2022-11-23-at-21.29.32-300x224.jpeg 300w, https:\/\/www.ufsm.br\/app\/uploads\/sites\/861\/2022\/12\/WhatsApp-Image-2022-11-23-at-21.29.32-768x574.jpeg 768w, https:\/\/www.ufsm.br\/app\/uploads\/sites\/861\/2022\/12\/WhatsApp-Image-2022-11-23-at-21.29.32-1536x1148.jpeg 1536w, https:\/\/www.ufsm.br\/app\/uploads\/sites\/861\/2022\/12\/WhatsApp-Image-2022-11-23-at-21.29.32.jpeg 1600w\" sizes=\"(max-width: 1024px) 100vw, 1024px\" \/><\/figure>\n\n\n\n<figure class=\"wp-block-image size-large\"><img loading=\"lazy\" decoding=\"async\" width=\"768\" height=\"1024\" data-id=\"384\" src=\"https:\/\/www.ufsm.br\/app\/uploads\/sites\/861\/2022\/12\/WhatsApp-Image-2022-11-23-at-18.51.11-1-768x1024.jpeg\" alt=\"\" class=\"wp-image-384\" srcset=\"https:\/\/www.ufsm.br\/app\/uploads\/sites\/861\/2022\/12\/WhatsApp-Image-2022-11-23-at-18.51.11-1-768x1024.jpeg 768w, https:\/\/www.ufsm.br\/app\/uploads\/sites\/861\/2022\/12\/WhatsApp-Image-2022-11-23-at-18.51.11-1-225x300.jpeg 225w, https:\/\/www.ufsm.br\/app\/uploads\/sites\/861\/2022\/12\/WhatsApp-Image-2022-11-23-at-18.51.11-1-1152x1536.jpeg 1152w, https:\/\/www.ufsm.br\/app\/uploads\/sites\/861\/2022\/12\/WhatsApp-Image-2022-11-23-at-18.51.11-1.jpeg 1200w\" sizes=\"(max-width: 768px) 100vw, 768px\" \/><\/figure>\n\n\n\n<figure class=\"wp-block-image size-large\"><img loading=\"lazy\" decoding=\"async\" width=\"1024\" height=\"768\" data-id=\"386\" src=\"https:\/\/www.ufsm.br\/app\/uploads\/sites\/861\/2022\/12\/WhatsApp-Image-2022-11-23-at-08.55.04-1024x768.jpeg\" alt=\"\" class=\"wp-image-386\" srcset=\"https:\/\/www.ufsm.br\/app\/uploads\/sites\/861\/2022\/12\/WhatsApp-Image-2022-11-23-at-08.55.04-1024x768.jpeg 1024w, https:\/\/www.ufsm.br\/app\/uploads\/sites\/861\/2022\/12\/WhatsApp-Image-2022-11-23-at-08.55.04-300x225.jpeg 300w, https:\/\/www.ufsm.br\/app\/uploads\/sites\/861\/2022\/12\/WhatsApp-Image-2022-11-23-at-08.55.04-768x576.jpeg 768w, https:\/\/www.ufsm.br\/app\/uploads\/sites\/861\/2022\/12\/WhatsApp-Image-2022-11-23-at-08.55.04.jpeg 1280w\" sizes=\"(max-width: 1024px) 100vw, 1024px\" \/><\/figure>\n\n\n\n<figure class=\"wp-block-image size-large\"><img loading=\"lazy\" decoding=\"async\" width=\"768\" height=\"1024\" data-id=\"385\" src=\"https:\/\/www.ufsm.br\/app\/uploads\/sites\/861\/2022\/12\/WhatsApp-Image-2022-11-23-at-08.55.05-768x1024.jpeg\" alt=\"\" class=\"wp-image-385\" srcset=\"https:\/\/www.ufsm.br\/app\/uploads\/sites\/861\/2022\/12\/WhatsApp-Image-2022-11-23-at-08.55.05-768x1024.jpeg 768w, https:\/\/www.ufsm.br\/app\/uploads\/sites\/861\/2022\/12\/WhatsApp-Image-2022-11-23-at-08.55.05-225x300.jpeg 225w, https:\/\/www.ufsm.br\/app\/uploads\/sites\/861\/2022\/12\/WhatsApp-Image-2022-11-23-at-08.55.05.jpeg 960w\" sizes=\"(max-width: 768px) 100vw, 768px\" \/><\/figure>\n\n\n\n<figure class=\"wp-block-image size-large\"><img loading=\"lazy\" decoding=\"async\" width=\"1024\" height=\"768\" data-id=\"374\" src=\"https:\/\/www.ufsm.br\/app\/uploads\/sites\/861\/2022\/12\/WhatsApp-Image-2022-11-23-at-08.57.31-1024x768.jpeg\" alt=\"\" class=\"wp-image-374\" srcset=\"https:\/\/www.ufsm.br\/app\/uploads\/sites\/861\/2022\/12\/WhatsApp-Image-2022-11-23-at-08.57.31-1024x768.jpeg 1024w, https:\/\/www.ufsm.br\/app\/uploads\/sites\/861\/2022\/12\/WhatsApp-Image-2022-11-23-at-08.57.31-300x225.jpeg 300w, https:\/\/www.ufsm.br\/app\/uploads\/sites\/861\/2022\/12\/WhatsApp-Image-2022-11-23-at-08.57.31-768x576.jpeg 768w, https:\/\/www.ufsm.br\/app\/uploads\/sites\/861\/2022\/12\/WhatsApp-Image-2022-11-23-at-08.57.31.jpeg 1280w\" sizes=\"(max-width: 1024px) 100vw, 1024px\" \/><\/figure>\n\n\n\n<figure class=\"wp-block-image size-large\"><img loading=\"lazy\" decoding=\"async\" width=\"1024\" height=\"768\" data-id=\"381\" src=\"https:\/\/www.ufsm.br\/app\/uploads\/sites\/861\/2022\/12\/a9f9fc92-4f11-4f3c-89a5-41616a8f8fe8-1024x768.jpg\" alt=\"\" class=\"wp-image-381\" srcset=\"https:\/\/www.ufsm.br\/app\/uploads\/sites\/861\/2022\/12\/a9f9fc92-4f11-4f3c-89a5-41616a8f8fe8-1024x768.jpg 1024w, https:\/\/www.ufsm.br\/app\/uploads\/sites\/861\/2022\/12\/a9f9fc92-4f11-4f3c-89a5-41616a8f8fe8-300x225.jpg 300w, https:\/\/www.ufsm.br\/app\/uploads\/sites\/861\/2022\/12\/a9f9fc92-4f11-4f3c-89a5-41616a8f8fe8-768x576.jpg 768w, https:\/\/www.ufsm.br\/app\/uploads\/sites\/861\/2022\/12\/a9f9fc92-4f11-4f3c-89a5-41616a8f8fe8.jpg 1280w\" sizes=\"(max-width: 1024px) 100vw, 1024px\" \/><\/figure>\n\n\n\n<figure class=\"wp-block-image size-large\"><img loading=\"lazy\" decoding=\"async\" width=\"1024\" height=\"765\" data-id=\"375\" src=\"https:\/\/www.ufsm.br\/app\/uploads\/sites\/861\/2022\/12\/WhatsApp-Image-2022-11-23-at-21.29.33-1024x765.jpeg\" alt=\"\" class=\"wp-image-375\" srcset=\"https:\/\/www.ufsm.br\/app\/uploads\/sites\/861\/2022\/12\/WhatsApp-Image-2022-11-23-at-21.29.33-1024x765.jpeg 1024w, https:\/\/www.ufsm.br\/app\/uploads\/sites\/861\/2022\/12\/WhatsApp-Image-2022-11-23-at-21.29.33-300x224.jpeg 300w, https:\/\/www.ufsm.br\/app\/uploads\/sites\/861\/2022\/12\/WhatsApp-Image-2022-11-23-at-21.29.33-768x574.jpeg 768w, https:\/\/www.ufsm.br\/app\/uploads\/sites\/861\/2022\/12\/WhatsApp-Image-2022-11-23-at-21.29.33-1536x1148.jpeg 1536w, https:\/\/www.ufsm.br\/app\/uploads\/sites\/861\/2022\/12\/WhatsApp-Image-2022-11-23-at-21.29.33.jpeg 1600w\" sizes=\"(max-width: 1024px) 100vw, 1024px\" \/><\/figure>\n\n\n\n<figure class=\"wp-block-image size-large\"><img loading=\"lazy\" decoding=\"async\" width=\"1024\" height=\"765\" data-id=\"377\" src=\"https:\/\/www.ufsm.br\/app\/uploads\/sites\/861\/2022\/12\/WhatsApp-Image-2022-11-23-at-21.29.31-1024x765.jpeg\" alt=\"\" class=\"wp-image-377\" srcset=\"https:\/\/www.ufsm.br\/app\/uploads\/sites\/861\/2022\/12\/WhatsApp-Image-2022-11-23-at-21.29.31-1024x765.jpeg 1024w, https:\/\/www.ufsm.br\/app\/uploads\/sites\/861\/2022\/12\/WhatsApp-Image-2022-11-23-at-21.29.31-300x224.jpeg 300w, https:\/\/www.ufsm.br\/app\/uploads\/sites\/861\/2022\/12\/WhatsApp-Image-2022-11-23-at-21.29.31-768x574.jpeg 768w, https:\/\/www.ufsm.br\/app\/uploads\/sites\/861\/2022\/12\/WhatsApp-Image-2022-11-23-at-21.29.31-1536x1148.jpeg 1536w, https:\/\/www.ufsm.br\/app\/uploads\/sites\/861\/2022\/12\/WhatsApp-Image-2022-11-23-at-21.29.31.jpeg 1600w\" sizes=\"(max-width: 1024px) 100vw, 1024px\" \/><\/figure>\n\n\n\n<figure class=\"wp-block-image size-large\"><img loading=\"lazy\" decoding=\"async\" width=\"1024\" height=\"765\" data-id=\"387\" src=\"https:\/\/www.ufsm.br\/app\/uploads\/sites\/861\/2022\/12\/WhatsApp-Image-2022-11-23-at-21.29.34-2-1024x765.jpeg\" alt=\"\" class=\"wp-image-387\" srcset=\"https:\/\/www.ufsm.br\/app\/uploads\/sites\/861\/2022\/12\/WhatsApp-Image-2022-11-23-at-21.29.34-2-1024x765.jpeg 1024w, https:\/\/www.ufsm.br\/app\/uploads\/sites\/861\/2022\/12\/WhatsApp-Image-2022-11-23-at-21.29.34-2-300x224.jpeg 300w, https:\/\/www.ufsm.br\/app\/uploads\/sites\/861\/2022\/12\/WhatsApp-Image-2022-11-23-at-21.29.34-2-768x574.jpeg 768w, https:\/\/www.ufsm.br\/app\/uploads\/sites\/861\/2022\/12\/WhatsApp-Image-2022-11-23-at-21.29.34-2-1536x1148.jpeg 1536w, https:\/\/www.ufsm.br\/app\/uploads\/sites\/861\/2022\/12\/WhatsApp-Image-2022-11-23-at-21.29.34-2.jpeg 1600w\" sizes=\"(max-width: 1024px) 100vw, 1024px\" \/><\/figure>\n<\/figure>\n","protected":false},"excerpt":{"rendered":"<p>No dia 23 de novembro de 2022, com o tema\u00a0\u201cPensar a forma\u00e7\u00e3o e a pesquisa na p\u00f3s-gradua\u00e7\u00e3o\u00a0scrictu sensu\u00a0no contexto rural e na sa\u00fade\u201d\u00a0foi realizado o\u00a0I Semin\u00e1rio Internacional de Pesquisa em Sa\u00fade e Ruralidade\u00a0promovido pelo Programa de P\u00f3s-gradua\u00e7\u00e3o em Sa\u00fade e Ruralidade com apoio do NEPESC. Confira algumas fotos deste grande evento:<\/p>\n","protected":false},"author":3862,"featured_media":0,"parent":0,"menu_order":0,"comment_status":"closed","ping_status":"closed","template":"","meta":{"footnotes":""},"categories":[],"tags":[],"class_list":["post-370","page","type-page","status-publish","hentry"],"acf":[],"_links":{"self":[{"href":"https:\/\/www.ufsm.br\/cursos\/pos-graduacao\/palmeira-das-missoes\/ppgsr\/wp-json\/wp\/v2\/pages\/370","targetHints":{"allow":["GET"]}}],"collection":[{"href":"https:\/\/www.ufsm.br\/cursos\/pos-graduacao\/palmeira-das-missoes\/ppgsr\/wp-json\/wp\/v2\/pages"}],"about":[{"href":"https:\/\/www.ufsm.br\/cursos\/pos-graduacao\/palmeira-das-missoes\/ppgsr\/wp-json\/wp\/v2\/types\/page"}],"author":[{"embeddable":true,"href":"https:\/\/www.ufsm.br\/cursos\/pos-graduacao\/palmeira-das-missoes\/ppgsr\/wp-json\/wp\/v2\/users\/3862"}],"replies":[{"embeddable":true,"href":"https:\/\/www.ufsm.br\/cursos\/pos-graduacao\/palmeira-das-missoes\/ppgsr\/wp-json\/wp\/v2\/comments?post=370"}],"version-history":[{"count":0,"href":"https:\/\/www.ufsm.br\/cursos\/pos-graduacao\/palmeira-das-missoes\/ppgsr\/wp-json\/wp\/v2\/pages\/370\/revisions"}],"wp:attachment":[{"href":"https:\/\/www.ufsm.br\/cursos\/pos-graduacao\/palmeira-das-missoes\/ppgsr\/wp-json\/wp\/v2\/media?parent=370"}],"wp:term":[{"taxonomy":"category","embeddable":true,"href":"https:\/\/www.ufsm.br\/cursos\/pos-graduacao\/palmeira-das-missoes\/ppgsr\/wp-json\/wp\/v2\/categories?post=370"},{"taxonomy":"post_tag","embeddable":true,"href":"https:\/\/www.ufsm.br\/cursos\/pos-graduacao\/palmeira-das-missoes\/ppgsr\/wp-json\/wp\/v2\/tags?post=370"}],"curies":[{"name":"wp","href":"https:\/\/api.w.org\/{rel}","templated":true}]}}