{"id":389,"date":"2022-12-01T14:39:33","date_gmt":"2022-12-01T17:39:33","guid":{"rendered":"https:\/\/www.ufsm.br\/cursos\/pos-graduacao\/palmeira-das-missoes\/ppgsr\/?page_id=389"},"modified":"2022-12-01T14:39:34","modified_gmt":"2022-12-01T17:39:34","slug":"aula-magna-do-ppgsr","status":"publish","type":"page","link":"https:\/\/www.ufsm.br\/cursos\/pos-graduacao\/palmeira-das-missoes\/ppgsr\/aula-magna-do-ppgsr","title":{"rendered":"Aula Magna do PPGSR"},"content":{"rendered":"\n<p>O Programa de P\u00f3s-Gradua\u00e7\u00e3o em Sa\u00fade e Ruralidade \u2013 PPGSR realiza sua Aula Magna com o seguinte tema:\u00a0<em>\u201cDesafios da P\u00f3s-Gradua\u00e7\u00e3o no Brasil e Perspectivas da Internacionaliza\u00e7\u00e3o\u201d.<\/em><\/p>\n\n\n\n<p>O evento aconteceu no dia 12 de maio, \u00e0s 9h:30min, no audit\u00f3rio da UFSM campus Palmeira das Miss\u00f5es.<\/p>\n\n\n\n<p>A Aula Magna contou com a ilustre presen\u00e7a do Prof. Dr. Pedro Fredemir Palha, Professor Titular do Departamento de Enfermagem Materno-Infantil e Sa\u00fade P\u00fablica da Escola de Enfermagem de Ribeir\u00e3o Preto (EERP\/USP).<\/p>\n\n\n\n<figure class=\"wp-block-gallery has-nested-images columns-default is-cropped wp-block-gallery-1 is-layout-flex wp-block-gallery-is-layout-flex\">\n<figure class=\"wp-block-image size-large\"><img fetchpriority=\"high\" decoding=\"async\" width=\"1024\" height=\"683\" data-id=\"398\" src=\"https:\/\/www.ufsm.br\/app\/uploads\/sites\/861\/2022\/12\/DSC0172-1024x683.jpg\" alt=\"\" class=\"wp-image-398\" srcset=\"https:\/\/www.ufsm.br\/app\/uploads\/sites\/861\/2022\/12\/DSC0172-1024x683.jpg 1024w, https:\/\/www.ufsm.br\/app\/uploads\/sites\/861\/2022\/12\/DSC0172-300x200.jpg 300w, https:\/\/www.ufsm.br\/app\/uploads\/sites\/861\/2022\/12\/DSC0172-768x512.jpg 768w, https:\/\/www.ufsm.br\/app\/uploads\/sites\/861\/2022\/12\/DSC0172-1536x1024.jpg 1536w, https:\/\/www.ufsm.br\/app\/uploads\/sites\/861\/2022\/12\/DSC0172-2048x1366.jpg 2048w, https:\/\/www.ufsm.br\/app\/uploads\/sites\/861\/2022\/12\/DSC0172-272x182.jpg 272w\" sizes=\"(max-width: 1024px) 100vw, 1024px\" \/><\/figure>\n\n\n\n<figure class=\"wp-block-image size-large\"><img decoding=\"async\" width=\"1024\" height=\"683\" data-id=\"397\" src=\"https:\/\/www.ufsm.br\/app\/uploads\/sites\/861\/2022\/12\/DSC0170-1024x683.jpg\" alt=\"\" class=\"wp-image-397\" srcset=\"https:\/\/www.ufsm.br\/app\/uploads\/sites\/861\/2022\/12\/DSC0170-1024x683.jpg 1024w, https:\/\/www.ufsm.br\/app\/uploads\/sites\/861\/2022\/12\/DSC0170-300x200.jpg 300w, https:\/\/www.ufsm.br\/app\/uploads\/sites\/861\/2022\/12\/DSC0170-768x512.jpg 768w, https:\/\/www.ufsm.br\/app\/uploads\/sites\/861\/2022\/12\/DSC0170-1536x1024.jpg 1536w, https:\/\/www.ufsm.br\/app\/uploads\/sites\/861\/2022\/12\/DSC0170-2048x1366.jpg 2048w, https:\/\/www.ufsm.br\/app\/uploads\/sites\/861\/2022\/12\/DSC0170-272x182.jpg 272w\" sizes=\"(max-width: 1024px) 100vw, 1024px\" \/><\/figure>\n\n\n\n<figure class=\"wp-block-image size-large\"><img decoding=\"async\" width=\"1024\" height=\"683\" data-id=\"391\" src=\"https:\/\/www.ufsm.br\/app\/uploads\/sites\/861\/2022\/12\/DSC0169-1024x683.jpg\" alt=\"\" class=\"wp-image-391\" srcset=\"https:\/\/www.ufsm.br\/app\/uploads\/sites\/861\/2022\/12\/DSC0169-1024x683.jpg 1024w, https:\/\/www.ufsm.br\/app\/uploads\/sites\/861\/2022\/12\/DSC0169-300x200.jpg 300w, https:\/\/www.ufsm.br\/app\/uploads\/sites\/861\/2022\/12\/DSC0169-768x512.jpg 768w, https:\/\/www.ufsm.br\/app\/uploads\/sites\/861\/2022\/12\/DSC0169-1536x1024.jpg 1536w, https:\/\/www.ufsm.br\/app\/uploads\/sites\/861\/2022\/12\/DSC0169-2048x1366.jpg 2048w, https:\/\/www.ufsm.br\/app\/uploads\/sites\/861\/2022\/12\/DSC0169-272x182.jpg 272w\" sizes=\"(max-width: 1024px) 100vw, 1024px\" \/><\/figure>\n\n\n\n<figure class=\"wp-block-image size-large\"><img loading=\"lazy\" decoding=\"async\" width=\"1024\" height=\"683\" data-id=\"394\" src=\"https:\/\/www.ufsm.br\/app\/uploads\/sites\/861\/2022\/12\/DSC0168-1024x683.jpg\" alt=\"\" class=\"wp-image-394\" srcset=\"https:\/\/www.ufsm.br\/app\/uploads\/sites\/861\/2022\/12\/DSC0168-1024x683.jpg 1024w, https:\/\/www.ufsm.br\/app\/uploads\/sites\/861\/2022\/12\/DSC0168-300x200.jpg 300w, https:\/\/www.ufsm.br\/app\/uploads\/sites\/861\/2022\/12\/DSC0168-768x512.jpg 768w, https:\/\/www.ufsm.br\/app\/uploads\/sites\/861\/2022\/12\/DSC0168-1536x1024.jpg 1536w, https:\/\/www.ufsm.br\/app\/uploads\/sites\/861\/2022\/12\/DSC0168-2048x1366.jpg 2048w, https:\/\/www.ufsm.br\/app\/uploads\/sites\/861\/2022\/12\/DSC0168-272x182.jpg 272w\" sizes=\"(max-width: 1024px) 100vw, 1024px\" \/><\/figure>\n\n\n\n<figure class=\"wp-block-image size-large\"><img loading=\"lazy\" decoding=\"async\" width=\"1024\" height=\"683\" data-id=\"390\" src=\"https:\/\/www.ufsm.br\/app\/uploads\/sites\/861\/2022\/12\/DSC0167-1024x683.jpg\" alt=\"\" class=\"wp-image-390\" srcset=\"https:\/\/www.ufsm.br\/app\/uploads\/sites\/861\/2022\/12\/DSC0167-1024x683.jpg 1024w, https:\/\/www.ufsm.br\/app\/uploads\/sites\/861\/2022\/12\/DSC0167-300x200.jpg 300w, https:\/\/www.ufsm.br\/app\/uploads\/sites\/861\/2022\/12\/DSC0167-768x512.jpg 768w, https:\/\/www.ufsm.br\/app\/uploads\/sites\/861\/2022\/12\/DSC0167-1536x1024.jpg 1536w, https:\/\/www.ufsm.br\/app\/uploads\/sites\/861\/2022\/12\/DSC0167-2048x1366.jpg 2048w, https:\/\/www.ufsm.br\/app\/uploads\/sites\/861\/2022\/12\/DSC0167-272x182.jpg 272w\" sizes=\"(max-width: 1024px) 100vw, 1024px\" \/><\/figure>\n\n\n\n<figure class=\"wp-block-image size-large\"><img loading=\"lazy\" decoding=\"async\" width=\"1024\" height=\"683\" data-id=\"392\" src=\"https:\/\/www.ufsm.br\/app\/uploads\/sites\/861\/2022\/12\/DSC0154-1024x683.jpg\" alt=\"\" class=\"wp-image-392\" srcset=\"https:\/\/www.ufsm.br\/app\/uploads\/sites\/861\/2022\/12\/DSC0154-1024x683.jpg 1024w, https:\/\/www.ufsm.br\/app\/uploads\/sites\/861\/2022\/12\/DSC0154-300x200.jpg 300w, https:\/\/www.ufsm.br\/app\/uploads\/sites\/861\/2022\/12\/DSC0154-768x512.jpg 768w, https:\/\/www.ufsm.br\/app\/uploads\/sites\/861\/2022\/12\/DSC0154-1536x1024.jpg 1536w, https:\/\/www.ufsm.br\/app\/uploads\/sites\/861\/2022\/12\/DSC0154-2048x1366.jpg 2048w, https:\/\/www.ufsm.br\/app\/uploads\/sites\/861\/2022\/12\/DSC0154-272x182.jpg 272w\" sizes=\"(max-width: 1024px) 100vw, 1024px\" \/><\/figure>\n\n\n\n<figure class=\"wp-block-image size-large\"><img loading=\"lazy\" decoding=\"async\" width=\"1024\" height=\"683\" data-id=\"395\" src=\"https:\/\/www.ufsm.br\/app\/uploads\/sites\/861\/2022\/12\/DSC0149-1024x683.jpg\" alt=\"\" class=\"wp-image-395\" srcset=\"https:\/\/www.ufsm.br\/app\/uploads\/sites\/861\/2022\/12\/DSC0149-1024x683.jpg 1024w, https:\/\/www.ufsm.br\/app\/uploads\/sites\/861\/2022\/12\/DSC0149-300x200.jpg 300w, https:\/\/www.ufsm.br\/app\/uploads\/sites\/861\/2022\/12\/DSC0149-768x512.jpg 768w, https:\/\/www.ufsm.br\/app\/uploads\/sites\/861\/2022\/12\/DSC0149-1536x1024.jpg 1536w, https:\/\/www.ufsm.br\/app\/uploads\/sites\/861\/2022\/12\/DSC0149-2048x1366.jpg 2048w, https:\/\/www.ufsm.br\/app\/uploads\/sites\/861\/2022\/12\/DSC0149-272x182.jpg 272w\" sizes=\"(max-width: 1024px) 100vw, 1024px\" \/><\/figure>\n\n\n\n<figure class=\"wp-block-image size-large\"><img loading=\"lazy\" decoding=\"async\" width=\"1024\" height=\"683\" data-id=\"393\" src=\"https:\/\/www.ufsm.br\/app\/uploads\/sites\/861\/2022\/12\/DSC0147-1024x683.jpg\" alt=\"\" class=\"wp-image-393\" srcset=\"https:\/\/www.ufsm.br\/app\/uploads\/sites\/861\/2022\/12\/DSC0147-1024x683.jpg 1024w, https:\/\/www.ufsm.br\/app\/uploads\/sites\/861\/2022\/12\/DSC0147-300x200.jpg 300w, https:\/\/www.ufsm.br\/app\/uploads\/sites\/861\/2022\/12\/DSC0147-768x512.jpg 768w, https:\/\/www.ufsm.br\/app\/uploads\/sites\/861\/2022\/12\/DSC0147-1536x1024.jpg 1536w, https:\/\/www.ufsm.br\/app\/uploads\/sites\/861\/2022\/12\/DSC0147-2048x1366.jpg 2048w, https:\/\/www.ufsm.br\/app\/uploads\/sites\/861\/2022\/12\/DSC0147-272x182.jpg 272w\" sizes=\"(max-width: 1024px) 100vw, 1024px\" \/><\/figure>\n\n\n\n<figure class=\"wp-block-image size-large\"><img loading=\"lazy\" decoding=\"async\" width=\"1024\" height=\"683\" data-id=\"396\" src=\"https:\/\/www.ufsm.br\/app\/uploads\/sites\/861\/2022\/12\/DSC0145-1024x683.jpg\" alt=\"\" class=\"wp-image-396\" srcset=\"https:\/\/www.ufsm.br\/app\/uploads\/sites\/861\/2022\/12\/DSC0145-1024x683.jpg 1024w, https:\/\/www.ufsm.br\/app\/uploads\/sites\/861\/2022\/12\/DSC0145-300x200.jpg 300w, https:\/\/www.ufsm.br\/app\/uploads\/sites\/861\/2022\/12\/DSC0145-768x512.jpg 768w, https:\/\/www.ufsm.br\/app\/uploads\/sites\/861\/2022\/12\/DSC0145-1536x1024.jpg 1536w, https:\/\/www.ufsm.br\/app\/uploads\/sites\/861\/2022\/12\/DSC0145-2048x1366.jpg 2048w, https:\/\/www.ufsm.br\/app\/uploads\/sites\/861\/2022\/12\/DSC0145-272x182.jpg 272w\" sizes=\"(max-width: 1024px) 100vw, 1024px\" \/><\/figure>\n<\/figure>\n","protected":false},"excerpt":{"rendered":"<p>O Programa de P\u00f3s-Gradua\u00e7\u00e3o em Sa\u00fade e Ruralidade \u2013 PPGSR realiza sua Aula Magna com o seguinte tema:\u00a0\u201cDesafios da P\u00f3s-Gradua\u00e7\u00e3o no Brasil e Perspectivas da Internacionaliza\u00e7\u00e3o\u201d. O evento aconteceu no dia 12 de maio, \u00e0s 9h:30min, no audit\u00f3rio da UFSM campus Palmeira das Miss\u00f5es. A Aula Magna contou com a ilustre presen\u00e7a do Prof. Dr. [&hellip;]<\/p>\n","protected":false},"author":3862,"featured_media":0,"parent":0,"menu_order":0,"comment_status":"closed","ping_status":"closed","template":"","meta":{"footnotes":""},"categories":[],"tags":[],"class_list":["post-389","page","type-page","status-publish","hentry"],"acf":[],"_links":{"self":[{"href":"https:\/\/www.ufsm.br\/cursos\/pos-graduacao\/palmeira-das-missoes\/ppgsr\/wp-json\/wp\/v2\/pages\/389","targetHints":{"allow":["GET"]}}],"collection":[{"href":"https:\/\/www.ufsm.br\/cursos\/pos-graduacao\/palmeira-das-missoes\/ppgsr\/wp-json\/wp\/v2\/pages"}],"about":[{"href":"https:\/\/www.ufsm.br\/cursos\/pos-graduacao\/palmeira-das-missoes\/ppgsr\/wp-json\/wp\/v2\/types\/page"}],"author":[{"embeddable":true,"href":"https:\/\/www.ufsm.br\/cursos\/pos-graduacao\/palmeira-das-missoes\/ppgsr\/wp-json\/wp\/v2\/users\/3862"}],"replies":[{"embeddable":true,"href":"https:\/\/www.ufsm.br\/cursos\/pos-graduacao\/palmeira-das-missoes\/ppgsr\/wp-json\/wp\/v2\/comments?post=389"}],"version-history":[{"count":0,"href":"https:\/\/www.ufsm.br\/cursos\/pos-graduacao\/palmeira-das-missoes\/ppgsr\/wp-json\/wp\/v2\/pages\/389\/revisions"}],"wp:attachment":[{"href":"https:\/\/www.ufsm.br\/cursos\/pos-graduacao\/palmeira-das-missoes\/ppgsr\/wp-json\/wp\/v2\/media?parent=389"}],"wp:term":[{"taxonomy":"category","embeddable":true,"href":"https:\/\/www.ufsm.br\/cursos\/pos-graduacao\/palmeira-das-missoes\/ppgsr\/wp-json\/wp\/v2\/categories?post=389"},{"taxonomy":"post_tag","embeddable":true,"href":"https:\/\/www.ufsm.br\/cursos\/pos-graduacao\/palmeira-das-missoes\/ppgsr\/wp-json\/wp\/v2\/tags?post=389"}],"curies":[{"name":"wp","href":"https:\/\/api.w.org\/{rel}","templated":true}]}}