{"id":413,"date":"2023-02-24T20:46:31","date_gmt":"2023-02-24T23:46:31","guid":{"rendered":"https:\/\/www.ufsm.br\/cursos\/pos-graduacao\/palmeira-das-missoes\/ppgsr\/?page_id=413"},"modified":"2023-03-10T12:41:55","modified_gmt":"2023-03-10T15:41:55","slug":"i-seminario-da-pos-graduacao-internacionalizacao-interdisciplinaridade-e-impacto-social","status":"publish","type":"page","link":"https:\/\/www.ufsm.br\/cursos\/pos-graduacao\/palmeira-das-missoes\/ppgsr\/i-seminario-da-pos-graduacao-internacionalizacao-interdisciplinaridade-e-impacto-social","title":{"rendered":"I Semin\u00e1rio da P\u00f3s-Gradua\u00e7\u00e3o: Internacionaliza\u00e7\u00e3o, Interdisciplinaridade e Impacto social"},"content":{"rendered":"\n<p>O Programa de P\u00f3s-Gradua\u00e7\u00e3o em Sa\u00fade e Ruralidade e o Programa de P\u00f3s-Gradua\u00e7\u00e3o em Agroneg\u00f3cios promovem o <strong>I Semin\u00e1rio da P\u00f3s-Gradua\u00e7\u00e3o: Internacionaliza\u00e7\u00e3o, Interdisciplinaridade e Impacto Social.<\/strong><\/p>\n<p>Para realizar a inscri\u00e7\u00e3o do evento acesse:<\/p>\n<p>Manh\u00e3: <a href=\"https:\/\/docs.google.com\/forms\/d\/e\/1FAIpQLScc6O1V66abJSJm_oAXkf42NDCOhHqoPOPnyGqLIMK2xjscSQ\/viewform\">clique aqui<\/a><\/p>\n<p>Tarde: <a href=\"https:\/\/docs.google.com\/forms\/d\/e\/1FAIpQLScYy6VKL73QnLUVXdMGCtZyY0Uc2pL8huBkVhm-RsrtVOlxjA\/viewform\">clique aqui<\/a><\/p>\n<p>Confira abaixo a programa\u00e7\u00e3o completa:<\/p>\n<p><img fetchpriority=\"high\" decoding=\"async\" class=\"wp-image-418 aligncenter\" src=\"https:\/\/www.ufsm.br\/app\/uploads\/sites\/861\/2023\/02\/WhatsApp-Image-2023-02-23-at-14.14.00.jpeg\" alt=\"\" width=\"573\" height=\"573\" srcset=\"https:\/\/www.ufsm.br\/app\/uploads\/sites\/861\/2023\/02\/WhatsApp-Image-2023-02-23-at-14.14.00.jpeg 1080w, https:\/\/www.ufsm.br\/app\/uploads\/sites\/861\/2023\/02\/WhatsApp-Image-2023-02-23-at-14.14.00-300x300.jpeg 300w, https:\/\/www.ufsm.br\/app\/uploads\/sites\/861\/2023\/02\/WhatsApp-Image-2023-02-23-at-14.14.00-1024x1024.jpeg 1024w, https:\/\/www.ufsm.br\/app\/uploads\/sites\/861\/2023\/02\/WhatsApp-Image-2023-02-23-at-14.14.00-150x150.jpeg 150w, https:\/\/www.ufsm.br\/app\/uploads\/sites\/861\/2023\/02\/WhatsApp-Image-2023-02-23-at-14.14.00-768x768.jpeg 768w\" sizes=\"(max-width: 573px) 100vw, 573px\" \/><img decoding=\"async\" class=\" wp-image-414 aligncenter\" src=\"https:\/\/www.ufsm.br\/app\/uploads\/sites\/861\/2023\/02\/WhatsApp-Image-2023-02-24-at-09.50.25.jpeg\" alt=\"\" width=\"575\" height=\"575\" srcset=\"https:\/\/www.ufsm.br\/app\/uploads\/sites\/861\/2023\/02\/WhatsApp-Image-2023-02-24-at-09.50.25.jpeg 1080w, https:\/\/www.ufsm.br\/app\/uploads\/sites\/861\/2023\/02\/WhatsApp-Image-2023-02-24-at-09.50.25-300x300.jpeg 300w, https:\/\/www.ufsm.br\/app\/uploads\/sites\/861\/2023\/02\/WhatsApp-Image-2023-02-24-at-09.50.25-1024x1024.jpeg 1024w, https:\/\/www.ufsm.br\/app\/uploads\/sites\/861\/2023\/02\/WhatsApp-Image-2023-02-24-at-09.50.25-150x150.jpeg 150w, https:\/\/www.ufsm.br\/app\/uploads\/sites\/861\/2023\/02\/WhatsApp-Image-2023-02-24-at-09.50.25-768x768.jpeg 768w\" sizes=\"(max-width: 575px) 100vw, 575px\" \/> <img decoding=\"async\" class=\"wp-image-415 aligncenter\" src=\"https:\/\/www.ufsm.br\/app\/uploads\/sites\/861\/2023\/02\/WhatsApp-Image-2023-02-24-at-09.51.53.jpeg\" alt=\"\" width=\"577\" height=\"577\" srcset=\"https:\/\/www.ufsm.br\/app\/uploads\/sites\/861\/2023\/02\/WhatsApp-Image-2023-02-24-at-09.51.53.jpeg 1080w, https:\/\/www.ufsm.br\/app\/uploads\/sites\/861\/2023\/02\/WhatsApp-Image-2023-02-24-at-09.51.53-300x300.jpeg 300w, https:\/\/www.ufsm.br\/app\/uploads\/sites\/861\/2023\/02\/WhatsApp-Image-2023-02-24-at-09.51.53-1024x1024.jpeg 1024w, https:\/\/www.ufsm.br\/app\/uploads\/sites\/861\/2023\/02\/WhatsApp-Image-2023-02-24-at-09.51.53-150x150.jpeg 150w, https:\/\/www.ufsm.br\/app\/uploads\/sites\/861\/2023\/02\/WhatsApp-Image-2023-02-24-at-09.51.53-768x768.jpeg 768w\" sizes=\"(max-width: 577px) 100vw, 577px\" \/> <img loading=\"lazy\" decoding=\"async\" class=\" wp-image-416 aligncenter\" src=\"https:\/\/www.ufsm.br\/app\/uploads\/sites\/861\/2023\/02\/WhatsApp-Image-2023-02-24-at-09.53.43.jpeg\" alt=\"\" width=\"579\" height=\"579\" srcset=\"https:\/\/www.ufsm.br\/app\/uploads\/sites\/861\/2023\/02\/WhatsApp-Image-2023-02-24-at-09.53.43.jpeg 1080w, https:\/\/www.ufsm.br\/app\/uploads\/sites\/861\/2023\/02\/WhatsApp-Image-2023-02-24-at-09.53.43-300x300.jpeg 300w, https:\/\/www.ufsm.br\/app\/uploads\/sites\/861\/2023\/02\/WhatsApp-Image-2023-02-24-at-09.53.43-1024x1024.jpeg 1024w, https:\/\/www.ufsm.br\/app\/uploads\/sites\/861\/2023\/02\/WhatsApp-Image-2023-02-24-at-09.53.43-150x150.jpeg 150w, https:\/\/www.ufsm.br\/app\/uploads\/sites\/861\/2023\/02\/WhatsApp-Image-2023-02-24-at-09.53.43-768x768.jpeg 768w\" sizes=\"(max-width: 579px) 100vw, 579px\" \/><\/p>\n<p><img loading=\"lazy\" decoding=\"async\" class=\"wp-image-422 aligncenter\" src=\"https:\/\/www.ufsm.br\/app\/uploads\/sites\/861\/2023\/03\/WhatsApp-Image-2023-03-10-at-12.19.24.jpeg\" alt=\"\" width=\"575\" height=\"575\" srcset=\"https:\/\/www.ufsm.br\/app\/uploads\/sites\/861\/2023\/03\/WhatsApp-Image-2023-03-10-at-12.19.24.jpeg 1080w, https:\/\/www.ufsm.br\/app\/uploads\/sites\/861\/2023\/03\/WhatsApp-Image-2023-03-10-at-12.19.24-300x300.jpeg 300w, https:\/\/www.ufsm.br\/app\/uploads\/sites\/861\/2023\/03\/WhatsApp-Image-2023-03-10-at-12.19.24-1024x1024.jpeg 1024w, https:\/\/www.ufsm.br\/app\/uploads\/sites\/861\/2023\/03\/WhatsApp-Image-2023-03-10-at-12.19.24-150x150.jpeg 150w, https:\/\/www.ufsm.br\/app\/uploads\/sites\/861\/2023\/03\/WhatsApp-Image-2023-03-10-at-12.19.24-768x768.jpeg 768w\" sizes=\"(max-width: 575px) 100vw, 575px\" \/><\/p>\n","protected":false},"excerpt":{"rendered":"<p>O Programa de P\u00f3s-Gradua\u00e7\u00e3o em Sa\u00fade e Ruralidade e o Programa de P\u00f3s-Gradua\u00e7\u00e3o em Agroneg\u00f3cios promovem o I Semin\u00e1rio da P\u00f3s-Gradua\u00e7\u00e3o: Internacionaliza\u00e7\u00e3o, Interdisciplinaridade e Impacto Social. Para realizar a inscri\u00e7\u00e3o do evento acesse: Manh\u00e3: clique aqui Tarde: clique aqui Confira abaixo a programa\u00e7\u00e3o completa:<\/p>\n","protected":false},"author":3862,"featured_media":0,"parent":0,"menu_order":0,"comment_status":"closed","ping_status":"closed","template":"","meta":{"footnotes":""},"categories":[9,2],"tags":[],"class_list":["post-413","page","type-page","status-publish","hentry","category-destaques","category-noticias"],"acf":[],"_links":{"self":[{"href":"https:\/\/www.ufsm.br\/cursos\/pos-graduacao\/palmeira-das-missoes\/ppgsr\/wp-json\/wp\/v2\/pages\/413","targetHints":{"allow":["GET"]}}],"collection":[{"href":"https:\/\/www.ufsm.br\/cursos\/pos-graduacao\/palmeira-das-missoes\/ppgsr\/wp-json\/wp\/v2\/pages"}],"about":[{"href":"https:\/\/www.ufsm.br\/cursos\/pos-graduacao\/palmeira-das-missoes\/ppgsr\/wp-json\/wp\/v2\/types\/page"}],"author":[{"embeddable":true,"href":"https:\/\/www.ufsm.br\/cursos\/pos-graduacao\/palmeira-das-missoes\/ppgsr\/wp-json\/wp\/v2\/users\/3862"}],"replies":[{"embeddable":true,"href":"https:\/\/www.ufsm.br\/cursos\/pos-graduacao\/palmeira-das-missoes\/ppgsr\/wp-json\/wp\/v2\/comments?post=413"}],"version-history":[{"count":0,"href":"https:\/\/www.ufsm.br\/cursos\/pos-graduacao\/palmeira-das-missoes\/ppgsr\/wp-json\/wp\/v2\/pages\/413\/revisions"}],"wp:attachment":[{"href":"https:\/\/www.ufsm.br\/cursos\/pos-graduacao\/palmeira-das-missoes\/ppgsr\/wp-json\/wp\/v2\/media?parent=413"}],"wp:term":[{"taxonomy":"category","embeddable":true,"href":"https:\/\/www.ufsm.br\/cursos\/pos-graduacao\/palmeira-das-missoes\/ppgsr\/wp-json\/wp\/v2\/categories?post=413"},{"taxonomy":"post_tag","embeddable":true,"href":"https:\/\/www.ufsm.br\/cursos\/pos-graduacao\/palmeira-das-missoes\/ppgsr\/wp-json\/wp\/v2\/tags?post=413"}],"curies":[{"name":"wp","href":"https:\/\/api.w.org\/{rel}","templated":true}]}}