{"id":440,"date":"2023-03-27T10:37:53","date_gmt":"2023-03-27T13:37:53","guid":{"rendered":"https:\/\/www.ufsm.br\/cursos\/pos-graduacao\/palmeira-das-missoes\/ppgsr\/?page_id=440"},"modified":"2023-03-27T10:37:55","modified_gmt":"2023-03-27T13:37:55","slug":"i-seminario-da-pos-graduacao","status":"publish","type":"page","link":"https:\/\/www.ufsm.br\/cursos\/pos-graduacao\/palmeira-das-missoes\/ppgsr\/i-seminario-da-pos-graduacao","title":{"rendered":"I Semin\u00e1rio da P\u00f3s-Gradua\u00e7\u00e3o"},"content":{"rendered":"\n<p>Realizou-se no dia 17\/03\/23 o I Semin\u00e1rio da P\u00f3s &#8211; Gradua\u00e7\u00e3o: Internacionaliza\u00e7\u00e3o, Interdisciplinaridade e Impacto Social. <\/p>\n\n\n\n<p>Neste semin\u00e1rio participaram docentes, discentes, TAE\u2019s, pesquisadores e a popula\u00e7\u00e3o geral.<\/p>\n\n\n\n<p>Para mais informa\u00e7\u00f5es do evento <a href=\"https:\/\/ufsm.br\/r-861-423\">clique aqui<\/a><\/p>\n\n\n\n<p>Confira algumas fotos: <\/p>\n\n\n\n<figure class=\"wp-block-image size-full\"><img fetchpriority=\"high\" decoding=\"async\" width=\"1024\" height=\"768\" src=\"https:\/\/www.ufsm.br\/app\/uploads\/sites\/861\/2023\/03\/s-2.jpg\" alt=\"\" class=\"wp-image-441\" srcset=\"https:\/\/www.ufsm.br\/app\/uploads\/sites\/861\/2023\/03\/s-2.jpg 1024w, https:\/\/www.ufsm.br\/app\/uploads\/sites\/861\/2023\/03\/s-2-300x225.jpg 300w, https:\/\/www.ufsm.br\/app\/uploads\/sites\/861\/2023\/03\/s-2-768x576.jpg 768w\" sizes=\"(max-width: 1024px) 100vw, 1024px\" \/><\/figure>\n\n\n\n<figure class=\"wp-block-image size-full\"><img decoding=\"async\" width=\"1024\" height=\"472\" src=\"https:\/\/www.ufsm.br\/app\/uploads\/sites\/861\/2023\/03\/s1-2.jpg\" alt=\"\" class=\"wp-image-442\" srcset=\"https:\/\/www.ufsm.br\/app\/uploads\/sites\/861\/2023\/03\/s1-2.jpg 1024w, https:\/\/www.ufsm.br\/app\/uploads\/sites\/861\/2023\/03\/s1-2-300x138.jpg 300w, https:\/\/www.ufsm.br\/app\/uploads\/sites\/861\/2023\/03\/s1-2-768x354.jpg 768w\" sizes=\"(max-width: 1024px) 100vw, 1024px\" \/><\/figure>\n\n\n\n<figure class=\"wp-block-image size-full\"><img decoding=\"async\" width=\"1024\" height=\"768\" src=\"https:\/\/www.ufsm.br\/app\/uploads\/sites\/861\/2023\/03\/s2-2.jpg\" alt=\"\" class=\"wp-image-443\" srcset=\"https:\/\/www.ufsm.br\/app\/uploads\/sites\/861\/2023\/03\/s2-2.jpg 1024w, https:\/\/www.ufsm.br\/app\/uploads\/sites\/861\/2023\/03\/s2-2-300x225.jpg 300w, https:\/\/www.ufsm.br\/app\/uploads\/sites\/861\/2023\/03\/s2-2-768x576.jpg 768w\" sizes=\"(max-width: 1024px) 100vw, 1024px\" \/><\/figure>\n\n\n\n<figure class=\"wp-block-gallery has-nested-images columns-default is-cropped wp-block-gallery-1 is-layout-flex wp-block-gallery-is-layout-flex\">\n<figure class=\"wp-block-image size-large\"><img loading=\"lazy\" decoding=\"async\" width=\"768\" height=\"1024\" data-id=\"455\" src=\"https:\/\/www.ufsm.br\/app\/uploads\/sites\/861\/2023\/03\/mmmm.jpg\" alt=\"\" class=\"wp-image-455\" srcset=\"https:\/\/www.ufsm.br\/app\/uploads\/sites\/861\/2023\/03\/mmmm.jpg 768w, https:\/\/www.ufsm.br\/app\/uploads\/sites\/861\/2023\/03\/mmmm-225x300.jpg 225w\" sizes=\"(max-width: 768px) 100vw, 768px\" \/><\/figure>\n\n\n\n<figure class=\"wp-block-image size-large\"><img loading=\"lazy\" decoding=\"async\" width=\"1024\" height=\"768\" data-id=\"445\" src=\"https:\/\/www.ufsm.br\/app\/uploads\/sites\/861\/2023\/03\/mmm.jpg\" alt=\"\" class=\"wp-image-445\" srcset=\"https:\/\/www.ufsm.br\/app\/uploads\/sites\/861\/2023\/03\/mmm.jpg 1024w, https:\/\/www.ufsm.br\/app\/uploads\/sites\/861\/2023\/03\/mmm-300x225.jpg 300w, https:\/\/www.ufsm.br\/app\/uploads\/sites\/861\/2023\/03\/mmm-768x576.jpg 768w\" sizes=\"(max-width: 1024px) 100vw, 1024px\" \/><\/figure>\n\n\n\n<figure class=\"wp-block-image size-large\"><img loading=\"lazy\" decoding=\"async\" width=\"765\" height=\"1024\" data-id=\"449\" src=\"https:\/\/www.ufsm.br\/app\/uploads\/sites\/861\/2023\/03\/mm-765x1024.jpg\" alt=\"\" class=\"wp-image-449\" srcset=\"https:\/\/www.ufsm.br\/app\/uploads\/sites\/861\/2023\/03\/mm-765x1024.jpg 765w, https:\/\/www.ufsm.br\/app\/uploads\/sites\/861\/2023\/03\/mm-224x300.jpg 224w, https:\/\/www.ufsm.br\/app\/uploads\/sites\/861\/2023\/03\/mm-768x1027.jpg 768w, https:\/\/www.ufsm.br\/app\/uploads\/sites\/861\/2023\/03\/mm-1148x1536.jpg 1148w, https:\/\/www.ufsm.br\/app\/uploads\/sites\/861\/2023\/03\/mm.jpg 1196w\" sizes=\"(max-width: 765px) 100vw, 765px\" \/><\/figure>\n\n\n\n<figure class=\"wp-block-image size-large\"><img loading=\"lazy\" decoding=\"async\" width=\"1024\" height=\"768\" data-id=\"451\" src=\"https:\/\/www.ufsm.br\/app\/uploads\/sites\/861\/2023\/03\/nnnnnnnnn.jpg\" alt=\"\" class=\"wp-image-451\" srcset=\"https:\/\/www.ufsm.br\/app\/uploads\/sites\/861\/2023\/03\/nnnnnnnnn.jpg 1024w, https:\/\/www.ufsm.br\/app\/uploads\/sites\/861\/2023\/03\/nnnnnnnnn-300x225.jpg 300w, https:\/\/www.ufsm.br\/app\/uploads\/sites\/861\/2023\/03\/nnnnnnnnn-768x576.jpg 768w\" sizes=\"(max-width: 1024px) 100vw, 1024px\" \/><\/figure>\n\n\n\n<figure class=\"wp-block-image size-large\"><img loading=\"lazy\" decoding=\"async\" width=\"1024\" height=\"768\" data-id=\"446\" src=\"https:\/\/www.ufsm.br\/app\/uploads\/sites\/861\/2023\/03\/nnnnnnnn.jpg\" alt=\"\" class=\"wp-image-446\" srcset=\"https:\/\/www.ufsm.br\/app\/uploads\/sites\/861\/2023\/03\/nnnnnnnn.jpg 1024w, https:\/\/www.ufsm.br\/app\/uploads\/sites\/861\/2023\/03\/nnnnnnnn-300x225.jpg 300w, https:\/\/www.ufsm.br\/app\/uploads\/sites\/861\/2023\/03\/nnnnnnnn-768x576.jpg 768w\" sizes=\"(max-width: 1024px) 100vw, 1024px\" \/><\/figure>\n\n\n\n<figure class=\"wp-block-image size-large\"><img loading=\"lazy\" decoding=\"async\" width=\"1024\" height=\"768\" data-id=\"452\" src=\"https:\/\/www.ufsm.br\/app\/uploads\/sites\/861\/2023\/03\/nnnnnnn.jpg\" alt=\"\" class=\"wp-image-452\" srcset=\"https:\/\/www.ufsm.br\/app\/uploads\/sites\/861\/2023\/03\/nnnnnnn.jpg 1024w, https:\/\/www.ufsm.br\/app\/uploads\/sites\/861\/2023\/03\/nnnnnnn-300x225.jpg 300w, https:\/\/www.ufsm.br\/app\/uploads\/sites\/861\/2023\/03\/nnnnnnn-768x576.jpg 768w\" sizes=\"(max-width: 1024px) 100vw, 1024px\" \/><\/figure>\n\n\n\n<figure class=\"wp-block-image size-large\"><img loading=\"lazy\" decoding=\"async\" width=\"1024\" height=\"768\" data-id=\"447\" src=\"https:\/\/www.ufsm.br\/app\/uploads\/sites\/861\/2023\/03\/nnnnn.jpg\" alt=\"\" class=\"wp-image-447\" srcset=\"https:\/\/www.ufsm.br\/app\/uploads\/sites\/861\/2023\/03\/nnnnn.jpg 1024w, https:\/\/www.ufsm.br\/app\/uploads\/sites\/861\/2023\/03\/nnnnn-300x225.jpg 300w, https:\/\/www.ufsm.br\/app\/uploads\/sites\/861\/2023\/03\/nnnnn-768x576.jpg 768w\" sizes=\"(max-width: 1024px) 100vw, 1024px\" \/><\/figure>\n\n\n\n<figure class=\"wp-block-image size-large\"><img loading=\"lazy\" decoding=\"async\" width=\"1024\" height=\"768\" data-id=\"448\" src=\"https:\/\/www.ufsm.br\/app\/uploads\/sites\/861\/2023\/03\/nnnn.jpg\" alt=\"\" class=\"wp-image-448\" srcset=\"https:\/\/www.ufsm.br\/app\/uploads\/sites\/861\/2023\/03\/nnnn.jpg 1024w, https:\/\/www.ufsm.br\/app\/uploads\/sites\/861\/2023\/03\/nnnn-300x225.jpg 300w, https:\/\/www.ufsm.br\/app\/uploads\/sites\/861\/2023\/03\/nnnn-768x576.jpg 768w\" sizes=\"(max-width: 1024px) 100vw, 1024px\" \/><\/figure>\n\n\n\n<figure class=\"wp-block-image size-large\"><img loading=\"lazy\" decoding=\"async\" width=\"1024\" height=\"768\" data-id=\"456\" src=\"https:\/\/www.ufsm.br\/app\/uploads\/sites\/861\/2023\/03\/nnn.jpg\" alt=\"\" class=\"wp-image-456\" srcset=\"https:\/\/www.ufsm.br\/app\/uploads\/sites\/861\/2023\/03\/nnn.jpg 1024w, https:\/\/www.ufsm.br\/app\/uploads\/sites\/861\/2023\/03\/nnn-300x225.jpg 300w, https:\/\/www.ufsm.br\/app\/uploads\/sites\/861\/2023\/03\/nnn-768x576.jpg 768w\" sizes=\"(max-width: 1024px) 100vw, 1024px\" \/><\/figure>\n\n\n\n<figure class=\"wp-block-image size-large\"><img loading=\"lazy\" decoding=\"async\" width=\"1024\" height=\"768\" data-id=\"458\" src=\"https:\/\/www.ufsm.br\/app\/uploads\/sites\/861\/2023\/03\/nn.jpg\" alt=\"\" class=\"wp-image-458\" srcset=\"https:\/\/www.ufsm.br\/app\/uploads\/sites\/861\/2023\/03\/nn.jpg 1024w, https:\/\/www.ufsm.br\/app\/uploads\/sites\/861\/2023\/03\/nn-300x225.jpg 300w, https:\/\/www.ufsm.br\/app\/uploads\/sites\/861\/2023\/03\/nn-768x576.jpg 768w\" sizes=\"(max-width: 1024px) 100vw, 1024px\" \/><\/figure>\n\n\n\n<figure class=\"wp-block-image size-large\"><img loading=\"lazy\" decoding=\"async\" width=\"1024\" height=\"768\" data-id=\"459\" src=\"https:\/\/www.ufsm.br\/app\/uploads\/sites\/861\/2023\/03\/n.jpg\" alt=\"\" class=\"wp-image-459\" srcset=\"https:\/\/www.ufsm.br\/app\/uploads\/sites\/861\/2023\/03\/n.jpg 1024w, https:\/\/www.ufsm.br\/app\/uploads\/sites\/861\/2023\/03\/n-300x225.jpg 300w, https:\/\/www.ufsm.br\/app\/uploads\/sites\/861\/2023\/03\/n-768x576.jpg 768w\" sizes=\"(max-width: 1024px) 100vw, 1024px\" \/><\/figure>\n\n\n\n<figure class=\"wp-block-image size-large\"><img loading=\"lazy\" decoding=\"async\" width=\"1024\" height=\"768\" data-id=\"453\" src=\"https:\/\/www.ufsm.br\/app\/uploads\/sites\/861\/2023\/03\/4c0ee9e8-63e5-432c-9e34-eb27d7d002bd-2.jpg\" alt=\"\" class=\"wp-image-453\" srcset=\"https:\/\/www.ufsm.br\/app\/uploads\/sites\/861\/2023\/03\/4c0ee9e8-63e5-432c-9e34-eb27d7d002bd-2.jpg 1024w, https:\/\/www.ufsm.br\/app\/uploads\/sites\/861\/2023\/03\/4c0ee9e8-63e5-432c-9e34-eb27d7d002bd-2-300x225.jpg 300w, https:\/\/www.ufsm.br\/app\/uploads\/sites\/861\/2023\/03\/4c0ee9e8-63e5-432c-9e34-eb27d7d002bd-2-768x576.jpg 768w\" sizes=\"(max-width: 1024px) 100vw, 1024px\" \/><\/figure>\n\n\n\n<figure class=\"wp-block-image size-large\"><img loading=\"lazy\" decoding=\"async\" width=\"1024\" height=\"768\" data-id=\"454\" src=\"https:\/\/www.ufsm.br\/app\/uploads\/sites\/861\/2023\/03\/f2600e76-f6a8-43c5-9511-9cda6bceec59-2.jpg\" alt=\"\" class=\"wp-image-454\" srcset=\"https:\/\/www.ufsm.br\/app\/uploads\/sites\/861\/2023\/03\/f2600e76-f6a8-43c5-9511-9cda6bceec59-2.jpg 1024w, https:\/\/www.ufsm.br\/app\/uploads\/sites\/861\/2023\/03\/f2600e76-f6a8-43c5-9511-9cda6bceec59-2-300x225.jpg 300w, https:\/\/www.ufsm.br\/app\/uploads\/sites\/861\/2023\/03\/f2600e76-f6a8-43c5-9511-9cda6bceec59-2-768x576.jpg 768w\" sizes=\"(max-width: 1024px) 100vw, 1024px\" \/><\/figure>\n\n\n\n<figure class=\"wp-block-image size-large\"><img loading=\"lazy\" decoding=\"async\" width=\"1024\" height=\"768\" data-id=\"457\" src=\"https:\/\/www.ufsm.br\/app\/uploads\/sites\/861\/2023\/03\/21687d89-a316-4165-b395-93d9e99aea84-2.jpg\" alt=\"\" class=\"wp-image-457\" srcset=\"https:\/\/www.ufsm.br\/app\/uploads\/sites\/861\/2023\/03\/21687d89-a316-4165-b395-93d9e99aea84-2.jpg 1024w, https:\/\/www.ufsm.br\/app\/uploads\/sites\/861\/2023\/03\/21687d89-a316-4165-b395-93d9e99aea84-2-300x225.jpg 300w, https:\/\/www.ufsm.br\/app\/uploads\/sites\/861\/2023\/03\/21687d89-a316-4165-b395-93d9e99aea84-2-768x576.jpg 768w\" sizes=\"(max-width: 1024px) 100vw, 1024px\" \/><\/figure>\n\n\n\n<figure class=\"wp-block-image size-large\"><img loading=\"lazy\" decoding=\"async\" width=\"768\" height=\"1024\" data-id=\"444\" src=\"https:\/\/www.ufsm.br\/app\/uploads\/sites\/861\/2023\/03\/s4-2.jpg\" alt=\"\" class=\"wp-image-444\" srcset=\"https:\/\/www.ufsm.br\/app\/uploads\/sites\/861\/2023\/03\/s4-2.jpg 768w, https:\/\/www.ufsm.br\/app\/uploads\/sites\/861\/2023\/03\/s4-2-225x300.jpg 225w\" sizes=\"(max-width: 768px) 100vw, 768px\" \/><\/figure>\n<\/figure>\n","protected":false},"excerpt":{"rendered":"<p>Realizou-se no dia 17\/03\/23 o I Semin\u00e1rio da P\u00f3s &#8211; Gradua\u00e7\u00e3o: Internacionaliza\u00e7\u00e3o, Interdisciplinaridade e Impacto Social. Neste semin\u00e1rio participaram docentes, discentes, TAE\u2019s, pesquisadores e a popula\u00e7\u00e3o geral. Para mais informa\u00e7\u00f5es do evento clique aqui Confira algumas fotos:<\/p>\n","protected":false},"author":6190,"featured_media":0,"parent":0,"menu_order":0,"comment_status":"closed","ping_status":"closed","template":"","meta":{"footnotes":""},"categories":[],"tags":[],"class_list":["post-440","page","type-page","status-publish","hentry"],"acf":[],"_links":{"self":[{"href":"https:\/\/www.ufsm.br\/cursos\/pos-graduacao\/palmeira-das-missoes\/ppgsr\/wp-json\/wp\/v2\/pages\/440","targetHints":{"allow":["GET"]}}],"collection":[{"href":"https:\/\/www.ufsm.br\/cursos\/pos-graduacao\/palmeira-das-missoes\/ppgsr\/wp-json\/wp\/v2\/pages"}],"about":[{"href":"https:\/\/www.ufsm.br\/cursos\/pos-graduacao\/palmeira-das-missoes\/ppgsr\/wp-json\/wp\/v2\/types\/page"}],"author":[{"embeddable":true,"href":"https:\/\/www.ufsm.br\/cursos\/pos-graduacao\/palmeira-das-missoes\/ppgsr\/wp-json\/wp\/v2\/users\/6190"}],"replies":[{"embeddable":true,"href":"https:\/\/www.ufsm.br\/cursos\/pos-graduacao\/palmeira-das-missoes\/ppgsr\/wp-json\/wp\/v2\/comments?post=440"}],"version-history":[{"count":0,"href":"https:\/\/www.ufsm.br\/cursos\/pos-graduacao\/palmeira-das-missoes\/ppgsr\/wp-json\/wp\/v2\/pages\/440\/revisions"}],"wp:attachment":[{"href":"https:\/\/www.ufsm.br\/cursos\/pos-graduacao\/palmeira-das-missoes\/ppgsr\/wp-json\/wp\/v2\/media?parent=440"}],"wp:term":[{"taxonomy":"category","embeddable":true,"href":"https:\/\/www.ufsm.br\/cursos\/pos-graduacao\/palmeira-das-missoes\/ppgsr\/wp-json\/wp\/v2\/categories?post=440"},{"taxonomy":"post_tag","embeddable":true,"href":"https:\/\/www.ufsm.br\/cursos\/pos-graduacao\/palmeira-das-missoes\/ppgsr\/wp-json\/wp\/v2\/tags?post=440"}],"curies":[{"name":"wp","href":"https:\/\/api.w.org\/{rel}","templated":true}]}}