{"id":567,"date":"2024-03-25T11:32:12","date_gmt":"2024-03-25T14:32:12","guid":{"rendered":"https:\/\/www.ufsm.br\/cursos\/pos-graduacao\/palmeira-das-missoes\/ppgsr\/?page_id=567"},"modified":"2024-03-25T11:32:13","modified_gmt":"2024-03-25T14:32:13","slug":"reunioes-do-colegiado-ppgsr-2024","status":"publish","type":"page","link":"https:\/\/www.ufsm.br\/cursos\/pos-graduacao\/palmeira-das-missoes\/ppgsr\/reunioes-do-colegiado-ppgsr-2024","title":{"rendered":"Reuni\u00f5es do Colegiado PPGSR 2024"},"content":{"rendered":"\n<p><a href=\"https:\/\/drive.google.com\/file\/d\/1XTbKbmZJJNoQmfigI2MFArUzCLma1HGs\/view\">PORTARIA DE PESSOAL UFSM\/PM\/UFSM N. 039, DE 13 DE MAR\u00c7O DE 2024<\/a><\/p>\n<p>&#8211; Profa Dra Marta Cocco da Costa &#8211; SIAPE 1652651 &#8211; Coordenadora &#8211; Presidente;<\/p>\n<p>&#8211; Profa Dra Ethel Bastos da Silva &#8211; SIAPE 1693915 &#8211; Coordenadora Substituta;<\/p>\n<p>&#8211; Profa Dra Andressa de Andrade &#8211; SIAPE 1792007 &#8211; Titular da Linha de Vulnerabilidades da<\/p>\n<p>popula\u00e7\u00e3o no contexto da ruralidade;<\/p>\n<p>&#8211; Profa Dra Darielli Gindri Resta Fontana &#8211; SIAPE 2498397 &#8211; Suplente da Linha de Vulnerabilidades<\/p>\n<p>da popula\u00e7\u00e3o no contexto da ruralidade;<\/p>\n<p>&#8211; Profa Dra Jaqueline Arboit &#8211; SIAPE 1070245 &#8211; Titular da Linha de Vulnerabilidades da popula\u00e7\u00e3o<\/p>\n<p>no contexto da ruralidade;<\/p>\n<p>&#8211; Prof Dr Rafael Marcelo Soder &#8211; SIAPE 1771830 &#8211; &#8211; Suplente da Linha de Vulnerabilidades da<\/p>\n<p>popula\u00e7\u00e3o no contexto da ruralidade;<\/p>\n<p>&#8211; Profa Dra Leila Mariza Hildebrandt &#8211; SIAPE 1696990 &#8211; Titular da Linha de Pesquisa Aten\u00e7\u00e3o \u00e0<\/p>\n<p>sa\u00fade da popula\u00e7\u00e3o rural nos ciclos da vida;<\/p>\n<p>&#8211; Profa Dra Giovana Dorneles Callegaro Higashi &#8211; SIAPE 1111661 &#8211; Suplente da Linha de Pesquisa<\/p>\n<p>Aten\u00e7\u00e3o \u00e0 sa\u00fade da popula\u00e7\u00e3o rural nos ciclos da vida;<\/p>\n<p>&#8211; Profa Dra Vanessa Ramos Kirsten &#8211; SIAPE 1898541 &#8211; Titular da Linha de Pesquisa Aten\u00e7\u00e3o \u00e0<\/p>\n<p>sa\u00fade da popula\u00e7\u00e3o rural nos ciclos da vida;<\/p>\n<p>&#8211; Prof Dr Leonardo Bigolin Jantsch \u2013 SIAPE 1160023 &#8211; Suplente da Linha de Pesquisa Aten\u00e7\u00e3o \u00e0<\/p>\n<p>sa\u00fade da popula\u00e7\u00e3o rural nos ciclos da vida;<\/p>\n<p>&#8211; Marivana Aparecida dos Santos Nessler &#8211; Matr\u00edcula 202360442 &#8211; Representante discente titular;<\/p>\n<p>&#8211; Bruna de Oliveira Ungaratti Garz\u00e3o &#8211; Matr\u00edcula 202360433 &#8211; Representante discente suplente.<\/p>\n<p>\u00a0<\/p>\n<p><img fetchpriority=\"high\" decoding=\"async\" class=\"wp-image-568 aligncenter\" src=\"https:\/\/www.ufsm.br\/app\/uploads\/sites\/861\/2024\/03\/Reunioes-Colegiado-1.jpg\" alt=\"\" width=\"568\" height=\"568\" srcset=\"https:\/\/www.ufsm.br\/app\/uploads\/sites\/861\/2024\/03\/Reunioes-Colegiado-1.jpg 1080w, https:\/\/www.ufsm.br\/app\/uploads\/sites\/861\/2024\/03\/Reunioes-Colegiado-1-300x300.jpg 300w, https:\/\/www.ufsm.br\/app\/uploads\/sites\/861\/2024\/03\/Reunioes-Colegiado-1-1024x1024.jpg 1024w, https:\/\/www.ufsm.br\/app\/uploads\/sites\/861\/2024\/03\/Reunioes-Colegiado-1-150x150.jpg 150w, https:\/\/www.ufsm.br\/app\/uploads\/sites\/861\/2024\/03\/Reunioes-Colegiado-1-768x768.jpg 768w\" sizes=\"(max-width: 568px) 100vw, 568px\" \/><\/p>\n","protected":false},"excerpt":{"rendered":"<p>PORTARIA DE PESSOAL UFSM\/PM\/UFSM N. 039, DE 13 DE MAR\u00c7O DE 2024 &#8211; Profa Dra Marta Cocco da Costa &#8211; SIAPE 1652651 &#8211; Coordenadora &#8211; Presidente; &#8211; Profa Dra Ethel Bastos da Silva &#8211; SIAPE 1693915 &#8211; Coordenadora Substituta; &#8211; Profa Dra Andressa de Andrade &#8211; SIAPE 1792007 &#8211; Titular da Linha de Vulnerabilidades da [&hellip;]<\/p>\n","protected":false},"author":7954,"featured_media":0,"parent":0,"menu_order":0,"comment_status":"closed","ping_status":"closed","template":"","meta":{"footnotes":""},"categories":[],"tags":[],"class_list":["post-567","page","type-page","status-publish","hentry"],"acf":[],"_links":{"self":[{"href":"https:\/\/www.ufsm.br\/cursos\/pos-graduacao\/palmeira-das-missoes\/ppgsr\/wp-json\/wp\/v2\/pages\/567","targetHints":{"allow":["GET"]}}],"collection":[{"href":"https:\/\/www.ufsm.br\/cursos\/pos-graduacao\/palmeira-das-missoes\/ppgsr\/wp-json\/wp\/v2\/pages"}],"about":[{"href":"https:\/\/www.ufsm.br\/cursos\/pos-graduacao\/palmeira-das-missoes\/ppgsr\/wp-json\/wp\/v2\/types\/page"}],"author":[{"embeddable":true,"href":"https:\/\/www.ufsm.br\/cursos\/pos-graduacao\/palmeira-das-missoes\/ppgsr\/wp-json\/wp\/v2\/users\/7954"}],"replies":[{"embeddable":true,"href":"https:\/\/www.ufsm.br\/cursos\/pos-graduacao\/palmeira-das-missoes\/ppgsr\/wp-json\/wp\/v2\/comments?post=567"}],"version-history":[{"count":0,"href":"https:\/\/www.ufsm.br\/cursos\/pos-graduacao\/palmeira-das-missoes\/ppgsr\/wp-json\/wp\/v2\/pages\/567\/revisions"}],"wp:attachment":[{"href":"https:\/\/www.ufsm.br\/cursos\/pos-graduacao\/palmeira-das-missoes\/ppgsr\/wp-json\/wp\/v2\/media?parent=567"}],"wp:term":[{"taxonomy":"category","embeddable":true,"href":"https:\/\/www.ufsm.br\/cursos\/pos-graduacao\/palmeira-das-missoes\/ppgsr\/wp-json\/wp\/v2\/categories?post=567"},{"taxonomy":"post_tag","embeddable":true,"href":"https:\/\/www.ufsm.br\/cursos\/pos-graduacao\/palmeira-das-missoes\/ppgsr\/wp-json\/wp\/v2\/tags?post=567"}],"curies":[{"name":"wp","href":"https:\/\/api.w.org\/{rel}","templated":true}]}}