{"id":678,"date":"2024-05-28T09:07:08","date_gmt":"2024-05-28T12:07:08","guid":{"rendered":"https:\/\/www.ufsm.br\/cursos\/pos-graduacao\/palmeira-das-missoes\/ppgsr\/?page_id=678"},"modified":"2024-05-28T09:57:54","modified_gmt":"2024-05-28T12:57:54","slug":"ppgagr-e-ppgsr-promovem-a-aula-inaugural-integrada-dos-programas-de-pos-graduacao-da-ufsm-pm","status":"publish","type":"page","link":"https:\/\/www.ufsm.br\/cursos\/pos-graduacao\/palmeira-das-missoes\/ppgsr\/ppgagr-e-ppgsr-promovem-a-aula-inaugural-integrada-dos-programas-de-pos-graduacao-da-ufsm-pm","title":{"rendered":"PPGAGR e PPGSR promovem a aula inaugural integrada dos Programas de P\u00f3s-gradua\u00e7\u00e3o da UFSM &#8211; PM"},"content":{"rendered":"\n<p>No dia 19 de junho de 2024 acontecer\u00e1 a aula inaugural dos Programas de P\u00f3s-gradua\u00e7\u00e3o da UFSM &#8211; PM. O evento contar\u00e1 com a presen\u00e7a das Pr\u00f3-reitoras de gradua\u00e7\u00e3o e egressos dos dois programas. Conforme a programa\u00e7\u00e3o, no primeiro momento,  a Pr\u00f3-Reitora de P\u00f3s-gradua\u00e7\u00e3o e Pesquisa Prof.\u00aa Cristina Wayne Nogueira e a Pr\u00f3-Reitora Substituta Prof.\u00aa Tatiana Emanuelli abordar\u00e3o o tema \u201cDialogando sobre as potencialidades e desafios no cotidiano dos Programas de P\u00f3s-gradua\u00e7\u00e3o\u201d, ap\u00f3s ser\u00e1 servido um coffee break e na sequ\u00eancia ser\u00e1 realizada um roda de conversa com egressos do PPGAGR e PPGSR. <\/p>\n\n\n\n<p>Para realizar sua inscri\u00e7\u00e3o <a href=\"https:\/\/forms.gle\/mtTuGcf2nAsXUuB9A\">clique aqui<\/a><\/p>\n\n\n\n<p>Confira abaixo maiores detalhes do evento<\/p>\n\n\n\n<figure class=\"wp-block-gallery has-nested-images columns-default is-cropped wp-block-gallery-1 is-layout-flex wp-block-gallery-is-layout-flex\">\n<figure class=\"wp-block-image size-large\"><img fetchpriority=\"high\" decoding=\"async\" width=\"1024\" height=\"1024\" data-id=\"682\" src=\"https:\/\/www.ufsm.br\/app\/uploads\/sites\/861\/2024\/05\/aula-inaugural-1-2-1024x1024.jpg\" alt=\"\" class=\"wp-image-682\" srcset=\"https:\/\/www.ufsm.br\/app\/uploads\/sites\/861\/2024\/05\/aula-inaugural-1-2-1024x1024.jpg 1024w, https:\/\/www.ufsm.br\/app\/uploads\/sites\/861\/2024\/05\/aula-inaugural-1-2-300x300.jpg 300w, https:\/\/www.ufsm.br\/app\/uploads\/sites\/861\/2024\/05\/aula-inaugural-1-2-150x150.jpg 150w, https:\/\/www.ufsm.br\/app\/uploads\/sites\/861\/2024\/05\/aula-inaugural-1-2-768x768.jpg 768w, https:\/\/www.ufsm.br\/app\/uploads\/sites\/861\/2024\/05\/aula-inaugural-1-2.jpg 1080w\" sizes=\"(max-width: 1024px) 100vw, 1024px\" \/><\/figure>\n\n\n\n<figure class=\"wp-block-image size-large\"><img decoding=\"async\" width=\"1024\" height=\"1024\" data-id=\"683\" src=\"https:\/\/www.ufsm.br\/app\/uploads\/sites\/861\/2024\/05\/aula-inaugural-2-1024x1024.jpg\" alt=\"\" class=\"wp-image-683\" srcset=\"https:\/\/www.ufsm.br\/app\/uploads\/sites\/861\/2024\/05\/aula-inaugural-2-1024x1024.jpg 1024w, https:\/\/www.ufsm.br\/app\/uploads\/sites\/861\/2024\/05\/aula-inaugural-2-300x300.jpg 300w, https:\/\/www.ufsm.br\/app\/uploads\/sites\/861\/2024\/05\/aula-inaugural-2-150x150.jpg 150w, https:\/\/www.ufsm.br\/app\/uploads\/sites\/861\/2024\/05\/aula-inaugural-2-768x768.jpg 768w, https:\/\/www.ufsm.br\/app\/uploads\/sites\/861\/2024\/05\/aula-inaugural-2.jpg 1080w\" sizes=\"(max-width: 1024px) 100vw, 1024px\" \/><\/figure>\n\n\n\n<figure class=\"wp-block-image size-large\"><img decoding=\"async\" width=\"1024\" height=\"1024\" data-id=\"681\" src=\"https:\/\/www.ufsm.br\/app\/uploads\/sites\/861\/2024\/05\/aula-inaugural-3-1024x1024.jpg\" alt=\"\" class=\"wp-image-681\" srcset=\"https:\/\/www.ufsm.br\/app\/uploads\/sites\/861\/2024\/05\/aula-inaugural-3-1024x1024.jpg 1024w, https:\/\/www.ufsm.br\/app\/uploads\/sites\/861\/2024\/05\/aula-inaugural-3-300x300.jpg 300w, https:\/\/www.ufsm.br\/app\/uploads\/sites\/861\/2024\/05\/aula-inaugural-3-150x150.jpg 150w, https:\/\/www.ufsm.br\/app\/uploads\/sites\/861\/2024\/05\/aula-inaugural-3-768x768.jpg 768w, https:\/\/www.ufsm.br\/app\/uploads\/sites\/861\/2024\/05\/aula-inaugural-3.jpg 1080w\" sizes=\"(max-width: 1024px) 100vw, 1024px\" \/><\/figure>\n<\/figure>\n\n\n\n<p><\/p>\n\n\n\n<p><\/p>\n","protected":false},"excerpt":{"rendered":"<p>No dia 19 de junho de 2024 acontecer\u00e1 a aula inaugural dos Programas de P\u00f3s-gradua\u00e7\u00e3o da UFSM &#8211; PM. O evento contar\u00e1 com a presen\u00e7a das Pr\u00f3-reitoras de gradua\u00e7\u00e3o e egressos dos dois programas. Conforme a programa\u00e7\u00e3o, no primeiro momento, a Pr\u00f3-Reitora de P\u00f3s-gradua\u00e7\u00e3o e Pesquisa Prof.\u00aa Cristina Wayne Nogueira e a Pr\u00f3-Reitora Substituta Prof.\u00aa [&hellip;]<\/p>\n","protected":false},"author":7681,"featured_media":0,"parent":0,"menu_order":0,"comment_status":"closed","ping_status":"closed","template":"","meta":{"footnotes":""},"categories":[],"tags":[],"class_list":["post-678","page","type-page","status-publish","hentry"],"acf":[],"_links":{"self":[{"href":"https:\/\/www.ufsm.br\/cursos\/pos-graduacao\/palmeira-das-missoes\/ppgsr\/wp-json\/wp\/v2\/pages\/678","targetHints":{"allow":["GET"]}}],"collection":[{"href":"https:\/\/www.ufsm.br\/cursos\/pos-graduacao\/palmeira-das-missoes\/ppgsr\/wp-json\/wp\/v2\/pages"}],"about":[{"href":"https:\/\/www.ufsm.br\/cursos\/pos-graduacao\/palmeira-das-missoes\/ppgsr\/wp-json\/wp\/v2\/types\/page"}],"author":[{"embeddable":true,"href":"https:\/\/www.ufsm.br\/cursos\/pos-graduacao\/palmeira-das-missoes\/ppgsr\/wp-json\/wp\/v2\/users\/7681"}],"replies":[{"embeddable":true,"href":"https:\/\/www.ufsm.br\/cursos\/pos-graduacao\/palmeira-das-missoes\/ppgsr\/wp-json\/wp\/v2\/comments?post=678"}],"version-history":[{"count":0,"href":"https:\/\/www.ufsm.br\/cursos\/pos-graduacao\/palmeira-das-missoes\/ppgsr\/wp-json\/wp\/v2\/pages\/678\/revisions"}],"wp:attachment":[{"href":"https:\/\/www.ufsm.br\/cursos\/pos-graduacao\/palmeira-das-missoes\/ppgsr\/wp-json\/wp\/v2\/media?parent=678"}],"wp:term":[{"taxonomy":"category","embeddable":true,"href":"https:\/\/www.ufsm.br\/cursos\/pos-graduacao\/palmeira-das-missoes\/ppgsr\/wp-json\/wp\/v2\/categories?post=678"},{"taxonomy":"post_tag","embeddable":true,"href":"https:\/\/www.ufsm.br\/cursos\/pos-graduacao\/palmeira-das-missoes\/ppgsr\/wp-json\/wp\/v2\/tags?post=678"}],"curies":[{"name":"wp","href":"https:\/\/api.w.org\/{rel}","templated":true}]}}