{"id":161,"date":"2019-04-17T16:16:47","date_gmt":"2019-04-17T19:16:47","guid":{"rendered":"https:\/\/www.ufsm.br\/cursos\/pos-graduacao\/santa-maria\/espatividadefisica\/?page_id=161"},"modified":"2019-04-17T16:18:45","modified_gmt":"2019-04-17T19:18:45","slug":"coordenacao","status":"publish","type":"page","link":"https:\/\/www.ufsm.br\/cursos\/pos-graduacao\/santa-maria\/espatividadefisica\/coordenacao","title":{"rendered":"Coordena\u00e7\u00e3o"},"content":{"rendered":"\n<h3><strong>Coordena\u00e7\u00e3o dos Cursos de Especializa\u00e7\u00e3o<\/strong><\/h3>\n<p><strong><span style=\"font-family: Tahoma, Geneva, sans-serif;font-size: medium\">Prof. Dr. Fernando Copetti<\/span><\/strong><\/p>\n<p>Coordenador\u00a0<\/p>\n<p>\u00a0<\/p>\n<h3><strong>Secretaria<\/strong><\/h3>\n<p><strong>Terezinha de Lourdes Pasche<\/strong><\/p>\n<p>Assistente em Administra\u00e7\u00e3o<\/p>\n<p><strong>Hor\u00e1rio de atendimento<\/strong><\/p>\n<p>De segunda a sexta, manh\u00e3 e tarde<\/p>\n<p>\u00a0<\/p>\n<p><strong>E-mail:\u00a0<\/strong><a href=\"mailto:%20%3Cscript%20type='text\/javascript'%3E%20%3C!--%20var%20prefix%20=%20'ma'%20+%20'il'%20+%20'to';%20var%20path%20=%20'hr'%20+%20'ef'%20+%20'=';%20var%20addy16346%20=%20'ppge.ufsm'%20+%20'@';%20addy16346%20=%20addy16346%20+%20'gmail'%20+%20'.'%20+%20'com';%20document.write('%3Ca%20'%20+%20path%20+%20'\\''%20+%20prefix%20+%20':'%20+%20addy16346%20+%20'\\'%3E');%20document.write(addy16346);%20document.write('%3C\\\/a%3E');%20\/\/--%3E\\n%20%3C\/script%3E%3Cscript%20type='text\/javascript'%3E%20%3C!--%20document.write('%3Cspan%20style=\\'display:%20none;\\'%3E');%20\/\/--%3E%20%3C\/script%3EO%20endere%C3%A7o%20de%20e-mail%20address%20est%C3%A1%20sendo%20protegido%20de%20spambots.%20Voc%C3%AA%20precisa%20ativar%20o%20JavaScript%20enabled%20para%20v%C3%AA-lo.%20%3Cscript%20type='text\/javascript'%3E%20%3C!--%20document.write('%3C\/');%20document.write('span%3E');%20\/\/--%3E%20%3C\/script%3E\">\u00a0<\/a><a href=\"mailto:posef.ufsm@gmail.com\">posef.ufsm@gmail.com<\/a><\/p>\n","protected":false},"excerpt":{"rendered":"<p>Coordena\u00e7\u00e3o dos Cursos de Especializa\u00e7\u00e3o Prof. Dr. Fernando Copetti Coordenador\u00a0 \u00a0 Secretaria Terezinha de Lourdes Pasche Assistente em Administra\u00e7\u00e3o Hor\u00e1rio de atendimento De segunda a sexta, manh\u00e3 e tarde \u00a0 E-mail:\u00a0\u00a0posef.ufsm@gmail.com<\/p>\n","protected":false},"author":772,"featured_media":0,"parent":0,"menu_order":0,"comment_status":"closed","ping_status":"closed","template":"","meta":{"footnotes":""},"categories":[],"tags":[],"class_list":["post-161","page","type-page","status-publish","hentry"],"acf":[],"_links":{"self":[{"href":"https:\/\/www.ufsm.br\/cursos\/pos-graduacao\/santa-maria\/espatividadefisica\/wp-json\/wp\/v2\/pages\/161","targetHints":{"allow":["GET"]}}],"collection":[{"href":"https:\/\/www.ufsm.br\/cursos\/pos-graduacao\/santa-maria\/espatividadefisica\/wp-json\/wp\/v2\/pages"}],"about":[{"href":"https:\/\/www.ufsm.br\/cursos\/pos-graduacao\/santa-maria\/espatividadefisica\/wp-json\/wp\/v2\/types\/page"}],"author":[{"embeddable":true,"href":"https:\/\/www.ufsm.br\/cursos\/pos-graduacao\/santa-maria\/espatividadefisica\/wp-json\/wp\/v2\/users\/772"}],"replies":[{"embeddable":true,"href":"https:\/\/www.ufsm.br\/cursos\/pos-graduacao\/santa-maria\/espatividadefisica\/wp-json\/wp\/v2\/comments?post=161"}],"version-history":[{"count":0,"href":"https:\/\/www.ufsm.br\/cursos\/pos-graduacao\/santa-maria\/espatividadefisica\/wp-json\/wp\/v2\/pages\/161\/revisions"}],"wp:attachment":[{"href":"https:\/\/www.ufsm.br\/cursos\/pos-graduacao\/santa-maria\/espatividadefisica\/wp-json\/wp\/v2\/media?parent=161"}],"wp:term":[{"taxonomy":"category","embeddable":true,"href":"https:\/\/www.ufsm.br\/cursos\/pos-graduacao\/santa-maria\/espatividadefisica\/wp-json\/wp\/v2\/categories?post=161"},{"taxonomy":"post_tag","embeddable":true,"href":"https:\/\/www.ufsm.br\/cursos\/pos-graduacao\/santa-maria\/espatividadefisica\/wp-json\/wp\/v2\/tags?post=161"}],"curies":[{"name":"wp","href":"https:\/\/api.w.org\/{rel}","templated":true}]}}