{"id":162,"date":"2019-04-17T16:37:31","date_gmt":"2019-04-17T19:37:31","guid":{"rendered":"https:\/\/www.ufsm.br\/cursos\/pos-graduacao\/santa-maria\/espatividadefisica\/?page_id=162"},"modified":"2019-04-17T16:37:53","modified_gmt":"2019-04-17T19:37:53","slug":"procedimentos","status":"publish","type":"page","link":"https:\/\/www.ufsm.br\/cursos\/pos-graduacao\/santa-maria\/espatividadefisica\/procedimentos","title":{"rendered":"Procedimentos"},"content":{"rendered":"\n<p style=\"text-align: left\" align=\"center\"><strong>PROCEDIMENTO PARA A DEFESA DE PROJETO DE ARTIGO OU MONOGRAFIA<\/strong><\/p>\n<p style=\"text-align: left\" align=\"center\">\u00a0<\/p>\n<p style=\"text-align: left\">Para a defesa do Projeto de Artigo ou Monografia o aluno dever\u00e1 preencher a ATA de qualifica\u00e7\u00e3o a qual dever\u00e1 ser entregue \u00e0 Secretaria do curso ap\u00f3s a qualifica\u00e7\u00e3o.<\/p>\n<p style=\"text-align: left\">\u00a0<\/p>\n<p style=\"text-align: left\" align=\"center\"><strong>PROCEDIMENTO PARA A DEFESA DE ARTIGO OU MONOGRAFIA<\/strong><\/p>\n<p style=\"text-align: left\" align=\"center\">\u00a0<\/p>\n<p style=\"text-align: left\">\u00a0<\/p>\n<p style=\"text-align: left\">Para a defesa de artigo ou monografia o aluno dever\u00e1 solicitar a defesa atrav\u00e9s do Portal do aluno, com pelo menos 30 dias de anteced\u00eancia da data prevista para a defesa.<\/p>\n<p style=\"text-align: left\"><br \/><strong>OBSERVA\u00c7\u00d5ES:<\/strong><\/p>\n<p style=\"text-align: left\">\u00a0<strong>ORIENTA\u00c7\u00d5ES RELATIVAS \u00c0 MONOGRAFIA:<\/strong><\/p>\n<p style=\"text-align: left\">\u00a0Monografia redigida segundo as Normas da UFSM\u00a0(MDT).<\/p>\n<p style=\"text-align: left\">\u00a0<\/p>\n<p style=\"text-align: left\"><strong>ORIENTA\u00c7\u00d5ES RELATIVAS AO ARTIGO:<\/strong><\/p>\n<ul style=\"text-align: left\">\n<li>Artigo cient\u00edfico redigido segundo normas da UFSM\u00a0(MDT).<\/li>\n<\/ul>\n<p style=\"text-align: left\" align=\"center\">\u00a0<\/p>\n<p style=\"text-align: left\" align=\"center\"><strong>PROCEDIMENTO PARA A OBTEN\u00c7\u00c3O DO T\u00cdTULO DE ESPECIALISTA<\/strong><\/p>\n<p style=\"text-align: left\" align=\"center\">\u00a0<\/p>\n<p style=\"text-align: left\">Para solicita\u00e7\u00e3o da tramita\u00e7\u00e3o do Diploma de Especialista o aluno dever\u00e1 apresentar os seguintes documentos, dentro do prazo estabelecido pela banca examinadora (a banca examinadora poder\u00e1 conceder um prazo de at\u00e9 60 dias ap\u00f3s a defesa):<\/p>\n<p style=\"text-align: left\">*Duas c\u00f3pias da Monografia encadernadas em capa dura e de acordo com a MDT da UFSM (caso o aluno tenha optado por fazer monografia).<\/p>\n<p style=\"text-align: left\">*Duas c\u00f3pias do Artigo de acordo com as normas da MDT (caso o aluno optou por fazer artigo).<\/p>\n<p style=\"text-align: left\">*Dois CD&#8217;s com o arquivo do Artigo ou da Monografia conforme o caso (em formato pdf);<\/p>\n<p style=\"text-align: left\">\u00a0<\/p>\n<p style=\"text-align: left\"><strong>DIPLOMA:<\/strong><\/p>\n<p style=\"text-align: left\">Responsabilidade do DERCA.<\/p>\n<p style=\"text-align: left\" align=\"center\"><strong>Secretaria da P\u00f3s (Fone: 3220-8431)<\/strong><\/p>\n<ul style=\"text-align: left\">\n<li>N\u00c3O recebe documenta\u00e7\u00e3o sem o correto preenchimento dos formul\u00e1rios ou assinaturas;<\/li>\n<li>N\u00c3O recebe processos faltando documentos;<\/li>\n<li>N\u00c3O recebe documenta\u00e7\u00e3o por e-mail.<\/li>\n<\/ul>\n<p style=\"text-align: left\">\u00a0<\/p>\n<p style=\"text-align: left\" align=\"center\"><strong>PROCEDIMENTO PARA PEDIDO DE PRORROGA\u00c7\u00c3O<\/strong><\/p>\n<p style=\"text-align: left\" align=\"center\">\u00a0<\/p>\n<p style=\"text-align: left\"><strong><u>DEFESA DE ARTIGO OU MONOGRAFIA<\/u><\/strong><\/p>\n<p style=\"text-align: left\">\u00a0*C\u00f3pia Atualizada do artigo ou monografia (1 via);<\/p>\n<p style=\"text-align: left\">*Of\u00edcio ao colegiado do curso solicitando prorroga\u00e7\u00e3o, contendo:<\/p>\n<p style=\"text-align: left\">*Justificativa para prorroga\u00e7\u00e3o;<\/p>\n<p style=\"text-align: left\">*Prazo de prorroga\u00e7\u00e3o desejado;<\/p>\n<p style=\"text-align: left\">*De acordo do professor orientador.<\/p>\n<p style=\"text-align: left\">*Cronograma indicativo das atividades a serem desenvolvidas no per\u00edodo de prorroga\u00e7\u00e3o.<\/p>\n<p style=\"text-align: left\">OBS:\u00a0A PRORROGA\u00c7\u00c3O PODER\u00c1 SER CONCEDIDA PELO PRAZO M\u00c1XIMO DE 6 MESES.\u00a0<\/p>\n","protected":false},"excerpt":{"rendered":"<p>PROCEDIMENTO PARA A DEFESA DE PROJETO DE ARTIGO OU MONOGRAFIA \u00a0 Para a defesa do Projeto de Artigo ou Monografia o aluno dever\u00e1 preencher a ATA de qualifica\u00e7\u00e3o a qual dever\u00e1 ser entregue \u00e0 Secretaria do curso ap\u00f3s a qualifica\u00e7\u00e3o. \u00a0 PROCEDIMENTO PARA A DEFESA DE ARTIGO OU MONOGRAFIA \u00a0 \u00a0 Para a defesa de [&hellip;]<\/p>\n","protected":false},"author":772,"featured_media":0,"parent":0,"menu_order":0,"comment_status":"closed","ping_status":"closed","template":"","meta":{"footnotes":""},"categories":[],"tags":[],"class_list":["post-162","page","type-page","status-publish","hentry"],"acf":[],"_links":{"self":[{"href":"https:\/\/www.ufsm.br\/cursos\/pos-graduacao\/santa-maria\/espatividadefisica\/wp-json\/wp\/v2\/pages\/162","targetHints":{"allow":["GET"]}}],"collection":[{"href":"https:\/\/www.ufsm.br\/cursos\/pos-graduacao\/santa-maria\/espatividadefisica\/wp-json\/wp\/v2\/pages"}],"about":[{"href":"https:\/\/www.ufsm.br\/cursos\/pos-graduacao\/santa-maria\/espatividadefisica\/wp-json\/wp\/v2\/types\/page"}],"author":[{"embeddable":true,"href":"https:\/\/www.ufsm.br\/cursos\/pos-graduacao\/santa-maria\/espatividadefisica\/wp-json\/wp\/v2\/users\/772"}],"replies":[{"embeddable":true,"href":"https:\/\/www.ufsm.br\/cursos\/pos-graduacao\/santa-maria\/espatividadefisica\/wp-json\/wp\/v2\/comments?post=162"}],"version-history":[{"count":0,"href":"https:\/\/www.ufsm.br\/cursos\/pos-graduacao\/santa-maria\/espatividadefisica\/wp-json\/wp\/v2\/pages\/162\/revisions"}],"wp:attachment":[{"href":"https:\/\/www.ufsm.br\/cursos\/pos-graduacao\/santa-maria\/espatividadefisica\/wp-json\/wp\/v2\/media?parent=162"}],"wp:term":[{"taxonomy":"category","embeddable":true,"href":"https:\/\/www.ufsm.br\/cursos\/pos-graduacao\/santa-maria\/espatividadefisica\/wp-json\/wp\/v2\/categories?post=162"},{"taxonomy":"post_tag","embeddable":true,"href":"https:\/\/www.ufsm.br\/cursos\/pos-graduacao\/santa-maria\/espatividadefisica\/wp-json\/wp\/v2\/tags?post=162"}],"curies":[{"name":"wp","href":"https:\/\/api.w.org\/{rel}","templated":true}]}}