{"id":172,"date":"2019-04-17T17:10:44","date_gmt":"2019-04-17T20:10:44","guid":{"rendered":"https:\/\/www.ufsm.br\/cursos\/pos-graduacao\/santa-maria\/espatividadefisica\/?page_id=172"},"modified":"2019-04-17T17:18:58","modified_gmt":"2019-04-17T20:18:58","slug":"links-uteis","status":"publish","type":"page","link":"https:\/\/www.ufsm.br\/cursos\/pos-graduacao\/santa-maria\/espatividadefisica\/links-uteis","title":{"rendered":"Links \u00dateis"},"content":{"rendered":"\n<p><strong>SITES PARA PESQUISA<\/strong><\/p>\n<p>\u00a0<\/p>\n<p>\u00a0<\/p>\n<p>\u00a0<a href=\"http:\/\/www.periodicos.capes.gov.br\/\">Peri\u00f3dico CAPES<\/a><\/p>\n<p>\u00a0<a href=\"http:\/\/www.dominiopublico.gov.br\/\">Dom\u00ednio P\u00fablico<\/a><\/p>\n<p>\u00a0<a href=\"http:\/\/regional.bvsalud.org\/php\/index.php\">Biblioteca Virtual em Sa\u00fade<\/a><\/p>\n<p>\u00a0<a href=\"http:\/\/scholar.google.com.br\/schhp?hl=pt-BR&amp;as_sdt=0,5\">Google Acad\u00eamico<\/a><\/p>\n<p>\u00a0<a href=\"http:\/\/www.ibict.br\/\">IBICT<\/a><\/p>\n<p>\u00a0<a href=\"http:\/\/bdtd.ibict.br\/\">IBICT-bdtd<\/a><\/p>\n<p>\u00a0<a href=\"http:\/\/www.scielo.br\/scielo.php?lng=pt\">SCIELO<\/a><\/p>\n<p>\u00a0<a href=\"http:\/\/www.imprensaoficial.com.br\/PortalIO\/Home_1_0.aspx#25\/03\/2009\">Imprensa Oficial<\/a><\/p>\n<p>\u00a0<a href=\"http:\/\/www.abnt.org.br\/default.asp?resolucao=1152X864\">Associa\u00e7\u00e3o Brasileira de Normas T\u00e9cnicas<\/a><\/p>\n<p>\u00a0<\/p>\n<p><strong>BANCO DE TESES<\/strong><\/p>\n<p>\u00a0<\/p>\n<p>\u00a0<a href=\"http:\/\/bdtd.ibict.br\/\">BDTD &#8211; Biblioteca Digital Brasileira de Teses e Disserta\u00e7\u00f5es<\/a><\/p>\n<p>\u00a0<a href=\"http:\/\/www.lume.ufrgs.br\/\">UFRGS &#8211; Universidade Federal do Rio Grande do Sul<\/a><\/p>\n<p>\u00a0<a href=\"http:\/\/www.tede.ufsc.br\/tedesimplificado\/\">UFSC &#8211; Universidade Federal de Santa Catarina<\/a><\/p>\n<p>\u00a0<a href=\"http:\/\/www.teses.usp.br\/\">USP &#8211; Universidade de S\u00e3o Paulo<\/a><\/p>\n<p>\u00a0<a href=\"http:\/\/cascavel.ufsm.br\/tede\/\">UFSM &#8211; Universidade Federal de Santa Maria<\/a><\/p>\n<p>\u00a0<a href=\"http:\/\/www.ufpel.edu.br\/tede\/\">UFPEL &#8211; Universidade Federal de Pelotas<\/a><\/p>\n<p>\u00a0<\/p>\n<p><strong>INSTITUI\u00c7\u00d5ES DE FOMENTO \u00c0 PESQUISA<\/strong><\/p>\n<p>\u00a0<\/p>\n<p>\u00a0<a href=\"http:\/\/www.capes.gov.br\/\">CAPES<\/a><\/p>\n<p>\u00a0<a href=\"http:\/\/www.cnpq.br\/\">CNPQ<\/a><\/p>\n<p>\u00a0<a href=\"http:\/\/www.finep.gov.br\/\">FINEP<\/a><\/p>\n<p>\u00a0<a href=\"http:\/\/www.fapergs.rs.gov.br\/\">FAPERGS<\/a><\/p>\n<p>\u00a0<\/p>\n<p><strong>LINKS INTERESSANTES <\/strong><\/p>\n<p><a href=\"https:\/\/sucupira.capes.gov.br\/sucupira\/public\/consultas\/coleta\/veiculoPublicacaoQualis\/listaConsultaGeralPeriodicos.jsf\">Web Qualis<\/a><\/p>\n<p><a href=\"http:\/\/www.cnpq.br\">CNPq<\/a><\/p>\n","protected":false},"excerpt":{"rendered":"<p>SITES PARA PESQUISA \u00a0 \u00a0 \u00a0Peri\u00f3dico CAPES \u00a0Dom\u00ednio P\u00fablico \u00a0Biblioteca Virtual em Sa\u00fade \u00a0Google Acad\u00eamico \u00a0IBICT \u00a0IBICT-bdtd \u00a0SCIELO \u00a0Imprensa Oficial \u00a0Associa\u00e7\u00e3o Brasileira de Normas T\u00e9cnicas \u00a0 BANCO DE TESES \u00a0 \u00a0BDTD &#8211; Biblioteca Digital Brasileira de Teses e Disserta\u00e7\u00f5es \u00a0UFRGS &#8211; Universidade Federal do Rio Grande do Sul \u00a0UFSC &#8211; Universidade Federal de Santa Catarina [&hellip;]<\/p>\n","protected":false},"author":772,"featured_media":0,"parent":0,"menu_order":0,"comment_status":"closed","ping_status":"closed","template":"","meta":{"footnotes":""},"categories":[],"tags":[],"class_list":["post-172","page","type-page","status-publish","hentry"],"acf":[],"_links":{"self":[{"href":"https:\/\/www.ufsm.br\/cursos\/pos-graduacao\/santa-maria\/espatividadefisica\/wp-json\/wp\/v2\/pages\/172","targetHints":{"allow":["GET"]}}],"collection":[{"href":"https:\/\/www.ufsm.br\/cursos\/pos-graduacao\/santa-maria\/espatividadefisica\/wp-json\/wp\/v2\/pages"}],"about":[{"href":"https:\/\/www.ufsm.br\/cursos\/pos-graduacao\/santa-maria\/espatividadefisica\/wp-json\/wp\/v2\/types\/page"}],"author":[{"embeddable":true,"href":"https:\/\/www.ufsm.br\/cursos\/pos-graduacao\/santa-maria\/espatividadefisica\/wp-json\/wp\/v2\/users\/772"}],"replies":[{"embeddable":true,"href":"https:\/\/www.ufsm.br\/cursos\/pos-graduacao\/santa-maria\/espatividadefisica\/wp-json\/wp\/v2\/comments?post=172"}],"version-history":[{"count":0,"href":"https:\/\/www.ufsm.br\/cursos\/pos-graduacao\/santa-maria\/espatividadefisica\/wp-json\/wp\/v2\/pages\/172\/revisions"}],"wp:attachment":[{"href":"https:\/\/www.ufsm.br\/cursos\/pos-graduacao\/santa-maria\/espatividadefisica\/wp-json\/wp\/v2\/media?parent=172"}],"wp:term":[{"taxonomy":"category","embeddable":true,"href":"https:\/\/www.ufsm.br\/cursos\/pos-graduacao\/santa-maria\/espatividadefisica\/wp-json\/wp\/v2\/categories?post=172"},{"taxonomy":"post_tag","embeddable":true,"href":"https:\/\/www.ufsm.br\/cursos\/pos-graduacao\/santa-maria\/espatividadefisica\/wp-json\/wp\/v2\/tags?post=172"}],"curies":[{"name":"wp","href":"https:\/\/api.w.org\/{rel}","templated":true}]}}