{"id":181,"date":"2019-04-17T17:34:26","date_gmt":"2019-04-17T20:34:26","guid":{"rendered":"https:\/\/www.ufsm.br\/cursos\/pos-graduacao\/santa-maria\/espatividadefisica\/?page_id=181"},"modified":"2019-04-17T17:39:26","modified_gmt":"2019-04-17T20:39:26","slug":"docentes","status":"publish","type":"page","link":"https:\/\/www.ufsm.br\/cursos\/pos-graduacao\/santa-maria\/espatividadefisica\/docentes","title":{"rendered":"Docentes"},"content":{"rendered":"\n<table>\n<tbody>\n<tr>\n<td colspan=\"2\">\n<h2 class=\"title_article\">Corpo Docente: Especializa\u00e7\u00e3o em Atividade F\u00edsica, Desempenho motor e Sa\u00fade<\/h2>\n<table border=\"0\">\n<tbody>\n<tr>\n<td>\u00a0DOCENTE<\/td>\n<td>\u00a0E-MAILS<\/td>\n<td>TEM\u00c1TICA DE ESTUDO<\/td>\n<td>LINK LATTES\u00a0<\/td>\n<\/tr>\n<tr>\n<td>Antonio Schmitz Filho<\/td>\n<td><a href=\"mailto:schmitzg@terra.com.br\">schmitzg@terra.com.br<\/a><\/td>\n<td>Cen\u00e1rios Esportivos na M\u00eddia<\/td>\n<td>\n<p>\u00a0<\/p>\n<div><a href=\"http:\/\/buscatextual.cnpq.br\/buscatextual\/visualizacv.do?metodo=apresentar&amp;id=K4235671P5\">Lattes<\/a><\/div>\n<p>\u00a0<\/p>\n<\/td>\n<\/tr>\n<tr>\n<td>Carlos Bolli Mota<\/td>\n<td><a href=\"mailto:bollimota@gmail.com\">bollimota@gmail.com<\/a><\/td>\n<td>Biomec\u00e2nica da Atividade F\u00edsica<\/td>\n<td>\n<p>\u00a0<\/p>\n<div><a href=\"http:\/\/buscatextual.cnpq.br\/buscatextual\/visualizacv.do?metodo=apresentar&amp;id=K4794885P5\">Lattes<\/a><\/div>\n<p>\u00a0<\/p>\n<\/td>\n<\/tr>\n<tr>\n<td>Daniela Lopes dos Santos<\/td>\n<td><a href=\"mailto:danielals@brturbo.com.br\">danielals@brturbo.com.br<\/a><\/td>\n<td>Atividade F\u00edsica e Sa\u00fade<\/td>\n<td>\n<p>\u00a0<\/p>\n<div><a href=\"http:\/\/buscatextual.cnpq.br\/buscatextual\/visualizacv.do?metodo=apresentar&amp;id=K4788521A6\">Lattes<\/a><\/div>\n<p>\u00a0<\/p>\n<\/td>\n<\/tr>\n<tr>\n<td>Fernando Copeti<\/td>\n<td><a href=\"mailto:copettif@gmail.com\">copettif@gmail.com<\/a><\/td>\n<td>Comportamento Motor<\/td>\n<td>\n<p>\u00a0<\/p>\n<div><a href=\"http:\/\/buscatextual.cnpq.br\/buscatextual\/visualizacv.do?metodo=apresentar&amp;id=K4796345J5\">Lattes<\/a><\/div>\n<p>\u00a0<\/p>\n<\/td>\n<\/tr>\n<tr>\n<td>Jos\u00e9 Francisco Silva Dias<\/td>\n<td><a href=\"mailto:Jfsd58@smail.ufsm.br\">Jfsd58@smail.ufsm.br<\/a><\/td>\n<td>Atividade F\u00edsica e Sa\u00fade-terceira idade<\/td>\n<td>\n<p>\u00a0<\/p>\n<div><a href=\"http:\/\/buscatextual.cnpq.br\/buscatextual\/visualizacv.do?metodo=apresentar&amp;id=K4799712P2\">Lattes<\/a><\/div>\n<p>\u00a0<\/p>\n<\/td>\n<\/tr>\n<tr>\n<td>Luciana Erina Palma<\/td>\n<td><a href=\"mailto:lupalma@smail.ufsm.br\">lupalma@smail.ufsm.br<\/a><\/td>\n<td>Atividade Motora Adaptada<\/td>\n<td>\n<p>\u00a0<\/p>\n<div><a href=\"http:\/\/buscatextual.cnpq.br\/buscatextual\/visualizacv.do?metodo=apresentar&amp;id=K4769144T7\">Lattes<\/a><\/div>\n<p>\u00a0<\/p>\n<\/td>\n<\/tr>\n<tr>\n<td>Luciane Sanchotene Etchepare Daronco<\/td>\n<td><a href=\"mailto:luetchepare@gmail.com\">luetchepare@gmail.com<\/a><\/td>\n<td>Medidas e Avalia\u00e7\u00f5es na Educa\u00e7\u00e3o F\u00edsica<\/td>\n<td>\n<p>\u00a0<\/p>\n<div><a href=\"http:\/\/buscatextual.cnpq.br\/buscatextual\/visualizacv.do?metodo=apresentar&amp;id=K4763830A0\">Lattes<\/a><\/div>\n<p>\u00a0<\/p>\n<\/td>\n<\/tr>\n<tr>\n<td>Luiz Fernando Freire Royes<\/td>\n<td><a href=\"mailto:nandoroyes@yahoo.com.br\">nandoroyes@yahoo.com.br<\/a><\/td>\n<td>Atividade F\u00edsica e Sa\u00fade<\/td>\n<td>\n<p>\u00a0<\/p>\n<div><a href=\"http:\/\/buscatextual.cnpq.br\/buscatextual\/visualizacv.do?metodo=apresentar&amp;id=K4763830A0\">Lattes<\/a><\/div>\n<p>\u00a0<\/p>\n<\/td>\n<\/tr>\n<tr>\n<td>Luiz Os\u00f3rio Cruz Portela<\/td>\n<td><a href=\"mailto:luizzportela@gmail.com\">luizzportela@gmail.com<\/a><\/td>\n<td>Avalia\u00e7\u00e3o e Desenvolvimento da Performance Humana<\/td>\n<td>\n<p>\u00a0<\/p>\n<div><a href=\"http:\/\/buscatextual.cnpq.br\/buscatextual\/visualizacv.do?metodo=apresentar&amp;id=K4781782T6\">Lattes<\/a><\/div>\n<p>\u00a0<\/p>\n<\/td>\n<\/tr>\n<tr>\n<td>Marco Aur\u00e9lio Acosta<\/td>\n<td><a href=\"mailto:marco.acosta@bol.com.br\">marco.acosta@bol.com.br<\/a><\/td>\n<td>Atividade F\u00edsica e Sa\u00fade-terceira idade<\/td>\n<td>\n<p>\u00a0<\/p>\n<div>Lattes<\/div>\n<p>\u00a0<\/p>\n<\/td>\n<\/tr>\n<tr>\n<td>Maria Am\u00e9lia Roth<\/td>\n<td><a href=\"mailto:maroth@cefd.ufsm.br\">maroth@cefd.ufsm.br<\/a><\/td>\n<td>Atividade F\u00edsica e Sa\u00fade<\/td>\n<td>\n<p>\u00a0<\/p>\n<div><a href=\"http:\/\/buscatextual.cnpq.br\/buscatextual\/visualizacv.do?metodo=apresentar&amp;id=K4797714P5\">Lattes<\/a><\/div>\n<p>\u00a0<\/p>\n<\/td>\n<\/tr>\n<tr>\n<td>Marli Hatje Hammes<\/td>\n<td><a href=\"mailto:hatjehammes@yahoo.com.br\">hatjehammes@yahoo.com.br<\/a><\/td>\n<td>Comunica\u00e7\u00e3o e M\u00eddia na Educa\u00e7\u00e3o F\u00edsica<\/td>\n<td>\n<p>\u00a0<\/p>\n<div><a href=\"http:\/\/buscatextual.cnpq.br\/buscatextual\/visualizacv.do?metodo=apresentar&amp;id=K4761956P5\">Lattes<\/a><\/div>\n<p>\u00a0<\/p>\n<\/td>\n<\/tr>\n<tr>\n<td>Sara Teresinha Corazza<\/td>\n<td><a href=\"mailto:stcorazza@yahoo.com.br\">stcorazza@yahoo.com.br<\/a><\/td>\n<td>Comportamento Motor<\/td>\n<td>\n<p>\u00a0<\/p>\n<div><a href=\"http:\/\/buscatextual.cnpq.br\/buscatextual\/visualizacv.do?metodo=apresentar&amp;id=K4797495U6\">Lattes<\/a><\/div>\n<p>\u00a0<\/p>\n<\/td>\n<\/tr>\n<tr>\n<td>\n<p>\u00a0<\/p>\n<p>Silvana Corr\u00eaa Matheus<\/p>\n<p>\u00a0<\/p>\n<\/td>\n<td>\n<p>\u00a0<\/p>\n<p><a href=\"mailto:silvanamatheus@gmail.com\">silvanamatheus@gmail.com<\/a><\/p>\n<p>\u00a0<\/p>\n<\/td>\n<td>\n<p>\u00a0<\/p>\n<p>Avalia\u00e7\u00e3o e Desenvolvimento da Performance Humana<\/p>\n<p>\u00a0<\/p>\n<\/td>\n<td>\n<div>\u00a0<\/div>\n<div><a href=\"http:\/\/buscatextual.cnpq.br\/buscatextual\/visualizacv.do?metodo=apresentar&amp;id=K4761011T8\">Lattes<\/a><\/div>\n<\/td>\n<\/tr>\n<\/tbody>\n<\/table>\n<\/td>\n<\/tr>\n<\/tbody>\n<\/table>\n<p>\u00a0<\/p>\n<table>\n<tbody>\n<tr>\n<td colspan=\"2\">\n<h2 class=\"title_article\">Corpo Docente: Especializa\u00e7\u00e3o em Educa\u00e7\u00e3o F\u00edsica Escolar<\/h2>\n<table border=\"0\" align=\"center\">\n<tbody>\n<tr>\n<td>DOCENTES<\/td>\n<td>E-MAILS<\/td>\n<td>LINHAS DE PESQUISA<\/td>\n<td>LINK LATTES<\/td>\n<\/tr>\n<tr>\n<td>Carmen L\u00facia Marques<\/td>\n<td><a href=\"mailto:carminhahidro@yahoo.com.br\">carminhahidro@yahoo.com.br<\/a><\/td>\n<td>\n<p>Pedagogia e Did\u00e1tica na Educa\u00e7\u00e3o F\u00edsica Escolar<\/p>\n<p>Temas transversais \u00e0 Educa\u00e7\u00e3o F\u00edsica Escolar<\/p>\n<\/td>\n<td>\n<p>\u00a0<\/p>\n<div><a href=\"http:\/\/buscatextual.cnpq.br\/buscatextual\/visualizacv.do?metodo=apresentar&amp;id=K4798947Z0\">Lattes<\/a><\/div>\n<p>\u00a0<\/p>\n<\/td>\n<\/tr>\n<tr>\n<td>Hugo Norberto Krug<\/td>\n<td><a href=\"mailto:hnkrug@bol.com.br\">hnkrug@bol.com.br<\/a><\/td>\n<td>Forma\u00e7\u00e3o profissional e os saberes docentes em Educa\u00e7\u00e3o F\u00edsica Escolar<\/td>\n<td>\n<p>\u00a0<\/p>\n<div><a href=\"http:\/\/buscatextual.cnpq.br\/buscatextual\/visualizacv.do?metodo=apresentar&amp;id=K4779485Z7\">Lattes<\/a><\/div>\n<p>\u00a0<\/p>\n<\/td>\n<\/tr>\n<tr>\n<td>Jo\u00e3o Francisco Magno Ribas<\/td>\n<td><a href=\"mailto:ribasjfm@hotmail.com\">ribasjfm@hotmail.com<\/a><\/td>\n<td>Pedagogia e Did\u00e1tica na Educa\u00e7\u00e3o F\u00edsica Escolar<\/td>\n<td>\n<p>\u00a0<\/p>\n<div><a href=\"http:\/\/buscatextual.cnpq.br\/buscatextual\/visualizacv.do?metodo=apresentar&amp;id=K4782497D5\">Lattes<\/a><\/div>\n<p>\u00a0<\/p>\n<\/td>\n<\/tr>\n<tr>\n<td>\n<p>\u00a0<\/p>\n<p>Maristela da Silva Souza<\/p>\n<p>\u00a0<\/p>\n<\/td>\n<td><a href=\"mailto:souzamaris@bol.com.br\">souzamaris@bol.com.br<\/a><\/td>\n<td>Pedagogia e Did\u00e1tica na Educa\u00e7\u00e3o F\u00edsica Escolar<\/td>\n<td><a href=\"http:\/\/buscatextual.cnpq.br\/buscatextual\/visualizacv.do?metodo=apresentar&amp;id=K4799521U8\">Lattes<\/a><\/td>\n<\/tr>\n<tr>\n<td>Marli Hatje Hammes<\/td>\n<td><a href=\"mailto:hatjehammes@yahoo.com.br\">hatjehammes@yahoo.com.br<\/a><\/td>\n<td>\n<p>Forma\u00e7\u00e3o profissional e os saberes docentes em Educa\u00e7\u00e3o F\u00edsica Escolar<\/p>\n<p>Temas transversais \u00e0 Educa\u00e7\u00e3o F\u00edsica Escolar<\/p>\n<\/td>\n<td><a href=\"http:\/\/buscatextual.cnpq.br\/buscatextual\/visualizacv.do?metodo=apresentar&amp;id=K4761956P5\">Lattes<\/a><\/td>\n<\/tr>\n<tr>\n<td>Matheus Francisco Saldanha Filho<\/td>\n<td><a href=\"mailto:Matheus@cefd.ufsm.br\">Matheus@cefd.ufsm.br<\/a><\/td>\n<td>\n<p>Forma\u00e7\u00e3o profissional e os saberes docentes em Educa\u00e7\u00e3o F\u00edsica Escolar<\/p>\n<p>Temas transversais \u00e0 Educa\u00e7\u00e3o F\u00edsica Escolar<\/p>\n<\/td>\n<td>\n<p>\u00a0<\/p>\n<div><a href=\"http:\/\/buscatextual.cnpq.br\/buscatextual\/visualizacv.do?metodo=apresentar&amp;id=K4717721D8\">Lattes<\/a><\/div>\n<p>\u00a0<\/p>\n<\/td>\n<\/tr>\n<tr>\n<td>\n<p>\u00a0<\/p>\n<p>Wenceslau Virgilio Cardoso Le\u00e3es Filho<\/p>\n<p>\u00a0<\/p>\n<\/td>\n<td><a href=\"mailto:wleaesfilho@uol.com.br\">wleaesfilho@uol.com.br<\/a><\/td>\n<td>Pedagogia e Did\u00e1tica na Educa\u00e7\u00e3o F\u00edsica Escolar<\/td>\n<td><a href=\"http:\/\/buscatextual.cnpq.br\/buscatextual\/visualizacv.do?metodo=apresentar&amp;id=K4785971U1\">Lattes<\/a><\/td>\n<\/tr>\n<tr>\n<td>Elizara Carolina Marin<\/td>\n<td><a href=\"mailto:elizaracarol@yahoo.com.br\">elizaracarol@yahoo.com.br<\/a><\/td>\n<td>Pedagogia e Did\u00e1tica na Educa\u00e7\u00e3o F\u00edsica Escolar<\/td>\n<td>\n<p>\u00a0<\/p>\n<div><a href=\"http:\/\/buscatextual.cnpq.br\/buscatextual\/visualizacv.do?metodo=apresentar&amp;id=K4705033D0\">Lattes<\/a><\/div>\n<p>\u00a0<\/p>\n<\/td>\n<\/tr>\n<tr>\n<td>\n<p>\u00a0<\/p>\n<p>Mara Rubia Antunes<\/p>\n<p>\u00a0<\/p>\n<\/td>\n<td><a href=\"mailto:rubiaufsm@hotmail.com\">rubiaufsm@hotmail.com<\/a><\/td>\n<td>Pedagogia e Did\u00e1tica na Educa\u00e7\u00e3o F\u00edsica Escolar<\/td>\n<td><a href=\"http:\/\/buscatextual.cnpq.br\/buscatextual\/visualizacv.do?metodo=apresentar&amp;id=K4795600D0\">Lattes<\/a><\/td>\n<\/tr>\n<tr>\n<td>Marco Aur\u00e9lio de Figueiredo Acosta<\/td>\n<td><a href=\"mailto:Marco.acosta@bol.com.br\">Marco.acosta@bol.com.br<\/a><\/td>\n<td>Temas transversais \u00e0 Educa\u00e7\u00e3o F\u00edsica Escolar<\/td>\n<td>\n<p>\u00a0<\/p>\n<div><a href=\"http:\/\/buscatextual.cnpq.br\/buscatextual\/visualizacv.do?metodo=apresentar&amp;id=K4773861T8\">Lattes<\/a><\/div>\n<p>\u00a0<\/p>\n<\/td>\n<\/tr>\n<tr>\n<td>Angelita Alice\u00a0\u00a0Jaeger<\/td>\n<td><a href=\"mailto:angelufsm@yahoo.com.br\">angelufsm@yahoo.com.br<\/a><\/td>\n<td>\u00a0<\/td>\n<td>\n<p>\u00a0<\/p>\n<div><a href=\"http:\/\/buscatextual.cnpq.br\/buscatextual\/visualizacv.do?metodo=apresentar&amp;id=K4798942D8\">Lattes<\/a><\/div>\n<p>\u00a0<\/p>\n<\/td>\n<\/tr>\n<tr>\n<td>\n<p>Maria Cec\u00edlia Camargo G\u00fcnther<\/p>\n<\/td>\n<td>\u00a0\u00a0\u00a0<a href=\"mailto:mceciliacg@yahoo.com.br\">mceciliacg@yahoo.com.br<\/a><\/td>\n<td>\n<p>Forma\u00e7\u00e3o profissional e saberes docentes em Educa\u00e7\u00e3o f\u00edsica escolar<\/p>\n<p>Temas transversais \u00e0 educa\u00e7\u00e3o f\u00edsica escolar<\/p>\n<\/td>\n<td>\u00a0<br \/>\n<p>\u00a0<\/p>\n<div><a href=\"http:\/\/buscatextual.cnpq.br\/buscatextual\/visualizacv.do?id=C322545\">Lattes<\/a><\/div>\n<p>\u00a0<\/p>\n<\/td>\n<\/tr>\n<tr>\n<td>Rosalvo Luis Sawitzki<\/td>\n<td>\u00a0\u00a0\u00a0<a href=\"mailto:rosalvols@hotmail.com\">rosalvols@hotmail.com<\/a><\/td>\n<td>\n<p>Pedagogia e did\u00e1tica na educa\u00e7\u00e3o f\u00edsica escolar<\/p>\n<p>Temas transversais \u00e0 educa\u00e7\u00e3o f\u00edsica escolar<\/p>\n<\/td>\n<td>\u00a0\n<p>\u00a0<\/p>\n<div><a href=\"http:\/\/buscatextual.cnpq.br\/buscatextual\/visualizacv.do?id=N939885\">Lattes<\/a><\/div>\n<\/td>\n<\/tr>\n<\/tbody>\n<\/table>\n<\/td>\n<\/tr>\n<\/tbody>\n<\/table>\n","protected":false},"excerpt":{"rendered":"<p>Corpo Docente: Especializa\u00e7\u00e3o em Atividade F\u00edsica, Desempenho motor e Sa\u00fade \u00a0DOCENTE \u00a0E-MAILS TEM\u00c1TICA DE ESTUDO LINK LATTES\u00a0 Antonio Schmitz Filho schmitzg@terra.com.br Cen\u00e1rios Esportivos na M\u00eddia \u00a0 Lattes \u00a0 Carlos Bolli Mota bollimota@gmail.com Biomec\u00e2nica da Atividade F\u00edsica \u00a0 Lattes \u00a0 Daniela Lopes dos Santos danielals@brturbo.com.br Atividade F\u00edsica e Sa\u00fade \u00a0 Lattes \u00a0 Fernando Copeti copettif@gmail.com Comportamento [&hellip;]<\/p>\n","protected":false},"author":772,"featured_media":0,"parent":0,"menu_order":0,"comment_status":"closed","ping_status":"closed","template":"","meta":{"footnotes":""},"categories":[],"tags":[],"class_list":["post-181","page","type-page","status-publish","hentry"],"acf":[],"_links":{"self":[{"href":"https:\/\/www.ufsm.br\/cursos\/pos-graduacao\/santa-maria\/espatividadefisica\/wp-json\/wp\/v2\/pages\/181","targetHints":{"allow":["GET"]}}],"collection":[{"href":"https:\/\/www.ufsm.br\/cursos\/pos-graduacao\/santa-maria\/espatividadefisica\/wp-json\/wp\/v2\/pages"}],"about":[{"href":"https:\/\/www.ufsm.br\/cursos\/pos-graduacao\/santa-maria\/espatividadefisica\/wp-json\/wp\/v2\/types\/page"}],"author":[{"embeddable":true,"href":"https:\/\/www.ufsm.br\/cursos\/pos-graduacao\/santa-maria\/espatividadefisica\/wp-json\/wp\/v2\/users\/772"}],"replies":[{"embeddable":true,"href":"https:\/\/www.ufsm.br\/cursos\/pos-graduacao\/santa-maria\/espatividadefisica\/wp-json\/wp\/v2\/comments?post=181"}],"version-history":[{"count":0,"href":"https:\/\/www.ufsm.br\/cursos\/pos-graduacao\/santa-maria\/espatividadefisica\/wp-json\/wp\/v2\/pages\/181\/revisions"}],"wp:attachment":[{"href":"https:\/\/www.ufsm.br\/cursos\/pos-graduacao\/santa-maria\/espatividadefisica\/wp-json\/wp\/v2\/media?parent=181"}],"wp:term":[{"taxonomy":"category","embeddable":true,"href":"https:\/\/www.ufsm.br\/cursos\/pos-graduacao\/santa-maria\/espatividadefisica\/wp-json\/wp\/v2\/categories?post=181"},{"taxonomy":"post_tag","embeddable":true,"href":"https:\/\/www.ufsm.br\/cursos\/pos-graduacao\/santa-maria\/espatividadefisica\/wp-json\/wp\/v2\/tags?post=181"}],"curies":[{"name":"wp","href":"https:\/\/api.w.org\/{rel}","templated":true}]}}